{"id":758,"date":"2024-04-03T23:40:17","date_gmt":"2024-04-03T20:40:17","guid":{"rendered":"https:\/\/sisu.ut.ee\/ewod\/promet\/"},"modified":"2024-04-04T00:09:08","modified_gmt":"2024-04-03T21:09:08","slug":"promet","status":"publish","type":"page","link":"https:\/\/sisu.ut.ee\/ewod\/p\/promet\/","title":{"rendered":"Lilli Promet"},"content":{"rendered":"<p>\n\t<span style=\"font-family:Verdana,Geneva,sans-serif\"><a href=\"https:\/\/sisu.ut.ee\/ewod\/p\/promet\/poems\" style=\"line-height: 1.6em\"><strong><span style=\"font-size: medium\">Poems <\/span><\/strong><\/a><a href=\"https:\/\/sisu.ut.ee\/wp-content\/uploads\/sites\/108\/lilli_promet_hans_soosaar.jpg\" target=\"_self\" rel=\"noopener\"><img decoding=\"async\" alt=\"Lilli Promet\" src=\"https:\/\/sisu.ut.ee\/wp-content\/uploads\/sites\/108\/lilli_promet_hans_soosaar.jpg\" style=\"float: right;width: 200px;height: 312px\" title=\"Photo: Hans Soosaar\"><\/a><\/span>\n<\/p>\n<p>\n\t<span style=\"font-family:Verdana,Geneva,sans-serif\"><strong><span style=\"font-size: medium\"><a href=\"https:\/\/sisu.ut.ee\/ewod\/p\/promet\/novels\"><strong>Novels<\/strong><\/a><\/span><\/strong><\/span>\n<\/p>\n<p>\n\t<span style=\"font-family:Verdana,Geneva,sans-serif\"><a href=\"https:\/\/sisu.ut.ee\/ewod\/p\/promet\/stories\"><strong><span style=\"font-size: medium\"><strong>Short stories\u00a0and novellas<\/strong><\/span><\/strong><\/a><\/span>\n<\/p>\n<p>\n\t<span style=\"font-family:Verdana,Geneva,sans-serif\"><a href=\"https:\/\/sisu.ut.ee\/ewod\/p\/promet\/nonfiction\"><strong><span style=\"font-size: medium\"><strong>Non-fiction<\/strong><\/span><\/strong><\/a><\/span>\n<\/p>\n<p>\n\t<span style=\"font-family:Verdana,Geneva,sans-serif\"><strong><span style=\"font-size:16px\"><a data-url=\"https:\/\/sisu.ut.ee\/ewod\/p\/promet\/about\" href=\"https:\/\/sisu.ut.ee\/ewod\/p\/promet\/about\" title=\"\">About Lilli Promet<\/a><\/span><\/strong><\/span>\n<\/p>\n<p><span style=\"font-family:Verdana,Geneva,sans-serif\"><span style=\"font-size:13px\">Lilli Promet (full name Lilli Linda Promet, 16. II 1922 \u2013 16. II 2007) was one of the most popular Estonian prose writers of the 1960s and 70s. To this day, she remains as one of the most translated Estonian writers.<\/span><\/span>\n<\/p>\n<p>\n\t<span style=\"font-family:Verdana,Geneva,sans-serif\"><span style=\"font-size:13px\">She was born in Pechory, her father Aleksander Promet was a painter. She studied in N\u00f5mme and Tallinn and later ceramics in the State Industrial Art School. From 1940-1941, she worked for the newspaper <em>Noorte H\u00e4\u00e4l<\/em>. During the Second World War, she evacuated to Tatarstan, Russia, where she worked as a teacher, among other things. In 1943, she was sent to work in Leningrad when it was under siege. There, she worked as an Estonian language editor of radio programs. In 1944, she returned to Estonia and worked for different publications. From 1951, she was a freelance writer living in Tallinn. She became a member of the Estonian Writers\u2019 Union in 1958 and became a Merited Writer of the ESSR in 1971. She was married to writer Ralf Parve (1919-2011). Their son was a journalist, humorist and politician Ralf R. Parve (1946-2008). Lilli Promet is buried in Tallinna Metsakalmistu (\u2018Forest Cemetery\u2019).<\/span><\/span>\n<\/p>\n<p>\n\t<span style=\"font-family:Verdana,Geneva,sans-serif\"><span style=\"font-size:13px\">Her writing debut came in 1944 with a poem for the Estonian Soviet partisan newspaper <em>Tasuja<\/em> that was published in Leningrad. She published prose stories in various periodicals during her years of working in journalism. At the beginning of her writing career, she mostly wrote short prose. Her first books were the collection of novelettes and mini-prose <em>Ainult puhtast armastusest<\/em> (\u2018Only of Pure Love\u2019, LR, 1958), the story collection <em>Puhta kunsti j\u00fcngrid<\/em> (\u2018Disciples of Pure Art\u2019, 1958) and the travel book <em>3 x pakitud kohver. Reisipilte Saksamaalt, Bulgaariast, Soomest<\/em> (\u20183 x Packed Suitcase. Travel Stories from Germany, Bulgaria and Finland\u2019, 1958). She secured a strong position in Estonian prose, which was further fortified with the collections <em>Roosa k\u00fcbar<\/em> (\u2018Pink Hat\u2019, 1961) and <em>Lamav tiger<\/em> (\u2018Lying Tiger\u2019, 1964). The selected collection <em>\u00dcleannetu maa<\/em> (\u2018Mischievous Land\u2019, 1977) provides an overview of her short prose.<\/span><\/span>\n<\/p>\n<p>\n\t<span style=\"font-family:Verdana,Geneva,sans-serif\"><span style=\"font-size:13px\">In her later years, she concentrated on longer prose. Her war novels are <em>Meesteta k\u00fcla<\/em> (\u2018A Village Without Men\u2019, 1962, revised edition in 1972), which takes place in Tatarstan and depicts those who evacuated from Estonia to Russia in 1941, and <em>T\u00fcdrukud taevast<\/em> (\u2018Girls from Heaven\u2019, 1979), which depicts German occupation era Estonia. Unlike other writers of the time, Promet often depicts characters of different nationalities with the plot taking place outside of Estonia. Such is the case with the novel <em>Primavera<\/em> (1971) as well, in which Italy forms the backdrop to the events happening to Soviet tourists.<\/span><\/span>\n<\/p>\n<p>\n\t<span style=\"font-family:Verdana,Geneva,sans-serif\"><span style=\"font-size:13px\">Promet\u2019s characters have complicated natures, they are usually intellectuals, artists, officials. She depicts relationships and the human character from different points of view and her plots often take place in cities. Her detail-rich style of depiction is influenced by her art studies and her creative development by her war-time experiences, which inspired many novels.<\/span><\/span>\n<\/p>\n<p>\n\t<span style=\"font-family:Verdana,Geneva,sans-serif\"><span style=\"font-size:13px\">The drama <em>Los Caprichos<\/em> (published in the magazine Looming in 1973, as a book in 1976) is inspired by a series of the same name by Fancisco Goya and condemns violence and the oppression of human rights and free spirit. <em>Else, Teeba prints<\/em> (\u2018Else, Prince of Thebes\u2019, <em>Looming<\/em>, 1982) depicts the story of Else Lasker-Sch\u00fcler, a German poet, and her adversity with her contemporary times.<\/span><\/span>\n<\/p>\n<p>\n\t<span style=\"font-family:Verdana,Geneva,sans-serif\"><span style=\"font-size:13px\">The collection <em>Taputilgake<\/em> (\u2018The Killing Drop\u2019, 1986) includes allegorical and satirical literary fairy tales. Her journalism collections <em>Imelik raamat<\/em> (\u2018Strange Book\u2019, 1965) and <em>Raamita pildid<\/em> (\u2018Frameless Pictures\u2019, 1976) include reviews, interviews, portrayals of artists and writers together with personal pieces.<\/span><\/span>\n<\/p>\n<p>\n\t<span style=\"font-family:Verdana,Geneva,sans-serif\"><span style=\"font-size:13px\">The films <em>Roosa k\u00fcbar<\/em> (\u2018Pink Hat\u2019, Tallinnfilm, 1963), <em>T\u00fctarlaps mustas<\/em> (\u2018Girl in Black\u2019, Tallinnfilm, 1967), <em>\u00dche suve akvarellid<\/em> (\u2018The Watercolors of A Summer\u2019, Eesti Telefilm, 1967), <em>Pimedad aknad<\/em> (\u2018Dark Windows\u2019, Eesti Telefilm, 1968) and the documentary <em>Elsa Maasik<\/em> (Eesti Telefilm, 1969) are based on her prose writings and screenplays.<\/span><\/span>\n<\/p>\n<p>\n\t<span style=\"font-family:Verdana,Geneva,sans-serif\"><em><span style=\"font-size:13px\">A. K. (Translated by A. S.)<\/span><\/em><\/span>\n<\/p>\n<p><span style=\"font-family:Verdana,Geneva,sans-serif\"><strong><span style=\"font-size:16px\">Books in Estonian<\/span><\/strong><\/span>\n<\/p>\n<p>\n\t<span style=\"font-size:13px\"><span style=\"font-family:Verdana,Geneva,sans-serif\"><strong><em>Novels<\/em><\/strong><br><strong>Meesteta k\u00fcla<\/strong>. Tallinn: Eesti Riiklik Kirjastus, 1962, 319 lk. [J\u00e4rgnevad tr\u00fckid: 1972, 1981.]<br><strong>Primavera<\/strong>. Tallinn: Eesti Raamat, 1971, 216 lk. [J\u00e4rgnevad tr\u00fckid:\u00a0 1981, 2009, 2016.]<br><strong>T\u00fcdrukud taevast<\/strong>. Tallinn: Eesti Raamat, 1979, 216 lk. [2. tr\u00fckk: 1982.]<br><strong>Iisabel<\/strong>. Tallinn: Eesti Raamat, 1992, 190 lk.<\/span><\/span>\n<\/p>\n<p>\n\t<span style=\"font-size:13px\"><span style=\"font-family:Verdana,Geneva,sans-serif\"><strong><em>Stories<\/em><\/strong><br><strong>Ainult puhtast armastusest<\/strong>. Novelle ja laaste. Tallinn: Ajalehtede-Ajakirjade Kirjastus (Loomingu Raamatukogu), 1958, 58 lk.<br><strong>P\u00fcha kunsti j\u00fcngrid<\/strong>. Jutustusi. Tallinn: Eesti Riiklik Kirjastus, 1958, 239 lk.<br><strong>Roosa k\u00fcbar<\/strong>. Novellid ja miniatuurid. Tallinn: Eesti Riiklik Kirjastus, 1961, 224 lk.<br><strong>Lamav tiiger<\/strong>. Novellid, laastud ja miniatuurid. Tallinn: Eesti Riiklik Kirjastus, 1964, 296 lk.<br><strong>Kes levitab anekdoote?<\/strong>. Jutustused. Tallinn: Eesti Raamat, 1967, 368 lk.<br><strong>\u00dcleannetu maa<\/strong>. Jutustused, novellid ja miniatuurid. Tallinn: Eesti Raamat, 1977, 672 lk.<\/span><\/span>\n<\/p>\n<p>\n\t<span style=\"font-size:13px\"><span style=\"font-family:Verdana,Geneva,sans-serif\"><strong><em>Poems<\/em><\/strong><br><strong>Iibelpuu<\/strong>. Tallinn: Eesti Raamat, 1970, 112 lk.<br><strong>\u00d5htusel alleel<\/strong>. Tallinn: Eesti Raamat, 1989, 118 lk.<\/span><\/span>\n<\/p>\n<p>\n\t<span style=\"font-size:13px\"><span style=\"font-family:Verdana,Geneva,sans-serif\"><strong><em>Travel books<\/em><\/strong><br>Lilli Promet, Ralf Parve, <strong>3 x pakitud kohver. Reisipilte Saksamaalt, Bulgaariast, Soomest<\/strong>. Tallinn: Eesti Riiklik Kirjastus, 1958, 232 lk.<br>Lilli Promet, Ralf Parve, <strong>Kohtumine Marianne\u2019iga. Reisirev\u00fc\u00fc Prantsusmaalt<\/strong>. Tallinn: Eesti Riiklik Kirjastus, 1963, 96 lk.<br>Lilli Promet, Ralf Parve, <strong>7 kirja Poolast. Reisim\u00e4rkmeid<\/strong>. Tallinn: Eesti Raamat, 1965, 96 lk.<br>Lilli Promet, Ralf Parve, <strong>Kahekesi teel. Reisimuljeid Poola Rahvavabariigist, Ungari Rahvavabariigist ja Rumeenia Sotsialistlikust Vabariigist<\/strong>. Tallinn: Eesti Raamat, 1975, 184 lk.<\/span><\/span>\n<\/p>\n<p>\n\t<span style=\"font-size:13px\"><span style=\"font-family:Verdana,Geneva,sans-serif\"><strong><em>Plays<\/em><\/strong><br><strong>Los Caprichos<\/strong>. Tallinn: Eesti Raamat, 1976, 110 lk. [2. tr\u00fckk: 1983.]<\/span><\/span>\n<\/p>\n<p>\n\t<span style=\"font-size:13px\"><span style=\"font-family:Verdana,Geneva,sans-serif\"><strong><em>Children\u2019s books<\/em><\/strong><br><strong>Pannkoogir\u00f5\u00f5m<\/strong>. V\u00e4rsslood nooremale koolieale. Tallinn: Eesti Raamat, 1984, 32 lk.<br><strong>Taputilgake<\/strong>. Muinasjutud. Tallinn: Eesti Raamat, 1986, 77 lk.<br><strong>Kuningal on h\u00e4da<\/strong>. Bufonaad 2 vaatuses: vanemale koolieale. Tallinn: Eesti Raamat, 1989, 47 lk.<\/span><\/span>\n<\/p>\n<p>\n\t<span style=\"font-size:13px\"><span style=\"font-family:Verdana,Geneva,sans-serif\"><strong><em>Non-fiction<\/em><\/strong><br><strong>Imelik raamat<\/strong>. Publitsistika ja proosa. Tallinn: Eesti Raamat, 1965, 276 lk.<br><strong>Raamita pildid<\/strong>. Publitsistikat. Tallinn: Eesti Raamat, 1976, 152 lk.<br><strong>Aheldatud muusa<\/strong>. Tallinn: Eesti Raamat, 1997, 253 lk.<\/span><\/span>\n<\/p>\n<p>\n\t<span style=\"font-family:Verdana,Geneva,sans-serif\"><span style=\"font-size:13px\"><strong><em>Collected works<\/em><\/strong><br><strong>Teosed, 1. k\u00f6ide. Meesteta k\u00fcla<\/strong>. Tallinn: Eesti Raamat, 1981, 294 lk.<br><strong>Teosed, 2. k\u00f6ide. Primavera<\/strong>. Tallinn: Eesti Raamat, 1981, 198 lk.<br><strong>Teosed, 3. k\u00f6ide<\/strong>. <strong>T\u00fcdrukud taevast<\/strong>. Tallinn: Eesti Raamat, 1982, 214 lk.<br><strong>Teosed, 4. k\u00f6ide. Pesamaa. Jutustused<\/strong>. Tallinn: Eesti Raamat, 1982, 413 lk.<br><strong>Teosed, 5. k\u00f6ide. Kui tuhkpuu \u00f5itseb. Novellid, miniatuurid ja luuletused<\/strong>. Tallinn: Eesti Raamat, 1983, 262 lk.<br><strong>Teosed, 6. k\u00f6ide. Maastikuh\u00e4\u00e4led. N\u00e4idendid, publitsistika<\/strong>. Tallinn: Eesti Raamat, 1983, 511 lk.<\/span><\/span><\/p>\n","protected":false},"excerpt":{"rendered":"<p>Poems Novels Short stories\u00a0and novellas Non-fiction About Lilli Promet Lilli Promet (full name Lilli Linda Promet, 16. II 1922 \u2013 16. II 2007) was one of the most popular Estonian prose writers of the 1960s and 70s. To this day, &#8230;<\/p>\n","protected":false},"author":43,"featured_media":0,"parent":675,"menu_order":0,"comment_status":"closed","ping_status":"closed","template":"","meta":{"_acf_changed":false,"inline_featured_image":false,"footnotes":""},"class_list":["post-758","page","type-page","status-publish","hentry"],"acf":[],"_links":{"self":[{"href":"https:\/\/sisu.ut.ee\/ewod\/wp-json\/wp\/v2\/pages\/758","targetHints":{"allow":["GET"]}}],"collection":[{"href":"https:\/\/sisu.ut.ee\/ewod\/wp-json\/wp\/v2\/pages"}],"about":[{"href":"https:\/\/sisu.ut.ee\/ewod\/wp-json\/wp\/v2\/types\/page"}],"author":[{"embeddable":true,"href":"https:\/\/sisu.ut.ee\/ewod\/wp-json\/wp\/v2\/users\/43"}],"replies":[{"embeddable":true,"href":"https:\/\/sisu.ut.ee\/ewod\/wp-json\/wp\/v2\/comments?post=758"}],"version-history":[{"count":1,"href":"https:\/\/sisu.ut.ee\/ewod\/wp-json\/wp\/v2\/pages\/758\/revisions"}],"predecessor-version":[{"id":4311,"href":"https:\/\/sisu.ut.ee\/ewod\/wp-json\/wp\/v2\/pages\/758\/revisions\/4311"}],"up":[{"embeddable":true,"href":"https:\/\/sisu.ut.ee\/ewod\/wp-json\/wp\/v2\/pages\/675"}],"wp:attachment":[{"href":"https:\/\/sisu.ut.ee\/ewod\/wp-json\/wp\/v2\/media?parent=758"}],"curies":[{"name":"wp","href":"https:\/\/api.w.org\/{rel}","templated":true}]}}