{"id":757,"date":"2024-04-03T23:40:16","date_gmt":"2024-04-03T20:40:16","guid":{"rendered":"https:\/\/sisu.ut.ee\/ewod\/teede\/"},"modified":"2024-04-04T00:09:12","modified_gmt":"2024-04-03T21:09:12","slug":"teede","status":"publish","type":"page","link":"https:\/\/sisu.ut.ee\/ewod\/t\/teede\/","title":{"rendered":"Andra Teede"},"content":{"rendered":"<p>\n\t<a href=\"https:\/\/sisu.ut.ee\/ewod\/t\/teede\/poems\"><strong><span style=\"font-family: verdana, geneva;font-size: medium\">Poems<\/span><\/strong><\/a><strong><span style=\"font-family: verdana, geneva;font-size: medium\"> <\/span><\/strong><span style=\"font-family: verdana, geneva;font-size: medium\"><a href=\"https:\/\/sisu.ut.ee\/wp-content\/uploads\/sites\/108\/andra_teede_alar_madisson.jpg\" target=\"_self\" rel=\"noopener\"><img decoding=\"async\" alt=\"Andra Teede\" src=\"https:\/\/sisu.ut.ee\/wp-content\/uploads\/sites\/108\/andra_teede_alar_madisson.jpg\" style=\"width: 450px;height: 299px;float: right\" title=\"Photo: Alar Madisson\"><\/a><\/span>\n<\/p>\n<p>\n\t<a href=\"https:\/\/sisu.ut.ee\/ewod\/t\/teede\/about\"><strong><span style=\"font-family: verdana, geneva;font-size: medium\">About Andra Teede<\/span><\/strong><\/a>\n<\/p>\n<p>\u00a0\n<\/p>\n<p class=\"western\" style=\"margin-bottom:0.08in\">\n<\/p><p><span style=\"color:#000000\"><span style=\"font-size:13px\"><span style=\"font-family:Verdana,Geneva,sans-serif\"><span style=\"line-height:150%\"><font style=\"12pt\">Andra Teede (born 23 September 1988) is a poet and dramaturge.<\/font><\/span><\/span><\/span><\/span>\n<\/p>\n<p class=\"western\" style=\"margin-bottom:0.08in\">\n\t<span style=\"color:#000000\"><span style=\"font-size:13px\"><span style=\"font-family:Verdana,Geneva,sans-serif\"><span style=\"line-height:150%\"><font style=\"12pt\">Teede was born and acquired secondary education in Tallinn. For some time, she studied Estonian language and literature at the University of Tartu, thereafter, she was a student at the Drama Department of the Academy of Music and Theatre from which she graduated as a dramaturge. She is a member of the Tartu Young Authors\u2019 Association, the Estonian Writers\u2019 Union (since 2007) and the Estonian Union of Directors and Dramaturges (since 2020).<\/font><\/span><\/span><\/span><\/span>\n<\/p>\n<p class=\"western\" style=\"margin-bottom:0.08in\">\n\t<span style=\"color:#000000\"><span style=\"font-size:13px\"><span style=\"font-family:Verdana,Geneva,sans-serif\"><span style=\"line-height:150%\"><font style=\"12pt\">She made her debut in poetry in the collection <i>V\u00e4ike kuri kevad<\/i> (\u2018Little Wicked Spring\u2019, 2005) together with Janno Pikkat and Mart Valner. This was followed by her own poetry collection <i>Takso Tallinna taevas<\/i> (\u2018Taxi in the Sky of Tallinn\u2019, 2006) where she skilfully and vividly entwines lyrical poetry with topicality, using the urban space of Tallinn and its people as a background. Different towns and people also occupy the central place in the collection <i>Saage \u00fcle<\/i> (\u2018Get Over It\u2019, 2007), which poeticises everyday life. The poetry collections <i>Atlas<\/i> (\u2018Atlas\u2019, 2009), <i>K\u00e4igud<\/i> (\u2018Walks\u2019, 2011) and <i>\u00dche jalaga p\u00f5hjas<\/i> (\u2018One Foot Touches the Bottom\u2019, 2013) are concentrated on the theme of travelling and being on the road, which may partly be a pun on the author\u2019s name which can be translated as Andra of the Roads. She also reflects on waiting, time and being. An overview of her creation can be found in the collection of selected poems <i>100% Andra Teede<\/i> (2014). She mainly writes free verse poetry where humour and temperament, colloquial and everyday language but also romantic undercurrents find their place. <\/font><\/span><\/span><\/span><\/span>\n<\/p>\n<p class=\"western\" style=\"margin-bottom:0.08in\">\n\t<span style=\"color:#000000\"><span style=\"font-size:13px\"><span style=\"font-family:Verdana,Geneva,sans-serif\"><span style=\"line-height:150%\"><font style=\"12pt\">She has written the libretto for the opera <i>Korduma kippuvad k\u00fcsimused<\/i> (\u2018Frequently Asked Questions\u2019, composers Maria Liik and Sander M\u00f6lder). The documentary play <i>Estoplast,<\/i> which is based on interviews with people who worked at a factory which produced light fixtures in the Soviet time and archive materials, received the third prize at the playwriting competition of the Estonian Theatre Agency in 2013. In 2017, she received the award of the Estonian Theatre Union for Estonian plays for her <i>45 339 km\u00b2 raba<\/i> (\u201845 339 km\u00b2 of Bogs\u2019), which is based on questionnaires and interviews with emigre Estonians (written in cooperation with the director Laura Mets).<\/font><\/span><\/span><\/span><\/span>\n<\/p>\n<p class=\"western\" style=\"margin-bottom:0.08in\">\n\t<span style=\"color:#000000\"><span style=\"font-size:13px\"><span style=\"font-family:Verdana,Geneva,sans-serif\"><span style=\"line-height:150%\"><font style=\"12pt\">Teede has published articles and criticism in the press. From 2014, she has been the scriptwriter of <i>\u00d5nne 13<\/i> (\u201813 Happiness Street\u2019), the longest-running Estonian television serial.<\/font><\/span><\/span><\/span><\/span>\n<\/p>\n<p class=\"western\" style=\"margin-bottom:0.08in\">\n\t<span style=\"color:#000000\"><span style=\"font-size:13px\"><span style=\"font-family:Verdana,Geneva,sans-serif\"><span style=\"line-height:150%\"><font style=\"12pt\">In 2009, she was awarded the title of Tartu Bearer of Culture. <\/font><\/span><\/span><\/span><\/span>\n<\/p>\n<p class=\"western\" style=\"margin-bottom:0.08in\">\n\t<span style=\"color:#000000\"><span style=\"font-size:13px\"><span style=\"font-family:Verdana,Geneva,sans-serif\"><span style=\"line-height:150%\"><font style=\"12pt\"><i>A. K. (Translated by I. A.)<\/i><\/font><\/span><\/span><\/span><\/span>\n<\/p>\n<p class=\"western\" style=\"margin-bottom:0.08in\">\n<\/p><p><span style=\"color:#000000\"><span style=\"font-size:16px\"><span style=\"font-family:Verdana,Geneva,sans-serif\"><span style=\"line-height:150%\"><font style=\"12pt\"><b>Books in Estonian<\/b><\/font><\/span><\/span><\/span><\/span>\n<\/p>\n<p class=\"western\" style=\"margin-bottom:0.08in\">\n\t<span style=\"color:#000000\"><span style=\"font-size:13px\"><span style=\"font-family:Verdana,Geneva,sans-serif\"><span style=\"line-height:150%\"><em><font style=\"12pt\"><b>Poetry<\/b><\/font><\/em><br><font style=\"12pt\"><strong>Takso Tallinna taevas<\/strong>. Luige: Verb, 2006, 56 lk.<br><strong>Saage \u00fcle<\/strong>. Tallinn: T\u00e4nap\u00e4ev, 2007, 92 lk.<br><strong>Atlas<\/strong>. P\u00e4rnu: Jumalikud Ilmutused, 2009, 64 lk.<br><strong>K\u00e4igud<\/strong>. P\u00e4rnu, Saarde: Jumalikud Ilmutused, 2011, 108 lk.<br><strong>\u00dche jalaga p\u00f5hjas<\/strong>. Tallinn: Kite, 2013, 54 lk.<br><strong>100% Andra Teede<\/strong>. Saarde, P\u00e4rnu: Jumalikud Ilmutused, 2014, 155 lk.<br><strong>Kaks punkt null<\/strong>. Tallinn: Teede Tekst, 2018, 99 lk.<br><strong>Pikad mehed, pikad elud<\/strong>. P\u00e4rnu: Jumalikud Ilmutused, 2018, 70 lk.<\/font><\/span><br><strong>Emadep\u00e4ev<\/strong>. Tallinn: Teede Tekst, 2022, 96 lk.<\/span><\/span><\/span>\n<\/p>\n<p class=\"western\" style=\"margin-bottom:0.08in\">\n\t<span style=\"color:#000000\"><span style=\"font-size:13px\"><span style=\"font-family:Verdana,Geneva,sans-serif\"><span style=\"line-height:150%\"><em><font style=\"12pt\"><b>Plays<\/b><\/font><\/em><br><font style=\"12pt\"><strong>Esimene armastus<\/strong>: dokumentaaln\u00e4idend. Tallinn: Eesti Draamateater, 2020, 98 lk.<\/font><\/span><\/span><\/span><\/span>\n<\/p>\n<p class=\"western\" style=\"margin-bottom:0.08in\">\n\t<span style=\"color:#000000\"><span style=\"font-size:13px\"><span style=\"font-family:Verdana,Geneva,sans-serif\"><span style=\"line-height:150%\"><em><font style=\"12pt\"><b>Varia<\/b><\/font><\/em><br><font style=\"12pt\"><strong>Morna lapsed<\/strong>. Teos p\u00f5hineb Astrid Reinla loodud tegelastel. Tallinn: Teede Tekst, 2020, 136 lk.<\/font><\/span><\/span><\/span><\/span><\/p>\n","protected":false},"excerpt":{"rendered":"<p>Poems About Andra Teede \u00a0 Andra Teede (born 23 September 1988) is a poet and dramaturge. Teede was born and acquired secondary education in Tallinn. For some time, she studied Estonian language and literature at the University of Tartu, thereafter, &#8230;<\/p>\n","protected":false},"author":43,"featured_media":0,"parent":709,"menu_order":0,"comment_status":"closed","ping_status":"closed","template":"","meta":{"_acf_changed":false,"inline_featured_image":false,"footnotes":""},"class_list":["post-757","page","type-page","status-publish","hentry"],"acf":[],"_links":{"self":[{"href":"https:\/\/sisu.ut.ee\/ewod\/wp-json\/wp\/v2\/pages\/757","targetHints":{"allow":["GET"]}}],"collection":[{"href":"https:\/\/sisu.ut.ee\/ewod\/wp-json\/wp\/v2\/pages"}],"about":[{"href":"https:\/\/sisu.ut.ee\/ewod\/wp-json\/wp\/v2\/types\/page"}],"author":[{"embeddable":true,"href":"https:\/\/sisu.ut.ee\/ewod\/wp-json\/wp\/v2\/users\/43"}],"replies":[{"embeddable":true,"href":"https:\/\/sisu.ut.ee\/ewod\/wp-json\/wp\/v2\/comments?post=757"}],"version-history":[{"count":1,"href":"https:\/\/sisu.ut.ee\/ewod\/wp-json\/wp\/v2\/pages\/757\/revisions"}],"predecessor-version":[{"id":4330,"href":"https:\/\/sisu.ut.ee\/ewod\/wp-json\/wp\/v2\/pages\/757\/revisions\/4330"}],"up":[{"embeddable":true,"href":"https:\/\/sisu.ut.ee\/ewod\/wp-json\/wp\/v2\/pages\/709"}],"wp:attachment":[{"href":"https:\/\/sisu.ut.ee\/ewod\/wp-json\/wp\/v2\/media?parent=757"}],"curies":[{"name":"wp","href":"https:\/\/api.w.org\/{rel}","templated":true}]}}