{"id":754,"date":"2024-04-03T23:40:16","date_gmt":"2024-04-03T20:40:16","guid":{"rendered":"https:\/\/sisu.ut.ee\/ewod\/stories-et-80\/"},"modified":"2024-04-04T00:09:11","modified_gmt":"2024-04-03T21:09:11","slug":"stories","status":"publish","type":"page","link":"https:\/\/sisu.ut.ee\/ewod\/m\/melberg\/stories\/","title":{"rendered":"Enel Melberg &#8211; short stories"},"content":{"rendered":"<p><span style=\"font-family: verdana,geneva\"><strong><span style=\"font-size: medium\">Books<\/span><\/strong><\/span><\/p>\n<p><span style=\"font-family: verdana,geneva\"><strong><em>Swedish<\/em><\/strong><\/span><br><span style=\"font-family: verdana,geneva\"><strong>Bj\u00f6rnen sover<\/strong>. Omslag: Maria Lund. Stockholm: Bonniers Junior, 1989, 91 pp.<br><strong>Tecknen p\u00e5 tr\u00e4det: Keltiska ber\u00e4ttelser<\/strong>. Stockholm: Gidlund, 1989, 101 pp.<\/span><br><span style=\"font-family: verdana,geneva\"><strong>Sagornas \u00f6ar: en resa i den grekiska gudav\u00e4rlden<\/strong>. Stockholm: Rab\u00e8n &amp; Sj\u00f6gren, 1982, 124 pp. [Fairy tales for children. 2nd ed: Stockholm: Dejavu, 2010.]<\/span><\/p>\n","protected":false},"excerpt":{"rendered":"<p>Books SwedishBj\u00f6rnen sover. Omslag: Maria Lund. Stockholm: Bonniers Junior, 1989, 91 pp.Tecknen p\u00e5 tr\u00e4det: Keltiska ber\u00e4ttelser. Stockholm: Gidlund, 1989, 101 pp.Sagornas \u00f6ar: en resa i den grekiska gudav\u00e4rlden. Stockholm: Rab\u00e8n &amp; Sj\u00f6gren, 1982, 124 pp. [Fairy tales for children. 2nd &#8230;<\/p>\n","protected":false},"author":43,"featured_media":0,"parent":728,"menu_order":0,"comment_status":"closed","ping_status":"closed","template":"","meta":{"_acf_changed":false,"inline_featured_image":false,"footnotes":""},"class_list":["post-754","page","type-page","status-publish","hentry"],"acf":[],"_links":{"self":[{"href":"https:\/\/sisu.ut.ee\/ewod\/wp-json\/wp\/v2\/pages\/754","targetHints":{"allow":["GET"]}}],"collection":[{"href":"https:\/\/sisu.ut.ee\/ewod\/wp-json\/wp\/v2\/pages"}],"about":[{"href":"https:\/\/sisu.ut.ee\/ewod\/wp-json\/wp\/v2\/types\/page"}],"author":[{"embeddable":true,"href":"https:\/\/sisu.ut.ee\/ewod\/wp-json\/wp\/v2\/users\/43"}],"replies":[{"embeddable":true,"href":"https:\/\/sisu.ut.ee\/ewod\/wp-json\/wp\/v2\/comments?post=754"}],"version-history":[{"count":1,"href":"https:\/\/sisu.ut.ee\/ewod\/wp-json\/wp\/v2\/pages\/754\/revisions"}],"predecessor-version":[{"id":4327,"href":"https:\/\/sisu.ut.ee\/ewod\/wp-json\/wp\/v2\/pages\/754\/revisions\/4327"}],"up":[{"embeddable":true,"href":"https:\/\/sisu.ut.ee\/ewod\/wp-json\/wp\/v2\/pages\/728"}],"wp:attachment":[{"href":"https:\/\/sisu.ut.ee\/ewod\/wp-json\/wp\/v2\/media?parent=754"}],"curies":[{"name":"wp","href":"https:\/\/api.w.org\/{rel}","templated":true}]}}