{"id":752,"date":"2024-04-03T23:40:16","date_gmt":"2024-04-03T20:40:16","guid":{"rendered":"https:\/\/sisu.ut.ee\/ewod\/poems-et-114\/"},"modified":"2024-04-04T00:09:11","modified_gmt":"2024-04-03T21:09:11","slug":"poems","status":"publish","type":"page","link":"https:\/\/sisu.ut.ee\/ewod\/r\/reinraud\/poems\/","title":{"rendered":"Rein Raud &#8211; poems"},"content":{"rendered":"<p>\n\t<strong><span style=\"font-family: verdana, geneva;font-size: medium\">Books<\/span><\/strong>\n<\/p>\n<p>\n\t<em><strong><span style=\"font-family: verdana, geneva\">Finnish<\/span><\/strong><\/em><br><span style=\"font-family: verdana, geneva\"><strong>Lumeen hautautunut<\/strong>. Suomentanut Johanna Laakso, [esipuheen laatinut Ain Kaalep]. Oulu: Pohjoinen, 1987, 108 pp.\u00a0<\/span><br>\u00a0\n<\/p>\n<p>\n\t<strong><span style=\"font-family: verdana, geneva;font-size: medium\">In anthologies and magazines<\/span><\/strong>\n<\/p>\n<p>\n\t<span style=\"font-family: verdana, geneva\"><em><strong>German<\/strong><\/em><br><span data-mce-mark=\"1\"><strong>Ein wenig von dir; Wasser<\/strong>. \u00dcbersetzung: J\u00e1nos-Mikl\u00f3s Beckl. \u2013 Estonia, no 2, 1990, pp 72-73. [\u2018Pisut sinust\u2019, \u2018Vesi\u2019.]<br><strong>Sowjetliteratur, no 1, 1989<\/strong>. Literatur und Kunst der Estnischen Sowjetrepublik. Moskau: 1989, 189 pp. [See\u00a0<\/span><strong><a href=\"https:\/\/sisu.ut.ee\/ewod\/anthologies\/german\/sowjetliteratur\">contents<\/a><\/strong><span data-mce-mark=\"1\">\u00a0of the special issue.]<\/span><\/span>\n<\/p>\n<p>\n\t<span style=\"font-family: verdana, geneva\"><em><strong>Norwegian<\/strong><\/em><br><strong>[Poems]<\/strong>. Translated by \u00d8yvind Rang\u00f8y. \u2013 101 dikt om kj\u00e6rleik. Ed by Helge Torvund. Oslo: Cappelen Damm, 2018.<br><strong>[Poems]<\/strong>. Translated by Turid Farbregd. \u2013 Verden finnes ikke p\u00e5 kartet: poesi fra hele verden. Pedro Carmona-Alvarez og Gunnar W\u00e6rness (red.). [Oslo:] Oktober AS, 2010, 541 pp.\u00a0<\/span><\/p>\n","protected":false},"excerpt":{"rendered":"<p>Books FinnishLumeen hautautunut. Suomentanut Johanna Laakso, [esipuheen laatinut Ain Kaalep]. Oulu: Pohjoinen, 1987, 108 pp.\u00a0\u00a0 In anthologies and magazines GermanEin wenig von dir; Wasser. \u00dcbersetzung: J\u00e1nos-Mikl\u00f3s Beckl. \u2013 Estonia, no 2, 1990, pp 72-73. [\u2018Pisut sinust\u2019, \u2018Vesi\u2019.]Sowjetliteratur, no 1, 1989. &#8230;<\/p>\n","protected":false},"author":43,"featured_media":0,"parent":191,"menu_order":0,"comment_status":"closed","ping_status":"closed","template":"","meta":{"_acf_changed":false,"inline_featured_image":false,"footnotes":""},"class_list":["post-752","page","type-page","status-publish","hentry"],"acf":[],"_links":{"self":[{"href":"https:\/\/sisu.ut.ee\/ewod\/wp-json\/wp\/v2\/pages\/752","targetHints":{"allow":["GET"]}}],"collection":[{"href":"https:\/\/sisu.ut.ee\/ewod\/wp-json\/wp\/v2\/pages"}],"about":[{"href":"https:\/\/sisu.ut.ee\/ewod\/wp-json\/wp\/v2\/types\/page"}],"author":[{"embeddable":true,"href":"https:\/\/sisu.ut.ee\/ewod\/wp-json\/wp\/v2\/users\/43"}],"replies":[{"embeddable":true,"href":"https:\/\/sisu.ut.ee\/ewod\/wp-json\/wp\/v2\/comments?post=752"}],"version-history":[{"count":1,"href":"https:\/\/sisu.ut.ee\/ewod\/wp-json\/wp\/v2\/pages\/752\/revisions"}],"predecessor-version":[{"id":4325,"href":"https:\/\/sisu.ut.ee\/ewod\/wp-json\/wp\/v2\/pages\/752\/revisions\/4325"}],"up":[{"embeddable":true,"href":"https:\/\/sisu.ut.ee\/ewod\/wp-json\/wp\/v2\/pages\/191"}],"wp:attachment":[{"href":"https:\/\/sisu.ut.ee\/ewod\/wp-json\/wp\/v2\/media?parent=752"}],"curies":[{"name":"wp","href":"https:\/\/api.w.org\/{rel}","templated":true}]}}