{"id":744,"date":"2024-04-03T23:40:15","date_gmt":"2024-04-03T20:40:15","guid":{"rendered":"https:\/\/sisu.ut.ee\/ewod\/karm\/"},"modified":"2024-04-04T00:09:13","modified_gmt":"2024-04-03T21:09:13","slug":"karm","status":"publish","type":"page","link":"https:\/\/sisu.ut.ee\/ewod\/k\/karm\/","title":{"rendered":"Hille Karm"},"content":{"rendered":"<p>\n\t<a href=\"https:\/\/sisu.ut.ee\/wp-content\/uploads\/sites\/108\/hille_karm_alar_madisson.jpg\" target=\"_self\" rel=\"noopener\"><img decoding=\"async\" alt=\"Hille Karm\" class=\"\" src=\"https:\/\/sisu.ut.ee\/wp-content\/uploads\/sites\/108\/hille_karm_alar_madisson.jpg\" style=\"float: right;width: 200px;height: 301px\" title=\"Photo: Alar Madisson\"><\/a><\/p>\n<p><span style=\"color:#000000\"><span style=\"font-family:Verdana,Geneva,sans-serif\"><span style=\"font-size:13px\">Hille Karm (until 1975 Hille Ok, born 8. IV 1949) is a journalist and writer.<\/span><\/span><\/span>\n<\/p>\n<p>\n\t<span style=\"color:#000000\"><span style=\"font-family:Verdana,Geneva,sans-serif\"><span style=\"font-size:13px\">Karm was born in Tallinn. As a child, she lived on Saaremaa where she also attended school. Later, she moved to Harju County and graduated from Keila Secondary School. From 1967-1972, she studied journalism at Tartu State University. After graduation, she worked as a journalist, and as editor of the Tallinn University of Technology newspaper and the magazine <em>N\u00f5ukogude Naine<\/em> (from 1989, <em>Eesti Naine<\/em>). Karm later studied advertising at the Marketing Institute and then taught marketing communication at the same institution. She has also worked at the marketing department of ERGO insurance company, after which she became a freelancer. She joined the Estonian Writers\u2019 Union in 2010.<\/span><\/span><\/span>\n<\/p>\n<p>\n\t<span style=\"color:#000000\"><span style=\"font-family:Verdana,Geneva,sans-serif\"><span style=\"font-size:13px\">Karm was first recognized at a story competition by <em>Noorus<\/em> magazine in 1976. She was also successful at the Baltics essays and articles competition Bellaad, where she won first prize twice. Her first publication was the short story collection <em>Semestri 99. p\u00e4ev<\/em> (\u2018The 99th Day of the Semester\u2019, 1981). The main characters of all nine stories in the collection are young people and several stories are set in an institution of higher education. The collection reflects the author\u2019s experience with her everyday work.<\/span><\/span><\/span>\n<\/p>\n<p>\n\t<span style=\"color:#000000\"><span style=\"font-family:Verdana,Geneva,sans-serif\"><span style=\"font-size:13px\">Karm also wrote a novel titled <em>Linnutiivul<\/em> (\u2018Upon A Bird\u2019s Wings\u2019, 2018), in which Tessa, a mature woman celebrating her birthday, meets friends and strangers both over the phone and in person.<\/span><\/span><\/span>\n<\/p>\n<p>\n\t<span style=\"color:#000000\"><span style=\"font-family:Verdana,Geneva,sans-serif\"><span style=\"font-size:13px\">Hille Karm has written various works, including books on several well-known creatives (for example the actress Elle Kull and singers Heli L\u00e4\u00e4ts and Helgi Sallo). She has also translated prose from Finnish and Russian.<\/span><\/span><\/span>\n<\/p>\n<p>\n\t<span style=\"color:#000000\"><span style=\"font-family:Verdana,Geneva,sans-serif\"><span style=\"font-size:13px\"><em>L. P. (Translated by A. A.)<\/em><\/span><\/span><\/span><\/p>\n<p>\u00a0\n<\/p>\n<p>\n\t<span style=\"font-size:16px\"><span style=\"color:#000000\"><span style=\"font-family:Verdana,Geneva,sans-serif\"><strong>Books in Estonian<\/strong><\/span><\/span><\/span>\n<\/p>\n<p>\n\t<span style=\"color:#000000\"><span style=\"font-family:Verdana,Geneva,sans-serif\"><span style=\"font-size:13px\"><strong><em>Non-fiction<\/em><\/strong><br><strong>Septembrist jaanip\u00e4evani<\/strong>. [Tallinna Pol\u00fctehnilisest Instituudist.] Tallinn: Eesti Raamat, 1986, 100+12 lk.<br><strong>Helgi Sallo. Helgib ja heliseb<\/strong>. Tallinn: Ajakirjade Kirjastus, 2007, 208 lk. [2., t\u00e4iendatud tr\u00fckk: 2017.]<br><strong>Elle Kull. Unes ja ilmsi<\/strong>. Tallinn: Ajakirjade Kirjastus, 2009, 215 lk.<br><strong>\u00d5nnerahva lood<\/strong>. Tallinn: Ajakirjade Kirjastus, 2009, 179 lk.<br><strong>Taevas ja maa<\/strong>. Tartu: Petrone Print, 2011, 240 lk. [M\u00e4lestused.]<br>Hille Karm, Tiina Park, <strong>Tiina Park. Naine teiselt planeedilt<\/strong>. Tallinn: Ajakirjade Kirjastus, 2014, 231 lk.<br><strong>Siiri ja Mihkel Oviir. Kahekesi klaasist majas<\/strong>. Tallinn: Tammerraamat, 2016, 431 lk.<br><strong>Heli L\u00e4\u00e4ts. Armastusega. Hille Karmi vestlused Heli L\u00e4\u00e4tsega<\/strong>. Tallinn: SE&amp;JS, 2017, 382 lk.<\/span><\/span><\/span>\n<\/p>\n<p>\n\t<span style=\"color:#000000\"><span style=\"font-family:Verdana,Geneva,sans-serif\"><span style=\"font-size:13px\"><strong><em>Novels<\/em><\/strong><br><strong>Linnutiivul<\/strong>. Tallinn: Tammerraamat, 2018, 264 lk.<\/span><\/span><\/span>\n<\/p>\n<p>\n\t<span style=\"color:#000000\"><span style=\"font-family:Verdana,Geneva,sans-serif\"><span style=\"font-size:13px\"><strong><em>Short stories<\/em><\/strong><br><strong>Semestri 99. p\u00e4ev<\/strong>. Tallinn: Eesti Raamat, 1981, 80 lk.<br><strong>Midagi head<\/strong>. Tallinn: Ajakirjade Kirjastus, 2009, 128 lk.<br><strong>Saame kokku p\u00fchap\u00e4eval<\/strong>. L\u00fchikesed linnajutud. Pegasus, 2012, 150 lk.<\/span><\/span><\/span>\n<\/p>\n<p>\n\t<span style=\"color:#000000\"><span style=\"font-family:Verdana,Geneva,sans-serif\"><span style=\"font-size:13px\"><strong><em>Children\u2019s stories<\/em><\/strong><br><strong>V\u00e4ike vahva vanaema<\/strong>. Tallinn: Ajakirjade Kirjastus, 2006, 63 lk.<br><strong>Joosep ootab j\u00f5uluvana<\/strong>. Tallinn: Ajakirjade Kirjastus, 2007, 62 lk.<br><strong>Robot Robin saab s\u00fcdame<\/strong>. Tallinn: Ajakirjade Kirjastus, 2007, 54 lk.<br><strong>Joosep l\u00e4heb j\u00f5uluvanale k\u00fclla<\/strong>. Tallinn: Ajakirjade Kirjastus, 2008, 71 lk.<br><strong>Ingli valgus<\/strong>. Tallinn: Ajakirjade Kirjastus, 2009, 63 lk.<br><strong>Pasun punase kuue taskus<\/strong>. Tallinn: Ajakirjade Kirjastus, 2010, 70 lk.<br><strong>Kui vanaema v\u00e4ike oli<\/strong>. Tallinn: Fookus Meedia, 2014, 175 lk.<br><strong>N\u00e4e, s\u00e4rabki!<\/strong>. Tallinn: Argo, 2014, 38 lk.<\/span><\/span><\/span>\n<\/p>\n<p>\n\t\u00a0<\/p>\n","protected":false},"excerpt":{"rendered":"<p>Hille Karm (until 1975 Hille Ok, born 8. IV 1949) is a journalist and writer. Karm was born in Tallinn. As a child, she lived on Saaremaa where she also attended school. Later, she moved to Harju County and graduated &#8230;<\/p>\n","protected":false},"author":43,"featured_media":0,"parent":498,"menu_order":0,"comment_status":"closed","ping_status":"closed","template":"","meta":{"_acf_changed":false,"inline_featured_image":false,"footnotes":""},"class_list":["post-744","page","type-page","status-publish","hentry"],"acf":[],"_links":{"self":[{"href":"https:\/\/sisu.ut.ee\/ewod\/wp-json\/wp\/v2\/pages\/744","targetHints":{"allow":["GET"]}}],"collection":[{"href":"https:\/\/sisu.ut.ee\/ewod\/wp-json\/wp\/v2\/pages"}],"about":[{"href":"https:\/\/sisu.ut.ee\/ewod\/wp-json\/wp\/v2\/types\/page"}],"author":[{"embeddable":true,"href":"https:\/\/sisu.ut.ee\/ewod\/wp-json\/wp\/v2\/users\/43"}],"replies":[{"embeddable":true,"href":"https:\/\/sisu.ut.ee\/ewod\/wp-json\/wp\/v2\/comments?post=744"}],"version-history":[{"count":1,"href":"https:\/\/sisu.ut.ee\/ewod\/wp-json\/wp\/v2\/pages\/744\/revisions"}],"predecessor-version":[{"id":4339,"href":"https:\/\/sisu.ut.ee\/ewod\/wp-json\/wp\/v2\/pages\/744\/revisions\/4339"}],"up":[{"embeddable":true,"href":"https:\/\/sisu.ut.ee\/ewod\/wp-json\/wp\/v2\/pages\/498"}],"wp:attachment":[{"href":"https:\/\/sisu.ut.ee\/ewod\/wp-json\/wp\/v2\/media?parent=744"}],"curies":[{"name":"wp","href":"https:\/\/api.w.org\/{rel}","templated":true}]}}