{"id":737,"date":"2024-04-03T23:40:15","date_gmt":"2024-04-03T20:40:15","guid":{"rendered":"https:\/\/sisu.ut.ee\/ewod\/eessaare\/"},"modified":"2024-04-04T00:09:12","modified_gmt":"2024-04-03T21:09:12","slug":"eessaare","status":"publish","type":"page","link":"https:\/\/sisu.ut.ee\/ewod\/e\/eessaare\/","title":{"rendered":"Eessaare Aadu"},"content":{"rendered":"<p>\n\t<span style=\"font-family: verdana, geneva;font-size: medium\"><a href=\"https:\/\/sisu.ut.ee\/ewod\/e\/eessaare\/stories\"><strong>Short stories<\/strong><\/a><a href=\"\/wp-content\/uploads\/sites\/108\/eessaare_aadu.jpg\"><strong><img loading=\"lazy\" decoding=\"async\" alt=\"Eessaare Aadu\" src=\"\/wp-content\/uploads\/sites\/108\/eessaare_aadu.jpg\" style=\"float: right;margin: 10px 20px\" width=\"200\" height=\"270\"><\/strong><\/a><\/span>\n<\/p>\n<p>\n\t<br>\u00a0\n<\/p>\n<p><span style=\"font-size:13px\"><span style=\"font-family: verdana, geneva\"><span style=\"color:#000000\">Eessaare Aadu was the pseudonym of Jaan Anvelt (18. IV 1884 \u2013 11. XII 1937), a publicist, prose writer, and one of the leading Soviet revolutionaries in Estonia.<\/span><\/span><\/span>\n<\/p>\n<p>\n\t<span style=\"font-size:13px\"><span style=\"color:#000000\"><span style=\"font-family: verdana, geneva\">He was born a peasant in Oorgu, Viljandimaa, and studied to become a school teacher at the University of Tartu (known then as Dorpat). He taught in Toila from 1905 to 1907 but became simultaneously involved with revolutionary activity. He then passed his matriculation exam to study law part-time at St. Petersburg University from 1907\u20131912. It was there that he joined the Bolsheviks via the Russian Social Democratic Labor Party. He was arrested in 1911 for political reasons and expelled from the university, then sent to Estonia. He finished his degree as an extern and worked in Narva from 1912\u20131917 as a law assistant. In 1912, together with Johannes K\u00e4sper and Villem Bukk, he founded the labourer\u2019s journal <em>Kiir<\/em> and edited it from 1912\u20131914. In 1917, he moved to Tallinn and became one of the primary leaders of the Bolsheviks in Estonia.<\/span><\/span><\/span>\n<\/p>\n<p>\n\t<span style=\"font-size:13px\"><span style=\"color:#000000\"><span style=\"font-family: verdana, geneva\">In 1917, Anvelt led Bolshevik revolutionaries to Tallinn and took political power during the October Revolution. During those tumultous times Anvelt held several leadership positions in Estonia: he was a member of the Estonian Provincial Assembly, head of the Estonian Soviet Executive Committee and the chairman of the Council of the Commune of the Working People of Estonia. Ultimately the communists were defeated in the Baltics, and Anvelt was forced to go underground until his emergence in the 1924 Estonian failed <em>coup d\u2019etat<\/em> co-organised by the Russian Communist Party and the Communist International (Comintern), a group that advocated world communism. Anvelt was one of the main organisers of the coup, during which he killed a patrolman of the Baltic Railway Station in Tallinn. In 1925, Anvelt went to the U.S.S.R and worked from 1926\u20131929 as a political commissar of an airforce academy in Moscow. From 1929\u20131935, he worked in top administrative positions of the civilian air fleets, and from 1935\u20131937, he served as an executive member within Comintern.<\/span><\/span><\/span>\n<\/p>\n<p>\n\t<span style=\"font-size:13px\"><span style=\"color:#000000\"><span style=\"font-family: verdana, geneva\">In 1937, Eessaare was arrested, then interrogated and beaten by Aleksandr Langfang during Stalin\u2019s Great Purge. He died from the injuries sustained during the interrogation and was declared an enemy of the people afterwards. In 1957, he was posthumously rehabilitated.<\/span><\/span><\/span>\n<\/p>\n<p>\n\t<span style=\"font-size:13px\"><span style=\"color:#000000\"><span style=\"font-family: verdana, geneva\">Anvelt had many additional pseudonyms besides Eessaare Aadu, including Jaan Holm, Jaan Hulm, Kaarel Maatamees, and Onkel Kaak. He primarily wrote socio-political articles in periodicals. He began writing in the Tartu Teachers\u2019 Seminary and published in the illegal student journal <em>\u00c4rataja<\/em>. In 1904, he published his first stories in the magazine <em>Linda<\/em> under the name Jaan Hulm. With the collection of short stories <em>R\u00e4\u00e4staalused<\/em>\u00a0 (\u2018Life under Eaves\u2019, 1916) he began using the name Eessaare Aadu, which became his primary pseudonym from then on. His work focuses on the internal world of the working person\u2014the struggle of class and the topic of Communism. These topics are seen in <em>R\u00e4\u00e4staalused<\/em> and the short stories <em>Metsa serval<\/em> (\u2018The Edge of the Forest\u2019, 1919) and <em>Kurjategija<\/em> (\u2018Criminal\u2019, 1922). His half-finished novel <em>Linnupriid <\/em>(\u2018The Outlaws\u2019, 1922\u20131923) is considered to be his masterpiece. His work brought a new subject to Estonian literature: the battle in the name of the Communist Party and its statutes.\u00a0<\/span><\/span><\/span>\n<\/p>\n<p>\n\t<span style=\"font-size:13px\"><span style=\"color:#000000\"><span style=\"font-family: verdana, geneva\"><em>M. M.<\/em><\/span><\/span><\/span>\n<\/p>\n<p><span style=\"font-size:16px\"><span style=\"color:#000000\"><strong><span style=\"font-family: verdana, geneva\">Books in Estonian<\/span><\/strong><\/span><\/span>\n<\/p>\n<p>\n\t<span style=\"font-size:13px\"><span style=\"color:#000000\"><strong><em><span style=\"font-family: verdana, geneva\">Novels<\/span><\/em><\/strong><br><span style=\"font-family: verdana, geneva\"><strong>Linnupriid<\/strong>. Tallinn: Eesti Raamat, 1984, 175 lk.<\/span><\/span><\/span>\n<\/p>\n<p>\n\t<span style=\"font-size:13px\"><span style=\"color:#000000\"><strong><em><span style=\"font-family: verdana, geneva\">Short stories<\/span><\/em><\/strong><br><span style=\"font-family: verdana, geneva\"><strong>R\u00e4\u00e4staalused<\/strong>. Tallinn: M\u00f5te, 1916, 167 lk.<\/span><br><span style=\"font-family: verdana, geneva\"><strong>Alasti<\/strong>. Tallinn: M\u00f5te, 1917, 114 lk. [2. tr\u00fckk: Peterburi: Eesti t\u00f6\u00f6rahva kommuuna kultuura ja ariduse valitsus, 1919, 113 lk.]<\/span><br><span style=\"font-family: verdana, geneva\"><strong>Valitud jutustusi<\/strong>. Tallinn: Eesti Raamat, 1971, 376 lk.<\/span><br><span style=\"font-family: verdana, geneva\"><strong>Metsa serval<\/strong>. Tallinn: Eesti Raamat, 1984, 211 lk.<\/span><\/span><\/span>\n<\/p>\n<p>\n\t<span style=\"font-size:13px\"><span style=\"color:#000000\"><strong><em><span style=\"font-family: verdana, geneva\">Selected works<\/span><\/em><\/strong><br><span style=\"font-family: verdana, geneva\"><strong>Walitud teosed. I<\/strong>. Leningrad; Moskva: V\u00e4lismaat\u00f6\u00f6liste Kirjastus\u00fchisus NSV Liidus, 1934, 169 lk. [Sisu: \u2019Viimne pauk\u2019, \u2019Kalal\u2019, \u2019\u00dcle m\u00e4dasoo\u2019, \u2019Alasti\u2019.]<\/span><br><span style=\"font-family: verdana, geneva\"><strong>Walitud teosed. II<\/strong>. Leningrad; Moskva: V\u00e4lismaat\u00f6\u00f6liste Kirjastus\u00fchisus NSV Liidus, 1935, 308 lk. [Sisu: \u2019Metsa serval\u2019, \u2019Teel\u2019, \u2019V\u00e4lgu valgel\u2019, \u2019Kuritegija\u2019, \u2019Linnupriid\u2019.]<\/span><\/span><\/span><\/p>\n","protected":false},"excerpt":{"rendered":"<p>Short stories \u00a0 Eessaare Aadu was the pseudonym of Jaan Anvelt (18. IV 1884 \u2013 11. XII 1937), a publicist, prose writer, and one of the leading Soviet revolutionaries in Estonia. He was born a peasant in Oorgu, Viljandimaa, and &#8230;<\/p>\n","protected":false},"author":43,"featured_media":0,"parent":566,"menu_order":0,"comment_status":"closed","ping_status":"closed","template":"","meta":{"_acf_changed":false,"inline_featured_image":false,"footnotes":""},"class_list":["post-737","page","type-page","status-publish","hentry"],"acf":[],"_links":{"self":[{"href":"https:\/\/sisu.ut.ee\/ewod\/wp-json\/wp\/v2\/pages\/737","targetHints":{"allow":["GET"]}}],"collection":[{"href":"https:\/\/sisu.ut.ee\/ewod\/wp-json\/wp\/v2\/pages"}],"about":[{"href":"https:\/\/sisu.ut.ee\/ewod\/wp-json\/wp\/v2\/types\/page"}],"author":[{"embeddable":true,"href":"https:\/\/sisu.ut.ee\/ewod\/wp-json\/wp\/v2\/users\/43"}],"replies":[{"embeddable":true,"href":"https:\/\/sisu.ut.ee\/ewod\/wp-json\/wp\/v2\/comments?post=737"}],"version-history":[{"count":1,"href":"https:\/\/sisu.ut.ee\/ewod\/wp-json\/wp\/v2\/pages\/737\/revisions"}],"predecessor-version":[{"id":4332,"href":"https:\/\/sisu.ut.ee\/ewod\/wp-json\/wp\/v2\/pages\/737\/revisions\/4332"}],"up":[{"embeddable":true,"href":"https:\/\/sisu.ut.ee\/ewod\/wp-json\/wp\/v2\/pages\/566"}],"wp:attachment":[{"href":"https:\/\/sisu.ut.ee\/ewod\/wp-json\/wp\/v2\/media?parent=737"}],"curies":[{"name":"wp","href":"https:\/\/api.w.org\/{rel}","templated":true}]}}