{"id":736,"date":"2024-04-03T23:40:15","date_gmt":"2024-04-03T20:40:15","guid":{"rendered":"https:\/\/sisu.ut.ee\/ewod\/redlich\/"},"modified":"2024-06-10T16:50:34","modified_gmt":"2024-06-10T13:50:34","slug":"redlich","status":"publish","type":"page","link":"https:\/\/sisu.ut.ee\/ewod\/r\/redlich\/","title":{"rendered":"Carl Martin Redlich"},"content":{"rendered":"<p><a href=\"https:\/\/sisu.ut.ee\/ewod\/r\/redlich\/poems\"><strong><span style=\"font-family: verdana, geneva; font-size: medium;\">Poems<\/span><\/strong><\/a><\/p>\n\n\n<p><\/p>\n\n\n\n<p>Carl Martin Redlich (1 August \/ 20 July 1853 \u2013 4 October \/ 22 September 1896) was a poet.<\/p>\n\n\n\n<p>Redlich was born in J\u00e4rva County, studied at Rakvere County School and Tartu I (German) Teachers\u2019 Seminary (did not complete the course). He worked as a railway telegraph clerk and a parish clerk. He died at Vaivara, Ida-Viru County.<\/p>\n\n\n\n<p>Redlich\u2019s post-romantic sentimental and nature poetry typical of his era appeared in the collections <em>Lille p\u00f5\u00f5sas ehk elu ja armastus<\/em> I (\u2018The Flower Bush or Life and Love\u2019 I, 1875), <em>Metsa roosid<\/em> (\u2018Wild Roses\u2019, 1876) and <em>Oh r\u00f5\u00f5musta ja laula<\/em> (\u2018Oh Rejoice and Sing\u2019, 1879). <em>Tule ja loe imet!<\/em> (\u2018Come and Read a Miracle!\u2019, 1879) contains popular and translated jokes and riddles in verse. Redlich also published translated books with entertaining content, <em>Naisterahva kolm eluiga<\/em> (\u2018Three Ages in a Woman\u2019s Life\u2019, 1878), <em>Indianlaste isamaal<\/em> (\u2018In the Homeland of the Indians\u2019, 1879), and a book about magic tricks, <em>Silma moondaja ehk n\u00f5iduse kunst<\/em> (\u2018The Conjurer or the Art of Witchcraft\u2019, 1880).<\/p>\n\n\n\n<p><em>A. K. (Translated by I. A.)<\/em><\/p>\n\n\n\n<p><br><strong>Books in Estonian<\/strong><\/p>\n\n\n\n<p><strong><em>Poetry collections<\/em><\/strong><br><strong>Lille p\u00f5\u00f5sas ehk elu ja armastus I<\/strong>. Tartu: Schnakenburg, 1875, 25 lk.<br><strong>Metsa roosid<\/strong>. Lille p\u00f5\u00f5sa ehk elu ja armastuse t\u00f5ine j\u00e4gu. Tartu: Schnakenburg, 1876, 22 lk.<br><strong>Oh r\u00f5\u00f5musta ja laula!: Lille p\u00f5\u00f5sa ehk elu ja armastuse kolmas jagu<\/strong>. Tartu: Schnakenburg, 1879, 28 lk.<\/p>\n\n\n\n<p><strong><em>Short prose<\/em><\/strong><br><strong>R\u00e4tsepa elu ja olu<\/strong>. T\u00f5elik t\u00f5e-s\u00f5bradele, naljakas nalja-armastajatele. Tartu, 1879, 24 lk.<\/p>\n\n\n\n<p><strong><em>Miscellaneous<\/em><\/strong><br><strong>Naisterahwa kolm elu-iga<\/strong>, Otsa Anne maenitsuse kiri ja T\u00f5kke Tiiu nutulaul. Tartu: Schnakenburg, 1878, 20 lk.<br><strong>Tule ja loe imet!<\/strong>: \u00dcks uus raamat, kelles 265 kamala t\u00e4it nalja ja 35 pihu t\u00e4it m\u00f5nusaid k\u00fcsimisi ja m\u00f5istatusi leida on. Tartu: Schnakenburg, 1879, 107 lk.<br><strong>Silma-moondaja ehk n\u00f5iduse kunst<\/strong>. Tartu: Schnakenburg,1880, 69 lk.<br><strong>Tululik arsti-rohi meelehaiguse wasta<\/strong>. Esimene anne. Tartu: W. Just, 1880, 32 lk.<\/p>\n","protected":false},"excerpt":{"rendered":"<p>Poems Carl Martin Redlich (1 August \/ 20 July 1853 \u2013 4 October \/ 22 September 1896) was a poet. Redlich was born in J\u00e4rva County, studied at Rakvere County School and Tartu I (German) Teachers\u2019 Seminary (did not complete &#8230;<\/p>\n","protected":false},"author":43,"featured_media":0,"parent":686,"menu_order":0,"comment_status":"closed","ping_status":"closed","template":"","meta":{"_acf_changed":false,"inline_featured_image":false,"footnotes":""},"class_list":["post-736","page","type-page","status-publish","hentry"],"acf":[],"_links":{"self":[{"href":"https:\/\/sisu.ut.ee\/ewod\/wp-json\/wp\/v2\/pages\/736","targetHints":{"allow":["GET"]}}],"collection":[{"href":"https:\/\/sisu.ut.ee\/ewod\/wp-json\/wp\/v2\/pages"}],"about":[{"href":"https:\/\/sisu.ut.ee\/ewod\/wp-json\/wp\/v2\/types\/page"}],"author":[{"embeddable":true,"href":"https:\/\/sisu.ut.ee\/ewod\/wp-json\/wp\/v2\/users\/43"}],"replies":[{"embeddable":true,"href":"https:\/\/sisu.ut.ee\/ewod\/wp-json\/wp\/v2\/comments?post=736"}],"version-history":[{"count":2,"href":"https:\/\/sisu.ut.ee\/ewod\/wp-json\/wp\/v2\/pages\/736\/revisions"}],"predecessor-version":[{"id":5175,"href":"https:\/\/sisu.ut.ee\/ewod\/wp-json\/wp\/v2\/pages\/736\/revisions\/5175"}],"up":[{"embeddable":true,"href":"https:\/\/sisu.ut.ee\/ewod\/wp-json\/wp\/v2\/pages\/686"}],"wp:attachment":[{"href":"https:\/\/sisu.ut.ee\/ewod\/wp-json\/wp\/v2\/media?parent=736"}],"curies":[{"name":"wp","href":"https:\/\/api.w.org\/{rel}","templated":true}]}}