{"id":728,"date":"2024-04-03T23:40:14","date_gmt":"2024-04-03T20:40:14","guid":{"rendered":"https:\/\/sisu.ut.ee\/ewod\/melberg\/"},"modified":"2024-09-16T13:16:48","modified_gmt":"2024-09-16T10:16:48","slug":"melberg","status":"publish","type":"page","link":"https:\/\/sisu.ut.ee\/ewod\/m\/melberg\/","title":{"rendered":"Enel Melberg"},"content":{"rendered":"<h5 class=\"wp-block-heading\"><br><a href=\"https:\/\/sisu.ut.ee\/ewod\/m\/melberg\/novels\"><span style=\"font-family: verdana,geneva;\"><strong><span style=\"font-size: medium;\">Novels<\/span><\/strong><\/span><\/a><\/h5>\n\n\n\n<h5 class=\"wp-block-heading\"><a href=\"https:\/\/sisu.ut.ee\/ewod\/m\/melberg\/stories\"><span style=\"font-family: verdana,geneva;\"><strong><span style=\"font-size: medium;\">Short stories<\/span><\/strong><\/span><\/a><\/h5>\n\n\n\n<p><br>Enel Melberg (n\u00e9e Enel Savioja, 21 September 1943) is a Swedish-Estonian writer and translator.<\/p>\n\n\n\n<p>Melberg was born in Tallinn. In 1944, she fled from Estonia to Sweden with her parents during the Second World War before the Russian occupation. She studied at Lund University and Stockholm College of Education from which she graduated in 1973 as a Swedish philologist. From 1973\u20131991, she worked as a Swedish language, drama and philosophy teacher at Stockholm Adult Gymnasium. Since 1990, Melberg has lived alternately in Sweden and Norway.<\/p>\n\n\n\n<p>She writes in Swedish for children, young people and adults and is a member of both the Swedish and Norwegian Writers\u2019 Unions. The themes of her work include feminism, social justice and her Estonian origin. Melberg\u2019s first novel <em>Modershj\u00e4rtat<\/em> (\u2018Mother\u2019s Heart\u2019) was published in 1977 and is her best-known book. It dealt with mother-daughter relationships, which was a new topic in Swedish literature then. It was followed by the novels <em>Medeas systrar<\/em> (\u2018Medea\u2019s Sisters\u2019, 1978), <em>Nyckelpiga flyg<\/em> (\u2018Fly, Ladybird!\u2019, 1980), <em>M\u00e5nbrunnen<\/em> (\u2018Moon Well\u2019, 1981), <em>Namn ristat i vatten<\/em> (\u2018A Name Hewn in Water\u2019, 1988), <em>K\u00e4rlekens arkeologi<\/em> (\u2018The Archeology of Love\u2019, 1990), <em>Den elfte dagen<\/em> (\u2018The Eleventh Day\u2019, 1992), <em>Det djur som inte finns<\/em> (\u2018The Non-existent Animal\u2019, 2007), <em>Allt vi vilja bli.<\/em> <em>Herr Brecht och hans kvinnor<\/em> (\u2018Everything We Want to Be. Herr Brecht and His Women\u2019, 2009) and <em>I tid och evighet.<\/em> <em>En operaroman<\/em> (\u2018In Time and Eternity. An Opera Novel\u2019, 2010). Melberg\u2019s latest novel so far, the eleventh, is <em>Separator<\/em> (2012). She has also published travelogues. Her books have been translated into German, Danish, Norwegian and Estonian.<\/p>\n\n\n\n<p>Melberg has translated Estonian literature, including the works of <a href=\"https:\/\/sisu.ut.ee\/ewod\/w\/wuolijoki\/\" data-type=\"page\" data-id=\"1027\">Hella Wuolijoki<\/a>, <a href=\"https:\/\/sisu.ut.ee\/ewod\/u\/under\/\" data-type=\"page\" data-id=\"1780\">Marie Under<\/a>, <a href=\"https:\/\/sisu.ut.ee\/ewod\/a\/alver\/\" data-type=\"page\" data-id=\"487\">Betti Alver<\/a>, <a href=\"https:\/\/sisu.ut.ee\/ewod\/n\/helganou\/\" data-type=\"page\" data-id=\"1085\">Helga N\u00f5u<\/a>, <a href=\"https:\/\/sisu.ut.ee\/ewod\/b\/maimuberg\/\" data-type=\"page\" data-id=\"2068\">Maimu Berg<\/a>, <a href=\"https:\/\/sisu.ut.ee\/ewod\/k\/jaankross\/\" data-type=\"page\" data-id=\"1884\">Jaan Kross<\/a>, <a href=\"https:\/\/sisu.ut.ee\/ewod\/k\/jaankaplinski\/\" data-type=\"page\" data-id=\"516\">Jaan Kaplinski<\/a>, <a href=\"https:\/\/sisu.ut.ee\/ewod\/oe\/onnepalu\/\" data-type=\"page\" data-id=\"145\">Emil Tode<\/a>, Heinrich Laretei and Margus Laidre, into Swedish.<\/p>\n\n\n\n<p>She has twice received the Estonian Cultural Endowment\u2019s annual prize for literary translation from Estonian into a foreign language: in 2007 for translating the works of Marie Under, Helga N\u00f5u, Jaan Kross, Betti Alver and Hella Wuolijoki, and in 2023 for translating of Jaan Kross\u2019s <em>Kolme katku vahel<\/em> (\u2018Between the Three Plagues\u2019) I\u2013IV into Swedish.<\/p>\n\n\n\n<p><em>M. K. (Translated by I. A.)<\/em><\/p>\n\n\n\n<h5 class=\"wp-block-heading\"><br><strong>Books in Estonian<\/strong><\/h5>\n\n\n\n<p><em><strong>Novels<\/strong><\/em><br><strong>\u00dcheteistk\u00fcmnes p\u00e4ev. <\/strong>Tallinn: Perioodika (Loomingu Raamatukogu), 1998, 160 lk.<\/p>\n","protected":false},"excerpt":{"rendered":"<p>Novels Short stories Enel Melberg (n\u00e9e Enel Savioja, 21 September 1943) is a Swedish-Estonian writer and translator. Melberg was born in Tallinn. In 1944, she fled from Estonia to Sweden with her parents during the Second World War before the &#8230;<\/p>\n","protected":false},"author":43,"featured_media":0,"parent":642,"menu_order":0,"comment_status":"closed","ping_status":"closed","template":"","meta":{"_acf_changed":false,"inline_featured_image":false,"footnotes":""},"class_list":["post-728","page","type-page","status-publish","hentry"],"acf":[],"_links":{"self":[{"href":"https:\/\/sisu.ut.ee\/ewod\/wp-json\/wp\/v2\/pages\/728","targetHints":{"allow":["GET"]}}],"collection":[{"href":"https:\/\/sisu.ut.ee\/ewod\/wp-json\/wp\/v2\/pages"}],"about":[{"href":"https:\/\/sisu.ut.ee\/ewod\/wp-json\/wp\/v2\/types\/page"}],"author":[{"embeddable":true,"href":"https:\/\/sisu.ut.ee\/ewod\/wp-json\/wp\/v2\/users\/43"}],"replies":[{"embeddable":true,"href":"https:\/\/sisu.ut.ee\/ewod\/wp-json\/wp\/v2\/comments?post=728"}],"version-history":[{"count":2,"href":"https:\/\/sisu.ut.ee\/ewod\/wp-json\/wp\/v2\/pages\/728\/revisions"}],"predecessor-version":[{"id":5520,"href":"https:\/\/sisu.ut.ee\/ewod\/wp-json\/wp\/v2\/pages\/728\/revisions\/5520"}],"up":[{"embeddable":true,"href":"https:\/\/sisu.ut.ee\/ewod\/wp-json\/wp\/v2\/pages\/642"}],"wp:attachment":[{"href":"https:\/\/sisu.ut.ee\/ewod\/wp-json\/wp\/v2\/media?parent=728"}],"curies":[{"name":"wp","href":"https:\/\/api.w.org\/{rel}","templated":true}]}}