{"id":722,"date":"2024-04-03T23:40:13","date_gmt":"2024-04-03T20:40:13","guid":{"rendered":"https:\/\/sisu.ut.ee\/ewod\/poems-et-108\/"},"modified":"2024-04-04T00:09:17","modified_gmt":"2024-04-03T21:09:17","slug":"poems","status":"publish","type":"page","link":"https:\/\/sisu.ut.ee\/ewod\/k\/karner\/poems\/","title":{"rendered":"Jaan K\u00e4rner &#8211; poems"},"content":{"rendered":"<p><span style=\"font-family: verdana, geneva;font-size: medium\"><strong>Books<\/strong><\/span><\/p>\n<p><span style=\"font-family: verdana, geneva;font-size: medium\"><strong><em><span style=\"font-size: small\">Russian<\/span><\/em><\/strong><br><span style=\"font-size: small\">\u042f\u0430\u043d \u041a\u044f\u0440\u043d\u0435\u0440, <strong>\u0418\u0437\u0431\u0440\u0430\u043d\u043d\u043e\u0435: \u0441\u0442\u0438\u0445\u0438<\/strong>. \u041f\u043e\u0441\u043b\u0435\u0441\u043b\u043e\u0432\u0438\u0435: \u041c. \u041a\u0430\u043b\u0434\u0430. \u041c\u043e\u0441\u043a\u0432\u0430: \u0421\u043e\u0432\u0435\u0442\u0441\u043a\u0438\u0439 \u043f\u0438\u0441\u0430\u0442\u0435\u043b\u044c, 1961, 168 pp.<\/span><br><span style=\"font-size: small\">\u042f\u0430\u043d \u041a\u044f\u0440\u043d\u0435\u0440, <strong>\u0418\u0437\u0431\u0440\u0430\u043d\u043d\u043e\u0435<\/strong>. \u041f\u0435\u0440\u0435\u0432\u043e\u0434 \u0441 \u044d\u0441\u0442\u043e\u043d\u0441\u043a\u043e\u0433\u043e \u044f\u0437\u044b\u043a\u0430: \u0410. \u0421\u043e\u043a\u043e\u043b\u043e\u0432; \u043f\u0440\u0435\u0434\u0438\u0441\u043b\u043e\u0432\u0438\u0435: \u041e. \u0423\u0440\u0433\u0430\u0440\u0442; \u0438\u043b\u043b\u044e\u0441\u0442\u0440\u0430\u0446\u0438\u0438: \u042d. \u041b\u0435\u043f\u043f. \u0422\u0430\u043b\u043b\u0438\u043d\u043d: \u0425\u0443\u0434\u043e\u0436\u0435\u0441\u0442\u0432\u0435\u043d\u043d\u0430\u044f \u043b\u0438\u0442\u0435\u0440\u0430\u0442\u0443\u0440\u0430, 1949, 149 pp.<br><\/span><strong><br><\/strong><\/span><\/p>\n<p><span style=\"font-family: verdana, geneva;font-size: medium\"><strong>In compilations, anthologies, magazines<\/strong><\/span><\/p>\n<p><strong style=\"font-family: verdana, geneva;font-size: small;line-height: 1.6em\"><strong><em>Esperanto<br><\/em><\/strong><\/strong><strong style=\"font-family: verdana, geneva;font-size: small;line-height: 1.6em\"><strong>Estona soveta poezio<\/strong><\/strong><span style=\"font-family: verdana, geneva;font-size: small\">. Edited and translated by Hilda Dresen; afterword by Jaan Toomla. Tallinn: Eesti Raamat, 1977, 204 pp. [Poems by\u00a0August Alle, Artur Alliksaar,\u00a0Betti Alver, Vladimir Beekman, Paul Haavaoks, Lehte Hainsalu, Ain Kaalep, Kalju Kangur,\u00a0Jaan Kaplinski, Ilmi Kolla,\u00a0Jaan Kross, Erni Krusten, Jaan K\u00e4rner, Uno Laht,\u00a0Viivi Luik, Kersti Merilaas, Ellen Niit, Minni Nurme, Ralf Parve, Lilli Promet, Mart Raud, Rudolf Rimmel,\u00a0Paul-Eerik Rummo,\u00a0Hando Runnel, Juhan Saar, August Sang, Johannes Semper, Arvi Siig, Juhan Smuul, Harald Suislepp, Aleksander Suuman, Juhan S\u00fctiste,\u00a0Mats Traat, Debora Vaarandi, Johannes Vares-Barbarus,\u00a0Enn Vetemaa.]<br><\/span><strong style=\"font-family: verdana, geneva;font-size: small;line-height: 1.6em\">Literatura observo. Estonio. Latvio. Litovio. 1939<\/strong><span style=\"font-family: verdana, geneva;font-size: small\">. Tallinn: Esperanto-Sekcio de la Balta Kongreso, 1940, 47 pp. [Poems by V. Adams, J. Barbarus, E. Hiir, B. Kangro, J. K\u00e4rner, A. Sang, J. S\u00fctiste.]<\/span><\/p>\n<p><span style=\"font-family: verdana, geneva;font-size: small\" data-mce-mark=\"1\"><strong><em>Finnish<\/em><\/strong><br><strong>Eestin runotar: Virolainen lyriikan antologia<\/strong>. Toimittanut\u00a0Elsa En\u00e4j\u00e4rvi-Haavio. Suom.\u00a0Saima Harmaja, Yrj\u00f6 Jylh\u00e4, Aino Kallas, Matti Kuusi, Otto Manninen, P. Mustap\u00e4\u00e4, Aale Tynni, Elina Vaara, Lauri Viljanen.\u00a0Porvoo; Helsinki: S\u00f6derstr\u00f6m, [1940], 235 pp. [Poems by\u00a0Valmar Adams, Artur Adson, August Alle,\u00a0Betti Alver, Ernst Enno, Villem Gr\u00fcnthal-Ridala, Anna Haava, Lydia Koidula, Jaan K\u00e4rner,\u00a0Juhan Liiv, Johannes Semper,\u00a0Gustav Suits, Juhan S\u00fctiste,\u00a0Heiti Talvik,\u00a0Marie Under, Johannes Vares-Barbarus, Henrik Visnapuu.]<br><\/span><\/p>\n<p><span style=\"font-family: verdana, geneva;font-size: small\"><strong><em>Hungarian<\/em><\/strong><br><strong>\u00c9szt k\u00f6lt\u00f6k: huszadik sz\u00e1zadi \u00e9szt l\u00edra<\/strong>. V\u00e1logatta, az \u00e9letrajzi jegyzeteket k\u00e9sz\u00edtette \u00e9s a sz\u00f6veggondoz\u00e1st v\u00e9gezte Bereczki G\u00e1bor, Bereczkin\u00e9 Mai Kiisk, Feh\u00e9rvari Gy\u00f6z\u00f6.\u00a0Budapest: Eur\u00f3pa k\u00f6nyvkiad\u00f3, 1975, 651 pp. [Poems by\u00a0Gustav Suits,\u00a0Ernst Enno,\u00a0Villem Gr\u00fcnthal-Ridala,\u00a0Marie Under,\u00a0Henrik Visnapuu,\u00a0Jaan K\u00e4rner,\u00a0Johannes Barbarus,\u00a0Johannes Semper,\u00a0August Alle,\u00a0Valmar Adams,\u00a0Uku Masing,\u00a0Juhan S\u00fctiste,\u00a0Heiti Talvik,\u00a0Betti Alver,\u00a0August Sang,\u00a0Kersti Merilaas,\u00a0Bernard Kangro,\u00a0Arno Vihalemm,\u00a0Kalju Lepik,\u00a0Ivar Gr\u00fcnthal,\u00a0Felix Kotta,\u00a0Aira Kaal,\u00a0Paul Rummo,\u00a0Debora Vaarandi,\u00a0Ralf Parve,\u00a0Juhan Smuul,\u00a0Ellen Niit,\u00a0Vladimir Beekman,\u00a0Uno Laht,\u00a0Jaan Kross,\u00a0Ain Kaalep,\u00a0Mats Traat,\u00a0Linda Ruud,\u00a0Paul-Eerik Rummo,\u00a0Arvi Siig,\u00a0Enn Vetemaa,\u00a0Rudolf Rimmel,\u00a0Jaan Kaplinski,\u00a0Hando Runnel.]<\/span><\/p>\n<p><span style=\"font-family: verdana, geneva\"><span><span><span style=\"font-size: small\"><strong><em>Russian<\/em><\/strong><\/span><br><span style=\"font-size: small\"><strong><strong>\u041f\u043e\u044d\u0442\u044b \u042d\u0441\u0442\u043e\u043d\u0438\u0438<\/strong><\/strong>. \u0412\u0441\u0442\u0443\u043f\u0438\u0442\u0435\u043b\u044c\u043d\u0430\u044f \u0441\u0442\u0430\u0442\u044c\u044f \u0438 \u0431\u0438\u043e\u0433\u0440\u0430\u0444\u0438\u0447\u0435\u0441\u043a\u0438\u0435 \u0441\u043f\u0440\u0430\u0432\u043a\u0438: \u0421. \u0413. \u0418\u0441\u0430\u043a\u043e\u0432\u0430; \u0441\u043e\u0441\u0442. \u0438 \u043f\u0440\u0438\u043c\u0435\u0447\u0430\u043d\u0438\u044f \u041d. \u0413. \u0410\u043d\u0434\u0440\u0435\u0437\u0435\u043d\u0430 \u0438 \u0421. \u0413. \u0418\u0441\u0430\u043a\u043e\u0432\u0430; \u0440\u0435\u0434\u0430\u043a\u0446\u0438\u044f \u0441\u0442\u0438\u0445\u043e\u0442\u0432\u043e\u0440\u043d\u044b\u0445 \u043f\u0435\u0440\u0435\u0432\u043e\u0434\u043e\u0432 \u0412. \u0420\u043e\u0436\u0434\u0435\u0441\u0442\u0432\u0435\u043d\u0441\u043a\u043e\u0433\u043e.\u00a0\u041b\u0435\u043d\u0438\u043d\u0433\u0440\u0430\u0434: \u0421\u043e\u0432\u0435\u0442\u0441\u043a\u0438\u0439 \u043f\u0438\u0441\u0430\u0442\u0435\u043b\u044c, 1974, 662 pp. [Poems by Kristjan Jaak Peterson, Friedrich Robert Faehlmann, Friedrich Reinhold Kreutzwald, Lydia Koidula, Friedrich Kuhlbars, Mihkel Veske, Ado Reinvald, Jakob Tamm, Jakob Liiv, Karl Eduard S\u00f6\u00f6t, Anna Haava, Juhan Liiv, Hans P\u00f6\u00f6gelmann,\u00a0Juhan Lilienbach, Ernst Enno, Gustav Suits, Villem Ridala, Friedebert Tuglas, Johannes Barbarus, Henrik Visnapuu, August Alle, Jaan K\u00e4rner, Johannes Semper, Hendrik Adamson, Juhan S\u00fctiste, Heiti Talvik, August Sang, Juhan Smuul.]<br><strong>\u0410\u043d\u0442\u043e\u043b\u043e\u0433\u0438\u044f \u044d\u0441\u0442\u043e\u043d\u0441\u043a\u043e\u0439 \u043f\u043e\u044d\u0437\u0438\u0438: \u0432 \u0434\u0432\u0443\u0445 \u0442\u043e\u043c\u0430\u0445<\/strong>. \u0412\u0441\u0442\u0443\u043f\u0438\u0442\u0435\u043b\u044c\u043d\u0430\u044f \u0441\u0442\u0430\u0442\u044c\u044f \u042d. \u041d\u0438\u0440\u043a\u0430; \u0441\u043e\u0441\u0442\u0430\u0432\u0438\u0442\u0435\u043b\u0438 \u042d. \u041d\u0438\u0440\u043a \u0438 \u041f. \u0420\u0443\u043c\u043c\u043e. \u041b\u0435\u043d\u0438\u043d\u0433\u0440\u0430\u0434: \u0413\u043e\u0441\u043b\u0438\u0442\u0438\u0437\u0434\u0430\u0442, 1959, 424 + 450 pp. [Includes folk songs and poems by: Kristian Jaak Peterson, Friedrich Robert Faehlmann, Friedrich Reinhold Kreutzwald, Juhan Weizenberg, Lydia Koidula, Friedrich Kuhlbars, Carl Robert Jakobson, Mihkel Veske, Ado Reinvald, Juhan Kunder, Jaan Bergmann, Peeter Jakobson, Jakob Tamm, Jakob Liiv, Juhan Liiv, Anna Haava, Karl Eduard S\u00f6\u00f6t, Reinhold Kamsen, Ernst Enno, Villem Ridala, Marie Heiberg, Jaan L\u00f5o, Hans P\u00f6\u00f6gelmann, Juhan Lilienbach, Vassili M\u00f6lder, Villem Buk, Johannes Barbarus, August Alle, Jaan K\u00e4rner, Johannes Semper, Juhan S\u00fctiste, Erni Hiir, Mart Raud, Paul Viiding, Betti Alver, Kersti Merilaas, August Sang, Hugo Angervaks, Felix Kotta, Aira Kaal, Muia Veetamm, Paul Rummo, Debora Vaarandi, Juhan Smuul, Minni Nurme, Ralf Parve, Manivald Kesamaa, Uno Laht, Vladimir Beekman, Jaan Kross, Ilmi Kolla, Ellen Niit.]<br>\u042f. \u041a\u044f\u0440\u043d\u0435\u0440, <strong>\u0415\u0434\u0438\u043d\u0441\u0442\u0432\u043e<\/strong>. \u2013 \u0413\u043e\u043b\u043e\u0441\u0430 \u0434\u0440\u0443\u0437\u0435\u0439: \u0441\u0431\u043e\u0440\u043d\u0438\u043a \u0441\u0442\u0438\u0445\u043e\u0432 \u043a 300-\u043b\u0435\u0442\u0438\u044e \u0432\u043e\u0441\u0441\u043e\u0435\u0434\u0438\u043d\u0435\u043d\u0438\u044f \u0423\u043a\u0440\u0430\u0438\u043d\u044b \u0441 \u0420\u043e\u0441\u0441\u0438\u0435\u0439. \u041c\u043e\u0441\u043a\u0432\u0430: \u041c\u043e\u043b\u043e\u0434\u0430\u044f \u0433\u0432\u0430\u0440\u0434\u0438\u044f, 1954, 19 pp.<\/span><br><\/span><\/span><\/span><\/p>\n<p><span style=\"font-family: verdana, geneva\"><span><span><span style=\"font-size: small\"><strong><em><strong><em>Serbo-Croatian<br><\/em><\/strong><\/em><strong><strong>Antologija svjetske lirike<\/strong><\/strong><\/strong><span>. Uredili Slavko Je\u017ei\u0107 i Gustav Krklec. Uvodna rije\u010d Jure Ka\u0161telan. Zagreb: Kultura, 1956, 999 pp. [Anthology of world poetry. Texts by V. Adams, J. Semper, J. K\u00e4rner, Juhan Liiv, A. Sang, K. E. S\u00f6\u00f6t. 2nd ed. Zagreb: Naprijed, 1965, 1029 pp.]<\/span><\/span><\/span><\/span><\/span><\/p>\n","protected":false},"excerpt":{"rendered":"<p>Books Russian\u042f\u0430\u043d \u041a\u044f\u0440\u043d\u0435\u0440, \u0418\u0437\u0431\u0440\u0430\u043d\u043d\u043e\u0435: \u0441\u0442\u0438\u0445\u0438. \u041f\u043e\u0441\u043b\u0435\u0441\u043b\u043e\u0432\u0438\u0435: \u041c. \u041a\u0430\u043b\u0434\u0430. \u041c\u043e\u0441\u043a\u0432\u0430: \u0421\u043e\u0432\u0435\u0442\u0441\u043a\u0438\u0439 \u043f\u0438\u0441\u0430\u0442\u0435\u043b\u044c, 1961, 168 pp.\u042f\u0430\u043d \u041a\u044f\u0440\u043d\u0435\u0440, \u0418\u0437\u0431\u0440\u0430\u043d\u043d\u043e\u0435. \u041f\u0435\u0440\u0435\u0432\u043e\u0434 \u0441 \u044d\u0441\u0442\u043e\u043d\u0441\u043a\u043e\u0433\u043e \u044f\u0437\u044b\u043a\u0430: \u0410. \u0421\u043e\u043a\u043e\u043b\u043e\u0432; \u043f\u0440\u0435\u0434\u0438\u0441\u043b\u043e\u0432\u0438\u0435: \u041e. \u0423\u0440\u0433\u0430\u0440\u0442; \u0438\u043b\u043b\u044e\u0441\u0442\u0440\u0430\u0446\u0438\u0438: \u042d. \u041b\u0435\u043f\u043f. \u0422\u0430\u043b\u043b\u0438\u043d\u043d: \u0425\u0443\u0434\u043e\u0436\u0435\u0441\u0442\u0432\u0435\u043d\u043d\u0430\u044f \u043b\u0438\u0442\u0435\u0440\u0430\u0442\u0443\u0440\u0430, 1949, 149 pp. In compilations, anthologies, magazines EsperantoEstona soveta &#8230;<\/p>\n","protected":false},"author":43,"featured_media":0,"parent":711,"menu_order":0,"comment_status":"closed","ping_status":"closed","template":"","meta":{"_acf_changed":false,"inline_featured_image":false,"footnotes":""},"class_list":["post-722","page","type-page","status-publish","hentry"],"acf":[],"_links":{"self":[{"href":"https:\/\/sisu.ut.ee\/ewod\/wp-json\/wp\/v2\/pages\/722","targetHints":{"allow":["GET"]}}],"collection":[{"href":"https:\/\/sisu.ut.ee\/ewod\/wp-json\/wp\/v2\/pages"}],"about":[{"href":"https:\/\/sisu.ut.ee\/ewod\/wp-json\/wp\/v2\/types\/page"}],"author":[{"embeddable":true,"href":"https:\/\/sisu.ut.ee\/ewod\/wp-json\/wp\/v2\/users\/43"}],"replies":[{"embeddable":true,"href":"https:\/\/sisu.ut.ee\/ewod\/wp-json\/wp\/v2\/comments?post=722"}],"version-history":[{"count":1,"href":"https:\/\/sisu.ut.ee\/ewod\/wp-json\/wp\/v2\/pages\/722\/revisions"}],"predecessor-version":[{"id":4363,"href":"https:\/\/sisu.ut.ee\/ewod\/wp-json\/wp\/v2\/pages\/722\/revisions\/4363"}],"up":[{"embeddable":true,"href":"https:\/\/sisu.ut.ee\/ewod\/wp-json\/wp\/v2\/pages\/711"}],"wp:attachment":[{"href":"https:\/\/sisu.ut.ee\/ewod\/wp-json\/wp\/v2\/media?parent=722"}],"curies":[{"name":"wp","href":"https:\/\/api.w.org\/{rel}","templated":true}]}}