{"id":721,"date":"2024-04-03T23:40:13","date_gmt":"2024-04-03T20:40:13","guid":{"rendered":"https:\/\/sisu.ut.ee\/ewod\/stories-et-77\/"},"modified":"2024-04-04T00:09:17","modified_gmt":"2024-04-03T21:09:17","slug":"stories","status":"publish","type":"page","link":"https:\/\/sisu.ut.ee\/ewod\/p\/poder\/stories\/","title":{"rendered":"Rein P\u00f5der &#8211; short stories"},"content":{"rendered":"<p><strong><span style=\"font-family: verdana, geneva;font-size: medium\">Books<\/span><\/strong><\/p>\n<p><span style=\"font-family: verdana, geneva;font-size: small\"><em><strong>English<\/strong><\/em><br><strong>Golden Rod<\/strong>. Translated by Urmi Sansum. Tallinn: Perioodika, 1986, 56 pp. [\u2018Kuldvits\u2019, a children\u2019s story.]<\/span><\/p>\n<p><strong><em>German<\/em><\/strong><br><strong>Das Sonnenglas<\/strong>. Translated by Viktor Sepp. Tallinn: Perioodika, 1986, 56 pp. [\u2018Kuldvits\u2019, <span>a children\u2019s story<\/span>.]<\/p>\n<p><\/p>\n<p><span style=\"font-family: verdana, geneva;font-size: medium\"><strong>In anthologies and magazines<\/strong><\/span><\/p>\n<p><span style=\"font-family: verdana, geneva\"><strong><em>Latvian<\/em><\/strong><br><span>Reins Peders, <strong>Blaubarts<\/strong><\/span>.\u00a0\u2013 Livia Viitol (ed), Igau\u0146u zelta noveles. Foreword by Livia Viitol. Translated by Maima\u00a0Gr\u012bnberga,\u00a0Tam\u0101ra Vilsone, D\u017euljeta Plakidis, R\u016bta Karma, K\u0101rlis M\u0101lbergs, Anna Vel\u0113da \u017d\u012bgure.\u00a0Rig\u0101: Lauku Avize, 2009, 319 pp. [Translation of \u2018Blaubart\u2019. Contents of the anthology:\u00a0Eduards Vilde, Rudais mulks;\u00a0Ernsts Petersons-Sergava, Oheliku t\u0113vo\u010da ziemsv\u0113tku noredz\u0113jums;\u00a0Fr\u012bdeberts Tuglass, Popitis un Huh\u016b;\u00a0Augusts Gail\u012bts, Augusta Gail\u012b\u0161a n\u0101ve;\u00a0P\u0113ts Vallaks, Grozu pin\u0113ja S\u012bma laime;\u00a0Antons Hanzens Tamms\u0101re, Svar\u012bg\u0101 diena;\u00a0Karls Ristikivi, Kristus ar stikla ac\u012bm;\u00a0Karls Rumors, J\u0101nis Bulle;\u00a0Arvo Valtons, V\u012brs ar za\u013co mugursomu;\u00a0Mati Unts, Kranih!;\u00a0Mari S\u0101ta, Elza Hermane;\u00a0J\u0101ks Jeer\u012bts, Mr. Diksits;\u00a0Mihkels Muts, Pusdienas pie Vulfiem;\u00a0T\u014dmass Vints, Tik negaid\u012bt\u0101 un ne\u0113rt\u0101 n\u0101ve;\u00a0\u0112va Parka, Ce\u013cojums;\u00a0Asta Peldm\u0113, V\u012bnes meit\u0113ns;\u00a0Matss Tr\u0101ts, Res nostra;\u00a0T\u012bts Aleksejevs, Tartu miers;\u00a0Reins Peders, Blaubarts;\u00a0Maimu Berga, Aizmirstie cilv\u0113ki;\u00a0Mehiss Heins\u0101rs, Ce\u013cot\u0101jlaime.]<\/span><\/p>\n<p><span style=\"font-family: verdana, geneva\"><span style=\"font-family: verdana,geneva\"><strong><em>Russian<\/em><\/strong><br>\u0420\u0435\u0439\u043d \u041f\u044b\u0434\u0435\u0440, <strong>\u0426\u0432\u0435\u0442 \u043b\u0438\u043f\u043e\u0432\u044b\u0445 \u0430\u043b\u043b\u0435\u0439<\/strong> (\u041f\u0435\u0440\u0435\u0432\u043e\u0434 \u0422\u0430\u0442\u044c\u044f\u043d\u044b \u0422\u0435\u043f\u043f\u0435), <strong>\u0413\u0438\u043b\u044c\u0437\u0430<\/strong> (\u041f\u0435\u0440\u0435\u0432\u043e\u0434 \u041d\u0435\u043b\u043b\u0438 \u0410\u0431\u0430\u0448\u0438\u043d\u043e\u0439-\u041c\u0435\u043b\u044c\u0446). \u2013 \u041a\u0430\u0437\u0443\u0441 \u043f\u0440\u0438\u0441\u0442\u0430\u043b\u044c\u043d\u043e\u0433\u043e \u0432\u0437\u0433\u043b\u044f\u0434\u0430: \u044d\u0441\u0442\u043e\u043d\u0441\u043a\u0430\u044f \u043d\u043e\u0432\u0435\u043b\u043b\u0430 2000-2012. \u0421\u043e\u0441\u0442\u0430\u0432\u0438\u0442\u0435\u043b\u044c \u041d\u044d\u043b\u043b\u0438 \u0410\u0431\u0430\u0448\u0438\u043d\u0430-\u041c\u0435\u043b\u044c\u0446; \u0440\u0435\u0434\u0430\u043a\u0442\u043e\u0440 \u042d\u043c\u043c\u0430 \u0414\u0430\u0440\u0432\u0438\u0441; \u043e\u0444\u043e\u0440\u043c\u043b\u0435\u043d\u0438\u0435: \u0420\u0443\u0431\u0435\u043d \u0418\u0433\u0438\u0442\u0445\u0430\u043d\u044f\u043d. \u0422\u0430\u043b\u043b\u0438\u043d\u043d: Aleksandra; \u041c\u043e\u0441\u043a\u0432\u0430: \u041e\u043a\u0442\u043e\u043f\u0443\u0441, 2013, 352 pp. [Translations of \u2018P\u00e4rnavalgus\u2019 and \u2018Padrunikest\u2019. Contents of the anthology: <span style=\"font-family: verdana,geneva\">\u0410\u0440\u0432\u043e \u0412\u0430\u043b\u0442\u043e\u043d<\/span>, \u2018\u0422\u0440\u0430\u043c\u0432\u0430\u0439\u2019, \u2018\u0418\u0441\u043f\u044b\u0442\u0430\u043d\u0438\u0435 \u043d\u0430 \u0433\u0438\u0431\u043a\u043e\u0441\u0442\u044c\u2019; <span style=\"font-family: verdana,geneva\">\u0420\u0435\u0439\u043d \u0412\u0435\u0439\u0434\u0435\u043c\u0430\u043d\u043d<\/span>, \u2018\u0411\u0435\u0442\u0442\u0438\u2019, \u2018\u0421\u043e\u0447\u0438\u043d\u0438\u0442\u0435\u043b\u044c \u0440\u0435\u0447\u0435\u0439\u2019; <span style=\"font-family: verdana,geneva\">\u0422\u043e\u043c\u0430\u0441 \u0412\u0438\u043d\u0442<\/span>, \u2018\u0417\u0430 \u043e\u043a\u043d\u043e\u043c \u0442\u0435\u043c\u043d\u0435\u044e\u0449\u0438\u0439 \u043f\u0430\u0440\u043a\u2019; <span style=\"font-family: verdana,geneva\">\u0421\u0438\u0440\u044c\u0435 \u0412\u0438\u0445\u043c\u0430-\u041d\u043e\u0440\u043c\u0435\u0442<\/span>, \u2018\u041e\u0441\u043a\u043e\u043b\u043a\u0438 \u0421\u0442\u0430\u0440\u043e\u0433\u043e \u0433\u043e\u0440\u043e\u0434\u0430\u2019, \u2018\u041a\u043d\u0438\u0433\u0430 \u043e \u0421\u0438\u0431\u0435\u043b\u0438\u0443\u0441\u0435 \u0438 \u0434\u044c\u044f\u0432\u043e\u043b\u044b \u0438\u0437 \u041b\u044e\u0434\u0435\u043d\u0430\u2019; <span style=\"font-family: verdana,geneva\"><span style=\"font-family: verdana,geneva\">\u041c\u0430\u0430\u0440\u044c\u044f \u041a\u0430\u043d\u0433\u0440\u043e<\/span><\/span>, \u2018\u041c\u0430\u043a\u0430\u043a\u0438 \u0438 \u0441\u043e\u043b\u0438\u0434\u0430\u0440\u043d\u043e\u0441\u0442\u044c\u2019, \u2018\u0418\u043c\u043f\u043e\u0442\u0435\u043d\u0442 \u0438 \u0441\u043c\u0435\u0440\u0442\u044c\u2019, \u2018\u0421\u0442\u0438\u043f\u0435\u043d\u0434\u0438\u0430\u0442\u043a\u0430\u2019, \u2018\u041f\u043e\u0440\u043d\u043e\u0444\u0438\u043b\u044c\u043c\u2019;<span style=\"font-family: verdana,geneva\"> <span style=\"font-family: verdana,geneva\"><span style=\"font-family: verdana,geneva\">\u041c\u0430\u0440\u0442 \u041a\u0438\u0432\u0430\u0441\u0442\u0438\u043a<\/span><\/span>, \u2018<\/span>\u0410\u0432\u0442\u043e\u043f\u043e\u0440\u0442\u0440\u0435\u0442 \u0441 \u0436\u0435\u043d\u043e\u0439 \u0438 \u043b\u043e\u0448\u0430\u0434\u044c\u044e\u2019; <span style=\"font-family: verdana,geneva\"><span style=\"font-family: verdana,geneva\">\u0410\u043d\u0434\u0440\u0443\u0441 \u041a\u0438\u0432\u0438\u0440\u044f\u0445\u043a<\/span><\/span>, \u2018<span style=\"font-family: verdana,geneva\"><\/span>\u041f\u0435\u0442\u0443\u0448\u043e\u043a \u0438\u0437 \u0431\u0443\u043a\u0432\u0430\u0440\u044f\u2019, \u2018\u041a\u0430\u0437\u0443\u0441 \u043f\u0440\u0438\u0441\u0442\u0430\u043b\u044c\u043d\u043e\u0432\u043e \u0432\u0437\u0433\u043b\u044f\u0434\u0430\u2019, \u2018\u042f \u2013 \u0411\u043e\u0433\u2019, \u2018\u0423 \u0432\u043e\u0440\u043e\u0442 \u0430\u0434\u0430\u2019; <span style=\"font-family: verdana,geneva\"><span style=\"font-family: verdana,geneva\">\u042f\u0430\u043d \u041a\u0440\u0443\u0443\u0441\u0432\u0430\u043b\u043b<\/span><\/span>, \u2018\u0417\u0438\u043c\u0430. \u0414\u0443\u0448\u0435 \u0437\u044f\u0431\u043a\u043e\u2019; \u0412\u0438\u0439\u0432\u0438 \u041b\u0443\u0438\u043a, \u2018\u0421\u0432\u043e\u0439 \u0434\u043e\u043c\u2019; \u0420\u0435\u0439\u043d \u041f\u044b\u0434\u0435\u0440, \u2018\u0426\u0432\u0435\u0442 \u043b\u0438\u043f\u043e\u0432\u044b\u0445 \u0430\u043b\u043b\u0435\u0439\u2019, \u2018\u0413\u0438\u043b\u044c\u0437\u0430\u2019; \u0410\u0441\u0442\u0430 \u041f\u044b\u043b\u0434\u043c\u044f\u044d, \u2018\u041c\u0438\u043d\u0438\u0430\u0442\u044e\u0440\u044b\u2019, \u041f\u0438\u0441\u044c\u043c\u0430 \u043b\u0430\u0441\u0442\u043e\u0447\u043a\u0430\u043c; \u0410\u0439\u0432\u0435 \u0420\u0430\u0443\u0434\u043a\u0438\u0432\u0438, \u2018\u041f\u043e\u0434\u0432\u0435\u0448\u0435\u043d\u043d\u0430\u044f \u043a \u043e\u0431\u043b\u0430\u043a\u0430\u043c \u043f\u0442\u0438\u0446\u0430; \u0422\u0430\u0440\u043c\u043e \u0422\u0435\u0434\u0435\u0440, \u2018\u041f\u0430\u0440\u0442\u0438\u0439\u043d\u0430\u044f \u043f\u043e\u043b\u044c\u043a\u0430 c \u043f\u043e\u043d\u0442\u0430\u043c\u0438\u2019; \u041c\u0430\u0442\u0441 \u0422\u0440\u0430\u0430\u0442, \u2018\u0412\u0435\u0447\u0435\u0440\u0430 \u0432 \u0425\u0435\u043b\u043b\u0435\u043d\u0443\u0440\u043c\u0435\u2019; \u042e\u043b\u043e \u0422\u0443\u0443\u043b\u0438\u043a, \u2018\u0425\u043e\u043b\u043e\u0434\u043d\u043e\u0435 \u043a\u0440\u0430\u0441\u043d\u043e\u0435 \u043c\u043e\u0440\u0435\u2019; \u0410\u0440\u0432\u043e \u0423\u0443\u0441\u0442\u0430\u043b\u0443, \u2018\u0421\u043c\u0435\u0440\u0442\u044c \u0441\u043e\u0431\u0430\u043a\u0438\u2019; \u041c\u0435\u0445\u0438\u0441 \u0425\u0435\u0439\u043d\u0441\u0430\u0430\u0440, \u2018\u0411\u043b\u0443\u0436\u0434\u0430\u044e\u0449\u0435\u0435 \u0441\u0447\u0430\u0441\u0442\u044c\u0435\u2019, \u2018\u042d\u0441\u0442\u043e\u043d\u0441\u043a\u0430\u044f \u043f\u0440\u0438\u0440\u043e\u0434\u0430\u2019, \u2018\u0427\u0435\u043b\u043e\u0432\u0435\u043a-\u0431\u0430\u0431\u043e\u0447\u043a\u0430\u2019, \u2018\u0412\u043e\u0437\u0432\u0440\u0430\u0449\u0435\u043d\u0438\u0435\u2019; \u0422\u044b\u043d\u0443 \u042b\u043d\u043d\u0435\u043f\u0430\u043b\u0443, \u2018\u0422\u0430\u043b\u043b\u0438\u043d\u043d\u0441\u043a\u0430\u044f \u043e\u0434\u0430\u2019, \u2018\u0417\u0438\u043c\u044b \u0438 \u042d\u0434\u0435\u043c\u0435\u2019; \u042d\u0440\u0432\u0438\u043d \u042b\u0443\u043d\u0430\u043f\u0443\u0443, \u2018\u0421\u0430\u043c\u044b\u0439 \u043b\u0443\u0447\u0448\u0438\u0439 \u0440\u0435\u0431\u0435\u043d\u043e\u043a\u2019, \u2018\u041b\u0438\u043b\u043b\u0438\u2019.]<br>\u0420\u0435\u0439\u043d \u041f\u044b\u0434\u0435\u0440, <strong>\u0428\u0443\u043a\u0448\u0438\u043d\u0441\u043a\u0438\u0439 \u043f\u0430\u0440\u043e\u043c; \u0421\u0442\u0440\u0443\u043d\u044b \u0440\u043e\u044f\u043b\u044f<\/strong>. \u041f\u0435\u0440\u0435\u0432\u043e\u0434 \u0422\u0430\u0442\u044c\u044f\u043d\u044b \u0422\u0435\u043f\u043f\u0435 \u0438 \u041d\u044d\u043b\u043b\u0438 \u0410\u0431\u0430\u0448\u0438\u043d\u043e\u0439. \u2013 \u041c\u044b: \u0440\u0430\u0441\u0441\u043a\u0430\u0437\u044b \u043c\u043e\u043b\u043e\u0434\u044b\u0445 \u044d\u0441\u0442\u043e\u043d\u0441\u043a\u0438\u0445 \u043f\u0438\u0441\u0430\u0442\u0435\u043b\u0435\u0439. C\u043e\u0441\u0442\u0430\u0432\u0438\u0442\u0435\u043b\u0438 \u0422. \u0422\u0435\u043f\u043f\u0435, \u0422\u044d\u044d\u0442 \u041a\u0430\u043b\u043b\u0430\u0441; \u043f\u0435\u0440\u0435\u0432\u043e\u0434 \u0441 \u044d\u0441\u0442\u043e\u043d\u0441\u043a\u043e\u0433\u043e \u044f\u0437\u044b\u043a\u0430: \u041d. \u0410\u0431\u0430\u0448\u0438\u043d\u0430\u2026 \u0438 \u0434\u0440. \u0422\u0430\u043b\u043b\u0438\u043d: \u042d\u044d\u0441\u0442\u0438 \u0440\u0430\u0430\u043c\u0430\u0442, 1987, 352 pp. [\u2019\u0160uk\u0161ini parv\u2019, \u2019Klaverikeeled\u2019. See <strong><a href=\"https:\/\/sisu.ut.ee\/ewod\/anthologies\/my\">contents<\/a><\/strong> of the anthology.]<br><\/span><\/span><\/p>\n","protected":false},"excerpt":{"rendered":"<p>Books EnglishGolden Rod. Translated by Urmi Sansum. Tallinn: Perioodika, 1986, 56 pp. [\u2018Kuldvits\u2019, a children\u2019s story.] GermanDas Sonnenglas. Translated by Viktor Sepp. Tallinn: Perioodika, 1986, 56 pp. [\u2018Kuldvits\u2019, a children\u2019s story.] In anthologies and magazines LatvianReins Peders, Blaubarts.\u00a0\u2013 Livia Viitol &#8230;<\/p>\n","protected":false},"author":43,"featured_media":0,"parent":710,"menu_order":0,"comment_status":"closed","ping_status":"closed","template":"","meta":{"_acf_changed":false,"inline_featured_image":false,"footnotes":""},"class_list":["post-721","page","type-page","status-publish","hentry"],"acf":[],"_links":{"self":[{"href":"https:\/\/sisu.ut.ee\/ewod\/wp-json\/wp\/v2\/pages\/721","targetHints":{"allow":["GET"]}}],"collection":[{"href":"https:\/\/sisu.ut.ee\/ewod\/wp-json\/wp\/v2\/pages"}],"about":[{"href":"https:\/\/sisu.ut.ee\/ewod\/wp-json\/wp\/v2\/types\/page"}],"author":[{"embeddable":true,"href":"https:\/\/sisu.ut.ee\/ewod\/wp-json\/wp\/v2\/users\/43"}],"replies":[{"embeddable":true,"href":"https:\/\/sisu.ut.ee\/ewod\/wp-json\/wp\/v2\/comments?post=721"}],"version-history":[{"count":1,"href":"https:\/\/sisu.ut.ee\/ewod\/wp-json\/wp\/v2\/pages\/721\/revisions"}],"predecessor-version":[{"id":4362,"href":"https:\/\/sisu.ut.ee\/ewod\/wp-json\/wp\/v2\/pages\/721\/revisions\/4362"}],"up":[{"embeddable":true,"href":"https:\/\/sisu.ut.ee\/ewod\/wp-json\/wp\/v2\/pages\/710"}],"wp:attachment":[{"href":"https:\/\/sisu.ut.ee\/ewod\/wp-json\/wp\/v2\/media?parent=721"}],"curies":[{"name":"wp","href":"https:\/\/api.w.org\/{rel}","templated":true}]}}