{"id":72,"date":"2024-04-03T23:39:19","date_gmt":"2024-04-03T20:39:19","guid":{"rendered":"https:\/\/sisu.ut.ee\/ewod\/about-et-7\/"},"modified":"2024-04-04T00:11:06","modified_gmt":"2024-04-03T21:11:06","slug":"about","status":"publish","type":"page","link":"https:\/\/sisu.ut.ee\/ewod\/n\/nurme\/about\/","title":{"rendered":"Minni Nurme &#8211; about"},"content":{"rendered":"<p><span style=\"font-family: verdana, geneva\"><strong><span style=\"font-size: medium\">Articles<\/span><\/strong><\/span><\/p>\n<p><span style=\"font-family: verdana, geneva\"><strong><span style=\"font-size: medium\"><em><span style=\"font-size: small\">Hungarian<\/span><\/em><br><\/span><\/strong><span style=\"font-size: medium\"><span style=\"font-size: small\">\u00c1rp\u00e1s K\u00e1roly,\u00a0<strong><a href=\"http:\/\/www.sulinet.hu\/oroksegtar\/data\/tudomany_es_ismeretterjesztes\/messze_van_esztorszag\/\" target=\"_blank\" rel=\"noopener\">Messze van \u00c9sztorsz\u00e1g\u2026: (v\u00e1logatott finnugrisztikai dolgozatok)<\/a><\/strong>. Savariae [i.e. Szombathely]: Berzsenyi D\u00e1niel Tan\u00e1rk\u00e9pz\u00f6 F\u00f6iskola, 2003, 275 pp. [A monograph about Estonian history and literature. Includes special chapters about \u2018Kalevipoeg\u2019, Lydia Koidula (in German), A. H. Tammsaare, Jaan Kross, Minni Nurme, Viivi Luik and Paul-Eerik Rummo.]<br><\/span><\/span><strong><span style=\"font-size: medium\"><br><\/span><\/strong><\/span><\/p>\n<p><span style=\"font-family: verdana, geneva\"><strong><span style=\"font-size: medium\">Reviews<\/span><\/strong><\/span><\/p>\n<p><span style=\"font-family: verdana, geneva\"><em><strong>English<\/strong><\/em><\/span><br><span style=\"font-family: verdana, geneva\">Juta K\u00f5vamees Kitching,\u00a0<strong><cite>Puud varjulised: Luulet aastaist, 1954-1986<\/cite><\/strong><span style=\"font-family: verdana, geneva\"><strong>\u00a0by Minni Nurme<\/strong>. \u2013 World Literature Today, v<span style=\"font-family: verdana, geneva\">ol 63, no 1, 1989, p 143.<\/span><\/span><br>Juta K\u00f5vamees Kitching,\u00a0<strong><cite>Pilvede pisarad t\u00e4rkamisse<\/cite><\/strong><strong>\u00a0by Minni Nurme<\/strong>. \u2013 World Literature Today, vol 53, no 3, 1979, pp 530-531.<\/span><\/p>\n","protected":false},"excerpt":{"rendered":"<p>Articles Hungarian\u00c1rp\u00e1s K\u00e1roly,\u00a0Messze van \u00c9sztorsz\u00e1g\u2026: (v\u00e1logatott finnugrisztikai dolgozatok). Savariae [i.e. Szombathely]: Berzsenyi D\u00e1niel Tan\u00e1rk\u00e9pz\u00f6 F\u00f6iskola, 2003, 275 pp. [A monograph about Estonian history and literature. Includes special chapters about \u2018Kalevipoeg\u2019, Lydia Koidula (in German), A. H. Tammsaare, Jaan Kross, Minni &#8230;<\/p>\n","protected":false},"author":43,"featured_media":0,"parent":398,"menu_order":0,"comment_status":"closed","ping_status":"closed","template":"","meta":{"_acf_changed":false,"inline_featured_image":false,"footnotes":""},"class_list":["post-72","page","type-page","status-publish","hentry"],"acf":[],"_links":{"self":[{"href":"https:\/\/sisu.ut.ee\/ewod\/wp-json\/wp\/v2\/pages\/72","targetHints":{"allow":["GET"]}}],"collection":[{"href":"https:\/\/sisu.ut.ee\/ewod\/wp-json\/wp\/v2\/pages"}],"about":[{"href":"https:\/\/sisu.ut.ee\/ewod\/wp-json\/wp\/v2\/types\/page"}],"author":[{"embeddable":true,"href":"https:\/\/sisu.ut.ee\/ewod\/wp-json\/wp\/v2\/users\/43"}],"replies":[{"embeddable":true,"href":"https:\/\/sisu.ut.ee\/ewod\/wp-json\/wp\/v2\/comments?post=72"}],"version-history":[{"count":1,"href":"https:\/\/sisu.ut.ee\/ewod\/wp-json\/wp\/v2\/pages\/72\/revisions"}],"predecessor-version":[{"id":5007,"href":"https:\/\/sisu.ut.ee\/ewod\/wp-json\/wp\/v2\/pages\/72\/revisions\/5007"}],"up":[{"embeddable":true,"href":"https:\/\/sisu.ut.ee\/ewod\/wp-json\/wp\/v2\/pages\/398"}],"wp:attachment":[{"href":"https:\/\/sisu.ut.ee\/ewod\/wp-json\/wp\/v2\/media?parent=72"}],"curies":[{"name":"wp","href":"https:\/\/api.w.org\/{rel}","templated":true}]}}