{"id":717,"date":"2024-04-03T23:40:13","date_gmt":"2024-04-03T20:40:13","guid":{"rendered":"https:\/\/sisu.ut.ee\/ewod\/czech\/"},"modified":"2024-04-04T00:09:16","modified_gmt":"2024-04-03T21:09:16","slug":"czech","status":"publish","type":"page","link":"https:\/\/sisu.ut.ee\/ewod\/folklore\/czech\/","title":{"rendered":"Estonian folklore in Czech"},"content":{"rendered":"<p>\n\t<strong><span style=\"font-family:Verdana,Geneva,sans-serif\"><span style=\"font-size:16px\">In anthologies and magazines<\/span><\/span><\/strong>\n<\/p>\n<p>\n\t<span style=\"font-family: verdana, geneva;font-size: small\"><strong>Pod baltsk\u00fdm nebem. V\u00fdb\u011br z litevsk\u00e9, loty\u0161sk\u00e9 \u0430 estonsk\u00e9 literatury<\/strong>. Sest. Franti\u0161ek Soukup. Brno: Svaz \u010deskoslovensko-sov\u011btsk\u00e9ho p\u0159\u00e1telstvi, 1958, 73 pp. [Anthology of stories and poems. Contents: Fr. R. Kreutzwald; M. J. Eisen; Juhan Liiv \u2019V\u0161edn\u00ed pov\u00eddka\u2019, \u2019Pta\u010di hn\u00edzdo\u2019; E. Krusten \u2019Zapomenut\u00e9 jm\u00e9no\u2019, A. Jakobson \u2019Ve jm\u00e9nu budoucnosti\u2019. Poems by D. Vaarandi.]<\/span><\/p>\n","protected":false},"excerpt":{"rendered":"<p>In anthologies and magazines Pod baltsk\u00fdm nebem. V\u00fdb\u011br z litevsk\u00e9, loty\u0161sk\u00e9 \u0430 estonsk\u00e9 literatury. Sest. Franti\u0161ek Soukup. Brno: Svaz \u010deskoslovensko-sov\u011btsk\u00e9ho p\u0159\u00e1telstvi, 1958, 73 pp. [Anthology of stories and poems. Contents: Fr. R. Kreutzwald; M. J. Eisen; Juhan Liiv \u2019V\u0161edn\u00ed pov\u00eddka\u2019, &#8230;<\/p>\n","protected":false},"author":43,"featured_media":0,"parent":1174,"menu_order":0,"comment_status":"closed","ping_status":"closed","template":"","meta":{"_acf_changed":false,"inline_featured_image":false,"footnotes":""},"class_list":["post-717","page","type-page","status-publish","hentry"],"acf":[],"_links":{"self":[{"href":"https:\/\/sisu.ut.ee\/ewod\/wp-json\/wp\/v2\/pages\/717","targetHints":{"allow":["GET"]}}],"collection":[{"href":"https:\/\/sisu.ut.ee\/ewod\/wp-json\/wp\/v2\/pages"}],"about":[{"href":"https:\/\/sisu.ut.ee\/ewod\/wp-json\/wp\/v2\/types\/page"}],"author":[{"embeddable":true,"href":"https:\/\/sisu.ut.ee\/ewod\/wp-json\/wp\/v2\/users\/43"}],"replies":[{"embeddable":true,"href":"https:\/\/sisu.ut.ee\/ewod\/wp-json\/wp\/v2\/comments?post=717"}],"version-history":[{"count":1,"href":"https:\/\/sisu.ut.ee\/ewod\/wp-json\/wp\/v2\/pages\/717\/revisions"}],"predecessor-version":[{"id":4358,"href":"https:\/\/sisu.ut.ee\/ewod\/wp-json\/wp\/v2\/pages\/717\/revisions\/4358"}],"up":[{"embeddable":true,"href":"https:\/\/sisu.ut.ee\/ewod\/wp-json\/wp\/v2\/pages\/1174"}],"wp:attachment":[{"href":"https:\/\/sisu.ut.ee\/ewod\/wp-json\/wp\/v2\/media?parent=717"}],"curies":[{"name":"wp","href":"https:\/\/api.w.org\/{rel}","templated":true}]}}