{"id":714,"date":"2024-04-03T23:40:13","date_gmt":"2024-04-03T20:40:13","guid":{"rendered":"https:\/\/sisu.ut.ee\/ewod\/veerasaar\/"},"modified":"2024-04-04T00:09:16","modified_gmt":"2024-04-03T21:09:16","slug":"veerasaar","status":"publish","type":"page","link":"https:\/\/sisu.ut.ee\/ewod\/s\/veerasaar\/","title":{"rendered":"Veera Saar"},"content":{"rendered":"<p>\n\t<a href=\"https:\/\/sisu.ut.ee\/ewod\/s\/veerasaar\/stories\"><span style=\"font-size: medium\"><strong><span style=\"font-family: verdana, geneva\">Short stories <\/span><\/strong><\/span><\/a><strong><a href=\"https:\/\/sisu.ut.ee\/wp-content\/uploads\/sites\/108\/veera_saar.jpg\" target=\"_self\" rel=\"noopener\"><img decoding=\"async\" alt=\"Veera Saar\" src=\"https:\/\/sisu.ut.ee\/wp-content\/uploads\/sites\/108\/veera_saar.jpg\" style=\"float: right;width: 200px;height: 274px\"><\/a><\/strong>\n<\/p>\n<p><span style=\"font-size:13px\"><span style=\"font-family:Verdana,Geneva,sans-serif\">Veera Saar (born Veera-Alise D\u00f6ring, 28. III 1912 \u2013 20. VII 2004) was a prose-writer and teacher.<\/span><\/span>\n<\/p>\n<p>\n\t<span style=\"font-size:13px\"><span style=\"font-family:Verdana,Geneva,sans-serif\">She was born near Yamburg in Russia, whither her parents had emigrated from Kadrina parish near Tapa. The family returned to Estonia when the future writer was seven. In 1931 she graduated from J\u00f5hvi Gymnasium, and in 1937 from the faculty of philosophy at the University of Tartu. In 1940 she defended her master\u2019s thesis on the subject of folklore, <em>Luust s\u00f5rmus<\/em> (\u2018The Bone Ring\u2019). Academically she was a member of Lembela student sorority from 1935. From 1937 to 1958 she worked as a teacher of Estonian language and literature, in Tartu, Kehtna and J\u00e4neda. From 1958 she lived at Aruk\u00fcla (near Tallinn), where she wrote most of her books. <em>L\u00f5okesed taeva all<\/em> (\u2018Larks Under the Sky\u2019), written while working as a teacher, brought the author second prize in a novel competition, the highest one to be awarded that year. This was a turning point in Veera Saar\u2019s life. It was 1958 when the 46-year-old woman, threw in her lot with literature and gave up her teaching post where she was loved and appreciated.<\/span><\/span>\n<\/p>\n<p>\n\t<span style=\"font-size:13px\"><span style=\"font-family:Verdana,Geneva,sans-serif\">Veera Saar\u2019s realistic novels and short prose constitute a pithy and, especially with hindsight, in many respects characteristic chapter in the literature of Estonia in the second half of the twentieth century. Her works are a summary of complex times \u2013 emigrations and returns, deportations and wars, tenacious toil for the sake of one\u2019s children\u2019s future, regardless of the state system.<\/span><\/span>\n<\/p>\n<p>\n\t<span style=\"font-size:13px\"><span style=\"font-family:Verdana,Geneva,sans-serif\">On the basis of Saar\u2019s novel <em>Ukuaru<\/em> (1969), a film of the same name was made (1973, directed by Leida Laius), one of the classics of Estonian cinema. The strong female characters in both the novel and the film have been presented as Estonian archetypes.<\/span><\/span>\n<\/p>\n<p>\n\t<em><span style=\"font-size:13px\"><span style=\"font-family:Verdana,Geneva,sans-serif\">L. P. (Translated by C. M.)<\/span><\/span><\/em>\n<\/p>\n<p><strong><span style=\"font-size:16px\"><span style=\"font-family:Verdana,Geneva,sans-serif\">Books in Estonian<\/span><\/span><\/strong>\n<\/p>\n<p>\n\t<span style=\"font-size:13px\"><span style=\"font-family:Verdana,Geneva,sans-serif\"><strong><em>Novels<\/em><\/strong><br><strong>L\u00f5okesed taeva all<\/strong>. Tallinn: Eesti Riiklik Kirjastus, 1960, 222 lk.<br><strong>\u00dcle allikate<\/strong>. Tallinn: Eesti Riiklik Kirjastus, 1963, 267 lk.<br><strong>Ukuaru<\/strong>. Tallinn: Eesti Raamat, 1969, 342 lk.<br><strong>Aprillip\u00e4ev<\/strong>. Tallinn: Eesti Raamat, 1981, 189 lk.<br><strong>Kraakuvi m\u00e4gi<\/strong>. Tallinn: Eesti Raamat, 1987, 271 lk.<br><strong>Maa hind<\/strong>. Tallinn: Eesti Raamat, 1990, 270 lk.<br><strong>Kodutee<\/strong>. Tallinn: Eesti Raamat, 1996, 206 lk.<br><strong>K\u00e4ritsa leib<\/strong>. Tallinn: Eesti Raamat, 1999, 180 lk.<\/span><\/span>\n<\/p>\n<p>\n\t<span style=\"font-size:13px\"><span style=\"font-family:Verdana,Geneva,sans-serif\"><strong><em>Stories<\/em><\/strong><br><strong>S\u00f5it mustikametsa<\/strong>. Jutustus. Tallinn: Eesti Riiklik Kirjastus, 1952, 40 lk.<br><strong>P\u00f5latud maa<\/strong>. Jutustusi. Tallinn: Eesti Raamat, 1965, 156 lk.<br><strong>Elas kord mees<\/strong>. Tallinn: Eesti Raamat, 1975, 176 lk.<br><strong>Isa niinepuu<\/strong>. Jutustusi, novelle, laaste. Tallinn: Eesti Raamat, 1977, 128 lk.<br><strong>Ira<\/strong>. Tallinn: Perioodika, 1983, 70 lk.<\/span><\/span><\/p>\n<p><strong><em>Memoirs<\/em><\/strong><br><strong>Neid ammuseid aegu<\/strong>. Kirja pandud 1998.\u20131999. aastal. Tallinn: Eesti Raamat, 2000, 196 lk.<\/p>\n","protected":false},"excerpt":{"rendered":"<p>Short stories Veera Saar (born Veera-Alise D\u00f6ring, 28. III 1912 \u2013 20. VII 2004) was a prose-writer and teacher. She was born near Yamburg in Russia, whither her parents had emigrated from Kadrina parish near Tapa. The family returned to &#8230;<\/p>\n","protected":false},"author":43,"featured_media":0,"parent":697,"menu_order":0,"comment_status":"closed","ping_status":"closed","template":"","meta":{"_acf_changed":false,"inline_featured_image":false,"footnotes":""},"class_list":["post-714","page","type-page","status-publish","hentry"],"acf":[],"_links":{"self":[{"href":"https:\/\/sisu.ut.ee\/ewod\/wp-json\/wp\/v2\/pages\/714","targetHints":{"allow":["GET"]}}],"collection":[{"href":"https:\/\/sisu.ut.ee\/ewod\/wp-json\/wp\/v2\/pages"}],"about":[{"href":"https:\/\/sisu.ut.ee\/ewod\/wp-json\/wp\/v2\/types\/page"}],"author":[{"embeddable":true,"href":"https:\/\/sisu.ut.ee\/ewod\/wp-json\/wp\/v2\/users\/43"}],"replies":[{"embeddable":true,"href":"https:\/\/sisu.ut.ee\/ewod\/wp-json\/wp\/v2\/comments?post=714"}],"version-history":[{"count":1,"href":"https:\/\/sisu.ut.ee\/ewod\/wp-json\/wp\/v2\/pages\/714\/revisions"}],"predecessor-version":[{"id":4355,"href":"https:\/\/sisu.ut.ee\/ewod\/wp-json\/wp\/v2\/pages\/714\/revisions\/4355"}],"up":[{"embeddable":true,"href":"https:\/\/sisu.ut.ee\/ewod\/wp-json\/wp\/v2\/pages\/697"}],"wp:attachment":[{"href":"https:\/\/sisu.ut.ee\/ewod\/wp-json\/wp\/v2\/media?parent=714"}],"curies":[{"name":"wp","href":"https:\/\/api.w.org\/{rel}","templated":true}]}}