{"id":713,"date":"2024-04-03T23:40:13","date_gmt":"2024-04-03T20:40:13","guid":{"rendered":"https:\/\/sisu.ut.ee\/ewod\/novels-et-35\/"},"modified":"2024-04-04T00:09:16","modified_gmt":"2024-04-03T21:09:16","slug":"novels","status":"publish","type":"page","link":"https:\/\/sisu.ut.ee\/ewod\/k\/kivikas\/novels\/","title":{"rendered":"Albert Kivikas &#8211; novels"},"content":{"rendered":"<p>\n\t<strong><span style=\"font-family: verdana, geneva;font-size: medium\">Books<\/span><\/strong>\n<\/p>\n<p>\n\t<strong><em><span style=\"font-family: verdana, geneva\">Finnish<\/span><\/em><\/strong><br><span style=\"font-family: verdana, geneva\"><strong>Nimet marmoritaulussa<\/strong>. Translated by Kerttu Mustonen. Werner S\u00f6derstr\u00f6m Osakeyhti\u00f6, 1944, 344 pp.<\/span><span style=\"font-family: verdana, geneva;line-height: 20.8px\">\u00a0<\/span><span style=\"font-family: verdana, geneva;line-height: 20.8px\">[\u2018Nimed marmortahvlil\u2019. 2nd ed: 2002.]<\/span><span style=\"font-family: verdana, geneva;line-height: 1.6em\">\u00a0<\/span>\n<\/p>\n<p>\n\t<br><span style=\"font-family: verdana, geneva;line-height: 1.6em\"><strong><span style=\"font-size:16px\">In anthologies and magazines<\/span><\/strong><\/span>\n<\/p>\n<p>\n\t<span style=\"font-family:Verdana,Geneva,sans-serif\"><strong><em>English<\/em><\/strong><br><strong>Flying Pigs; The Names on the Memorial<\/strong> (extract). \u2013 An Introduction to Estonian Literature. Translated and edited by Hilary Bird. Bloomington, Ind.: Slavica, 2018, xv+486 pp. [\u2018Lendavad sead\u2019, a short story; \u2018Nimed marmortahvlil\u2019, a novel. See <strong><a data-url=\"https:\/\/sisu.ut.ee\/ewod\/anthologies\/english\/bird\" href=\"https:\/\/sisu.ut.ee\/ewod\/anthologies\/english\/bird\" title=\"\">contents<\/a><\/strong> of the anthology.]<\/span><\/p>\n","protected":false},"excerpt":{"rendered":"<p>Books FinnishNimet marmoritaulussa. Translated by Kerttu Mustonen. Werner S\u00f6derstr\u00f6m Osakeyhti\u00f6, 1944, 344 pp.\u00a0[\u2018Nimed marmortahvlil\u2019. 2nd ed: 2002.]\u00a0 In anthologies and magazines EnglishFlying Pigs; The Names on the Memorial (extract). \u2013 An Introduction to Estonian Literature. Translated and edited by Hilary &#8230;<\/p>\n","protected":false},"author":43,"featured_media":0,"parent":1127,"menu_order":0,"comment_status":"closed","ping_status":"closed","template":"","meta":{"_acf_changed":false,"inline_featured_image":false,"footnotes":""},"class_list":["post-713","page","type-page","status-publish","hentry"],"acf":[],"_links":{"self":[{"href":"https:\/\/sisu.ut.ee\/ewod\/wp-json\/wp\/v2\/pages\/713","targetHints":{"allow":["GET"]}}],"collection":[{"href":"https:\/\/sisu.ut.ee\/ewod\/wp-json\/wp\/v2\/pages"}],"about":[{"href":"https:\/\/sisu.ut.ee\/ewod\/wp-json\/wp\/v2\/types\/page"}],"author":[{"embeddable":true,"href":"https:\/\/sisu.ut.ee\/ewod\/wp-json\/wp\/v2\/users\/43"}],"replies":[{"embeddable":true,"href":"https:\/\/sisu.ut.ee\/ewod\/wp-json\/wp\/v2\/comments?post=713"}],"version-history":[{"count":1,"href":"https:\/\/sisu.ut.ee\/ewod\/wp-json\/wp\/v2\/pages\/713\/revisions"}],"predecessor-version":[{"id":4354,"href":"https:\/\/sisu.ut.ee\/ewod\/wp-json\/wp\/v2\/pages\/713\/revisions\/4354"}],"up":[{"embeddable":true,"href":"https:\/\/sisu.ut.ee\/ewod\/wp-json\/wp\/v2\/pages\/1127"}],"wp:attachment":[{"href":"https:\/\/sisu.ut.ee\/ewod\/wp-json\/wp\/v2\/media?parent=713"}],"curies":[{"name":"wp","href":"https:\/\/api.w.org\/{rel}","templated":true}]}}