{"id":711,"date":"2024-04-03T23:40:12","date_gmt":"2024-04-03T20:40:12","guid":{"rendered":"https:\/\/sisu.ut.ee\/ewod\/karner\/"},"modified":"2024-04-04T00:09:19","modified_gmt":"2024-04-03T21:09:19","slug":"karner","status":"publish","type":"page","link":"https:\/\/sisu.ut.ee\/ewod\/k\/karner\/","title":{"rendered":"Jaan K\u00e4rner"},"content":{"rendered":"<p>\n\t<strong><span style=\"font-size:16px\"><span style=\"font-family:Verdana,Geneva,sans-serif\"><a href=\"https:\/\/sisu.ut.ee\/ewod\/k\/karner\/poems\">Poems <\/a><\/span><\/span><\/strong><span style=\"font-size:16px\"><span style=\"font-family:Verdana,Geneva,sans-serif\"><a href=\"https:\/\/sisu.ut.ee\/wp-content\/uploads\/sites\/108\/jaan_karner_parikas.jpg\" target=\"_self\" rel=\"noopener\"><img decoding=\"async\" alt=\"Jaan K\u00e4rner\" src=\"https:\/\/sisu.ut.ee\/wp-content\/uploads\/sites\/108\/jaan_karner_parikas.jpg\" style=\"float: right;width: 200px;height: 290px\" title=\"Photo: J. &amp; P. Parikas\"><\/a><\/span><\/span>\n<\/p>\n<p>\n\t<strong><span style=\"font-size:16px\"><span style=\"font-family:Verdana,Geneva,sans-serif\"><a href=\"https:\/\/sisu.ut.ee\/ewod\/k\/karner\/novels\">Novels<\/a><\/span><\/span><\/strong>\n<\/p>\n<p>\n\t<strong><span style=\"font-size:16px\"><span style=\"font-family:Verdana,Geneva,sans-serif\"><a data-url=\"https:\/\/sisu.ut.ee\/ewod\/k\/karner\/about\" href=\"https:\/\/sisu.ut.ee\/ewod\/k\/karner\/about\" title=\"\">About Jaan K\u00e4rner<\/a><\/span><\/span><\/strong>\n<\/p>\n<p>\u00a0\n<\/p>\n<p>\n\t<span style=\"color:#000000\"><span style=\"font-size:13px\"><span style=\"font-family:Verdana,Geneva,sans-serif\">Jaan K\u00e4rner (27. V 1891 \u2013 3. IV 1958) was one of the most prolific authors in the history of Estonian literature, publishing poetry, prose, criticism and literary studies.<\/span><\/span><\/span>\n<\/p>\n<p>\n\t<span style=\"color:#000000\"><span style=\"font-size:13px\"><span style=\"font-family:Verdana,Geneva,sans-serif\">K\u00e4rner was born in R\u00f5ngu parish in Tartu county, the son of the owner of Kinksepa farm in the village of K\u00e4o. From 1901 to 1906 he attended Uderna primary school, and in 1911-1912 and 1914 he studied at the faculty of history at Shanyavsky university in Moscow. From 1910 to 1917 he worked in the editorial offices of several newspapers. After the February Revolution K\u00e4rner entered politics on the left wing (as a member of the Estonian Independent Socialist Workers\u2019 Party) and edited left-wing newspapers. In 1921 he settled in Elva as a professional writer; from 1936 to 1941 he lived in Tartu. From 1927 to 1929 he was the editor of the journal <em>Looming<\/em>. In 1940 K\u00e4rner supported Estonia\u2019s incorporation into the Soviet Union. From 1940 to 1941 he worked at the Ilukirjandus ja Kunst publishing house. After the outbreak of the Second World War K\u00e4rner moved away from the German occupation, behind the Soviet front line. From 1944 to 1946 he worked again in publishing and as the editor of <em>Looming<\/em>. In 1946 K\u00e4rner succumbed to mental illness, and spent the last 12 years of his life in Tartu, unable to work and cared for by his family.<\/span><\/span><\/span>\n<\/p>\n<p>\n\t<span style=\"color:#000000\"><span style=\"font-size:13px\"><span style=\"font-family:Verdana,Geneva,sans-serif\">It is his poetry that has stood the test of time best out of Jaan K\u00e4rner\u2019s work. The best of his lyrics have taken their place among the classics of Estonian poetry. They are profound, sensitive to nature and written with a respect for the permanent values of life and the expressiveness of the Estonian language. K\u00e4rner had a good command of the poetic forms originating in the Romantic period. His collections of poetry from the Second World War are passionately propagandistic and superficial. Altogether Jaan K\u00e4rner published 12 collections of poetry, 10 novels, four plays, three books of criticism and three studies of theatre history as well as numerous articles in periodicals. His most outstanding books of poetry are the collections <em>L\u00f5ikuskuu<\/em> (\u2018Harvest Month\u2019, 1925) and <em>R\u00e4ndur vilistab<\/em> (\u2018The Wanderer Whistles\u2019, 1928) as well as the verse novel <em>Bianka ja Ruth<\/em> (\u2018Bianka and Ruth\u2019, 1923). Of K\u00e4rner\u2019s novels, those of most enduring value are <em>Soodoma kroonika<\/em> (\u2018Chronicle of Sodom\u2019, 1934) about life in a small town, and the proto-feminist <em>Naine vaesest maailmast<\/em> (\u2018Woman From a Poor World\u2019, 1930).<\/span><\/span><\/span>\n<\/p>\n<p>\n\t<span style=\"color:#000000\"><span style=\"font-size:13px\"><span style=\"font-family:Verdana,Geneva,sans-serif\">Jaan K\u00e4rner was a prolific translator of the classics of German and Russian literature (Schiller, Goethe, Heine, Fontane, Griboyedov, Pushkin, Krylov, Chukovsky, Chekhov, Tolstoy and others).<\/span><\/span><\/span>\n<\/p>\n<p>\n\t<span style=\"color:#000000\"><em><span style=\"font-size:13px\"><span style=\"font-family:Verdana,Geneva,sans-serif\">L. P. (Translated by C. M.)<\/span><\/span><\/em><\/span>\n<\/p>\n<p>\n\t\u00a0\n<\/p>\n<p>\n\t<span style=\"color:#000000\"><span style=\"font-size:16px\"><strong><span style=\"font-family:Verdana,Geneva,sans-serif\">Books in Estonian<\/span><\/strong><\/span><\/span>\n<\/p>\n<p>\n\t<span style=\"color:#000000\"><span style=\"font-size:13px\"><span style=\"font-family:Verdana,Geneva,sans-serif\"><strong><em>Poetry<\/em><\/strong><br><strong>T\u00e4htede warjud<\/strong>: Luuletused 1909\u201312 nende tekkimise j\u00e4rjekorras. Tartu: K. S\u00f6\u00f6t, 1913, 70 lk.<br><strong>Maises ringis<\/strong>: luuletused 1913\u201318. Tartu: Noor-Eesti, 1919, 61 lk.<br><strong>Aja laulud<\/strong>. 1919\u201320. Tallinn: Varrak, 1921, 78 lk.<br><strong>Bianka ja Ruth<\/strong>. Tartu: Noor-Eesti, 1923, 157 lk. [Novel in verse.]<br><strong>L\u00f5ikuskuu<\/strong>: luuletused 1921\u201325. Tartu: Loodus, 1925, 71 lk.<br><strong>\u00d5itsev s\u00fcgis<\/strong>: luuletused 1925\u201326. Tartu: S\u00f5navara, 1926, 96 lk.<br><strong>R\u00e4ndur vilistab<\/strong>: luuletisi 1926\u201328. Tartu: S\u00f5navara, 1928, 96 lk.<br><strong>Tormil\u00fc\u00fcra<\/strong>: seitsmes kogu v\u00e4rsse (1928\u201329). Tartu: Eesti Kirjanikkude Liit, 1929, 80 lk.<br><strong>Inimene ristteel<\/strong>: kaheksas kogu v\u00e4rsse (1930\u20131932). Tartu: Eesti Kirjanikkude Liit, 1932, 79 lk.<br><strong>S\u00f5na-s\u00fctega<\/strong>: luuletusi 1932\u20131934. Tartu: Noor-Eesti, 1936, 93 lk.<br><strong>K\u00e4idud teedelt<\/strong>: k\u00fcmnes kogu v\u00e4rsse. Tartu: Noor-Eesti, 1939, 62 lk.<br><strong>V\u00f5itluslaule<\/strong>: valimik autori seniilmunud luuletoodangust 1920\u20131940. Tartu: Ilukirjandus ja Kunst, 1940, 61 lk.<br><strong>Kodumaa k\u00e4sk<\/strong>: antifa\u0161istlikke luuletusi 1941\u20131942. Moskva: V\u00f5\u00f5rkeelse Kirjanduse kirjastus, 1943, 38 lk.<br><strong>Viha, ainult viha<\/strong>: poeeme ja luuletusi 1943. Leningrad: Ilukirjandus ja Kunst, 1944, 75 lk.<br><strong>Suur oktoober<\/strong>: valimik luuletusi. Tallinn: Ilukirjandus ja Kunst, 1947, 30 lk.<br><strong>Luulevalimik<\/strong>. Tallinn: Eesti Riiklik Kirjastus, 1951, 168 lk.<\/span><\/span><\/span>\n<\/p>\n<p>\n\t<span style=\"color:#000000\"><span style=\"font-size:13px\"><span style=\"font-family:Verdana,Geneva,sans-serif\"><strong><em>Novels<\/em><\/strong><br><strong>Inimene ilma eluloota<\/strong>. Tartu: Noor-Eesti, 1923, 160 lk.<br><strong>Naine vaesest maailmast<\/strong>: Lilli Niitmaa jutustus. Tartu: Noor-Eesti, 1930, 244 lk.<br><strong>Unustatud Emaj\u00f5gi<\/strong>. Tartu: Noor-Eesti, 1930, 222 lk.<br><strong>Moodne orjus<\/strong>: t\u00f5sielu-romaan. Tartu: Noor-Eesti, 1931, 230 lk.<br><strong>Soodoma kroonika<\/strong>. Tartu: Noor-Eesti, 1934, 282 lk.<br><strong>T\u00f5usev rahvas. I<\/strong>. Tartu: Noor-Eesti, 1936, 405 lk.<br><strong>Tuuled p\u00f6\u00f6rduvad l\u00e4\u00e4nde<\/strong>. Tartu: Noor-Eesti, 1937, 257 lk.<br><strong>T\u00f5usev rahvas. II<\/strong>. Tartu: Noor-Eesti, 1937, 370 lk.<br><strong>Pidu kestab<\/strong>. Tartu: Eesti Kirjastus Kooperatiiv, 1938, 346 lk.<br><strong>\u00d6\u00f6siti kumavad linnad<\/strong>. Tartu: Noor-Eesti, 1939, 302 lk.<\/span><\/span><\/span>\n<\/p>\n<p>\n\t<span style=\"color:#000000\"><span style=\"font-size:13px\"><span style=\"font-family:Verdana,Geneva,sans-serif\"><strong><em>Short prose<\/em><\/strong><br><strong>K\u00f5igest tugevam<\/strong>: novell. Tallinn: Varrak, 1920, 70 lk.<\/span><\/span><\/span>\n<\/p>\n<p>\n\t<span style=\"color:#000000\"><span style=\"font-size:13px\"><span style=\"font-family:Verdana,Geneva,sans-serif\"><strong><em>Plays<\/em><\/strong><br><strong>Ainus idealist<\/strong>: kurbl\u00f5bus kom\u00f6\u00f6dia kolmes waatuses. Tallinn: T. Mutsu, 1922, 84 lk.<br><strong>Kangelane<\/strong>: kom\u00f6\u00f6dia kolmes vaatuses. Tartu: Odamees\/Carl Sarap, 1924, 150 lk.<br><strong>Merih\u00e4rg &amp; Ko ajab Venemaaga \u00e4ri<\/strong>: kom\u00f6\u00f6dia kolmes vaatuses. Tartu: Noor-Eesti, 1932, 83 lk.<br><strong>Usutaganeja<\/strong>: draama neljas vaatuses. Tartu: Noor-Eesti, 1934, 71 lk.<\/span><\/span><\/span>\n<\/p>\n<p>\n\t<span style=\"color:#000000\"><span style=\"font-size:13px\"><span style=\"font-family:Verdana,Geneva,sans-serif\"><strong><em>Memoirs<\/em><\/strong><br><strong>Kadunud aegade h\u00e4marusest<\/strong>: m\u00e4lestuskilde lapse-, karjase- ja koolip\u00f5lvest. Tartu: Eesti Kirjastuse Kooperatiiv, 1935, 162 lk.<\/span><\/span><\/span>\n<\/p>\n<p>\n\t<span style=\"color:#000000\"><span style=\"font-size:13px\"><span style=\"font-family:Verdana,Geneva,sans-serif\"><strong><em>Literary studies<\/em><\/strong><br><strong>Eesti teatri ajalugu<\/strong>. Tallinn: T. Mutsu, 1922, 32 lk.<br><strong>Eesti teatri tekkimine ja esialgne arenemine<\/strong>. Tallinn: T. Mutsu, 1922, 136 lk.<br><strong>Eesti n\u00e4itelava 19. aastasajal<\/strong>. Tallinn: T. Mutsu, 1923, 48 lk.<br><strong>Lehed tuulde: \u00e4\u00e4rem\u00e4rkusi ja arvustusi 1911\u201322<\/strong>. Tartu: S\u00f5navara, 1924, 128 lk.<br><strong>Eesti uuemad luuletajad<\/strong>: kriitiline \u00fclevaade eesti luulest 1914\u20131924. Tartu: S\u00f5navara, 1925, 128 lk.<br><strong>\u201eEstonia\u201c kuusk\u00fcmmend aastat<\/strong>: kroonika 1865\u20131925. Tallinn: T. E. S. Estonia, 1925, 178 lk.<br><strong>Lehed tuulde: esseid ja artikleid 1925\u20131937<\/strong>. Tartu: Noor-Eesti, 1937, 458 lk.<br><strong>Lehed tuulde: ajaloolisi ja kultuuriloolisi uurimusi, kirjanduskriitikat, publitsistikat<\/strong>. Tallinn: Eesti Riiklik Kirjastus, 1958, 444 lk.<\/span><\/span><\/span>\n<\/p>\n<p>\n\t<span style=\"color:#000000\"><span style=\"font-size:13px\"><span style=\"font-family:Verdana,Geneva,sans-serif\"><strong><em>Historical studies<\/em><\/strong><br><strong>Talurahwa wabastamine Eestimaal<\/strong>: Wabastuse sajaaastaseks m\u00e4lestusp\u00e4ewaks. Tallinn: Teadus, 1916, 94 lk.<br><strong>\u00c4rkamisaegne Eesti \u00fchiskond<\/strong>: m\u00f5ningaid jooni. Tartu: S\u00f5navara, 1924, 70 lk.<\/span><\/span><\/span><\/p>\n","protected":false},"excerpt":{"rendered":"<p>Poems Novels About Jaan K\u00e4rner \u00a0 Jaan K\u00e4rner (27. V 1891 \u2013 3. IV 1958) was one of the most prolific authors in the history of Estonian literature, publishing poetry, prose, criticism and literary studies. K\u00e4rner was born in R\u00f5ngu &#8230;<\/p>\n","protected":false},"author":43,"featured_media":0,"parent":498,"menu_order":0,"comment_status":"closed","ping_status":"closed","template":"","meta":{"_acf_changed":false,"inline_featured_image":false,"footnotes":""},"class_list":["post-711","page","type-page","status-publish","hentry"],"acf":[],"_links":{"self":[{"href":"https:\/\/sisu.ut.ee\/ewod\/wp-json\/wp\/v2\/pages\/711","targetHints":{"allow":["GET"]}}],"collection":[{"href":"https:\/\/sisu.ut.ee\/ewod\/wp-json\/wp\/v2\/pages"}],"about":[{"href":"https:\/\/sisu.ut.ee\/ewod\/wp-json\/wp\/v2\/types\/page"}],"author":[{"embeddable":true,"href":"https:\/\/sisu.ut.ee\/ewod\/wp-json\/wp\/v2\/users\/43"}],"replies":[{"embeddable":true,"href":"https:\/\/sisu.ut.ee\/ewod\/wp-json\/wp\/v2\/comments?post=711"}],"version-history":[{"count":1,"href":"https:\/\/sisu.ut.ee\/ewod\/wp-json\/wp\/v2\/pages\/711\/revisions"}],"predecessor-version":[{"id":4376,"href":"https:\/\/sisu.ut.ee\/ewod\/wp-json\/wp\/v2\/pages\/711\/revisions\/4376"}],"up":[{"embeddable":true,"href":"https:\/\/sisu.ut.ee\/ewod\/wp-json\/wp\/v2\/pages\/498"}],"wp:attachment":[{"href":"https:\/\/sisu.ut.ee\/ewod\/wp-json\/wp\/v2\/media?parent=711"}],"curies":[{"name":"wp","href":"https:\/\/api.w.org\/{rel}","templated":true}]}}