{"id":702,"date":"2024-04-03T23:40:12","date_gmt":"2024-04-03T20:40:12","guid":{"rendered":"https:\/\/sisu.ut.ee\/ewod\/nonfiction-et-39\/"},"modified":"2024-04-04T00:09:18","modified_gmt":"2024-04-03T21:09:18","slug":"nonfiction","status":"publish","type":"page","link":"https:\/\/sisu.ut.ee\/ewod\/v\/valton\/nonfiction\/","title":{"rendered":"Arvo Valton &#8211; non-fiction"},"content":{"rendered":"<p>\n\t<span style=\"font-size: medium\"><strong><span style=\"font-family: verdana, geneva\">In collections, anthologies, magazines<\/span><\/strong><\/span>\n<\/p>\n<p>\n\t<strong><em><span style=\"font-family: verdana, geneva\">German<\/span><\/em><\/strong><br><span style=\"font-family: verdana, geneva\"><strong>Die schw\u00e4cheren Br\u00fcder st\u00e4rken<\/strong>. \u2013 Mein Deutchland: Deutchland im Kulturdialog Europas. Herausgegeben von Anton\u00edn Liehm. Bonn: Inter Nationes, 1994, 194 pp.<br><strong>Was tun die estnischen Schriftsteller?<\/strong>. \u00dcbersetzung: Cornelius Hasselblatt. \u2013 Estonia, no 3, 1988, pp 100-106. [\u2018Mida teevad praegu eesti kirjanikud?\u2019.]<\/span><\/p>\n","protected":false},"excerpt":{"rendered":"<p>In collections, anthologies, magazines GermanDie schw\u00e4cheren Br\u00fcder st\u00e4rken. \u2013 Mein Deutchland: Deutchland im Kulturdialog Europas. Herausgegeben von Anton\u00edn Liehm. Bonn: Inter Nationes, 1994, 194 pp.Was tun die estnischen Schriftsteller?. \u00dcbersetzung: Cornelius Hasselblatt. \u2013 Estonia, no 3, 1988, pp 100-106. [\u2018Mida &#8230;<\/p>\n","protected":false},"author":43,"featured_media":0,"parent":2026,"menu_order":0,"comment_status":"closed","ping_status":"closed","template":"","meta":{"_acf_changed":false,"inline_featured_image":false,"footnotes":""},"class_list":["post-702","page","type-page","status-publish","hentry"],"acf":[],"_links":{"self":[{"href":"https:\/\/sisu.ut.ee\/ewod\/wp-json\/wp\/v2\/pages\/702","targetHints":{"allow":["GET"]}}],"collection":[{"href":"https:\/\/sisu.ut.ee\/ewod\/wp-json\/wp\/v2\/pages"}],"about":[{"href":"https:\/\/sisu.ut.ee\/ewod\/wp-json\/wp\/v2\/types\/page"}],"author":[{"embeddable":true,"href":"https:\/\/sisu.ut.ee\/ewod\/wp-json\/wp\/v2\/users\/43"}],"replies":[{"embeddable":true,"href":"https:\/\/sisu.ut.ee\/ewod\/wp-json\/wp\/v2\/comments?post=702"}],"version-history":[{"count":1,"href":"https:\/\/sisu.ut.ee\/ewod\/wp-json\/wp\/v2\/pages\/702\/revisions"}],"predecessor-version":[{"id":4367,"href":"https:\/\/sisu.ut.ee\/ewod\/wp-json\/wp\/v2\/pages\/702\/revisions\/4367"}],"up":[{"embeddable":true,"href":"https:\/\/sisu.ut.ee\/ewod\/wp-json\/wp\/v2\/pages\/2026"}],"wp:attachment":[{"href":"https:\/\/sisu.ut.ee\/ewod\/wp-json\/wp\/v2\/media?parent=702"}],"curies":[{"name":"wp","href":"https:\/\/api.w.org\/{rel}","templated":true}]}}