{"id":689,"date":"2024-04-03T23:40:10","date_gmt":"2024-04-03T20:40:10","guid":{"rendered":"https:\/\/sisu.ut.ee\/ewod\/poems-et-103\/"},"modified":"2024-04-04T00:09:23","modified_gmt":"2024-04-03T21:09:23","slug":"poems","status":"publish","type":"page","link":"https:\/\/sisu.ut.ee\/ewod\/o\/oldekop\/poems\/","title":{"rendered":"Gustav Adolph Oldekop &#8211; poems"},"content":{"rendered":"<p>\n\t<strong><span style=\"font-family: verdana, geneva;font-size: medium\">In compilations, anthologies, magazines<\/span><\/strong>\n<\/p>\n<p>\n\t<em><strong><span style=\"font-family: verdana, geneva;font-size: small\">German<\/span><\/strong><\/em><br><span style=\"font-family: verdana, geneva;font-size: small\"><strong>Winterlied; Das Sp\u00e4tzlein<\/strong>. \u00dcbersetzung: Wilhelm Nerling. \u2013 Estnische Gedichte. Dorpat: Laakmann, 1925, pp 4-6. [\u2018Talvelaul\u2019, \u2018Varblane\u2019. Poems in the anthology by A. Alver, J. Bergmann, M. J. Eisen, E. Enno, F. R. Faehlmann, A. Grenzstein, V. Ridala, A. Haava, K. A. Hermann, J. Hurt, P. Jakobson, J. V. Jannsen, R. Kamsen, L. Koidula, Fr. R. Kreutzwald, F. Kuhlbars, J. Kunder, M. K\u00f6rber, Jakob Liiv, Juhan Liiv, M. Lipp, G. E. Luiga, P. von Manteuffel, G. A. Oldekop, K. J. Peterson, M. Pukits, H. P\u00f6\u00f6gelmann, H. Raudsepp, C. M. Redlich, A. Reinvald, H. Rikand, J. Ph. v Roth, J. Speek, G. Suits, K. E. S\u00f6\u00f6t, J. Tamm, B. H. von Tiesenhausen, F. Tuglas, M. Veske, B. Weber, J. Weizenberg, E. L. W\u00f6hrmann.]<\/span>\n<\/p>\n<p>\n\t\u00a0<\/p>\n","protected":false},"excerpt":{"rendered":"<p>In compilations, anthologies, magazines GermanWinterlied; Das Sp\u00e4tzlein. \u00dcbersetzung: Wilhelm Nerling. \u2013 Estnische Gedichte. Dorpat: Laakmann, 1925, pp 4-6. [\u2018Talvelaul\u2019, \u2018Varblane\u2019. Poems in the anthology by A. Alver, J. Bergmann, M. J. Eisen, E. Enno, F. R. Faehlmann, A. Grenzstein, V. &#8230;<\/p>\n","protected":false},"author":43,"featured_media":0,"parent":678,"menu_order":0,"comment_status":"closed","ping_status":"closed","template":"","meta":{"_acf_changed":false,"inline_featured_image":false,"footnotes":""},"class_list":["post-689","page","type-page","status-publish","hentry"],"acf":[],"_links":{"self":[{"href":"https:\/\/sisu.ut.ee\/ewod\/wp-json\/wp\/v2\/pages\/689","targetHints":{"allow":["GET"]}}],"collection":[{"href":"https:\/\/sisu.ut.ee\/ewod\/wp-json\/wp\/v2\/pages"}],"about":[{"href":"https:\/\/sisu.ut.ee\/ewod\/wp-json\/wp\/v2\/types\/page"}],"author":[{"embeddable":true,"href":"https:\/\/sisu.ut.ee\/ewod\/wp-json\/wp\/v2\/users\/43"}],"replies":[{"embeddable":true,"href":"https:\/\/sisu.ut.ee\/ewod\/wp-json\/wp\/v2\/comments?post=689"}],"version-history":[{"count":1,"href":"https:\/\/sisu.ut.ee\/ewod\/wp-json\/wp\/v2\/pages\/689\/revisions"}],"predecessor-version":[{"id":4400,"href":"https:\/\/sisu.ut.ee\/ewod\/wp-json\/wp\/v2\/pages\/689\/revisions\/4400"}],"up":[{"embeddable":true,"href":"https:\/\/sisu.ut.ee\/ewod\/wp-json\/wp\/v2\/pages\/678"}],"wp:attachment":[{"href":"https:\/\/sisu.ut.ee\/ewod\/wp-json\/wp\/v2\/media?parent=689"}],"curies":[{"name":"wp","href":"https:\/\/api.w.org\/{rel}","templated":true}]}}