{"id":686,"date":"2024-04-03T23:40:10","date_gmt":"2024-04-03T20:40:10","guid":{"rendered":"https:\/\/sisu.ut.ee\/ewod\/r\/"},"modified":"2024-10-10T16:55:27","modified_gmt":"2024-10-10T13:55:27","slug":"r","status":"publish","type":"page","link":"https:\/\/sisu.ut.ee\/ewod\/r\/","title":{"rendered":"R"},"content":{"rendered":"<p><span style=\"font-size: 13px;\"><span style=\"font-family: Verdana,Geneva,sans-serif;\"><strong><a href=\"https:\/\/sisu.ut.ee\/ewod\/r\/raatma\">Salme Raatma<\/a><\/strong><br>\n<strong><a href=\"https:\/\/sisu.ut.ee\/ewod\/r\/rahman\">Jan Rahman<\/a><\/strong><br>\n<strong><a href=\"https:\/\/sisu.ut.ee\/ewod\/r\/raid\">Juku-Kalle Raid<\/a><\/strong><br>\n<a href=\"https:\/\/sisu.ut.ee\/ewod\/r\/raigna\">Raivo Raigna<\/a><br>\n<strong><a href=\"https:\/\/sisu.ut.ee\/ewod\/r\/harald-rajamets\/\">Harald Rajamets<\/a><br>\n<a href=\"https:\/\/sisu.ut.ee\/ewod\/r\/henno-rajandi\/\">Henno Rajandi<\/a><br>\n<a href=\"https:\/\/sisu.ut.ee\/ewod\/r\/rakke\">Kerttu Rakke<\/a><\/strong><br>\n<strong><a href=\"https:\/\/sisu.ut.ee\/ewod\/r\/adolframmo\">Adolf Rammo<\/a><\/strong><br>\n<strong><a href=\"https:\/\/sisu.ut.ee\/ewod\/r\/rammo\">Helju Rammo<\/a><\/strong><br>\n<a href=\"https:\/\/sisu.ut.ee\/ewod\/r\/rand\">Hilli Rand<\/a><br>\nTanel Rander \u2013 <em>see<\/em> <\/span><\/span><strong><a title=\"\" href=\"https:\/\/sisu.ut.ee\/ewod\/c\/c\" data-url=\"https:\/\/sisu.ut.ee\/ewod\/c\/c\">c:<\/a><\/strong><br>\n<span style=\"font-size: 13px;\"><span style=\"font-family: Verdana,Geneva,sans-serif;\">J. Randvere \u2013 <em>see<\/em>\u00a0<strong><a href=\"https:\/\/sisu.ut.ee\/ewod\/a\/aavik\">Johannes Aavik<\/a><\/strong><br>\n<strong><a title=\"\" href=\"https:\/\/sisu.ut.ee\/ewod\/r\/rangoy\" data-url=\"https:\/\/sisu.ut.ee\/ewod\/r\/rangoy\">\u00d8yvind Rang\u00f8y<\/a><\/strong><br>\n<strong><a href=\"https:\/\/sisu.ut.ee\/ewod\/r\/rannaleet\">Ain Rannaleet<\/a><\/strong><br>\n<strong><a href=\"https:\/\/sisu.ut.ee\/ewod\/r\/rannamaa\">Silvia Rannamaa<\/a><\/strong><br>\n<strong><a href=\"https:\/\/sisu.ut.ee\/ewod\/r\/rannap\">Jaan Rannap<\/a><\/strong><br>\n<strong><a title=\"\" href=\"https:\/\/sisu.ut.ee\/ewod\/r\/rannet\" data-url=\"https:\/\/sisu.ut.ee\/ewod\/r\/rannet\">Egon Rannet<\/a><\/strong><br>\n<strong><a title=\"\" href=\"https:\/\/sisu.ut.ee\/ewod\/r\/vaikerannet\" data-url=\"https:\/\/sisu.ut.ee\/ewod\/r\/vaikerannet\">Vaike Rannet<\/a><br>\n<a href=\"https:\/\/sisu.ut.ee\/ewod\/r\/rannit\">Aleksis Rannit<\/a><\/strong><br>\n<strong><a href=\"https:\/\/sisu.ut.ee\/ewod\/r\/anu-raud\/\">Anu Raud<\/a><br>\n<a href=\"https:\/\/sisu.ut.ee\/ewod\/r\/enoraud\">Eno Raud<\/a><\/strong><br>\n<strong><a href=\"https:\/\/sisu.ut.ee\/ewod\/r\/martraud\">Mart Raud<\/a><br>\n<a href=\"https:\/\/sisu.ut.ee\/ewod\/r\/mart-raud-migagu\/\">M\u00e4rt Raud<\/a><\/strong><br>\n<strong><a href=\"https:\/\/sisu.ut.ee\/ewod\/r\/mihkelraud\">Mihkel Raud<\/a><\/strong><br>\n<strong><a href=\"https:\/\/sisu.ut.ee\/ewod\/r\/piretraud\">Piret Raud<\/a><\/strong><br>\n<strong><a href=\"https:\/\/sisu.ut.ee\/ewod\/r\/reinraud\">Rein Raud<\/a><\/strong><br>\n<strong><a href=\"https:\/\/sisu.ut.ee\/ewod\/r\/raudam\">Toomas Raudam<\/a><\/strong><br>\n<strong><a href=\"https:\/\/sisu.ut.ee\/ewod\/r\/raudkivi\">Aive Raudkivi<\/a><\/strong><br>\n<strong><a href=\"https:\/\/sisu.ut.ee\/ewod\/r\/hugoraudsepp\">Hugo Raudsepp<\/a><\/strong><br>\n<strong><a title=\"\" href=\"https:\/\/sisu.ut.ee\/ewod\/r\/raun\" data-url=\"https:\/\/sisu.ut.ee\/ewod\/r\/raun\">Mait Raun<\/a><\/strong><br>\n<strong><a title=\"\" href=\"https:\/\/sisu.ut.ee\/ewod\/r\/ottraun\" data-url=\"https:\/\/sisu.ut.ee\/ewod\/r\/ottraun\">Ott Raun<\/a><\/strong><br>\n<strong><a href=\"https:\/\/sisu.ut.ee\/ewod\/r\/heljurebane\">Helju Rebane<\/a><\/strong><br>\n<strong><a href=\"https:\/\/sisu.ut.ee\/ewod\/r\/marierebane\">Marie Rebane<\/a><\/strong><br>\n<strong><a href=\"https:\/\/sisu.ut.ee\/ewod\/r\/redlich\">Carl Martin Redlich<\/a><\/strong><br>\n<a href=\"https:\/\/sisu.ut.ee\/ewod\/r\/reichardt\">Heli Reichardt<\/a><br>\n<strong><a href=\"https:\/\/sisu.ut.ee\/ewod\/r\/reiman\">Rudolf Reiman<\/a><\/strong><br>\n<strong><a title=\"\" href=\"https:\/\/sisu.ut.ee\/ewod\/r\/reinaus\" data-url=\"https:\/\/sisu.ut.ee\/ewod\/r\/reinaus\">Reeli Reinaus<\/a><\/strong><br>\n<strong><a href=\"https:\/\/sisu.ut.ee\/ewod\/r\/reinla\">Astrid Reinla<\/a><\/strong><br>\n<strong><a href=\"https:\/\/sisu.ut.ee\/ewod\/r\/reinvald\">Ado Reinvald<\/a><\/strong><br>\n<strong><a href=\"http:\/\/sisu.ut.ee\/ewod\/r\/hendrikrelve\">Hendrik Relve<\/a><br>\n<a href=\"https:\/\/sisu.ut.ee\/ewod\/r\/remsu\">Olev Remsu<\/a><\/strong><br>\n<strong><a href=\"https:\/\/sisu.ut.ee\/ewod\/r\/ridala\">Villem Ridala<\/a><\/strong><br>\n<strong><a href=\"https:\/\/sisu.ut.ee\/ewod\/r\/riismaa\">Kaur Riismaa<\/a><\/strong><br>\n<strong><a title=\"\" href=\"https:\/\/sisu.ut.ee\/ewod\/r\/riives\" data-url=\"https:\/\/sisu.ut.ee\/ewod\/r\/riives\">Merike Riives<\/a><\/strong><br>\n<strong><a href=\"https:\/\/sisu.ut.ee\/ewod\/r\/rikand\">Hindrek Rikand<\/a><\/strong><br>\n<strong><a href=\"https:\/\/sisu.ut.ee\/ewod\/r\/rimmel\">Rudolf Rimmel<\/a><\/strong><br>\n<strong><a href=\"https:\/\/sisu.ut.ee\/ewod\/r\/ringvee\">Ringo Ringvee<\/a><\/strong><br>\n<strong><a href=\"https:\/\/sisu.ut.ee\/ewod\/r\/ristikivi\">Karl Ristikivi<\/a><\/strong><br>\n<strong><a href=\"https:\/\/sisu.ut.ee\/ewod\/r\/rohelend\">Birk Rohelend<\/a><\/strong><br>\n<strong><a href=\"https:\/\/sisu.ut.ee\/ewod\/r\/roht\">Richard Roht<\/a><\/strong><br>\n<a title=\"\" href=\"https:\/\/sisu.ut.ee\/ewod\/r\/roolaht\" data-url=\"https:\/\/sisu.ut.ee\/ewod\/r\/roolaht\">Andrus Roolaht<\/a><br>\n<strong><a href=\"https:\/\/sisu.ut.ee\/ewod\/r\/roos\">Aarand Roos<\/a><\/strong><br>\n<a href=\"https:\/\/sisu.ut.ee\/ewod\/r\/mariliisroos\">Mari-Liis Roos<\/a><br>\n<a href=\"https:\/\/sisu.ut.ee\/ewod\/r\/arthur-roose\/\"><strong>Arthur Roose<\/strong><\/a><br>\n<a href=\"https:\/\/sisu.ut.ee\/ewod\/r\/roosnaallik\">Ants Roosnaallik<\/a><br>\n<strong><a href=\"https:\/\/sisu.ut.ee\/ewod\/r\/rooste\">J\u00fcrgen Rooste<\/a><\/strong><br>\n<strong><a title=\"\" href=\"https:\/\/sisu.ut.ee\/ewod\/r\/rosenplanter\" data-url=\"https:\/\/sisu.ut.ee\/ewod\/r\/rosenplanter\">Johann Heinrich Rosenpl\u00e4nter<\/a><\/strong><br>\n<a href=\"https:\/\/sisu.ut.ee\/ewod\/r\/ross\">Jaan Ross<\/a><br>\n<a href=\"https:\/\/sisu.ut.ee\/ewod\/r\/rozenblit\">Maria Rozenblit\u00a0(\u041c\u0430\u0440\u0438\u044f \u0420\u043e\u0437\u0435\u043d\u0431\u043b\u0438\u0442)<\/a><br>\n<a href=\"https:\/\/sisu.ut.ee\/ewod\/r\/roth\">Johann Philipp von Roth<\/a><br>\n<strong><a href=\"https:\/\/sisu.ut.ee\/ewod\/r\/ruben\">Aarne Ruben<\/a><\/strong><br>\n<strong><a href=\"https:\/\/sisu.ut.ee\/ewod\/r\/ruitlane\">Olavi Ruitlane<\/a><\/strong><br>\n<strong><a href=\"https:\/\/sisu.ut.ee\/ewod\/r\/paulrummo\">Paul Rummo<\/a><\/strong><br>\n<strong><a href=\"https:\/\/sisu.ut.ee\/ewod\/r\/pauleerikrummo\">Paul-Eerik Rummo<\/a><\/strong><br>\n<strong><a href=\"https:\/\/sisu.ut.ee\/ewod\/r\/rumor\">Karl Rumor<\/a><\/strong><br>\n<strong><a href=\"https:\/\/sisu.ut.ee\/ewod\/r\/runnel\">Hando Runnel<\/a><\/strong><br>\n<strong><a href=\"https:\/\/sisu.ut.ee\/ewod\/r\/russow\">Friedrich Nikolai Russow<\/a><\/strong><br>\n<a href=\"https:\/\/sisu.ut.ee\/ewod\/r\/rucheva\">Gulja Rut\u0161eva (\u0413\u0443\u043b\u044f \u0420\u0443\u0447\u044c\u0435\u0432\u0430)<\/a><br>\n<strong><a href=\"https:\/\/sisu.ut.ee\/ewod\/r\/ruud\">Linda Ruud<\/a><\/strong><\/span><\/span><br>\n<strong><a title=\"\" href=\"https:\/\/sisu.ut.ee\/ewod\/r\/vooteleruusmaa\" data-url=\"https:\/\/sisu.ut.ee\/ewod\/r\/vooteleruusmaa\">Vootele Ruusmaa<\/a><\/strong><br>\n<span style=\"font-size: 13px;\"><span style=\"font-family: Verdana,Geneva,sans-serif;\"><strong><a href=\"https:\/\/sisu.ut.ee\/ewod\/r\/rahesoo\">Jaak R\u00e4hesoo<\/a><\/strong><br>\n<strong><a href=\"https:\/\/sisu.ut.ee\/ewod\/r\/ranik\">Valeria R\u00e4nik<\/a><\/strong><br>\n<a href=\"https:\/\/sisu.ut.ee\/ewod\/r\/lauri-rapp\/\"><strong>Lauri R\u00e4pp<\/strong><\/a><br>\nAnnus R\u00e4v\u00e4l\u00e4 \u2013 <em>see<\/em> <strong><a href=\"https:\/\/sisu.ut.ee\/ewod\/t\/tarand\">Helmut Tarand<\/a><\/strong><\/span><\/span><\/p>\n","protected":false},"excerpt":{"rendered":"<p>Salme Raatma Jan Rahman Juku-Kalle Raid Raivo Raigna Harald Rajamets Henno Rajandi Kerttu Rakke Adolf Rammo Helju Rammo Hilli Rand Tanel Rander \u2013 see c: J. Randvere \u2013 see\u00a0Johannes Aavik \u00d8yvind Rang\u00f8y Ain Rannaleet Silvia Rannamaa Jaan Rannap Egon Rannet &#8230;<\/p>\n","protected":false},"author":43,"featured_media":0,"parent":0,"menu_order":0,"comment_status":"closed","ping_status":"closed","template":"","meta":{"_acf_changed":false,"inline_featured_image":false,"footnotes":""},"class_list":["post-686","page","type-page","status-publish","hentry"],"acf":[],"_links":{"self":[{"href":"https:\/\/sisu.ut.ee\/ewod\/wp-json\/wp\/v2\/pages\/686","targetHints":{"allow":["GET"]}}],"collection":[{"href":"https:\/\/sisu.ut.ee\/ewod\/wp-json\/wp\/v2\/pages"}],"about":[{"href":"https:\/\/sisu.ut.ee\/ewod\/wp-json\/wp\/v2\/types\/page"}],"author":[{"embeddable":true,"href":"https:\/\/sisu.ut.ee\/ewod\/wp-json\/wp\/v2\/users\/43"}],"replies":[{"embeddable":true,"href":"https:\/\/sisu.ut.ee\/ewod\/wp-json\/wp\/v2\/comments?post=686"}],"version-history":[{"count":11,"href":"https:\/\/sisu.ut.ee\/ewod\/wp-json\/wp\/v2\/pages\/686\/revisions"}],"predecessor-version":[{"id":5655,"href":"https:\/\/sisu.ut.ee\/ewod\/wp-json\/wp\/v2\/pages\/686\/revisions\/5655"}],"wp:attachment":[{"href":"https:\/\/sisu.ut.ee\/ewod\/wp-json\/wp\/v2\/media?parent=686"}],"curies":[{"name":"wp","href":"https:\/\/api.w.org\/{rel}","templated":true}]}}