{"id":683,"date":"2024-04-03T23:40:10","date_gmt":"2024-04-03T20:40:10","guid":{"rendered":"https:\/\/sisu.ut.ee\/ewod\/estonia-3-1987\/"},"modified":"2024-04-04T00:09:22","modified_gmt":"2024-04-03T21:09:22","slug":"estonia-3-1987","status":"publish","type":"page","link":"https:\/\/sisu.ut.ee\/ewod\/anthologies\/german\/estonia\/estonia-3-1987\/","title":{"rendered":"Estonia: Zeitschrift f\u00fcr estnische Literatur und Kultur, no 3, 1987"},"content":{"rendered":"<p>\n\t<strong><span style=\"font-family:Verdana,Geneva,sans-serif\">Contents:<\/span><\/strong>\n<\/p>\n<p>\n\t<span style=\"font-family:Verdana,Geneva,sans-serif\"><em>Poems:<\/em><br>Aleksander Suuman, <strong>Pilven kanssa, saukon kanssa [and other poems]<\/strong>. Translated by Riho Gr\u00fcnthal. pp 117-119.<br>Aleksander Suuman, <strong>Avec le nuage, avec la loutre. [and other poems]<\/strong>. Translated by Malle Talvet. pp 117-119.<br>Hando Runnel, <strong>Der Mi\u00dfstaat; Die alte M\u00fchle<\/strong>. \u00dc: Viktor Sepp. pp 120-121.<br>Hando Runnel, <strong>Eesti Laul<\/strong>. p 122.<br>Juhan Viiding, <strong>Kaotati. Ei leita. Tuleb ise v\u00e4lja<\/strong>. p 123.<\/span>\n<\/p>\n<p>\n\t<span style=\"font-family:Verdana,Geneva,sans-serif\"><em>Prose:<\/em><br>Mats Traat, <strong>Der Umzug<\/strong>. \u00dc: Iris R\u00e9thy. pp 100-108. [\u2018Kohavahetus\u2019.]<br>Mati Unt, <strong>They Silence Themselves<\/strong>. Translated by T. H. Ilves. pp 112-116. [\u2018Vaikimisest\u2019.]<\/span>\n<\/p>\n<p>\n\t<span style=\"font-family:Verdana,Geneva,sans-serif\"><em>Articles:<\/em><br>Tapio M\u00e4kel\u00e4inen, <strong>Suomen sillan kulkijoita I<\/strong>. pp 124-125. [About Aino Kaasinen.]<br>Cornelius Hasselblatt, <strong>Gr\u00fcndung eines estnischen Schriftstellerkooperativs<\/strong>. pp 126-127.<br>Cornelius Hasselblatt, <strong>Boris Blachers Barbier<\/strong>. p 141.<\/span>\n<\/p>\n<p>\n\t<span style=\"font-family:Verdana,Geneva,sans-serif\"><em>Reviews:<\/em><br>Olev Remsu, <strong>Zum ersten Jahrgang einer neuen Zeitschrift<\/strong>. Rezension zu Vikerkaar. pp 131-134.<br>Riho Gr\u00fcnthal, <strong>Novelleja alitajunnasta<\/strong>. Rezension zu \u00dclo Mattheus: Inimene Aspelund. Tallinn 1987. pp 135-136.<br>Hannu Oittinen, <strong>Objektina subjekti<\/strong>. Rezension zu Ave Alavainu: Kes meist on Napoleon? Tallinn 1987. p 137.<br>Hannu Oittinen, <strong>Viron ver\u00e4j\u00e4t aukeavat maailmaan<\/strong>. Rezension zu Viron ver\u00e4j\u00e4t. Helsinki 1987. pp 138-140.<\/span>\n<\/p>\n<p>\n\t<span style=\"font-family:Verdana,Geneva,sans-serif\"><em>Interviews:<\/em><br>Cornelius Hasselblatt, <strong>F\u00fcnf Fragen an Viivi Luik den \u2018Siebten Friedensfr\u00fchling\u2019 betreffend<\/strong>. pp 109-111.<br>Gyula Paczolay, <strong>Sprichw\u00f6rter haben lange Beine. Vanas\u00f5na vana kuld. Ein Interview mit Paczolay Gyula<\/strong>. pp 128-130.<\/span><\/p>\n","protected":false},"excerpt":{"rendered":"<p>Contents: Poems:Aleksander Suuman, Pilven kanssa, saukon kanssa [and other poems]. Translated by Riho Gr\u00fcnthal. pp 117-119.Aleksander Suuman, Avec le nuage, avec la loutre. [and other poems]. Translated by Malle Talvet. pp 117-119.Hando Runnel, Der Mi\u00dfstaat; Die alte M\u00fchle. \u00dc: Viktor &#8230;<\/p>\n","protected":false},"author":43,"featured_media":0,"parent":576,"menu_order":0,"comment_status":"closed","ping_status":"closed","template":"","meta":{"_acf_changed":false,"inline_featured_image":false,"footnotes":""},"class_list":["post-683","page","type-page","status-publish","hentry"],"acf":[],"_links":{"self":[{"href":"https:\/\/sisu.ut.ee\/ewod\/wp-json\/wp\/v2\/pages\/683","targetHints":{"allow":["GET"]}}],"collection":[{"href":"https:\/\/sisu.ut.ee\/ewod\/wp-json\/wp\/v2\/pages"}],"about":[{"href":"https:\/\/sisu.ut.ee\/ewod\/wp-json\/wp\/v2\/types\/page"}],"author":[{"embeddable":true,"href":"https:\/\/sisu.ut.ee\/ewod\/wp-json\/wp\/v2\/users\/43"}],"replies":[{"embeddable":true,"href":"https:\/\/sisu.ut.ee\/ewod\/wp-json\/wp\/v2\/comments?post=683"}],"version-history":[{"count":1,"href":"https:\/\/sisu.ut.ee\/ewod\/wp-json\/wp\/v2\/pages\/683\/revisions"}],"predecessor-version":[{"id":4394,"href":"https:\/\/sisu.ut.ee\/ewod\/wp-json\/wp\/v2\/pages\/683\/revisions\/4394"}],"up":[{"embeddable":true,"href":"https:\/\/sisu.ut.ee\/ewod\/wp-json\/wp\/v2\/pages\/576"}],"wp:attachment":[{"href":"https:\/\/sisu.ut.ee\/ewod\/wp-json\/wp\/v2\/media?parent=683"}],"curies":[{"name":"wp","href":"https:\/\/api.w.org\/{rel}","templated":true}]}}