{"id":681,"date":"2024-04-03T23:40:10","date_gmt":"2024-04-03T20:40:10","guid":{"rendered":"https:\/\/sisu.ut.ee\/ewod\/stories-et-74\/"},"modified":"2024-04-04T00:09:22","modified_gmt":"2024-04-03T21:09:22","slug":"stories","status":"publish","type":"page","link":"https:\/\/sisu.ut.ee\/ewod\/l\/laretei\/stories\/","title":{"rendered":"K\u00e4bi Laretei &#8211; short stories"},"content":{"rendered":"<p><strong><span style=\"font-family: verdana,geneva;font-size: medium\">Books<\/span><\/strong><\/p>\n<p><strong><em><span style=\"font-family: verdana,geneva\">Swedish<\/span><\/em><\/strong><br><span style=\"font-family: verdana,geneva\"><strong>En f\u00f6rlorad klang: ber\u00e4ttelse<\/strong>. Omslag: Jan Biberg. Stockholm: Bonniers, 1991, 258 pp.<br><strong>Virvlar och sp\u00e5r<\/strong>. Stockholm: Bonniers, 1987, 165 pp.<br><strong>Tulpantr\u00e4det: en ber\u00e4ttelse<\/strong>. Omslag: Jan Biberg. Stockholm: Bonniers, 1983, 186 pp.<br><\/span><\/p>\n","protected":false},"excerpt":{"rendered":"<p>Books SwedishEn f\u00f6rlorad klang: ber\u00e4ttelse. Omslag: Jan Biberg. Stockholm: Bonniers, 1991, 258 pp.Virvlar och sp\u00e5r. Stockholm: Bonniers, 1987, 165 pp.Tulpantr\u00e4det: en ber\u00e4ttelse. Omslag: Jan Biberg. Stockholm: Bonniers, 1983, 186 pp.<\/p>\n","protected":false},"author":43,"featured_media":0,"parent":814,"menu_order":0,"comment_status":"closed","ping_status":"closed","template":"","meta":{"_acf_changed":false,"inline_featured_image":false,"footnotes":""},"class_list":["post-681","page","type-page","status-publish","hentry"],"acf":[],"_links":{"self":[{"href":"https:\/\/sisu.ut.ee\/ewod\/wp-json\/wp\/v2\/pages\/681","targetHints":{"allow":["GET"]}}],"collection":[{"href":"https:\/\/sisu.ut.ee\/ewod\/wp-json\/wp\/v2\/pages"}],"about":[{"href":"https:\/\/sisu.ut.ee\/ewod\/wp-json\/wp\/v2\/types\/page"}],"author":[{"embeddable":true,"href":"https:\/\/sisu.ut.ee\/ewod\/wp-json\/wp\/v2\/users\/43"}],"replies":[{"embeddable":true,"href":"https:\/\/sisu.ut.ee\/ewod\/wp-json\/wp\/v2\/comments?post=681"}],"version-history":[{"count":1,"href":"https:\/\/sisu.ut.ee\/ewod\/wp-json\/wp\/v2\/pages\/681\/revisions"}],"predecessor-version":[{"id":4392,"href":"https:\/\/sisu.ut.ee\/ewod\/wp-json\/wp\/v2\/pages\/681\/revisions\/4392"}],"up":[{"embeddable":true,"href":"https:\/\/sisu.ut.ee\/ewod\/wp-json\/wp\/v2\/pages\/814"}],"wp:attachment":[{"href":"https:\/\/sisu.ut.ee\/ewod\/wp-json\/wp\/v2\/media?parent=681"}],"curies":[{"name":"wp","href":"https:\/\/api.w.org\/{rel}","templated":true}]}}