{"id":680,"date":"2024-04-03T23:40:10","date_gmt":"2024-04-03T20:40:10","guid":{"rendered":"https:\/\/sisu.ut.ee\/ewod\/pilvistu\/"},"modified":"2024-09-09T12:35:17","modified_gmt":"2024-09-09T09:35:17","slug":"pilvistu","status":"publish","type":"page","link":"https:\/\/sisu.ut.ee\/ewod\/p\/pilvistu\/","title":{"rendered":"Vaike Pilvistu"},"content":{"rendered":"<h5 class=\"wp-block-heading\"><br><a href=\"https:\/\/sisu.ut.ee\/ewod\/p\/pilvistu\/poems\/\" data-type=\"page\" data-id=\"691\"><strong>Poems<\/strong><\/a><\/h5>\n\n\n\n<p><br>Vaike Pilvistu (n\u00e9e Vaike Brenner, after the Estonianisation of the surname in 1940 Vaike Piirimaa, 17 August 1926 \u2013 6 March 1993) was a poet.<\/p>\n\n\n\n<p>Pilvistu was born in J\u00e4rvamaa County in the family of a farm labourer. She went to school in Viljandi and later studied at Polli Horticulture School and Vana-V\u00f5idu Vocational School. After completing the vocational school in 1946, Pilvistu worked as an agronomist in many places in Estonia. Her first job was in L\u00e4\u00e4nemaa County. For many years, she lived at Mooste in P\u00f5lva County. Due to an injury from an accident at work, she was unable to leave her home for years. To escape depression, she began to write poetry.<\/p>\n\n\n\n<p>Pilvistu\u2019s first poems were published in the newspaper <em>Koit<\/em> at Lihula in L\u00e4\u00e4nemaa County in the 1950s. She participated in the activities of the P\u00f5lva literary club <em>Helem<\/em>. Her poetry was published in almanacs, including the almanac <em>S\u00f5na<\/em> (\u2018Word\u2019) published in 1981 by the journal <em>Loomingu Raamatukogu<\/em>.<\/p>\n\n\n\n<p>Vaike Pilvistu published three poetry collections: <em>Hingeaken<\/em> (\u2018Window of the Soul\u2019) in 1982, <em>K\u00e4ed<\/em> (\u2018Hands\u2019) in 1985 and <em>Suur tee k\u00f5liseb k\u00f5rva<\/em> (\u2018Big Road Ringing in My Ears\u2019) in 1987. Her debut collection includes contemplative lyrical poetry characterized by acute perception of nature and lucid melancholy. Her poems reveal richness feelings and joy about nature and life. Pilvistu\u2019s poetry often speaks about rural life and internal human struggles. In her language, she used simple images and preferred free verse.<\/p>\n\n\n\n<p>Pilvistu\u2019s poems have been translated into Finnish.<\/p>\n\n\n\n<p><em>L. P. (Translated by I. A.)<\/em><\/p>\n\n\n\n<h5 class=\"wp-block-heading\"><br><strong>Books in Estonian<\/strong><\/h5>\n\n\n\n<p><em><strong>Poetry<\/strong><\/em><br><strong>Hingeaken<\/strong>. Tallinn: Eesti Raamat, 1982. 63 lk.<br><strong>K\u00e4ed<\/strong>. Tallinn: Eesti Raamat, 1985. 55 lk.<br><strong>Suur tee k\u00f5liseb k\u00f5rva<\/strong>. Tallinn: Eesti Raamat, 1987. 82 lk.<\/p>\n","protected":false},"excerpt":{"rendered":"<p>Poems Vaike Pilvistu (n\u00e9e Vaike Brenner, after the Estonianisation of the surname in 1940 Vaike Piirimaa, 17 August 1926 \u2013 6 March 1993) was a poet. Pilvistu was born in J\u00e4rvamaa County in the family of a farm labourer. She &#8230;<\/p>\n","protected":false},"author":43,"featured_media":0,"parent":675,"menu_order":0,"comment_status":"closed","ping_status":"closed","template":"","meta":{"_acf_changed":false,"inline_featured_image":false,"footnotes":""},"class_list":["post-680","page","type-page","status-publish","hentry"],"acf":[],"_links":{"self":[{"href":"https:\/\/sisu.ut.ee\/ewod\/wp-json\/wp\/v2\/pages\/680","targetHints":{"allow":["GET"]}}],"collection":[{"href":"https:\/\/sisu.ut.ee\/ewod\/wp-json\/wp\/v2\/pages"}],"about":[{"href":"https:\/\/sisu.ut.ee\/ewod\/wp-json\/wp\/v2\/types\/page"}],"author":[{"embeddable":true,"href":"https:\/\/sisu.ut.ee\/ewod\/wp-json\/wp\/v2\/users\/43"}],"replies":[{"embeddable":true,"href":"https:\/\/sisu.ut.ee\/ewod\/wp-json\/wp\/v2\/comments?post=680"}],"version-history":[{"count":4,"href":"https:\/\/sisu.ut.ee\/ewod\/wp-json\/wp\/v2\/pages\/680\/revisions"}],"predecessor-version":[{"id":5318,"href":"https:\/\/sisu.ut.ee\/ewod\/wp-json\/wp\/v2\/pages\/680\/revisions\/5318"}],"up":[{"embeddable":true,"href":"https:\/\/sisu.ut.ee\/ewod\/wp-json\/wp\/v2\/pages\/675"}],"wp:attachment":[{"href":"https:\/\/sisu.ut.ee\/ewod\/wp-json\/wp\/v2\/media?parent=680"}],"curies":[{"name":"wp","href":"https:\/\/api.w.org\/{rel}","templated":true}]}}