{"id":677,"date":"2024-04-03T23:40:09","date_gmt":"2024-04-03T20:40:09","guid":{"rendered":"https:\/\/sisu.ut.ee\/ewod\/poems-et-102\/"},"modified":"2024-04-04T00:09:25","modified_gmt":"2024-04-03T21:09:25","slug":"poems","status":"publish","type":"page","link":"https:\/\/sisu.ut.ee\/ewod\/k\/kolla\/poems\/","title":{"rendered":"Ilmi Kolla &#8211; poems"},"content":{"rendered":"<p><span style=\"font-family: verdana, geneva;font-size: medium\"><strong><strong>In compilations, anthologies, magazines<\/strong><\/strong><\/span><\/p>\n<p><span style=\"font-family: verdana, geneva\"><strong><em>Esperanto<\/em><\/strong><\/span><br><span style=\"font-family: verdana, geneva\"><strong>Estona soveta poezio<\/strong>. Edited and translated by Hilda Dresen; afterword by Jaan Toomla. Tallinn: Eesti Raamat, 1977, 204 pp. [Poems by\u00a0August Alle, Artur Alliksaar,\u00a0Betti Alver, Vladimir Beekman, Paul Haavaoks, Lehte Hainsalu, Ain Kaalep, Kalju Kangur,\u00a0Jaan Kaplinski, Ilmi Kolla,\u00a0Jaan Kross, Erni Krusten, Jaan K\u00e4rner, Uno Laht,\u00a0Viivi Luik, Kersti Merilaas, Ellen Niit, Minni Nurme, Ralf Parve, Lilli Promet, Mart Raud, Rudolf Rimmel,\u00a0Paul-Eerik Rummo,\u00a0Hando Runnel, Juhan Saar, August Sang, Johannes Semper, Arvi Siig, Juhan Smuul, Harald Suislepp, Aleksander Suuman, Juhan S\u00fctiste,\u00a0Mats Traat, Debora Vaarandi, Johannes Vares-Barbarus,\u00a0Enn Vetemaa.]<\/span><\/p>\n<p><span style=\"font-family: verdana, geneva\"><strong><em>Russian<\/em><\/strong><br><strong>\u0410\u043d\u0442\u043e\u043b\u043e\u0433\u0438\u044f \u044d\u0441\u0442\u043e\u043d\u0441\u043a\u043e\u0439 \u043f\u043e\u044d\u0437\u0438\u0438: \u0432 \u0434\u0432\u0443\u0445 \u0442\u043e\u043c\u0430\u0445<\/strong>. \u0412\u0441\u0442\u0443\u043f\u0438\u0442\u0435\u043b\u044c\u043d\u0430\u044f \u0441\u0442\u0430\u0442\u044c\u044f \u042d. \u041d\u0438\u0440\u043a\u0430; \u0441\u043e\u0441\u0442\u0430\u0432\u0438\u0442\u0435\u043b\u0438 \u042d. \u041d\u0438\u0440\u043a \u0438 \u041f. \u0420\u0443\u043c\u043c\u043e. \u041b\u0435\u043d\u0438\u043d\u0433\u0440\u0430\u0434: \u0413\u043e\u0441\u043b\u0438\u0442\u0438\u0437\u0434\u0430\u0442, 1959, 424 + 450 pp. [Includes folk songs and poems by: Kristian Jaak Peterson, Friedrich Robert Faehlmann, Friedrich Reinhold Kreutzwald, Juhan Weizenberg, Lydia Koidula, Friedrich Kuhlbars, Carl Robert Jakobson, Mihkel Veske, Ado Reinvald, Juhan Kunder, Jaan Bergmann, Peeter Jakobson, Jakob Tamm, Jakob Liiv, Juhan Liiv, Anna Haava, Karl Eduard S\u00f6\u00f6t, Reinhold Kamsen, Ernst Enno, Villem Ridala, Marie Heiberg, Jaan L\u00f5o, Hans P\u00f6\u00f6gelmann, Juhan Lilienbach, Vassili M\u00f6lder, Villem Buk, Johannes Barbarus, August Alle, Jaan K\u00e4rner, Johannes Semper, Juhan S\u00fctiste, Erni Hiir, Mart Raud, Paul Viiding, Betti Alver, Kersti Merilaas, August Sang, Hugo Angervaks, Felix Kotta, Aira Kaal, Muia Veetamm, Paul Rummo, Debora Vaarandi, Juhan Smuul, Minni Nurme, Ralf Parve, Manivald Kesamaa, Uno Laht, Vladimir Beekman, Jaan Kross, Ilmi Kolla, Ellen Niit.]<br><\/span><\/p>\n","protected":false},"excerpt":{"rendered":"<p>In compilations, anthologies, magazines EsperantoEstona soveta poezio. Edited and translated by Hilda Dresen; afterword by Jaan Toomla. Tallinn: Eesti Raamat, 1977, 204 pp. [Poems by\u00a0August Alle, Artur Alliksaar,\u00a0Betti Alver, Vladimir Beekman, Paul Haavaoks, Lehte Hainsalu, Ain Kaalep, Kalju Kangur,\u00a0Jaan Kaplinski, &#8230;<\/p>\n","protected":false},"author":43,"featured_media":0,"parent":665,"menu_order":0,"comment_status":"closed","ping_status":"closed","template":"","meta":{"_acf_changed":false,"inline_featured_image":false,"footnotes":""},"class_list":["post-677","page","type-page","status-publish","hentry"],"acf":[],"_links":{"self":[{"href":"https:\/\/sisu.ut.ee\/ewod\/wp-json\/wp\/v2\/pages\/677","targetHints":{"allow":["GET"]}}],"collection":[{"href":"https:\/\/sisu.ut.ee\/ewod\/wp-json\/wp\/v2\/pages"}],"about":[{"href":"https:\/\/sisu.ut.ee\/ewod\/wp-json\/wp\/v2\/types\/page"}],"author":[{"embeddable":true,"href":"https:\/\/sisu.ut.ee\/ewod\/wp-json\/wp\/v2\/users\/43"}],"replies":[{"embeddable":true,"href":"https:\/\/sisu.ut.ee\/ewod\/wp-json\/wp\/v2\/comments?post=677"}],"version-history":[{"count":1,"href":"https:\/\/sisu.ut.ee\/ewod\/wp-json\/wp\/v2\/pages\/677\/revisions"}],"predecessor-version":[{"id":4411,"href":"https:\/\/sisu.ut.ee\/ewod\/wp-json\/wp\/v2\/pages\/677\/revisions\/4411"}],"up":[{"embeddable":true,"href":"https:\/\/sisu.ut.ee\/ewod\/wp-json\/wp\/v2\/pages\/665"}],"wp:attachment":[{"href":"https:\/\/sisu.ut.ee\/ewod\/wp-json\/wp\/v2\/media?parent=677"}],"curies":[{"name":"wp","href":"https:\/\/api.w.org\/{rel}","templated":true}]}}