{"id":669,"date":"2024-04-03T23:40:09","date_gmt":"2024-04-03T20:40:09","guid":{"rendered":"https:\/\/sisu.ut.ee\/ewod\/nonfiction-et-38\/"},"modified":"2024-04-04T00:09:24","modified_gmt":"2024-04-03T21:09:24","slug":"nonfiction","status":"publish","type":"page","link":"https:\/\/sisu.ut.ee\/ewod\/l\/laretei\/nonfiction\/","title":{"rendered":"K\u00e4bi Laretei &#8211; non-fiction"},"content":{"rendered":"<p><span style=\"font-size: medium\"><strong><span style=\"font-family: verdana,geneva\">Books<\/span><\/strong><\/span><\/p>\n<p><strong><em><span style=\"font-family: verdana,geneva\">Finnish<br><\/span><\/em><\/strong><span style=\"font-family: verdana,geneva\"><strong>Kaukana koti l\u00e4heinen<\/strong>. Suomentaneet Inkeri Lam\u00e9r ja Juha Virkkunen; kansi: Maija Vallinoja. Helsinki: Otava, 1996, 256 pp. [Translation of \u2018En bit jord\u2019.]<\/span><span style=\"font-family: verdana,geneva\"><\/span><\/p>\n<p><strong><em><span style=\"font-family: verdana,geneva\">Swedish<\/span><\/em><\/strong><br><span style=\"font-family: verdana,geneva\"><strong>Toner och passioner = Ludus tonalis<\/strong>. Stockholm: Norstedts, 2010, 201 pp. <span style=\"font-family: verdana,geneva\">[A memoir.]<br><strong>Vart tog all denna k\u00e4rlek v\u00e4gen?<\/strong>. Stockholm: Norstedts, 2009, 117 pp.<\/span><strong><br>S\u00e5som i en \u00f6vers\u00e4ttning: teman med variationer<\/strong>. Stockholm: Bonnier, 2004, 382 pp. [A memoir.]<strong><br>En bit jord<\/strong>. Stockholm: Bonniers, 1976, 258 pp. [A memoir. 2nd print: Stockholm: Bonniers, 1978; 3rd print: Stockholm: Bonniers, 1980.]<br><strong>Vem spelar jag f\u00f6r?<\/strong>. Stockholm: Bonniers, 1970, 136 pp. <span style=\"font-family: verdana,geneva\">[A memoir.]<\/span><br><\/span><\/p>\n","protected":false},"excerpt":{"rendered":"<p>Books FinnishKaukana koti l\u00e4heinen. Suomentaneet Inkeri Lam\u00e9r ja Juha Virkkunen; kansi: Maija Vallinoja. Helsinki: Otava, 1996, 256 pp. [Translation of \u2018En bit jord\u2019.] SwedishToner och passioner = Ludus tonalis. Stockholm: Norstedts, 2010, 201 pp. [A memoir.]Vart tog all denna k\u00e4rlek &#8230;<\/p>\n","protected":false},"author":43,"featured_media":0,"parent":814,"menu_order":0,"comment_status":"closed","ping_status":"closed","template":"","meta":{"_acf_changed":false,"inline_featured_image":false,"footnotes":""},"class_list":["post-669","page","type-page","status-publish","hentry"],"acf":[],"_links":{"self":[{"href":"https:\/\/sisu.ut.ee\/ewod\/wp-json\/wp\/v2\/pages\/669","targetHints":{"allow":["GET"]}}],"collection":[{"href":"https:\/\/sisu.ut.ee\/ewod\/wp-json\/wp\/v2\/pages"}],"about":[{"href":"https:\/\/sisu.ut.ee\/ewod\/wp-json\/wp\/v2\/types\/page"}],"author":[{"embeddable":true,"href":"https:\/\/sisu.ut.ee\/ewod\/wp-json\/wp\/v2\/users\/43"}],"replies":[{"embeddable":true,"href":"https:\/\/sisu.ut.ee\/ewod\/wp-json\/wp\/v2\/comments?post=669"}],"version-history":[{"count":1,"href":"https:\/\/sisu.ut.ee\/ewod\/wp-json\/wp\/v2\/pages\/669\/revisions"}],"predecessor-version":[{"id":4403,"href":"https:\/\/sisu.ut.ee\/ewod\/wp-json\/wp\/v2\/pages\/669\/revisions\/4403"}],"up":[{"embeddable":true,"href":"https:\/\/sisu.ut.ee\/ewod\/wp-json\/wp\/v2\/pages\/814"}],"wp:attachment":[{"href":"https:\/\/sisu.ut.ee\/ewod\/wp-json\/wp\/v2\/media?parent=669"}],"curies":[{"name":"wp","href":"https:\/\/api.w.org\/{rel}","templated":true}]}}