{"id":665,"date":"2024-04-03T23:40:08","date_gmt":"2024-04-03T20:40:08","guid":{"rendered":"https:\/\/sisu.ut.ee\/ewod\/kolla\/"},"modified":"2024-04-04T00:09:27","modified_gmt":"2024-04-03T21:09:27","slug":"kolla","status":"publish","type":"page","link":"https:\/\/sisu.ut.ee\/ewod\/k\/kolla\/","title":{"rendered":"Ilmi Kolla"},"content":{"rendered":"<p>\n\t<a href=\"https:\/\/sisu.ut.ee\/ewod\/k\/kolla\/poems\"><strong><span style=\"font-family: verdana, geneva;font-size: medium\">Poems <\/span><\/strong><\/a><strong><a href=\"https:\/\/sisu.ut.ee\/wp-content\/uploads\/sites\/108\/ilmi_kolla.jpg\" target=\"_self\" rel=\"noopener\"><img decoding=\"async\" alt=\"Ilmi Kolla\" src=\"https:\/\/sisu.ut.ee\/wp-content\/uploads\/sites\/108\/ilmi_kolla.jpg\" style=\"float: right;width: 200px;height: 293px\"><\/a><\/strong>\n<\/p>\n<p>\n\t<a href=\"https:\/\/sisu.ut.ee\/ewod\/k\/kolla\/about\"><strong><span style=\"font-family: verdana, geneva;font-size: medium\">About Ilmi Kolla<\/span><\/strong><\/a>\n<\/p>\n<p>\u00a0\n<\/p>\n<p>\n\t<span style=\"font-size:13px\"><span style=\"font-family:Verdana,Geneva,sans-serif\">Ilmi Kolla (4. VI 1933 \u2013 18. XII 1954) was an Estonian poet whose short-lived life paved the way for the poetry innovations of the sixties.<\/span><\/span>\n<\/p>\n<p>\n\t<span style=\"font-size:13px\"><span style=\"font-family:Verdana,Geneva,sans-serif\">She was born in P\u00e4rnu; in 1944, her family relocated to Surju, where she received seven years of schooling. She started her secondary education in P\u00e4rnu but fell ill with tuberculosis before she could graduate. In 1950, she became a member of the P\u00e4rnu department of the Young Authors\u2019 Association. In 1952, she briefly worked in the editorial board of the youth newspaper <em>S\u00e4de<\/em>. Her illness worsened and she passed away at Kivim\u00e4e hospital in Tallinn. She is buried at Surju cemetery.<\/span><\/span>\n<\/p>\n<p>\n\t<span style=\"font-size:13px\"><span style=\"font-family:Verdana,Geneva,sans-serif\">Her first poems were published in periodicals in 1947. Her largely autobiographical and intimate nature and emotional poetry did not match the soviet expectations of the Stalinist era. Kolla\u2019s poetry is characterized by a lyrical melancholy and knowledge of life\u2019s fragility, yet at the same time it has a straight-forward openness and femininity. P\u00e4rt Lias has remarked that her poetry\u2019s \u201csimple sincere verses expressed an early spring budding sensation of a poetry waiting for a thaw\u201d. Her poetry has been often set to music, one of the most well-known examples is <em>Nukrad hetked<\/em> (\u2018Sad Moments\u2019, composer Arne Oit). Collections of her poetry were published posthumously.<\/span><\/span>\n<\/p>\n<p>\n\t<em><span style=\"font-size:13px\"><span style=\"font-family:Verdana,Geneva,sans-serif\">A. K. (Translated by A. S.)<\/span><\/span><\/em>\n<\/p>\n<p>\n\t\u00a0\n<\/p>\n<p>\n\t<strong><span style=\"font-size:16px\"><span style=\"font-family:Verdana,Geneva,sans-serif\">Books in Estonian<\/span><\/span><\/strong>\n<\/p>\n<p>\n\t<span style=\"font-size:13px\"><span style=\"font-family:Verdana,Geneva,sans-serif\"><strong><em>Poems<\/em><\/strong><br><strong>Luuletused<\/strong>. Tallinn: Eesti Riiklik Kirjastus, 1957, 80 lk.<br><strong>Minu kevad<\/strong>. Tallinn: Eesti Raamat, 1983, 112 lk.<br><strong>K\u00f5ik mu laulud<\/strong>. Koostanud Eve Annuk. Tallinn: Eesti Raamat, 2009, 205 lk.<\/span><\/span>\n<\/p>\n<p>\n\t<span style=\"font-size:13px\"><span style=\"font-family:Verdana,Geneva,sans-serif\"><strong><em>About Ilmi Kolla<\/em><\/strong><br>Eve Annuk, <strong>Ilmi Kolla ja tema aeg<\/strong>. Biograafilise l\u00e4henemisviisi v\u00f5imalusi n\u00f5ukogude aja uurimise kontekstis. Doktorit\u00f6\u00f6. Tartu: Tartu \u00fclikooli kirjastus, 2006, 190 lk.<\/span><\/span>\n<\/p>\n<p>\n\t\u00a0<\/p>\n","protected":false},"excerpt":{"rendered":"<p>Poems About Ilmi Kolla \u00a0 Ilmi Kolla (4. VI 1933 \u2013 18. XII 1954) was an Estonian poet whose short-lived life paved the way for the poetry innovations of the sixties. She was born in P\u00e4rnu; in 1944, her family &#8230;<\/p>\n","protected":false},"author":43,"featured_media":0,"parent":498,"menu_order":0,"comment_status":"closed","ping_status":"closed","template":"","meta":{"_acf_changed":false,"inline_featured_image":false,"footnotes":""},"class_list":["post-665","page","type-page","status-publish","hentry"],"acf":[],"_links":{"self":[{"href":"https:\/\/sisu.ut.ee\/ewod\/wp-json\/wp\/v2\/pages\/665","targetHints":{"allow":["GET"]}}],"collection":[{"href":"https:\/\/sisu.ut.ee\/ewod\/wp-json\/wp\/v2\/pages"}],"about":[{"href":"https:\/\/sisu.ut.ee\/ewod\/wp-json\/wp\/v2\/types\/page"}],"author":[{"embeddable":true,"href":"https:\/\/sisu.ut.ee\/ewod\/wp-json\/wp\/v2\/users\/43"}],"replies":[{"embeddable":true,"href":"https:\/\/sisu.ut.ee\/ewod\/wp-json\/wp\/v2\/comments?post=665"}],"version-history":[{"count":1,"href":"https:\/\/sisu.ut.ee\/ewod\/wp-json\/wp\/v2\/pages\/665\/revisions"}],"predecessor-version":[{"id":4422,"href":"https:\/\/sisu.ut.ee\/ewod\/wp-json\/wp\/v2\/pages\/665\/revisions\/4422"}],"up":[{"embeddable":true,"href":"https:\/\/sisu.ut.ee\/ewod\/wp-json\/wp\/v2\/pages\/498"}],"wp:attachment":[{"href":"https:\/\/sisu.ut.ee\/ewod\/wp-json\/wp\/v2\/media?parent=665"}],"curies":[{"name":"wp","href":"https:\/\/api.w.org\/{rel}","templated":true}]}}