{"id":657,"date":"2024-04-03T23:40:08","date_gmt":"2024-04-03T20:40:08","guid":{"rendered":"https:\/\/sisu.ut.ee\/ewod\/mannteuffel\/"},"modified":"2024-04-04T00:09:26","modified_gmt":"2024-04-03T21:09:26","slug":"mannteuffel","status":"publish","type":"page","link":"https:\/\/sisu.ut.ee\/ewod\/m\/mannteuffel\/","title":{"rendered":"Peter August Friedrich von Mannteuffel"},"content":{"rendered":"<p>\n\t<span style=\"font-family:Verdana,Geneva,sans-serif\"><strong><span style=\"font-size:16px\"><a data-url=\"https:\/\/sisu.ut.ee\/ewod\/m\/mannteuffel\/poems\" href=\"https:\/\/sisu.ut.ee\/ewod\/m\/mannteuffel\/poems\" title=\"\">Poems<\/a>\u00a0<\/span><\/strong><span style=\"font-size:16px\"><a href=\"https:\/\/sisu.ut.ee\/wp-content\/uploads\/sites\/108\/peter_mannteuffel.jpg\" target=\"_self\" rel=\"noopener\"><img decoding=\"async\" alt=\"\" src=\"https:\/\/sisu.ut.ee\/wp-content\/uploads\/sites\/108\/peter_mannteuffel.jpg\" style=\"float: right;width: 200px;height: 317px\"><\/a><\/span><\/span>\n<\/p>\n<p>\n\t<span style=\"font-family:Verdana,Geneva,sans-serif\"><strong><span style=\"font-size:16px\"><a data-url=\"https:\/\/sisu.ut.ee\/ewod\/m\/mannteuffel\/stories\" href=\"https:\/\/sisu.ut.ee\/ewod\/m\/mannteuffel\/stories\" title=\"\">Stories<\/a><\/span><\/strong><\/span>\n<\/p>\n<p><span style=\"font-size:13px\"><span style=\"font-family:Verdana,Geneva,sans-serif\">Count Peter August Friedrich von Mannteuffel (30.\/19. I 1768 \u2013 8. V \/ 26. IV 1842) was a Baltic-German man of letters who wrote poetry and stories in Estonian which were in a more vernacular style and more in sympathy with the peasantry that the works of most of the Baltic German writers.<\/span><\/span>\n<\/p>\n<p>\n\t<span style=\"font-size:13px\"><span style=\"font-family:Verdana,Geneva,sans-serif\">He was born in Tallinn into an influential Baltic German noble family. Apparently he was educated by private tutors, among others by O.W. Masing, the enlightenment figure of Estonian origin, who was only five years older than Mannteuffel. With Masing, in his late teens the count travelled extensively in western and southern Europe, including Rome; he attended lectures at the University of Leipzig. Mannteuffel also corresponded with the Baltic German scholar of Estonian folklore, Arnold Kn\u00fcpffer. He owned about ten estates in northern Estonia, and spent most of his life at Ravila Manor. He was known for his eccentric behaviour. As a young man he was active as an actor in the Tallinn amateur theatre founded by August von Kotzebue; he built several machines, including an aircraft, the unsuccessful trials of which at the turn of the century at Pada Manor gave rise to several folk stories. He engaged in physical work on the estate and was happy to mix with the peasantry, which was quite exceptional for a Baltic German nobleman. In people\u2019s mouths he acquired the nickname \u2018the mad count\u2019, thus becoming an archetypal figure in Estonian culture \u2013 that name has been borne in later times by other noblemen and politicians.<\/span><\/span>\n<\/p>\n<p>\n\t<span style=\"font-size:13px\"><span style=\"font-family:Verdana,Geneva,sans-serif\">In his younger days, before the turn of the century, he wrote poems in Estonian in a sentimental romantic style, the themes of which were farm life, love and liquor. Most of these poems have disappeared by now. August Annist ascribes to Mannteuffel the anonymous verse dialogue <em>\u00dcks Ennemuiste Luggu \u00fchhe Warga pe\u00e4le<\/em> (\u2018An Ancient Tale about a Thief\u2019), which appeared at the end of the 18th century and was several times reprinted.<\/span><\/span>\n<\/p>\n<p>\n\t<span style=\"font-size:13px\"><span style=\"font-family:Verdana,Geneva,sans-serif\">Mannteuffel is best known for a book that appeared at the end of his life, <em>Aiawite peergo walgussel<\/em> (\u2018In the Light of the Torch of Diversion\u2019, 1838). This is a collection of six fables and one longer story, depicting the life of peasants of the period \u2013 love and marriage, but also theft of manor property, alcoholism and the general wretchedness of farmers\u2019 lives. Although the author does not criticise the late feudal system of the period, he at least draws attention to the plight of the peasantry. The detailed descriptions of peasant life and customs brought recognition of Mannteuffel\u2019s good knowledge of his subject. He used many proverbs and much humour, and in the poetry even some elements of folk-songs. The religious component is secondary. Mannteuffel makes orthographical mistakes in Estonian, but his style is, in the opinion of literary scholars, natural and demotic, his vocabulary abundant, which helped <em>Alawite peergo walgussel<\/em> to become popular among Estonians at the time. Some of the poems appearing in it became common knowledge and some of them were rewritten as folk-songs.<\/span><\/span>\n<\/p>\n<p>\n\t<span style=\"font-size:13px\"><span style=\"font-family:Verdana,Geneva,sans-serif\">Mannteuffel\u2019s second book was the anti-alcohol <em>Willem Nawi ello-p\u00e4wad<\/em> (\u2018The Days of Willem Naav\u2019, 1839), whose basic idea was borrowed from the Swiss writer J.H.D. Zschokke\u2019s tale <em>Die Branntweinpest<\/em> (\u2018The Scourge of Spirits\u2019). Elias L\u00f6nnrot also translated <em>Willem Nawi ello-p\u00e4evad<\/em> into Finnish, adapting it slightly to Finnish conditions \u2013 <em>Wilhelmi Linterin historia<\/em> (\u2018The History of Wilhelm Linter\u2019, 1856) is one of the first translations of Estonian literature into a foreign language.<\/span><\/span>\n<\/p>\n<p>\n\t<span style=\"font-size:13px\"><span style=\"font-family:Verdana,Geneva,sans-serif\">F.R. Kreutzwald upheld the creations of Mannteuffel in particular in comparison with the more mediocre Pietistic moralizing tales in Estonian by Baltic Germans. Mannteuffel\u2019s books also enthused F.R. Faehlmann and other great figures of the National Awakening to create literature in Estonian.<\/span><\/span>\n<\/p>\n<p>\n\t<span style=\"font-family:Verdana,Geneva,sans-serif\"><span style=\"font-size: medium\"><em><span style=\"font-size:13px\">S. V. (Translated by C. M.)<\/span><\/em><\/span><\/span><\/p>\n<p><strong>Books in Estonian<\/strong>\n<\/p>\n<p>\n\t<span style=\"font-family:Verdana,Geneva,sans-serif\"><strong>\u00dcks Ennemuiste Luggu \u00fchhe Warga pe\u00e4le<\/strong>. Tallinn: 179-?, 8 lk.<br>Peter August Freidrich krahv v. Mannteuffel, <strong>Aiawite peergo walgussel<\/strong>. Tallinn: 1838, 75 lk. [J\u00e4rgnevad tr\u00fckid: 1839, 1939.]<br>Peter August Freidrich krahv v. Mannteuffel, <strong>Willem Nawi ello-p\u00e4wad<\/strong>. Tallinn: 1839, 55 lk. [2. tr\u00fckk: 1922.]<\/span>\n<\/p>\n<p>\n\t<span style=\"font-family:Verdana,Geneva,sans-serif\"><strong><em>Collected works<\/em><\/strong><br><strong>Teosed<\/strong>. Redigeerinud ja j\u00e4rels\u00f5na kirjutanud August Annist. Tallinn: Eesti Raamat, 1967, 163 lk. [2. tr\u00fckk: \u2018Ajaviide\u2019, 2018.]<\/span>\n<\/p>\n<p>\n\t\u00a0<\/p>\n","protected":false},"excerpt":{"rendered":"<p>Poems\u00a0 Stories Count Peter August Friedrich von Mannteuffel (30.\/19. I 1768 \u2013 8. V \/ 26. IV 1842) was a Baltic-German man of letters who wrote poetry and stories in Estonian which were in a more vernacular style and more &#8230;<\/p>\n","protected":false},"author":43,"featured_media":0,"parent":642,"menu_order":0,"comment_status":"closed","ping_status":"closed","template":"","meta":{"_acf_changed":false,"inline_featured_image":false,"footnotes":""},"class_list":["post-657","page","type-page","status-publish","hentry"],"acf":[],"_links":{"self":[{"href":"https:\/\/sisu.ut.ee\/ewod\/wp-json\/wp\/v2\/pages\/657","targetHints":{"allow":["GET"]}}],"collection":[{"href":"https:\/\/sisu.ut.ee\/ewod\/wp-json\/wp\/v2\/pages"}],"about":[{"href":"https:\/\/sisu.ut.ee\/ewod\/wp-json\/wp\/v2\/types\/page"}],"author":[{"embeddable":true,"href":"https:\/\/sisu.ut.ee\/ewod\/wp-json\/wp\/v2\/users\/43"}],"replies":[{"embeddable":true,"href":"https:\/\/sisu.ut.ee\/ewod\/wp-json\/wp\/v2\/comments?post=657"}],"version-history":[{"count":1,"href":"https:\/\/sisu.ut.ee\/ewod\/wp-json\/wp\/v2\/pages\/657\/revisions"}],"predecessor-version":[{"id":4414,"href":"https:\/\/sisu.ut.ee\/ewod\/wp-json\/wp\/v2\/pages\/657\/revisions\/4414"}],"up":[{"embeddable":true,"href":"https:\/\/sisu.ut.ee\/ewod\/wp-json\/wp\/v2\/pages\/642"}],"wp:attachment":[{"href":"https:\/\/sisu.ut.ee\/ewod\/wp-json\/wp\/v2\/media?parent=657"}],"curies":[{"name":"wp","href":"https:\/\/api.w.org\/{rel}","templated":true}]}}