{"id":655,"date":"2024-04-03T23:40:08","date_gmt":"2024-04-03T20:40:08","guid":{"rendered":"https:\/\/sisu.ut.ee\/ewod\/poems-et-98\/"},"modified":"2024-04-04T00:09:25","modified_gmt":"2024-04-03T21:09:25","slug":"poems","status":"publish","type":"page","link":"https:\/\/sisu.ut.ee\/ewod\/l\/laaman\/poems\/","title":{"rendered":"Ilona Laaman &#8211; poems"},"content":{"rendered":"<p><span style=\"font-family: verdana, geneva;font-size: medium\"><strong>In compilations, anthologies, magazines<\/strong><\/span><\/p>\n<p><span style=\"font-family: verdana, geneva\"><strong><em>English<br><\/em>\u03ad\u03ba\u03b5\u1fd6: Estonian poetry of the 19th and 20th century<\/strong>. Translated [and translator\u2019s introduction] by John Hayes Hurley &amp; Erik Linnolt. [Tallinn]: M. Makko, 2005, 87 pp. [Poems by Kristjan Jaak Peterson, Friedrich Nikolai Russow, Lydia Koidula, Peeter Jakobson, Juhan Liiv, Ernst Enno, Gustav Suits, Marie Under, Henrik Visnapuu, Hendrik Adamson, Johannes Vares-Barbarus, Valmar Adams, Heiti Talvik, Betti Alver, Bernard Kangro, Karl Ristikivi, Kersti Merilaas, August Sang, Arno Vihalemm, Aleksis Rannit, Asta Willmann, Jaan Kross, Ellen Niit, Ilona Laaman, Jaan Kaplinski, Ene Mihkelson, Viivi Luik, Ott Arder, T\u00f5nu Trubetsky, J\u00fcrgen Rooste.]<strong><em><br><\/em><\/strong><\/span><\/p>\n<p><span style=\"font-family: verdana, geneva\"><strong><em>Hungarian<br><\/em><strong>Harangok halk kondul\u00e1sa = Kellade hellus: huszadik sz\u00e1zadi \u00e9szt l\u00edra. II<\/strong><\/strong>. V\u00e1logatta, szerkesztette, az el\u0151- \u00e9s ut\u00f3sz\u00f3t \u00edrta, valamint az \u00e9letrajzi jegyzeteket k\u00e9sz\u00edtette Bereczki G\u00e1born\u00e9 Mai Kiisk.\u00a0Szombathely: [Berzsenyi Daniel Tanarkepz\u00f6 F\u00f6iskola], 2000, 303 pp. [Text in Hungarian and Estonian. Poems by\u00a0Ellen Niit,\u00a0Jaan Kross,\u00a0Ivar Ivask,\u00a0Vladimir Beekman,\u00a0Ilona Laaman,\u00a0Arvo Valton,\u00a0Hando Runnel,\u00a0Annus R\u00e4v\u00e4l\u00e4,\u00a0Andres Ehin,\u00a0Jaan Kaplinski,\u00a0Paul-Eerik Rummo,\u00a0Ene Mihkelson,\u00a0Viivi Luik,\u00a0Aarne Puu,\u00a0Juhan Viiding \/ J\u00fcri \u00dcdi,\u00a0Indrek Hirv,\u00a0Doris Kareva,\u00a0T\u00f5nu \u00d5nnepalu \/ Emil Tode,\u00a0Hasso Krull,\u00a0Karl Martin Sinij\u00e4rv.]<strong><em><br><\/em><\/strong><\/span><\/p>\n<p><span style=\"font-family: verdana, geneva\"><strong><em>Norwegian<\/em><\/strong><br><strong><span>Snelys snem\u00f8rke: Estisk lyrikk efter 1945.\u00a0<\/span><\/strong><span>I<\/span><span>\u00a0gjendiktning ved Odd Abrahamsen og Ivo Iliste.\u00a0[Oslo]: Dreyer, 1989. 181 pp. [Poems by\u00a0Ilmar Laaban, Ilona Laaman, Mats Traat, Hando Runnel, Jaan Kaplinski, Paul-Eerik Rummo, Viivi Luik, Juhan Viiding, Doris Kareva.]<\/span><br><\/span><\/p>\n<p><span style=\"font-family: verdana, geneva\"><strong><em>Russian<\/em><br><\/strong><strong>\u0410\u043d\u0442\u043e\u043b\u043e\u0433\u0438\u044f \u044d\u0441\u0442\u043e\u043d\u0441\u043a\u043e\u0439 \u043f\u043e\u044d\u0437\u0438\u0438<\/strong>. C\u043e\u0441\u0442\u0430\u0432\u0438\u0442\u0435\u043b\u044c \u0438 \u0440\u0435\u0434\u0430\u043a\u0442\u043e\u0440 \u042d\u043b\u044c\u0432\u0438\u0440\u0430 \u041c\u0438\u0445\u0430\u0439\u043b\u043e\u0432\u0430. A\u0432\u0442. \u0441\u0442. \u0418. \u0411\u0435\u043b\u043e\u0431\u0440\u043e\u0432\u0446\u0435\u0432\u0430 \u0438 \u0434\u0440.\u037e \u0431\u0438\u0431\u043b\u0438\u043e\u0433\u0440. \u041e. \u041a\u0438\u0432\u0438.\u00a0Kodumaa \u2013 \u0420\u043e\u0434\u043d\u043e\u0439 \u0434\u043e\u043c: \u0431\u0438\u0431\u043b\u0438\u043e\u0442\u0435\u043a\u0430 \u044d\u0441\u0442\u043e\u043d\u0441\u043a\u043e\u0439 \u043b\u0438\u0442\u0435\u0440\u0430\u0442\u0443\u0440\u044b.\u00a0\u0422\u0430\u043b\u043b\u0438\u043d\u043d: KPD Kirjastus, 1999. 739 pp. [Foreword \u2018\u0413\u043b\u0430\u0432\u043d\u044b\u0435 \u043d\u0430\u043f\u0440\u0430\u0432\u043b\u0435\u043d\u0438\u044f \u044d\u0441\u0442\u043e\u043d\u0441\u043a\u043e\u0439 \u043f\u043e\u044d\u0437\u0438\u0438\u2019 by Ain Kaalep. Poems by\u00a0Reiner Brockmann, K\u00e4su Hans, Kristian Jaak Peterson, Lydia Koidula, Ado Reinvald, Karl Eduard S\u00f6\u00f6t, Juhan Liiv, Anna Haava, Ernst Enno, Gustav Suits, Villem Gr\u00fcnthal-Ridala, Marie Under, Henrik Visnapuu, Johannes Vares-Barbarus, Johannes Semper, Valmar Adams, Juhan S\u00fctiste, Heiti Talvik, Betti Alver, Bernard Kangro, Uku Masing, August Sang, Kersti Merilaas, Debora Vaarandi, Ralf Parve, Minni Nurme, Juhan Smuul, Ilmar Laaban, Kalju Lepik, Jaan Kross, Ellen Niit, Ain Kaalep, Artur Alliksaar, Paul-Eerik Rummo, Mats Traat, Arvi Siig, Aleksander Suuman, Jaan Kaplinski, Andres Ehin, Hando Runnel, Toomas Liiv, Johnny B. Isotamm, Viivi Luik, Nikolai Baturin, Juhan Viiding, Ene Mihkelson, Doris Kareva, Mari Vallisoo, Ilona Laaman, Indrek Hirv, Hasso Krull.]<\/span><\/p>\n<p><span style=\"font-family: verdana, geneva\"><em><strong>Swedish<\/strong><\/em><br><strong>V\u00e5ra s\u00e5nger fick vi med oss: lyrik av 12 estniska skaldinnor i urval<\/strong>. \u00d6vers\u00e4ttning av Silvia Airik-Priuhka. Stockholm: V\u00e4lis-Eesti &amp; EMP, 1983, 95 pp. [Anthology of poems by Lydia Koidula, Anna Haava, Marie Under, Marie Heiberg, Betti Alver, Ada Otema, Salme Ekbaum, Liidia Tuulse, Kersti Merilaas, Salme Raatma, Karin Saarsen, Ilona Laaman.]<strong><br>Och om det skall vara sanning: ett urval dikter av estniska och lettiska lyriker i Sverige<\/strong>. Translated by Otto Paju. Stockholm: Baltiska Institutet, 1975, 75 pp. [Anthology of Estonian and Latvian poetry. Includes poems by Ivar Gr\u00fcnthal, Bernard Kangro, Raimond Kolk, Ilmar Laaban, Ilona Laaman, Kalju Lepik, Gustav Suits, Marie Under.]<br><\/span><\/p>\n","protected":false},"excerpt":{"rendered":"<p>In compilations, anthologies, magazines English\u03ad\u03ba\u03b5\u1fd6: Estonian poetry of the 19th and 20th century. Translated [and translator\u2019s introduction] by John Hayes Hurley &amp; Erik Linnolt. [Tallinn]: M. Makko, 2005, 87 pp. [Poems by Kristjan Jaak Peterson, Friedrich Nikolai Russow, Lydia Koidula, &#8230;<\/p>\n","protected":false},"author":43,"featured_media":0,"parent":644,"menu_order":0,"comment_status":"closed","ping_status":"closed","template":"","meta":{"_acf_changed":false,"inline_featured_image":false,"footnotes":""},"class_list":["post-655","page","type-page","status-publish","hentry"],"acf":[],"_links":{"self":[{"href":"https:\/\/sisu.ut.ee\/ewod\/wp-json\/wp\/v2\/pages\/655","targetHints":{"allow":["GET"]}}],"collection":[{"href":"https:\/\/sisu.ut.ee\/ewod\/wp-json\/wp\/v2\/pages"}],"about":[{"href":"https:\/\/sisu.ut.ee\/ewod\/wp-json\/wp\/v2\/types\/page"}],"author":[{"embeddable":true,"href":"https:\/\/sisu.ut.ee\/ewod\/wp-json\/wp\/v2\/users\/43"}],"replies":[{"embeddable":true,"href":"https:\/\/sisu.ut.ee\/ewod\/wp-json\/wp\/v2\/comments?post=655"}],"version-history":[{"count":1,"href":"https:\/\/sisu.ut.ee\/ewod\/wp-json\/wp\/v2\/pages\/655\/revisions"}],"predecessor-version":[{"id":4412,"href":"https:\/\/sisu.ut.ee\/ewod\/wp-json\/wp\/v2\/pages\/655\/revisions\/4412"}],"up":[{"embeddable":true,"href":"https:\/\/sisu.ut.ee\/ewod\/wp-json\/wp\/v2\/pages\/644"}],"wp:attachment":[{"href":"https:\/\/sisu.ut.ee\/ewod\/wp-json\/wp\/v2\/media?parent=655"}],"curies":[{"name":"wp","href":"https:\/\/api.w.org\/{rel}","templated":true}]}}