{"id":654,"date":"2024-04-03T23:40:07","date_gmt":"2024-04-03T20:40:07","guid":{"rendered":"https:\/\/sisu.ut.ee\/ewod\/stories-et-70\/"},"modified":"2024-04-04T00:09:29","modified_gmt":"2024-04-03T21:09:29","slug":"stories","status":"publish","type":"page","link":"https:\/\/sisu.ut.ee\/ewod\/r\/rumor\/stories\/","title":{"rendered":"Karl Rumor &#8211; short stories"},"content":{"rendered":"<p><span style=\"font-family: verdana, geneva\"><em><strong>Latvian<\/strong><\/em><\/span><br><span style=\"font-family: verdana, geneva\"> Karls Rumors,\u00a0<strong>J\u0101nis Bulle<\/strong>.\u00a0\u2013 Livia Viitol (ed), Igau\u0146u zelta noveles. Foreword by Livia Viitol. Translated by Maima\u00a0Gr\u012bnberga,\u00a0Tam\u0101ra Vilsone, D\u017euljeta Plakidis, R\u016bta Karma, K\u0101rlis M\u0101lbergs, Anna Vel\u0113da \u017d\u012bgure.\u00a0Rig\u0101: Lauku Avize, 2009, 319 pp. [Translation of \u2018Janis Bulle\u2019. Contents of the anthology:\u00a0Eduards Vilde, Rudais mulks;\u00a0Ernsts Petersons-Sergava, Oheliku t\u0113vo\u010da ziemsv\u0113tku noredz\u0113jums;\u00a0Fr\u012bdeberts Tuglass, Popitis un Huh\u016b;\u00a0Augusts Gail\u012bts, Augusta Gail\u012b\u0161a n\u0101ve;\u00a0P\u0113ts Vallaks, Grozu pin\u0113ja S\u012bma laime;\u00a0Antons Hanzens Tamms\u0101re, Svar\u012bg\u0101 diena;\u00a0Karls Ristikivi, Kristus ar stikla ac\u012bm;\u00a0Karls Rumors, J\u0101nis Bulle;\u00a0Arvo Valtons, V\u012brs ar za\u013co mugursomu;\u00a0Mati Unts, Kranih!;\u00a0Mari S\u0101ta, Elza Hermane;\u00a0J\u0101ks Jeer\u012bts, Mr. Diksits;\u00a0Mihkels Muts, Pusdienas pie Vulfiem;\u00a0T\u014dmass Vints, Tik negaid\u012bt\u0101 un ne\u0113rt\u0101 n\u0101ve;\u00a0\u0112va Parka, Ce\u013cojums;\u00a0Asta Peldm\u0113, V\u012bnes meit\u0113ns;\u00a0Matss Tr\u0101ts, Res nostra;\u00a0T\u012bts Aleksejevs, Tartu miers;\u00a0Reins Peders, Blaubarts;\u00a0Maimu Berga, Aizmirstie cilv\u0113ki;\u00a0Mehiss Heins\u0101rs, Ce\u013cot\u0101jlaime.]<\/span><\/p>\n<p><span style=\"font-family: verdana, geneva\"><em><strong>Swedish<\/strong><\/em><br><strong>Byxorna<\/strong>. \u2013 Estland ber\u00e4ttar. Noveller. Urvalet och redigeringen V. Uibopuu, A. Oras, E. V. Saks. \u00d6vers\u00e4ttningarna M. Janson, G. Milk-Parrot, E. Rein. F\u00f6rord A. Oras. Stockholm: V\u00e4lis-Eesti [Lovisa: \u00d6stra Nylands Tidnings &amp; Tryckeri], 1946, 189 pp. [Translation of \u2018P\u00fcksid\u2019. Anthology of short stories. Contents: Aino Kallas \u2019Bernhard Riives\u2019; August Gailit \u2019K\u00e4rlek\u2019; Karl Ast-Rumor \u2019Byxorna\u2019; Albert Kivikas \u2019Den f\u00f6rtrampades lycka\u2019; August M\u00e4lk \u2019Havets h\u00e5vor\u2019; Pedro Krusten \u2019Livb\u00e4ltet\u2019; Edgar V. Saks \u2019En sm\u00e5konung\u2019; Valev Uibopuu \u2019Vid floden\u2019; Karl Ristikivi \u2019Kristus med \u00f6gon av glas\u2019.]<br><\/span><\/p>\n","protected":false},"excerpt":{"rendered":"<p>Latvian Karls Rumors,\u00a0J\u0101nis Bulle.\u00a0\u2013 Livia Viitol (ed), Igau\u0146u zelta noveles. Foreword by Livia Viitol. Translated by Maima\u00a0Gr\u012bnberga,\u00a0Tam\u0101ra Vilsone, D\u017euljeta Plakidis, R\u016bta Karma, K\u0101rlis M\u0101lbergs, Anna Vel\u0113da \u017d\u012bgure.\u00a0Rig\u0101: Lauku Avize, 2009, 319 pp. [Translation of \u2018Janis Bulle\u2019. Contents of the anthology:\u00a0Eduards &#8230;<\/p>\n","protected":false},"author":43,"featured_media":0,"parent":643,"menu_order":0,"comment_status":"closed","ping_status":"closed","template":"","meta":{"_acf_changed":false,"inline_featured_image":false,"footnotes":""},"class_list":["post-654","page","type-page","status-publish","hentry"],"acf":[],"_links":{"self":[{"href":"https:\/\/sisu.ut.ee\/ewod\/wp-json\/wp\/v2\/pages\/654","targetHints":{"allow":["GET"]}}],"collection":[{"href":"https:\/\/sisu.ut.ee\/ewod\/wp-json\/wp\/v2\/pages"}],"about":[{"href":"https:\/\/sisu.ut.ee\/ewod\/wp-json\/wp\/v2\/types\/page"}],"author":[{"embeddable":true,"href":"https:\/\/sisu.ut.ee\/ewod\/wp-json\/wp\/v2\/users\/43"}],"replies":[{"embeddable":true,"href":"https:\/\/sisu.ut.ee\/ewod\/wp-json\/wp\/v2\/comments?post=654"}],"version-history":[{"count":1,"href":"https:\/\/sisu.ut.ee\/ewod\/wp-json\/wp\/v2\/pages\/654\/revisions"}],"predecessor-version":[{"id":4435,"href":"https:\/\/sisu.ut.ee\/ewod\/wp-json\/wp\/v2\/pages\/654\/revisions\/4435"}],"up":[{"embeddable":true,"href":"https:\/\/sisu.ut.ee\/ewod\/wp-json\/wp\/v2\/pages\/643"}],"wp:attachment":[{"href":"https:\/\/sisu.ut.ee\/ewod\/wp-json\/wp\/v2\/media?parent=654"}],"curies":[{"name":"wp","href":"https:\/\/api.w.org\/{rel}","templated":true}]}}