{"id":64,"date":"2024-04-03T23:39:18","date_gmt":"2024-04-03T20:39:18","guid":{"rendered":"https:\/\/sisu.ut.ee\/ewod\/kasuhans\/"},"modified":"2024-04-04T00:11:09","modified_gmt":"2024-04-03T21:11:09","slug":"kasuhans","status":"publish","type":"page","link":"https:\/\/sisu.ut.ee\/ewod\/k\/kasuhans\/","title":{"rendered":"K\u00e4su Hans"},"content":{"rendered":"<p>\n\t<span style=\"font-family:Verdana,Geneva,sans-serif\"><a href=\"https:\/\/sisu.ut.ee\/ewod\/k\/kasuhans\/poems\"><strong><span style=\"font-size: medium\">Poems<\/span><\/strong><\/a><\/span>\n<\/p>\n<p>\n\t<strong><span style=\"font-size:16px\"><span style=\"font-family:Verdana,Geneva,sans-serif\"><a data-url=\"https:\/\/sisu.ut.ee\/ewod\/k\/kasuhans\/about\" href=\"https:\/\/sisu.ut.ee\/ewod\/k\/kasuhans\/about\" title=\"\">About K\u00e4su Hans<\/a><\/span><\/span><\/strong>\n<\/p>\n<p><span style=\"font-family: verdana, geneva\"><span style=\"font-size: medium\"><span style=\"font-size: small\">K\u00e4su Hans (Hans Kess; birthdate unknown, deceased probably in 1715 or 1734) was an Estonian poet and author of the lament <em>Oh! ma vaene Tardo-liin<\/em> (\u2018Ah Me! Poor Tartu Town!\u2019) that is written in the South Estonian written language. K\u00e4su Hans is the first known native Estonian writer. He worked as a sacristan in Puhja and not much is known about his life. One theory states he died in 1715, another has him alive in the Puhja region even in the early 1730s. The lament of K\u00e4su Hans is written in 1708 and relates the events of the Great Northern War from 1704 to 1708, where Tartu was almost completely destroyed with only a few houses left standing by the armies of Peter I of Russia. In the lament, the author opposes the Russians and sides with the Swedish. The text has been preserved through copies, the first one of which was created in 1714 by Johann Heinrich Grotjan, a pastor at St John\u2019s Church in Tartu. Grotjan\u2019s copy has been the source of most other later publications. The first print version of the full text was published in 1902.<\/span><\/span><\/span><\/p>\n<p><span style=\"font-size: medium\"><span style=\"font-size: small\">Historically, the K\u00e4su Hans lament falls in the last phase of early Estonian occasional poetry although it differs from the tradition both in content and poetic development. The lament is a long poem that consists of 32 stanzas and is in the form of a monologue by the personified Tartu who relates its destruction as punishment for past sins. Although the text is an original, then thematically it most likely takes after the 1691 prose text by Adrian Virginius\u00a0<em>Jerusalemmi-Lina hirmsast \u00c4rr\u00e4h\u00e4et\u00e4missest<\/em> (\u2018Of the Awful Destruction of Jerusalem\u2019) that was also written in the South Estonian dialect and was adapted from The Jewish War by Josephus.<\/span><\/span><\/p>\n<p><span style=\"font-size: small\">The lament became popular and many oral versions of the song appeared. Many later writers (Friedebert Tuglas, Herbert Salu, Mart Kivastik) have made K\u00e4su Hans the main character in their writings.<\/span>\n<\/p>\n<p>\n\t<span style=\"font-family: verdana, geneva\"><span style=\"font-size: medium\"><em><span style=\"font-size: small\">M. V. (Translated by A. S.)<\/span><\/em><\/span><\/span><\/p>\n<p><strong><span style=\"font-size: medium\">Publications of the poem <em>Oh! ma vaene Tardo-liin<\/em> in Estonian<\/span><\/strong>\n<\/p>\n<p>\n\t<span style=\"font-family: verdana, geneva;font-size: small\">Friedrich Gustav Bienemann, <strong>Die Katastrophe der Stadt Dorpat w\u00e4hrend des Nordischen Krieges: nebst zeitgen\u00f6ssischen Aufzeichnungen<\/strong>. Tallinn: Verlag von Franz Kluge, 1902, lk 92\u201398.<br><strong>Valik eesti kirjakeele vanemaid m\u00e4lestisi a. 1524\u20131739. II vihk<\/strong>. (Akadeemilise Emakeele Seltsi Toimetised XVI). Koostajad Albert Saareste ja Arno Rafael Cederberg. Tartu: Akadeemilise Emakeele Seltsi kirjastus, 1931, 306\u2013315.<br><strong>Eesti kirjandusajalugu tekstides<\/strong>. (Akadeemilise Kirjandus\u00fchingu Toimetised IV). Toimetajad Gustav Suits ja Mart Lepik. Tartu: Akadeemilise Kirjandus\u00fchingu kirjastus, 1932, lk 57\u201367.<br><strong>K\u00e4su Hans ja Adrian Virginius<\/strong>. M\u00e4lestusp\u00e4ev Puhjas. \u00dcrituste kava. Koostaja Urmas Salo. Tartu: Eesti Muinsuskaitse Selts, 1988.<br><strong>S\u00f5narine<\/strong>. Eesti luule antoloogia. 1. k\u00f6ide. Koostaja Karl Muru. Tallinn: Eesti Raamat, 1989, lk 17\u201326.<br><strong>K\u00e4su Hansu kaebelaul<\/strong>. \u2013 Akadeemia 1993, nr 1, lk 150\u2013160. [Sisaldab kaht versiooni, mis m\u00f5lemad taotlevad originaalil\u00e4hedust \u2013 Johann Heinrich Grotjani \u00fcleskirjutuse p\u00f5hjal tehtud tekstikriitlist versiooni ja August Annisti versiooni.]<br><strong>300 aastat esimesest eestikeelsest luuletusest \u201eOh ma vaene Tarto liin\u201c (K\u00e4su Hans)<\/strong>. Koost Kaja Udso. Puhja: K. Udso, 2008, 12 lk.<\/span><\/p>\n","protected":false},"excerpt":{"rendered":"<p>Poems About K\u00e4su Hans K\u00e4su Hans (Hans Kess; birthdate unknown, deceased probably in 1715 or 1734) was an Estonian poet and author of the lament Oh! ma vaene Tardo-liin (\u2018Ah Me! Poor Tartu Town!\u2019) that is written in the South &#8230;<\/p>\n","protected":false},"author":43,"featured_media":0,"parent":498,"menu_order":0,"comment_status":"closed","ping_status":"closed","template":"","meta":{"_acf_changed":false,"inline_featured_image":false,"footnotes":""},"class_list":["post-64","page","type-page","status-publish","hentry"],"acf":[],"_links":{"self":[{"href":"https:\/\/sisu.ut.ee\/ewod\/wp-json\/wp\/v2\/pages\/64","targetHints":{"allow":["GET"]}}],"collection":[{"href":"https:\/\/sisu.ut.ee\/ewod\/wp-json\/wp\/v2\/pages"}],"about":[{"href":"https:\/\/sisu.ut.ee\/ewod\/wp-json\/wp\/v2\/types\/page"}],"author":[{"embeddable":true,"href":"https:\/\/sisu.ut.ee\/ewod\/wp-json\/wp\/v2\/users\/43"}],"replies":[{"embeddable":true,"href":"https:\/\/sisu.ut.ee\/ewod\/wp-json\/wp\/v2\/comments?post=64"}],"version-history":[{"count":1,"href":"https:\/\/sisu.ut.ee\/ewod\/wp-json\/wp\/v2\/pages\/64\/revisions"}],"predecessor-version":[{"id":5023,"href":"https:\/\/sisu.ut.ee\/ewod\/wp-json\/wp\/v2\/pages\/64\/revisions\/5023"}],"up":[{"embeddable":true,"href":"https:\/\/sisu.ut.ee\/ewod\/wp-json\/wp\/v2\/pages\/498"}],"wp:attachment":[{"href":"https:\/\/sisu.ut.ee\/ewod\/wp-json\/wp\/v2\/media?parent=64"}],"curies":[{"name":"wp","href":"https:\/\/api.w.org\/{rel}","templated":true}]}}