{"id":637,"date":"2024-04-03T23:40:06","date_gmt":"2024-04-03T20:40:06","guid":{"rendered":"https:\/\/sisu.ut.ee\/ewod\/poems-et-95\/"},"modified":"2024-04-04T00:09:30","modified_gmt":"2024-04-03T21:09:30","slug":"poems","status":"publish","type":"page","link":"https:\/\/sisu.ut.ee\/ewod\/k\/koiva\/poems\/","title":{"rendered":"Enn O. K\u00f5iva &#8211; poems"},"content":{"rendered":"<p><span style=\"font-family: verdana,geneva\"><strong><span style=\"font-size: medium\">Books<\/span><\/strong><\/span><\/p>\n<p><span style=\"font-family: verdana,geneva\"><strong><em>English<\/em><\/strong><\/span><br><span style=\"font-family: verdana,geneva\">Enn O. Koiva, <strong>Remembrance of Holy Lake = M\u00e4lestus P\u00fchaj\u00e4rvest<\/strong>. Columbia (Conn.): Cultural Models, 2011, 70 pp.<\/span><br><span style=\"font-family: verdana,geneva\">Enn O. Koiva, <strong>Sauna taga. Behind the sauna: selected poems<\/strong>. Columbia (Conn.): Cultural Models, 2010, 49 pp.<\/span><\/p>\n","protected":false},"excerpt":{"rendered":"<p>Books EnglishEnn O. Koiva, Remembrance of Holy Lake = M\u00e4lestus P\u00fchaj\u00e4rvest. Columbia (Conn.): Cultural Models, 2011, 70 pp.Enn O. Koiva, Sauna taga. Behind the sauna: selected poems. Columbia (Conn.): Cultural Models, 2010, 49 pp.<\/p>\n","protected":false},"author":43,"featured_media":0,"parent":615,"menu_order":0,"comment_status":"closed","ping_status":"closed","template":"","meta":{"_acf_changed":false,"inline_featured_image":false,"footnotes":""},"class_list":["post-637","page","type-page","status-publish","hentry"],"acf":[],"_links":{"self":[{"href":"https:\/\/sisu.ut.ee\/ewod\/wp-json\/wp\/v2\/pages\/637","targetHints":{"allow":["GET"]}}],"collection":[{"href":"https:\/\/sisu.ut.ee\/ewod\/wp-json\/wp\/v2\/pages"}],"about":[{"href":"https:\/\/sisu.ut.ee\/ewod\/wp-json\/wp\/v2\/types\/page"}],"author":[{"embeddable":true,"href":"https:\/\/sisu.ut.ee\/ewod\/wp-json\/wp\/v2\/users\/43"}],"replies":[{"embeddable":true,"href":"https:\/\/sisu.ut.ee\/ewod\/wp-json\/wp\/v2\/comments?post=637"}],"version-history":[{"count":1,"href":"https:\/\/sisu.ut.ee\/ewod\/wp-json\/wp\/v2\/pages\/637\/revisions"}],"predecessor-version":[{"id":4442,"href":"https:\/\/sisu.ut.ee\/ewod\/wp-json\/wp\/v2\/pages\/637\/revisions\/4442"}],"up":[{"embeddable":true,"href":"https:\/\/sisu.ut.ee\/ewod\/wp-json\/wp\/v2\/pages\/615"}],"wp:attachment":[{"href":"https:\/\/sisu.ut.ee\/ewod\/wp-json\/wp\/v2\/media?parent=637"}],"curies":[{"name":"wp","href":"https:\/\/api.w.org\/{rel}","templated":true}]}}