{"id":633,"date":"2024-04-03T23:40:06","date_gmt":"2024-04-03T20:40:06","guid":{"rendered":"https:\/\/sisu.ut.ee\/ewod\/poems-et-93\/"},"modified":"2024-04-04T00:09:30","modified_gmt":"2024-04-03T21:09:30","slug":"poems","status":"publish","type":"page","link":"https:\/\/sisu.ut.ee\/ewod\/b\/baturin\/poems\/","title":{"rendered":"Nikolai Baturin &#8211; poems"},"content":{"rendered":"<p><span style=\"font-family: verdana, geneva;font-size: medium\"><strong>Books<\/strong><\/span><\/p>\n<p><span style=\"font-family: verdana, geneva;font-size: small\"><strong><em>Russian<\/em><br><\/strong>\u041d\u0438\u043a\u043e\u043b\u0430\u0439 \u0424\u0435\u0434\u043e\u0440\u043e\u0432\u0438\u0447 \u0411\u0430\u0442\u0443\u0440\u0438\u043d, <strong>\u041f\u043e\u043b\u0435\u0442 \u043a\u043e\u043b\u043e\u0434\u0435\u0437\u043d\u043e\u0433\u043e \u0436\u0443\u0440\u0430\u0432\u043b\u044f: \u0441\u0442\u0438\u0445\u0438<\/strong>. [\u0425\u0443\u0434\u043e\u0436\u043d\u0438\u043a: \u0418. \u0420\u0430\u0443\u0434\u0441\u0435\u043f\u043f]. \u041c\u043e\u0441\u043a\u0432\u0430: \u0421\u043e\u0432\u0435\u0442\u0441\u043a\u0438\u0439 \u043f\u0438\u0441\u0430\u0442\u0435\u043b\u044c, 1989, 171 pp. [\u2019Kajokurelend\u2019.]<br><strong><br><\/strong><\/span><\/p>\n<p><span style=\"font-family: verdana, geneva;font-size: medium\"><strong>In compilations, anthologies, magazines<\/strong><\/span><\/p>\n<p><span style=\"font-family: verdana, geneva\"><strong><em>Russian<\/em><\/strong><br>\u041d\u0438\u043a\u043e\u043b\u0430\u0439 \u0411\u0430\u0442\u0443\u0440\u0438\u043d, <strong>[\u0421\u0442\u0438\u0445\u0438]<\/strong>. \u041f\u0435\u0440\u0435\u0432\u043e\u0434 \u0410\u043d\u043d\u044b \u041f\u0440\u043e\u0441\u043a\u0443\u0440\u0438\u043d\u043e\u0439, \u0418\u0440\u0438\u043d\u044b \u0412\u043e\u0440\u043e\u043d\u043a\u043e\u0432\u043e\u0439 \u0438 \u0410\u043d\u0430\u0441\u0442\u0430\u0441\u0438\u0438 \u0420\u0435\u0437\u0435\u043f\u043e\u0432\u043e\u0439. \u2013 \u042d\u0441\u0442\u043e\u043d\u0441\u043a\u0438\u0439 \u043f\u0438\u0441\u0430\u0442\u0435\u043b\u044c-\u0448\u0435\u0441\u0442\u0438\u0434\u0435\u0441\u044f\u0442\u043d\u0438\u043a. 2-\u0439 \u0441\u0431\u043e\u0440\u043d\u0438\u043a. \u041b\u0438\u0442\u0435\u0440\u0430\u0442\u0443\u0440\u043d\u043e-\u043f\u0435\u0440\u0435\u0432\u043e\u0434\u0447\u0435\u0441\u043a\u0430\u044f \u0448\u043a\u043e\u043b\u0430-\u0441\u0442\u0443\u0434\u0438\u044f; \u0441\u043e\u0441\u0442\u0430\u0432\u0438\u0442\u0435\u043b\u044c \u0438 \u0440\u0435\u0434\u0430\u043a\u0442\u043e\u0440 \u0411\u043e\u0440\u0438\u0441 \u0411\u0430\u043b\u044f\u0441\u043d\u044b\u0439. Tallinn: BRI &amp; Ko, [2009], 260 pp. [See <a href=\"https:\/\/sisu.ut.ee\/ewod\/anthologies\/russian\/60ndad2\"><strong>contents<\/strong><\/a> of the anthology.]<strong><br>\u0410\u043d\u0442\u043e\u043b\u043e\u0433\u0438\u044f \u044d\u0441\u0442\u043e\u043d\u0441\u043a\u043e\u0439 \u043f\u043e\u044d\u0437\u0438\u0438<\/strong>. C\u043e\u0441\u0442\u0430\u0432\u0438\u0442\u0435\u043b\u044c \u0438 \u0440\u0435\u0434\u0430\u043a\u0442\u043e\u0440 \u042d\u043b\u044c\u0432\u0438\u0440\u0430 \u041c\u0438\u0445\u0430\u0439\u043b\u043e\u0432\u0430. A\u0432\u0442. \u0441\u0442. \u0418. \u0411\u0435\u043b\u043e\u0431\u0440\u043e\u0432\u0446\u0435\u0432\u0430 \u0438 \u0434\u0440.\u037e \u0431\u0438\u0431\u043b\u0438\u043e\u0433\u0440. \u041e. \u041a\u0438\u0432\u0438.\u00a0Kodumaa \u2013 \u0420\u043e\u0434\u043d\u043e\u0439 \u0434\u043e\u043c: \u0431\u0438\u0431\u043b\u0438\u043e\u0442\u0435\u043a\u0430 \u044d\u0441\u0442\u043e\u043d\u0441\u043a\u043e\u0439 \u043b\u0438\u0442\u0435\u0440\u0430\u0442\u0443\u0440\u044b.\u00a0\u0422\u0430\u043b\u043b\u0438\u043d\u043d: KPD Kirjastus, 1999. 739 pp. [Foreword \u2018\u0413\u043b\u0430\u0432\u043d\u044b\u0435 \u043d\u0430\u043f\u0440\u0430\u0432\u043b\u0435\u043d\u0438\u044f \u044d\u0441\u0442\u043e\u043d\u0441\u043a\u043e\u0439 \u043f\u043e\u044d\u0437\u0438\u0438\u2019 by Ain Kaalep. Poems by\u00a0Reiner Brockmann, K\u00e4su Hans, Kristian Jaak Peterson, Lydia Koidula, Ado Reinvald, Karl Eduard S\u00f6\u00f6t, Juhan Liiv, Anna Haava, Ernst Enno, Gustav Suits, Villem Gr\u00fcnthal-Ridala, Marie Under, Henrik Visnapuu, Johannes Vares-Barbarus, Johannes Semper, Valmar Adams, Juhan S\u00fctiste, Heiti Talvik, Betti Alver, Bernard Kangro, Uku Masing, August Sang, Kersti Merilaas, Debora Vaarandi, Ralf Parve, Minni Nurme, Juhan Smuul, Ilmar Laaban, Kalju Lepik, Jaan Kross, Ellen Niit, Ain Kaalep, Artur Alliksaar, Paul-Eerik Rummo, Mats Traat, Arvi Siig, Aleksander Suuman, Jaan Kaplinski, Andres Ehin, Hando Runnel, Toomas Liiv, Johnny B. Isotamm, Viivi Luik, Nikolai Baturin, Juhan Viiding, Ene Mihkelson, Doris Kareva, Mari Vallisoo, Ilona Laaman, Indrek Hirv, Hasso Krull.]<br><strong>\u0410\u043d\u0442\u043e\u043b\u043e\u0433\u0438\u044f \u044d\u0441\u0442\u043e\u043d\u0441\u043a\u043e\u0439 \u043f\u043e\u044d\u0437\u0438\u0438: 1637-1987 \u0433<\/strong>. \u0421\u043e\u0441\u0442\u0430\u0432\u0438\u0442\u0435\u043b\u044c \u041b. \u0420\u0443\u0443\u0434, \u042d. \u041c\u0438\u0445\u0430\u0439\u043b\u043e\u0432\u0430; \u043f\u0440\u0435\u0434\u0438\u0441\u043b\u043e\u0432\u0438\u0435 \u0410. \u041a\u0430\u0430\u043b\u0435\u043f\u0430. \u0422\u0430\u043b\u043b\u0438\u043d\u043d: \u042d\u044d\u0441\u0442\u0438 \u0420\u0430\u0430\u043c\u0430\u0442, 1990, 415 pp. [Poems by: Reiner Brockmann, Heinrich G\u00f6seken, Johann Gutslaff, Johann Sebastian Markard, Johann Kohsen, unknown author in 1697, K\u00e4su Hans, Carl Schulten, Carl Gustav von Staden, unknown author in 1779, Berend Heinrich von Tiesenhausen, Joachim Gottlieb Schwabe, Kristian Jaak Peterson, Lydia Koidula, Juhan Liiv, Gustav Suits, Villem Ridala, Marie Under, Henrik Visnapuu, Johannes Barbarus, Heiti Talvik, Betti Alver, August Sang, Kersti Merilaas, Mart Raud, Uku Masing, Juhan S\u00fctiste, Johannes Semper, Valmar Adams, Juhan Smuul, Debora Vaarandi, Ralf Parve, Aira Kaal, Minni Nurme, Uno Laht, Jaan Kross, Ellen Niit, Vladimir Beekman, Artur Alliksaar, Ain Kaalep, Paul Haavaoks, Aleksander Suuman, Arvi Siig, Mats Traat, Nikolai Baturin, Paul-Eerik Rummo, Jaan Kaplinski, Hando Runnel, Viivi Luik, Juhan Viiding, Ene Mihkelson, Doris Kareva, Mari Vallisoo.]<br><\/span><\/p>\n","protected":false},"excerpt":{"rendered":"<p>Books Russian\u041d\u0438\u043a\u043e\u043b\u0430\u0439 \u0424\u0435\u0434\u043e\u0440\u043e\u0432\u0438\u0447 \u0411\u0430\u0442\u0443\u0440\u0438\u043d, \u041f\u043e\u043b\u0435\u0442 \u043a\u043e\u043b\u043e\u0434\u0435\u0437\u043d\u043e\u0433\u043e \u0436\u0443\u0440\u0430\u0432\u043b\u044f: \u0441\u0442\u0438\u0445\u0438. [\u0425\u0443\u0434\u043e\u0436\u043d\u0438\u043a: \u0418. \u0420\u0430\u0443\u0434\u0441\u0435\u043f\u043f]. \u041c\u043e\u0441\u043a\u0432\u0430: \u0421\u043e\u0432\u0435\u0442\u0441\u043a\u0438\u0439 \u043f\u0438\u0441\u0430\u0442\u0435\u043b\u044c, 1989, 171 pp. [\u2019Kajokurelend\u2019.] In compilations, anthologies, magazines Russian\u041d\u0438\u043a\u043e\u043b\u0430\u0439 \u0411\u0430\u0442\u0443\u0440\u0438\u043d, [\u0421\u0442\u0438\u0445\u0438]. \u041f\u0435\u0440\u0435\u0432\u043e\u0434 \u0410\u043d\u043d\u044b \u041f\u0440\u043e\u0441\u043a\u0443\u0440\u0438\u043d\u043e\u0439, \u0418\u0440\u0438\u043d\u044b \u0412\u043e\u0440\u043e\u043d\u043a\u043e\u0432\u043e\u0439 \u0438 \u0410\u043d\u0430\u0441\u0442\u0430\u0441\u0438\u0438 \u0420\u0435\u0437\u0435\u043f\u043e\u0432\u043e\u0439. \u2013 \u042d\u0441\u0442\u043e\u043d\u0441\u043a\u0438\u0439 \u043f\u0438\u0441\u0430\u0442\u0435\u043b\u044c-\u0448\u0435\u0441\u0442\u0438\u0434\u0435\u0441\u044f\u0442\u043d\u0438\u043a. 2-\u0439 \u0441\u0431\u043e\u0440\u043d\u0438\u043a. \u041b\u0438\u0442\u0435\u0440\u0430\u0442\u0443\u0440\u043d\u043e-\u043f\u0435\u0440\u0435\u0432\u043e\u0434\u0447\u0435\u0441\u043a\u0430\u044f \u0448\u043a\u043e\u043b\u0430-\u0441\u0442\u0443\u0434\u0438\u044f; &#8230;<\/p>\n","protected":false},"author":43,"featured_media":0,"parent":159,"menu_order":0,"comment_status":"closed","ping_status":"closed","template":"","meta":{"_acf_changed":false,"inline_featured_image":false,"footnotes":""},"class_list":["post-633","page","type-page","status-publish","hentry"],"acf":[],"_links":{"self":[{"href":"https:\/\/sisu.ut.ee\/ewod\/wp-json\/wp\/v2\/pages\/633","targetHints":{"allow":["GET"]}}],"collection":[{"href":"https:\/\/sisu.ut.ee\/ewod\/wp-json\/wp\/v2\/pages"}],"about":[{"href":"https:\/\/sisu.ut.ee\/ewod\/wp-json\/wp\/v2\/types\/page"}],"author":[{"embeddable":true,"href":"https:\/\/sisu.ut.ee\/ewod\/wp-json\/wp\/v2\/users\/43"}],"replies":[{"embeddable":true,"href":"https:\/\/sisu.ut.ee\/ewod\/wp-json\/wp\/v2\/comments?post=633"}],"version-history":[{"count":1,"href":"https:\/\/sisu.ut.ee\/ewod\/wp-json\/wp\/v2\/pages\/633\/revisions"}],"predecessor-version":[{"id":4438,"href":"https:\/\/sisu.ut.ee\/ewod\/wp-json\/wp\/v2\/pages\/633\/revisions\/4438"}],"up":[{"embeddable":true,"href":"https:\/\/sisu.ut.ee\/ewod\/wp-json\/wp\/v2\/pages\/159"}],"wp:attachment":[{"href":"https:\/\/sisu.ut.ee\/ewod\/wp-json\/wp\/v2\/media?parent=633"}],"curies":[{"name":"wp","href":"https:\/\/api.w.org\/{rel}","templated":true}]}}