{"id":628,"date":"2024-04-03T23:40:05","date_gmt":"2024-04-03T20:40:05","guid":{"rendered":"https:\/\/sisu.ut.ee\/ewod\/nonfiction-et-35\/"},"modified":"2024-04-04T00:09:33","modified_gmt":"2024-04-03T21:09:33","slug":"nonfiction","status":"publish","type":"page","link":"https:\/\/sisu.ut.ee\/ewod\/s\/salo\/nonfiction\/","title":{"rendered":"Vello Salo &#8211; non-fiction"},"content":{"rendered":"<p><span style=\"font-size: medium\"><strong><span style=\"font-family: verdana, geneva\">Books<\/span><\/strong><\/span><\/p>\n<p><strong><em><span style=\"font-family: verdana, geneva\">Finnish<\/span><\/em><\/strong><br><span style=\"font-family: verdana, geneva\"><strong>\u201cT\u00e4\u00e4ll\u00e4 Vatikaanin radio!\u201d. Suomen-pojan, teologin, kustantajan ja historioitsijan el\u00e4m\u00e4ntarina<\/strong>. Suomentanut Hannu Oittinen; toimittaneet Jari P. Havia ja Hannu Oittinen; taittanut Mari-Liis Bassovskaja. Helsinki; Tallinn: Tallinna-kustannus, 2017, 167 pp. [\u2018\u201dSiin Vatikani raadio!\u201d. Vello Salo lugu\u2019, a memoir.]<\/span><\/p>\n","protected":false},"excerpt":{"rendered":"<p>Books Finnish\u201cT\u00e4\u00e4ll\u00e4 Vatikaanin radio!\u201d. Suomen-pojan, teologin, kustantajan ja historioitsijan el\u00e4m\u00e4ntarina. Suomentanut Hannu Oittinen; toimittaneet Jari P. Havia ja Hannu Oittinen; taittanut Mari-Liis Bassovskaja. Helsinki; Tallinn: Tallinna-kustannus, 2017, 167 pp. [\u2018\u201dSiin Vatikani raadio!\u201d. Vello Salo lugu\u2019, a memoir.]<\/p>\n","protected":false},"author":43,"featured_media":0,"parent":1392,"menu_order":0,"comment_status":"closed","ping_status":"closed","template":"","meta":{"_acf_changed":false,"inline_featured_image":false,"footnotes":""},"class_list":["post-628","page","type-page","status-publish","hentry"],"acf":[],"_links":{"self":[{"href":"https:\/\/sisu.ut.ee\/ewod\/wp-json\/wp\/v2\/pages\/628","targetHints":{"allow":["GET"]}}],"collection":[{"href":"https:\/\/sisu.ut.ee\/ewod\/wp-json\/wp\/v2\/pages"}],"about":[{"href":"https:\/\/sisu.ut.ee\/ewod\/wp-json\/wp\/v2\/types\/page"}],"author":[{"embeddable":true,"href":"https:\/\/sisu.ut.ee\/ewod\/wp-json\/wp\/v2\/users\/43"}],"replies":[{"embeddable":true,"href":"https:\/\/sisu.ut.ee\/ewod\/wp-json\/wp\/v2\/comments?post=628"}],"version-history":[{"count":1,"href":"https:\/\/sisu.ut.ee\/ewod\/wp-json\/wp\/v2\/pages\/628\/revisions"}],"predecessor-version":[{"id":4456,"href":"https:\/\/sisu.ut.ee\/ewod\/wp-json\/wp\/v2\/pages\/628\/revisions\/4456"}],"up":[{"embeddable":true,"href":"https:\/\/sisu.ut.ee\/ewod\/wp-json\/wp\/v2\/pages\/1392"}],"wp:attachment":[{"href":"https:\/\/sisu.ut.ee\/ewod\/wp-json\/wp\/v2\/media?parent=628"}],"curies":[{"name":"wp","href":"https:\/\/api.w.org\/{rel}","templated":true}]}}