{"id":622,"date":"2024-04-03T23:40:05","date_gmt":"2024-04-03T20:40:05","guid":{"rendered":"https:\/\/sisu.ut.ee\/ewod\/poems-et-90\/"},"modified":"2024-04-04T00:09:32","modified_gmt":"2024-04-03T21:09:32","slug":"poems","status":"publish","type":"page","link":"https:\/\/sisu.ut.ee\/ewod\/i\/isotamm\/poems\/","title":{"rendered":"Johnny B. Isotamm &#8211; poems"},"content":{"rendered":"<p>\n\t<span style=\"font-family: verdana, geneva;font-size: medium\"><strong>In anthologies and\u00a0magazines<\/strong><\/span>\n<\/p>\n<p>\n\t<span style=\"font-family: verdana, geneva\"><strong><em>Dutch<\/em><br>Van haast naamloze kusten: moderne Estische po\u00ebzie<\/strong>.\u00a0Samengesteld en ingeleid door Paul-Eerik Rummo; uit het Estisch vertaald door Mati Sirkel en Marianne Vogel.\u00a0Leiden : Lantaarn &amp; Slavische Stichting te Leiden, 1989. 46 pp. [Poems by Artur Alliksaar, Betti Alver, Viiu H\u00e4rm, Johnny B. Isotamm, Ivar Ivask, Jaan Kaplinski, Doris Kareva, Ilmar Laaban, Kalju Lepik, Viivi Luik, Uku Masing, Karl Ristikivi, Paul-Erik Rummo, Hando Runnel, Heiti Talvik, Juhan Viiding.]<\/span>\n<\/p>\n<p>\n\t<span style=\"font-family: verdana, geneva\"><strong><em>English<\/em><\/strong><br>Jaan Isotamm, <strong>I; Not Yet; Matador<\/strong>. \u2013 An Introduction to Estonian Literature. Translated and edited by Hilary Bird. Bloomington, Ind.: Slavica, 2018, xv+486 pp. [See <\/span><strong><span style=\"font-family:Verdana,Geneva,sans-serif\"><a data-url=\"https:\/\/sisu.ut.ee\/ewod\/anthologies\/english\/bird\" href=\"https:\/\/sisu.ut.ee\/ewod\/anthologies\/english\/bird\" title=\"\">contents<\/a><\/span><\/strong><span style=\"font-family: verdana, geneva\"> of the anthology.]<\/span>\n<\/p>\n<p>\n\t<span style=\"font-family: verdana, geneva\"><strong><em>Polish<\/em><br>Kr\u0119gi pami\u0119ci: wiersze i przek\u0142ady<\/strong>.\u00a0T\u0142umaczenie\u00a0Aarne Puu.\u00a0Krak\u00f3w: Towarzystwa S\u0142owak\u00f3w w Polsce, 2007. 162 pp. [Poems by\u00a0Artur Alliksaar, fs, Johnny B. Isotamm, Mihkel Kaevats, Jaan Kaplinski, Doris Kareva, Kalev Kesk\u00fcla, Hasso Krull, Toomas Liiv, Viivi Luik, Aarne Puu, Paul-Eerik Rummo, Juhan Viiding.]<\/span>\n<\/p>\n<p>\n\t<span style=\"font-family: verdana, geneva\"><strong><em>Russian<\/em><\/strong><br><strong>\u0410\u043d\u0442\u043e\u043b\u043e\u0433\u0438\u044f \u044d\u0441\u0442\u043e\u043d\u0441\u043a\u043e\u0439 \u043f\u043e\u044d\u0437\u0438\u0438<\/strong>. C\u043e\u0441\u0442\u0430\u0432\u0438\u0442\u0435\u043b\u044c \u0438 \u0440\u0435\u0434\u0430\u043a\u0442\u043e\u0440 \u042d\u043b\u044c\u0432\u0438\u0440\u0430 \u041c\u0438\u0445\u0430\u0439\u043b\u043e\u0432\u0430. A\u0432\u0442. \u0441\u0442. \u0418. \u0411\u0435\u043b\u043e\u0431\u0440\u043e\u0432\u0446\u0435\u0432\u0430 \u0438 \u0434\u0440.\u037e \u0431\u0438\u0431\u043b\u0438\u043e\u0433\u0440. \u041e. \u041a\u0438\u0432\u0438.\u00a0Kodumaa \u2013 \u0420\u043e\u0434\u043d\u043e\u0439 \u0434\u043e\u043c: \u0431\u0438\u0431\u043b\u0438\u043e\u0442\u0435\u043a\u0430 \u044d\u0441\u0442\u043e\u043d\u0441\u043a\u043e\u0439 \u043b\u0438\u0442\u0435\u0440\u0430\u0442\u0443\u0440\u044b.\u00a0\u0422\u0430\u043b\u043b\u0438\u043d\u043d: KPD Kirjastus, 1999. 739 pp. [Foreword \u2018\u0413\u043b\u0430\u0432\u043d\u044b\u0435 \u043d\u0430\u043f\u0440\u0430\u0432\u043b\u0435\u043d\u0438\u044f \u044d\u0441\u0442\u043e\u043d\u0441\u043a\u043e\u0439 \u043f\u043e\u044d\u0437\u0438\u0438\u2019 by Ain Kaalep. Poems by\u00a0Reiner Brockmann, K\u00e4su Hans, Kristian Jaak Peterson, Lydia Koidula, Ado Reinvald, Karl Eduard S\u00f6\u00f6t, Juhan Liiv, Anna Haava, Ernst Enno, Gustav Suits, Villem Gr\u00fcnthal-Ridala, Marie Under, Henrik Visnapuu, Johannes Vares-Barbarus, Johannes Semper, Valmar Adams, Juhan S\u00fctiste, Heiti Talvik, Betti Alver, Bernard Kangro, Uku Masing, August Sang, Kersti Merilaas, Debora Vaarandi, Ralf Parve, Minni Nurme, Juhan Smuul, Ilmar Laaban, Kalju Lepik, Jaan Kross, Ellen Niit, Ain Kaalep, Artur Alliksaar, Paul-Eerik Rummo, Mats Traat, Arvi Siig, Aleksander Suuman, Jaan Kaplinski, Andres Ehin, Hando Runnel, Toomas Liiv, Johnny B. Isotamm, Viivi Luik, Nikolai Baturin, Juhan Viiding, Ene Mihkelson, Doris Kareva, Mari Vallisoo, Ilona Laaman, Indrek Hirv, Hasso Krull.]<\/span>\n<\/p>\n<p>\n\t<span style=\"font-family: verdana, geneva\"><strong><em>Slovak<\/em><\/strong><br><strong>Osud motyla: antologia mladej estonskej poezie<\/strong>. Zostavil, doslov a medailony napisal Vladimir Macura. Bratislava: Smena, [1984], 215 pp. [Poems by Andres Ehin, Johnny B. Isotamm, Jaak J\u00f5er\u00fc\u00fct, Jaan Kaplinski, Toomas Liiv, Viivi Luik, Paul-Eerik Rummo, Hando Runnel, Mats Traat, Enn Vetemaa, Juhan Viiding.]<\/span><\/p>\n","protected":false},"excerpt":{"rendered":"<p>In anthologies and\u00a0magazines DutchVan haast naamloze kusten: moderne Estische po\u00ebzie.\u00a0Samengesteld en ingeleid door Paul-Eerik Rummo; uit het Estisch vertaald door Mati Sirkel en Marianne Vogel.\u00a0Leiden : Lantaarn &amp; Slavische Stichting te Leiden, 1989. 46 pp. [Poems by Artur Alliksaar, Betti &#8230;<\/p>\n","protected":false},"author":43,"featured_media":0,"parent":611,"menu_order":0,"comment_status":"closed","ping_status":"closed","template":"","meta":{"_acf_changed":false,"inline_featured_image":false,"footnotes":""},"class_list":["post-622","page","type-page","status-publish","hentry"],"acf":[],"_links":{"self":[{"href":"https:\/\/sisu.ut.ee\/ewod\/wp-json\/wp\/v2\/pages\/622","targetHints":{"allow":["GET"]}}],"collection":[{"href":"https:\/\/sisu.ut.ee\/ewod\/wp-json\/wp\/v2\/pages"}],"about":[{"href":"https:\/\/sisu.ut.ee\/ewod\/wp-json\/wp\/v2\/types\/page"}],"author":[{"embeddable":true,"href":"https:\/\/sisu.ut.ee\/ewod\/wp-json\/wp\/v2\/users\/43"}],"replies":[{"embeddable":true,"href":"https:\/\/sisu.ut.ee\/ewod\/wp-json\/wp\/v2\/comments?post=622"}],"version-history":[{"count":1,"href":"https:\/\/sisu.ut.ee\/ewod\/wp-json\/wp\/v2\/pages\/622\/revisions"}],"predecessor-version":[{"id":4450,"href":"https:\/\/sisu.ut.ee\/ewod\/wp-json\/wp\/v2\/pages\/622\/revisions\/4450"}],"up":[{"embeddable":true,"href":"https:\/\/sisu.ut.ee\/ewod\/wp-json\/wp\/v2\/pages\/611"}],"wp:attachment":[{"href":"https:\/\/sisu.ut.ee\/ewod\/wp-json\/wp\/v2\/media?parent=622"}],"curies":[{"name":"wp","href":"https:\/\/api.w.org\/{rel}","templated":true}]}}