{"id":620,"date":"2024-04-03T23:40:05","date_gmt":"2024-04-03T20:40:05","guid":{"rendered":"https:\/\/sisu.ut.ee\/ewod\/j\/"},"modified":"2024-10-01T14:08:59","modified_gmt":"2024-10-01T11:08:59","slug":"j","status":"publish","type":"page","link":"https:\/\/sisu.ut.ee\/ewod\/j\/","title":{"rendered":"J"},"content":{"rendered":"<p><span style=\"font-size: 13px;\"><span style=\"font-family: verdana, geneva;\"><strong><a href=\"https:\/\/sisu.ut.ee\/ewod\/j\/jaaks\">Piret Jaaks<\/a><\/strong><br>\n<a href=\"https:\/\/sisu.ut.ee\/ewod\/j\/jackson\">Mall Jaakson (Lena Jackson)<\/a><br>\n<strong><a href=\"https:\/\/sisu.ut.ee\/ewod\/j\/jaaksoo\">Andres Jaaksoo<\/a><\/strong><\/span><br>\n<strong><span style=\"font-family: Verdana,Geneva,sans-serif;\"><a title=\"\" href=\"https:\/\/sisu.ut.ee\/ewod\/j\/jaanimagi\" data-url=\"https:\/\/sisu.ut.ee\/ewod\/j\/jaanimagi\">Urmo Jaanim\u00e4gi<\/a><\/span><\/strong><br>\n<span style=\"font-family: verdana, geneva;\"><strong><a href=\"https:\/\/sisu.ut.ee\/ewod\/j\/jaanus\">Maire Jaanus<\/a><\/strong><br>\n<strong><a href=\"https:\/\/sisu.ut.ee\/ewod\/j\/jaik\">Juhan Jaik<\/a><\/strong><br>\n<strong><a href=\"https:\/\/sisu.ut.ee\/ewod\/j\/katrinjakobi\">Katrin Jakobi<\/a><\/strong><\/span><br>\n<strong><span style=\"font-family: verdana, geneva;\"><a href=\"https:\/\/sisu.ut.ee\/ewod\/j\/jakobson\">August Jakobson<\/a><\/span><\/strong><br>\n<span style=\"font-family: verdana, geneva;\"><strong><a href=\"https:\/\/sisu.ut.ee\/ewod\/j\/crjakobson\">Carl Robert Jakobson<\/a><\/strong><br>\n<strong><a href=\"https:\/\/sisu.ut.ee\/ewod\/j\/peeterjakobson\">Peeter Jakobson<\/a><\/strong><br>\n<strong><a href=\"https:\/\/sisu.ut.ee\/ewod\/j\/jaks\">Ilmar Jaks<\/a><\/strong><br>\n<a href=\"https:\/\/sisu.ut.ee\/ewod\/j\/johannesjaks\">Johannes Jaks<\/a><br>\n<strong><a href=\"https:\/\/sisu.ut.ee\/ewod\/j\/jannsen\">Johann Voldemar Jannsen<\/a><\/strong><\/span><br>\n<strong><span style=\"font-family: Verdana,Geneva,sans-serif;\"><a title=\"\" href=\"https:\/\/sisu.ut.ee\/ewod\/j\/jans\" data-url=\"https:\/\/sisu.ut.ee\/ewod\/j\/jans\">Joel Jans<\/a><\/span><\/strong><br>\n<strong><span style=\"font-family: Verdana,Geneva,sans-serif;\"><a title=\"\" href=\"https:\/\/sisu.ut.ee\/ewod\/j\/jaska\" data-url=\"https:\/\/sisu.ut.ee\/ewod\/j\/jaska\">Vello Jaska<\/a><\/span><\/strong><br>\n<span style=\"font-family: verdana, geneva;\"><strong><a href=\"https:\/\/sisu.ut.ee\/ewod\/j\/jassa\">Kaspar Jassa<\/a><\/strong><br>\nEne Jermakov \u2013 <em>see<\/em> <a href=\"https:\/\/sisu.ut.ee\/ewod\/p\/pajula\"><strong>Ene Pajula<\/strong><\/a><\/span><br>\n<strong><span style=\"font-family: Verdana,Geneva,sans-serif;\"><a title=\"\" href=\"https:\/\/sisu.ut.ee\/ewod\/j\/johanson\" data-url=\"https:\/\/sisu.ut.ee\/ewod\/j\/johanson\">Katrin Johanson<\/a><\/span><\/strong><br>\n<span style=\"font-family: verdana, geneva;\"><a href=\"https:\/\/sisu.ut.ee\/ewod\/j\/joonas\">Larissa Joonas (\u041b\u0430\u0440\u0438\u0441\u0430 \u0419\u043e\u043e\u043d\u0430\u0441)<\/a><\/span><br>\n<strong><span style=\"font-family: Verdana,Geneva,sans-serif;\"><a title=\"\" href=\"https:\/\/sisu.ut.ee\/ewod\/j\/juur\" data-url=\"https:\/\/sisu.ut.ee\/ewod\/j\/juur\">Mart Juur<\/a><\/span><\/strong><br>\n<span style=\"font-family: verdana, geneva;\">Aliis J\u00f5e \u2013 <em>see<\/em><strong><a href=\"https:\/\/sisu.ut.ee\/ewod\/s\/eloselirand\/\"> Elo Selirand<\/a><br>\n<a href=\"https:\/\/sisu.ut.ee\/ewod\/j\/joeruut\">Jaak J\u00f5er\u00fc\u00fct<\/a><\/strong><\/span><br>\n<strong><span style=\"font-family: Verdana,Geneva,sans-serif;\"><a title=\"\" href=\"https:\/\/sisu.ut.ee\/ewod\/j\/jogi\" data-url=\"https:\/\/sisu.ut.ee\/ewod\/j\/jogi\">Mall J\u00f5gi<\/a><\/span><\/strong><br>\n<span style=\"font-family: verdana, geneva;\"><strong><a href=\"https:\/\/sisu.ut.ee\/ewod\/j\/jogisalu\">Harri J\u00f5gisalu<\/a><\/strong><br>\n<strong><a href=\"https:\/\/sisu.ut.ee\/ewod\/j\/jaak-jarv\/\">Jaak J\u00e4rv<\/a><br>\n<a href=\"https:\/\/sisu.ut.ee\/ewod\/j\/ristojarv\">Risto J\u00e4rv<\/a><\/strong><br>\nMerle J\u00e4\u00e4ger \u2013 <em>see<\/em> <strong><a href=\"https:\/\/sisu.ut.ee\/ewod\/m\/merca\">Merca<\/a><\/strong><\/span><br>\n<strong><span style=\"font-family: Verdana,Geneva,sans-serif;\"><a title=\"\" href=\"https:\/\/sisu.ut.ee\/ewod\/j\/jurisson\" data-url=\"https:\/\/sisu.ut.ee\/ewod\/j\/jurisson\">Helvi J\u00fcrisson<\/a><\/span><\/strong><br>\n<span style=\"font-family: verdana, geneva;\"><a href=\"https:\/\/sisu.ut.ee\/ewod\/j\/jurna\">Mihkel J\u00fcrna<\/a><\/span><\/span><\/p>\n","protected":false},"excerpt":{"rendered":"<p>Piret Jaaks Mall Jaakson (Lena Jackson) Andres Jaaksoo Urmo Jaanim\u00e4gi Maire Jaanus Juhan Jaik Katrin Jakobi August Jakobson Carl Robert Jakobson Peeter Jakobson Ilmar Jaks Johannes Jaks Johann Voldemar Jannsen Joel Jans Vello Jaska Kaspar Jassa Ene Jermakov \u2013 see &#8230;<\/p>\n","protected":false},"author":43,"featured_media":0,"parent":0,"menu_order":0,"comment_status":"closed","ping_status":"closed","template":"","meta":{"_acf_changed":false,"inline_featured_image":false,"footnotes":""},"class_list":["post-620","page","type-page","status-publish","hentry"],"acf":[],"_links":{"self":[{"href":"https:\/\/sisu.ut.ee\/ewod\/wp-json\/wp\/v2\/pages\/620","targetHints":{"allow":["GET"]}}],"collection":[{"href":"https:\/\/sisu.ut.ee\/ewod\/wp-json\/wp\/v2\/pages"}],"about":[{"href":"https:\/\/sisu.ut.ee\/ewod\/wp-json\/wp\/v2\/types\/page"}],"author":[{"embeddable":true,"href":"https:\/\/sisu.ut.ee\/ewod\/wp-json\/wp\/v2\/users\/43"}],"replies":[{"embeddable":true,"href":"https:\/\/sisu.ut.ee\/ewod\/wp-json\/wp\/v2\/comments?post=620"}],"version-history":[{"count":6,"href":"https:\/\/sisu.ut.ee\/ewod\/wp-json\/wp\/v2\/pages\/620\/revisions"}],"predecessor-version":[{"id":5606,"href":"https:\/\/sisu.ut.ee\/ewod\/wp-json\/wp\/v2\/pages\/620\/revisions\/5606"}],"wp:attachment":[{"href":"https:\/\/sisu.ut.ee\/ewod\/wp-json\/wp\/v2\/media?parent=620"}],"curies":[{"name":"wp","href":"https:\/\/api.w.org\/{rel}","templated":true}]}}