{"id":618,"date":"2024-04-03T23:40:04","date_gmt":"2024-04-03T20:40:04","guid":{"rendered":"https:\/\/sisu.ut.ee\/ewod\/estonia-4-1986\/"},"modified":"2024-04-04T00:09:35","modified_gmt":"2024-04-03T21:09:35","slug":"estonia-4-1986","status":"publish","type":"page","link":"https:\/\/sisu.ut.ee\/ewod\/anthologies\/german\/estonia\/estonia-4-1986\/","title":{"rendered":"Estonia: Zeitschrift f\u00fcr estnische Literatur und Kultur, no 4, 1986"},"content":{"rendered":"<p>\n\t<span style=\"font-family:Verdana,Geneva,sans-serif\"><strong>Contents:<\/strong><\/span>\n<\/p>\n<p>\n\t<span style=\"font-family:Verdana,Geneva,sans-serif\"><em>Interviews:<\/em><br>G\u00e1bor Bereczki, <strong>Eszter V\u00e1rady, Interj\u00fa Bereczki G\u00e1borral<\/strong>. pp 4-8; Zusammenfassung pp 9-10.<\/span>\n<\/p>\n<p>\n\t<span style=\"font-family:Verdana,Geneva,sans-serif\"><em>Articles:<\/em><br>Toomas Hendrik Ilves, <strong>Reflections on T\u00f5nn Sarv\u2019s K\u00f5ik on ju ime<\/strong>. pp 11-17.<br>Tapio M\u00e4kel\u00e4inen, <strong>Rakentamassa siltaa Oulusta P\u00e4rnuun<\/strong>. pp 18-19.<\/span>\n<\/p>\n<p>\n\t<span style=\"font-family:Verdana,Geneva,sans-serif\"><em>Poems:<\/em><br>Doris Kareva, <strong>Poems<\/strong>. Translated by T. H. Ilves. pp 20-21.<\/span>\n<\/p>\n<p>\n\t<span style=\"font-family:Verdana,Geneva,sans-serif\"><em>Reviews:<\/em><br>Cornelius Hasselblatt, <strong>Auf der Suche nach Wahrheit<\/strong>. Rezension zu Jaan Kross: Das Leben des Balthasar R\u00fcssow. Berlin 1986. pp 23-29.<br>Hannu Oittinen, <strong>Dramaattista proosaa<\/strong>. Rezension zu Mati Unt: Niin kerrotaan. Jyv\u00e4skyl\u00e4 1986 und Hyv\u00e4\u00e4 iltaa, rakkaat vainajat. Oulu 1986. pp 30-32.<br>Jack Rueter, <strong>Miniature Universes Bumping into each other<\/strong>. Rezension zu Mati Unt: The Autumn Ball. Tallinn 1985. pp 33-34.<br>Volker Pirsich, <strong>Scherz, Satire, Ironie und tiefere Bedeutung?<\/strong>. Rezension zu Enn Vetemaa: Die Nixen in Estland. Berlin 1985. pp 35-37.<\/span>\n<\/p>\n<p>\n\t\u00a0<\/p>\n","protected":false},"excerpt":{"rendered":"<p>Contents: Interviews:G\u00e1bor Bereczki, Eszter V\u00e1rady, Interj\u00fa Bereczki G\u00e1borral. pp 4-8; Zusammenfassung pp 9-10. Articles:Toomas Hendrik Ilves, Reflections on T\u00f5nn Sarv\u2019s K\u00f5ik on ju ime. pp 11-17.Tapio M\u00e4kel\u00e4inen, Rakentamassa siltaa Oulusta P\u00e4rnuun. pp 18-19. Poems:Doris Kareva, Poems. Translated by T. H. &#8230;<\/p>\n","protected":false},"author":43,"featured_media":0,"parent":576,"menu_order":0,"comment_status":"closed","ping_status":"closed","template":"","meta":{"_acf_changed":false,"inline_featured_image":false,"footnotes":""},"class_list":["post-618","page","type-page","status-publish","hentry"],"acf":[],"_links":{"self":[{"href":"https:\/\/sisu.ut.ee\/ewod\/wp-json\/wp\/v2\/pages\/618","targetHints":{"allow":["GET"]}}],"collection":[{"href":"https:\/\/sisu.ut.ee\/ewod\/wp-json\/wp\/v2\/pages"}],"about":[{"href":"https:\/\/sisu.ut.ee\/ewod\/wp-json\/wp\/v2\/types\/page"}],"author":[{"embeddable":true,"href":"https:\/\/sisu.ut.ee\/ewod\/wp-json\/wp\/v2\/users\/43"}],"replies":[{"embeddable":true,"href":"https:\/\/sisu.ut.ee\/ewod\/wp-json\/wp\/v2\/comments?post=618"}],"version-history":[{"count":1,"href":"https:\/\/sisu.ut.ee\/ewod\/wp-json\/wp\/v2\/pages\/618\/revisions"}],"predecessor-version":[{"id":4469,"href":"https:\/\/sisu.ut.ee\/ewod\/wp-json\/wp\/v2\/pages\/618\/revisions\/4469"}],"up":[{"embeddable":true,"href":"https:\/\/sisu.ut.ee\/ewod\/wp-json\/wp\/v2\/pages\/576"}],"wp:attachment":[{"href":"https:\/\/sisu.ut.ee\/ewod\/wp-json\/wp\/v2\/media?parent=618"}],"curies":[{"name":"wp","href":"https:\/\/api.w.org\/{rel}","templated":true}]}}