{"id":610,"date":"2024-04-03T23:40:04","date_gmt":"2024-04-03T20:40:04","guid":{"rendered":"https:\/\/sisu.ut.ee\/ewod\/stories-et-68\/"},"modified":"2024-04-04T00:09:33","modified_gmt":"2024-04-03T21:09:33","slug":"stories","status":"publish","type":"page","link":"https:\/\/sisu.ut.ee\/ewod\/s\/sargava\/stories\/","title":{"rendered":"Ernst S\u00e4rgava &#8211; short stories"},"content":{"rendered":"<p><span style=\"font-family: verdana, geneva;font-size: medium\"><strong>In compilations, anthologies, magazines<\/strong><\/span><\/p>\n<p><span style=\"font-family: verdana, geneva;font-size: small\"><em><strong>Esperanto<br><\/strong><\/em><strong>Helpu!<\/strong> \u2013\u00a0Estona antologio. 1. Tallinn: Esperanto-Asocio de Estonio, 1932, 136 pp. [Translation of \u2018Tulge appi!\u2019 Anthology of folklore and literature. Foreword: Nigol Andresen, Ants Oras \u2019Mallonga konspekto pri la estona literaturo\u2019. Contents: Matthias Johann Eisen; Friedrich Robert Faehlmann; August Kitzberg, \u2019Luphomo\u2019 (excerpt); Juhan Liiv, \u2019Ordinara rakonto\u2019, \u2019Sur Peipsi\u2019; Ernst Peterson, \u2019Helpu!\u2019; Jakob M\u00e4ndmets, \u2019La dishakita galeaso\u2019; Eduard Vilde, \u2019Milito en Mahtra\u2019 (excerpt), \u2019La Laktisto de M\u00e4ek\u00fcla\u2019 (excerpt). Poems by Kristjan Jaak Peterson, Friedrich Reinhold Kreutzwald, Lydia Koidula, Anna Haava, Karl Eduard S\u00f6\u00f6t, Juhan Liiv, Jakob Liiv.]<strong><\/strong><em><strong><br><\/strong><\/em><\/span><\/p>\n<p><span style=\"font-family: verdana, geneva;font-size: small\"><em><strong>Hungarian<\/strong><\/em><br><strong><span style=\"font-size: small\">Egy bika \u00e9lett\u00f6rt\u00e9nete<\/span><\/strong>. \u2013\u00a0Az \u00e9szt irodalom kist\u00fckre. V\u00e1l. a bevez. \u00e9s az ismertet\u00f6 sz\u00f6vegeket \u00edrta Jaan Kross. A k\u00f6tet ford. B\u00e1n Alad\u00e1r, Bereczki G\u00e1bor, Feh\u00e9rv\u00e1ri Gy\u00f6z\u00f6, K\u00e1lm\u00e1n B\u00e9la, K\u00e9pes G\u00e9za, Vir\u00e1nyi Elem\u00e9r, Zaicz G\u00e1bor. Az ill. v\u00e1l. Kiisk Mai \u00e9s Radv\u00e1nyi Ervin. Budapest: Eur\u00f3pa, 1969, 478 pp. [Translation of \u2018\u00dche h\u00e4rja elulugu\u2019. Contents: B. Russow \u2019Liv\u00f3nia tartom\u00e1ny\u00e1nak kr\u00f3nik\u00e1ja\u2019 (excerpt); O. W. Masing \u2019Egy megalapozatlan \u00e9s igazs\u00e1gtalan \u00e1ll\u00edt\u00e1s visszautas\u00edt\u00e1sa\u2019; P. von Mannteuffel \u2019Id\u00f6t\u00f6lt\u00e9s\u00fcl, f\u00e1klyaf\u00e9ny mellett\u2019 (excerpt); F. R. Faehlmann; Fr. R. Kreutzwald; J. W. Jannsen \u2019Tr\u00e9f\u00e1k, karcolatok a P\u00e4rnui Post\u00e1s c\u00edm\u00fc lapb\u00f3l\u2019; C. R. Jakobson \u2019Els\u00f6 hazafias besz\u00e9d\u2019; A. Kitzberg \u2019Szelek forgatag\u00e1ban\u2019 (excerpt); E. Bornh\u00f6he \u2019A bossz\u00fa\u00e1ll\u00f3\u2019 (excerpt); Juhan Liiv \u2019A Pejpusztavon\u2019; E. S\u00e4rgava \u2019Egy bika \u00e9lett\u00f6rt\u00e9nete\u2019; E. Vilde \u2019A Mahtrai h\u00e1bor\u00fa\u2019 (excerpt), \u2019Aki eladta a feles\u00e9g\u00e9t\u2019 (excerpt); A. H. Tammsaare \u2019A szerelem\u2019, \u2019A nagy nap\u2019, \u2019A temet\u00e9s\u2019; K. A. Hindrey \u2019Gy\u00e1vas\u00e1g\u2019; M. Metsanurk \u2019T\u00fcz\u00f6n \u00e1t\u2019; F. Tuglas \u2019A vil\u00e1g v\u00e9g\u00e9n\u2019, \u2019Bobi \u00e9s Huhuu\u2019; O. Luts \u2019A \u201eKentuki oroszl\u00e1n\u201c\u2019 (excerpt); A. Gailit \u2019Toomas Nipernaadi\u2019 (excerpt); P. Vallak \u2019Az \u00fcres f\u00e9szer\u2019; A. Jakob\u00adson \u2019Az utols\u00f3 \u00e1ll\u00f3mas\u2019. Poems by R. Brocmann, K\u00e4su Hans, P. von Mannteuffel, K. J. Peterson, M. Veske, L. Koidula, Juhan Liiv, M. Under, A. Haava, G. Suits, J. S\u00fctiste, J. Barbarus, H. Talvik, H. Visnapuu.]<br><\/span><\/p>\n<p><span style=\"font-family: verdana, geneva;font-size: small\"><em><strong>Latvian<\/strong><\/em><\/span><br><span style=\"font-family: verdana, geneva;font-size: small\"> Ernsts Petersons-Sergava,\u00a0<strong>Oheliku t\u0113vo\u010da ziemsv\u0113tku noredz\u0113jums<\/strong>.\u00a0\u2013 Livia Viitol (ed), Igau\u0146u zelta noveles. Foreword by Livia Viitol. Translated by Maima\u00a0Gr\u012bnberga,\u00a0Tam\u0101ra Vilsone, D\u017euljeta Plakidis, R\u016bta Karma, K\u0101rlis M\u0101lbergs, Anna Vel\u0113da \u017d\u012bgure.\u00a0Rig\u0101: Lauku Avize, 2009, 319 pp. [Translation of \u2018Oheliku-onu j\u00f5ulun\u00e4gemine\u2019. Contents of the anthology:\u00a0Eduards Vilde, Rudais mulks;\u00a0Ernsts Petersons-Sergava, Oheliku t\u0113vo\u010da ziemsv\u0113tku noredz\u0113jums;\u00a0Fr\u012bdeberts Tuglass, Popitis un Huh\u016b;\u00a0Augusts Gail\u012bts, Augusta Gail\u012b\u0161a n\u0101ve;\u00a0P\u0113ts Vallaks, Grozu pin\u0113ja S\u012bma laime;\u00a0Antons Hanzens Tamms\u0101re, Svar\u012bg\u0101 diena;\u00a0Karls Ristikivi, Kristus ar stikla ac\u012bm;\u00a0Karls Rumors, J\u0101nis Bulle;\u00a0Arvo Valtons, V\u012brs ar za\u013co mugursomu;\u00a0Mati Unts, Kranih!;\u00a0Mari S\u0101ta, Elza Hermane;\u00a0J\u0101ks Jeer\u012bts, Mr. Diksits;\u00a0Mihkels Muts, Pusdienas pie Vulfiem;\u00a0T\u014dmass Vints, Tik negaid\u012bt\u0101 un ne\u0113rt\u0101 n\u0101ve;\u00a0\u0112va Parka, Ce\u013cojums;\u00a0Asta Peldm\u0113, V\u012bnes meit\u0113ns;\u00a0Matss Tr\u0101ts, Res nostra;\u00a0T\u012bts Aleksejevs, Tartu miers;\u00a0Reins Peders, Blaubarts;\u00a0Maimu Berga, Aizmirstie cilv\u0113ki;\u00a0Mehiss Heins\u0101rs, Ce\u013cot\u0101jlaime.]<\/span><\/p>\n<p><span style=\"font-family: verdana, geneva;font-size: small\"><strong><em>Lithuanian<\/em><\/strong><br><strong>Vandenu \u0161alis: estu pasakos<\/strong>. I\u0161 estu kalbos verte Eduardas Astramskas; iliustravo Kazimieras Pa\u0161kauskas, Vilnius: Vagos, 1981, 279 pp. [Fairy tales by\u00a0 Fr. R. Kreutzwald, J. K\u00f5rv, J. Kunder, M. J. Eisen, E. Peterson-S\u00e4rgava, J. Parij\u00f5gi, A. Jakobson and Harri J\u00f5gisalu.]<strong><br>Gra\u017euol\u0117 nuotaka: est\u0173 pasakos<\/strong>. Vert\u0117 E. Astramskas; dailininkas A. Vidalepas. Vilnius: Vaga, 1967, 254 pp. [Fairy tales by F. R. Kreutzwald, J. K\u00f5rv, J. Kunder, M. J. Eisen, E. Peterson-S\u00e4rgava, J. Parij\u00f5gi and A. Jakobson.]<\/span><\/p>\n<p><strong><em><span style=\"font-family: verdana, geneva\">Russian<\/span><\/em><\/strong><br><span style=\"font-family: verdana, geneva\">\u042d\u0440\u043d\u0441\u0442 \u041f\u0435\u0442\u0435\u0440\u0441\u043e\u043d-\u0421\u044f\u0440\u0433\u0430\u0432\u0430, <strong>\u0418\u0441\u0442\u043e\u0440\u0438\u044f \u043e\u0434\u043d\u043e\u0433\u043e \u0431\u044b\u043a\u0430<\/strong>. \u2013 \u042d\u0441\u0442\u043e\u043d\u0441\u043a\u0430\u044f \u043d\u043e\u0432\u0435\u043b\u043b\u0430 XIX-XX \u0432\u0435\u043a\u043e\u0432. \u0421\u043e\u0441\u0442\u0430\u0432\u0438\u0442\u0435\u043b\u0438: \u041d. \u042f\u0432\u043e\u0440\u0441\u043a\u0430\u044f, \u0420. \u041c\u0438\u043d\u043d\u0430; \u043f\u0440\u0435\u0434\u0438\u0441\u043b\u043e\u0432\u0438\u0435: \u0421. \u0418\u0441\u0430\u043a\u043e\u0432. \u041b\u0435\u043d\u0438\u043d\u0433\u0440\u0430\u0434: \u0425\u0443\u0434\u043e\u0436\u0435\u0441\u0442\u0432\u0435\u043d\u043d\u0430\u044f \u043b\u0438\u0442\u0435\u0440\u0430\u0442\u0443\u0440\u0430, 1975, 432 pp. [\u2019\u00dche h\u00e4rja elulugu\u2019. See <strong><a href=\"https:\/\/sisu.ut.ee\/ewod\/anthologies\/novella1975\">contents<\/a><\/strong> of the anthology.]<br>\u0415\u0440\u043d\u0441\u0442 \u0421\u044f\u0440\u0433\u0430\u0432\u0430, <strong>\u0418\u0441\u0442\u043e\u0440\u0438\u044f \u043e\u0434\u043d\u043e\u0433\u043e \u0431\u044b\u043a\u0430, \u0417\u0451\u0440\u043d\u0430 \u0432 \u0433\u043b\u0430\u0437\u0443, \u041f\u043e\u043c\u043e\u0433\u0438\u0442\u0435! \u041e\u0442\u0440\u044b\u0432\u043e\u043a \u0438\u0437 \u043e\u0442\u0447\u0451\u0442\u0430 \u043e \u043c\u0438\u0441\u0441\u0438\u043e\u043d\u0435\u0440\u0441\u043a\u043e\u0439 \u0440\u0430\u0431\u043e\u0442\u0435 \u0432 \u0418\u043d\u0434\u0438\u0438, \u0420\u043e\u0436\u0434\u0435\u0441\u0442\u0432\u0435\u043d\u0441\u043a\u043e\u0435 \u0432\u0438\u0434\u0435\u043d\u0438\u0435 \u0434\u044f\u0434\u044e\u0448\u043a\u0438 \u041e\u0445\u0435\u043b\u0438\u043a\u0430<\/strong>. \u041f\u0435\u0440\u0435\u0432\u043e\u0434 \u041a. \u0410\u0439\u0437\u0435\u043d\u0448\u0442\u0430\u0434\u0442 \u0438 \u042e. \u041f\u0438\u0439\u043a\u0430.\u00a0\u2013\u00a0\u042d\u0441\u0442\u043e\u043d\u0441\u043a\u0438\u0435 \u043a\u043b\u0430\u0441\u0441\u0438\u043a\u0438-\u0440\u0435\u0430\u043b\u0438\u0441\u0442\u044b. \u041f\u043e\u0434 \u0440\u0435\u0434\u0430\u043a\u0446\u0438\u0435\u0439 \u0417. \u0428\u0438\u0448\u043e\u0432\u043e\u0439; \u0438\u043b\u043b\u044e\u0441\u0442\u0440\u0430\u0446\u0438\u0438 \u042d. \u041a\u043e\u043b\u043b\u043e\u043c. \u0422\u0430\u043b\u043b\u0438\u043d: \u042d\u0441\u0442\u043e\u043d\u0441\u043a\u043e\u0435 \u0433\u043e\u0441\u0443\u0434\u0430\u0440\u0441\u0442\u0432\u0435\u043d\u043d\u043e\u0435 \u0438\u0437\u0434\u0430\u0442\u0435\u043b\u044c\u0441\u0442\u0432\u043e, 1950, 404 pp. [\u2018\u00dche h\u00e4rja elulugu\u2019, \u2018Marjad silmas\u2019, \u2018Tulge appi!\u2019, \u2018Oheliku-onu j\u00f5ulun\u00e4gemine\u2019.\u00a0See\u00a0<a href=\"https:\/\/sisu.ut.ee\/ewod\/anthologies\/klassiki\"><strong>contents<\/strong><\/a>\u00a0of the anthology.]<\/span><\/p>\n","protected":false},"excerpt":{"rendered":"<p>In compilations, anthologies, magazines EsperantoHelpu! \u2013\u00a0Estona antologio. 1. Tallinn: Esperanto-Asocio de Estonio, 1932, 136 pp. [Translation of \u2018Tulge appi!\u2019 Anthology of folklore and literature. Foreword: Nigol Andresen, Ants Oras \u2019Mallonga konspekto pri la estona literaturo\u2019. Contents: Matthias Johann Eisen; Friedrich &#8230;<\/p>\n","protected":false},"author":43,"featured_media":0,"parent":600,"menu_order":0,"comment_status":"closed","ping_status":"closed","template":"","meta":{"_acf_changed":false,"inline_featured_image":false,"footnotes":""},"class_list":["post-610","page","type-page","status-publish","hentry"],"acf":[],"_links":{"self":[{"href":"https:\/\/sisu.ut.ee\/ewod\/wp-json\/wp\/v2\/pages\/610","targetHints":{"allow":["GET"]}}],"collection":[{"href":"https:\/\/sisu.ut.ee\/ewod\/wp-json\/wp\/v2\/pages"}],"about":[{"href":"https:\/\/sisu.ut.ee\/ewod\/wp-json\/wp\/v2\/types\/page"}],"author":[{"embeddable":true,"href":"https:\/\/sisu.ut.ee\/ewod\/wp-json\/wp\/v2\/users\/43"}],"replies":[{"embeddable":true,"href":"https:\/\/sisu.ut.ee\/ewod\/wp-json\/wp\/v2\/comments?post=610"}],"version-history":[{"count":1,"href":"https:\/\/sisu.ut.ee\/ewod\/wp-json\/wp\/v2\/pages\/610\/revisions"}],"predecessor-version":[{"id":4461,"href":"https:\/\/sisu.ut.ee\/ewod\/wp-json\/wp\/v2\/pages\/610\/revisions\/4461"}],"up":[{"embeddable":true,"href":"https:\/\/sisu.ut.ee\/ewod\/wp-json\/wp\/v2\/pages\/600"}],"wp:attachment":[{"href":"https:\/\/sisu.ut.ee\/ewod\/wp-json\/wp\/v2\/media?parent=610"}],"curies":[{"name":"wp","href":"https:\/\/api.w.org\/{rel}","templated":true}]}}