{"id":608,"date":"2024-04-03T23:40:04","date_gmt":"2024-04-03T20:40:04","guid":{"rendered":"https:\/\/sisu.ut.ee\/ewod\/works-et-2\/"},"modified":"2024-04-04T00:09:33","modified_gmt":"2024-04-03T21:09:33","slug":"works","status":"publish","type":"page","link":"https:\/\/sisu.ut.ee\/ewod\/s\/stahl\/works\/","title":{"rendered":"Heinrich Stahl &#8211; works"},"content":{"rendered":"<p>\n\t<span style=\"font-family:Verdana,Geneva,sans-serif\"><span style=\"font-size:16px\"><strong>Selected bibliography in German, Latin and Swedish<\/strong><\/span><\/span>\n<\/p>\n<p>\n\t\u00a0\n<\/p>\n<p>\n\t<span style=\"font-family:Verdana,Geneva,sans-serif\"><strong>Disputatio logica secunda de demonstatrationis medio, cui coronidis loco doctrina de definitione, divisione &amp; methodis subjungitur<\/strong>. Respondente Henrico Stahlio Revaliensi. Rostock: 1619, 16 pp. [E-book\u00a0(CD-Rom): 2001.]<br><strong>Disputatio XVII: De lege Dei<\/strong>. Respondente Henrico Stahlio Revalia Livone. Wittenberg: 1626, 10 pp.<br><strong>Hand und Haussbuches F\u00fcr die Pfarherren, und Haussv\u00e4ter Ehstnischen F\u00fcrstenthumbs Erster Theil<\/strong> Darinnen der kleine Catechismus D. Martini Lutheri, zusampt einer kleinen Zugabe In Teutscher und Ehstnischer sprache angefertiget, und auff eigenen kosten zum Druck ubergegeben Von M. Henrico Stahlen, Probste in Jerven, und Pastoren derer Christlichen Gemeinen zu S. Petri und S. Matthaei. Emmern [\u00c4mari]: H. Stahl, 1632, 84 pp. [Available: <a data-url=\"http:\/\/www.digar.ee\/id\/nlib-digar:102280\" href=\"http:\/\/www.digar.ee\/id\/nlib-digar:102280\" target=\"_blank\" title=\"\" rel=\"noopener\">http:\/\/www.digar.ee\/id\/nlib-digar:102280<\/a>.]<br><strong>Anf\u00fchrung zu der Esthnischen Sprach<\/strong>, auff Wolgemeinten Rath, und Bittliches Ersuchen, publiciret von M. HENRICO Stahlen. Reval: H. Stahl, 1637, 134 pp. [Available: <a data-url=\"http:\/\/www.digar.ee\/id\/nlib-digar:101060\" href=\"http:\/\/www.digar.ee\/id\/nlib-digar:101060\" target=\"_blank\" title=\"\" rel=\"noopener\">http:\/\/www.digar.ee\/id\/nlib-digar:101060<\/a>. J\u00e4rgnevad tr\u00fckid: 1857, 1925, 1974, 1976, 2000.]<br><strong>Hand- und Haussbuches F\u00fcr die Pfarherren und Haussv\u00e4ter Esthnischen F\u00fcrstenthumbs, Ander Theil<\/strong>, Darinnen das Gesangbuch, Zusampt den Collecten und Prefationen. In Teutscher und Esthnischer Sprache angefertiget, und auff eygenen Kosten zum Druck ubergeben, Von M. HENRICO Stahlen, Pastoren an S. Catharinen Kirchen, Probste in Wirrland und Jerwen, und des K\u00f6nigl. Consistorij Assessoren. Tristfer [Kadrina]: H. Stahl, 1637, 247 pp. [Available: <a data-url=\"http:\/\/www.digar.ee\/id\/nlib-digar:102279\" href=\"http:\/\/www.digar.ee\/id\/nlib-digar:102279\" target=\"_blank\" title=\"\" rel=\"noopener\">http:\/\/www.digar.ee\/id\/nlib-digar:102279<\/a>.]<br><strong>Hand und Haussbuches F\u00fcr die Pfarherren und Hauss-V\u00e4ter Esthnischen F\u00fcrstenthumbs, Dritter Theil<\/strong>, Darinnen die gew\u00f6hnliche Evangelia und Episteln durchs gantze Jahr, zusampt der Historia des bittern Leidens und Sterbens unsers Herrn Jesu Christi, In Teutscher und Esthnischer Sprache angefertiget, und auff eigenen Kosten zum Druck ubergeben, Von M. Henrico Stahlen, Pastoren an S. Catharinen Kirchen, Probste in Jerwen und Wirrland, und des K\u00f6nigl. Esthnischen Consistorij Assessoren. Tristfer [Kadrina]: H. Stahl, 1638, 256 pp. [Available: <a data-url=\"http:\/\/www.digar.ee\/id\/nlib-digar:115735\" href=\"http:\/\/www.digar.ee\/id\/nlib-digar:115735\" target=\"_blank\" title=\"\" rel=\"noopener\">http:\/\/www.digar.ee\/id\/nlib-digar:115735<\/a>.]<br><strong>Hand- und Haussbuches F\u00fcr die Pfarherren und Hauss-V\u00e4ter Esthnischen F\u00fcrstenthumbs, Vierdter und Letzter Theil<\/strong>, Darinnen I. 14. Psalmen Davids, II. Etliche Gebete, III. Unterschiedliche Gewissens Fragen, IV. Bericht wie mit Schwerm\u00fctigen, Angefochtenen, Krancken, Sterbenden, Ubelth\u00e4tern zu handeln, V. Texte zu Hochzeit- Tauff- und Leich-Predigten, Ausz Gottes Wort und Reinen Kirchen-Lehrern zusammen getragen, Von M. Henrico Stahlen. Reval: 1638, 436 pp. [Available: <a data-url=\"http:\/\/www.digar.ee\/id\/nlib-digar:102283\" href=\"http:\/\/www.digar.ee\/id\/nlib-digar:102283\" target=\"_blank\" title=\"\" rel=\"noopener\">http:\/\/www.digar.ee\/id\/nlib-digar:102283<\/a>.]<br><strong>Leyen Spiegel<\/strong>, Darinnen k\u00fcrtzlich gezeiget wird, wie ein einfaltiger Christ Die Fest- un[d] [S]ont\u00e4gliche Evangelia in reiner Lehr und heiligem Leben jhm zu nutze machen kan, [Winter Theil] Zugerichtet Von M. Henrico Staheln, bisshero Thumb-Probst un[d] Pastorn an der Haupt-Kirchen des F\u00fcrstenthumbs Esthen in Revall, und des K\u00f6nigl. Consistorij daselbst primario Assessore, nun aber verordneten Superintendente in Jngermanland. Mit K\u00f6nigl. Mayst. zu Schweden Allergn\u00e4digster Begn\u00e4digung und Freyheit nicht nach zu drucken. Reval: 1641, 545 pp. [Available: <a data-url=\"http:\/\/www.digar.ee\/id\/nlib-digar:102274\" href=\"http:\/\/www.digar.ee\/id\/nlib-digar:102274\" target=\"_blank\" title=\"\" rel=\"noopener\">http:\/\/www.digar.ee\/id\/nlib-digar:102274<\/a>.]<br><strong>F\u00f6rnufftennes Mi\u00f6lk<\/strong> F\u00f6r the Narviske, Ingermanlandske, och Allentackiske Kyrckior upsat Aff M. Henrico Staheln, Superintendente dersammast\u00e4des. Reval: 1644, 72 pp.<br><strong>Leyen-Spiegels<\/strong>, Darinnen k\u00fcrtzlich gezeiget wird, wie ein einf\u00e4ltiger Christ Die Fest- und Sont\u00e4gliche Evangelia in reiner Lehr und heiligem Leben Jhm zu n\u00fctze machen kan, Sommer-Theil, Zugerichtet Von M. Henrico Staheln, Superintendenten. Reval: 1649, 181 pp. [Available: <a data-url=\"http:\/\/www.digar.ee\/id\/nlib-digar:102275\" href=\"http:\/\/www.digar.ee\/id\/nlib-digar:102275\" target=\"_blank\" title=\"\" rel=\"noopener\">http:\/\/www.digar.ee\/id\/nlib-digar:102275<\/a>.]<br><strong>Nucleus Hafenrefferianus<\/strong> in synodicis conventibus Narvae appositus a M. Henrico Staheln, superintendente. Reval: 1649, 76 pp.<\/span><\/p>\n","protected":false},"excerpt":{"rendered":"<p>Selected bibliography in German, Latin and Swedish \u00a0 Disputatio logica secunda de demonstatrationis medio, cui coronidis loco doctrina de definitione, divisione &amp; methodis subjungitur. Respondente Henrico Stahlio Revaliensi. Rostock: 1619, 16 pp. [E-book\u00a0(CD-Rom): 2001.]Disputatio XVII: De lege Dei. Respondente Henrico &#8230;<\/p>\n","protected":false},"author":43,"featured_media":0,"parent":123,"menu_order":0,"comment_status":"closed","ping_status":"closed","template":"","meta":{"_acf_changed":false,"inline_featured_image":false,"footnotes":""},"class_list":["post-608","page","type-page","status-publish","hentry"],"acf":[],"_links":{"self":[{"href":"https:\/\/sisu.ut.ee\/ewod\/wp-json\/wp\/v2\/pages\/608","targetHints":{"allow":["GET"]}}],"collection":[{"href":"https:\/\/sisu.ut.ee\/ewod\/wp-json\/wp\/v2\/pages"}],"about":[{"href":"https:\/\/sisu.ut.ee\/ewod\/wp-json\/wp\/v2\/types\/page"}],"author":[{"embeddable":true,"href":"https:\/\/sisu.ut.ee\/ewod\/wp-json\/wp\/v2\/users\/43"}],"replies":[{"embeddable":true,"href":"https:\/\/sisu.ut.ee\/ewod\/wp-json\/wp\/v2\/comments?post=608"}],"version-history":[{"count":1,"href":"https:\/\/sisu.ut.ee\/ewod\/wp-json\/wp\/v2\/pages\/608\/revisions"}],"predecessor-version":[{"id":4459,"href":"https:\/\/sisu.ut.ee\/ewod\/wp-json\/wp\/v2\/pages\/608\/revisions\/4459"}],"up":[{"embeddable":true,"href":"https:\/\/sisu.ut.ee\/ewod\/wp-json\/wp\/v2\/pages\/123"}],"wp:attachment":[{"href":"https:\/\/sisu.ut.ee\/ewod\/wp-json\/wp\/v2\/media?parent=608"}],"curies":[{"name":"wp","href":"https:\/\/api.w.org\/{rel}","templated":true}]}}