{"id":598,"date":"2024-04-03T23:40:03","date_gmt":"2024-04-03T20:40:03","guid":{"rendered":"https:\/\/sisu.ut.ee\/ewod\/works-et\/"},"modified":"2024-04-04T00:09:36","modified_gmt":"2024-04-03T21:09:36","slug":"works","status":"publish","type":"page","link":"https:\/\/sisu.ut.ee\/ewod\/r\/rosenplanter\/works\/","title":{"rendered":"Johann Heinrich Rosenpl\u00e4nter &#8211; works"},"content":{"rendered":"<p>\n\t<span style=\"font-size:16px\"><strong><span style=\"font-family:Verdana,Geneva,sans-serif\">Editions<\/span><\/strong><\/span>\n<\/p>\n<p>\n\t<span style=\"font-family:Verdana,Geneva,sans-serif\"><strong><em>German<\/em><br>Beitr\u00e4ge zur genauern Kenntniss der esthnischen Sprache<\/strong>. Hrsg. Joh. Heinr. Rosenpl\u00e4nter. Pernau: J. H. Rosenpl\u00e4nter; Reval: Bornwassersche Buchh., 1813-1832. [Available: <a data-url=\"http:\/\/hdl.handle.net\/10062\/3625\" href=\"http:\/\/hdl.handle.net\/10062\/3625\" target=\"_blank\" title=\"\" rel=\"noopener\">http:\/\/hdl.handle.net\/10062\/3625<\/a>.]<\/span><\/p>\n","protected":false},"excerpt":{"rendered":"<p>Editions GermanBeitr\u00e4ge zur genauern Kenntniss der esthnischen Sprache. Hrsg. Joh. Heinr. Rosenpl\u00e4nter. Pernau: J. H. Rosenpl\u00e4nter; Reval: Bornwassersche Buchh., 1813-1832. [Available: http:\/\/hdl.handle.net\/10062\/3625.]<\/p>\n","protected":false},"author":43,"featured_media":0,"parent":588,"menu_order":0,"comment_status":"closed","ping_status":"closed","template":"","meta":{"_acf_changed":false,"inline_featured_image":false,"footnotes":""},"class_list":["post-598","page","type-page","status-publish","hentry"],"acf":[],"_links":{"self":[{"href":"https:\/\/sisu.ut.ee\/ewod\/wp-json\/wp\/v2\/pages\/598","targetHints":{"allow":["GET"]}}],"collection":[{"href":"https:\/\/sisu.ut.ee\/ewod\/wp-json\/wp\/v2\/pages"}],"about":[{"href":"https:\/\/sisu.ut.ee\/ewod\/wp-json\/wp\/v2\/types\/page"}],"author":[{"embeddable":true,"href":"https:\/\/sisu.ut.ee\/ewod\/wp-json\/wp\/v2\/users\/43"}],"replies":[{"embeddable":true,"href":"https:\/\/sisu.ut.ee\/ewod\/wp-json\/wp\/v2\/comments?post=598"}],"version-history":[{"count":1,"href":"https:\/\/sisu.ut.ee\/ewod\/wp-json\/wp\/v2\/pages\/598\/revisions"}],"predecessor-version":[{"id":4474,"href":"https:\/\/sisu.ut.ee\/ewod\/wp-json\/wp\/v2\/pages\/598\/revisions\/4474"}],"up":[{"embeddable":true,"href":"https:\/\/sisu.ut.ee\/ewod\/wp-json\/wp\/v2\/pages\/588"}],"wp:attachment":[{"href":"https:\/\/sisu.ut.ee\/ewod\/wp-json\/wp\/v2\/media?parent=598"}],"curies":[{"name":"wp","href":"https:\/\/api.w.org\/{rel}","templated":true}]}}