{"id":595,"date":"2024-04-03T23:40:03","date_gmt":"2024-04-03T20:40:03","guid":{"rendered":"https:\/\/sisu.ut.ee\/ewod\/kurrik\/"},"modified":"2024-04-04T00:09:35","modified_gmt":"2024-04-03T21:09:35","slug":"kurrik","status":"publish","type":"page","link":"https:\/\/sisu.ut.ee\/ewod\/k\/kurrik\/","title":{"rendered":"Juhan Kurrik"},"content":{"rendered":"<p>\n\t<a href=\"https:\/\/sisu.ut.ee\/ewod\/k\/kurrik\/folklore\"><strong><span style=\"font-family: verdana,geneva;font-size: medium\">Folklore<\/span><\/strong><\/a>\n<\/p>\n<p>\n\t\u00a0\n<\/p>\n<p>\n\tJuhan Kurrik (29\/17 May 1849 \u2013 20 May 1922) was a writer of schoolbooks and significant figure in the Estonian national awakening period.\n<\/p>\n<p>\n\tKurrik was born and attended school in Viljandi parish, continued his education at Kallen teacher training seminary in Prussia, worked at parish schools at Tarvastu and R\u00f5uge, was a lecturer at Tartu I (German) teacher training seminary, also editor of the weekly newspaper <em>Meelejahutaja<\/em>. Later, he was sacrist and organist of St Mary\u2019s congregation in Tartu. Kurrik was a member of the Estonian Alexander School head committee, board member of the Society of Estonian Men of Letters, deputy chairman of the Vanemuine Society, founding member of the Estonian Literary Society, member of the Estonian Students Society. He died in Tartu and was buried there in St Mary\u2019s (Raadi) cemetery. His daughter was ethnographer Helmi Kurrik (1883\u20131960).\n<\/p>\n<p>\n\tKurrik made a noteworthy contribution to the Estonian educational literature; he published textbooks of mathematics and the first Estonian-language textbooks of gymnastics and stenography. He also published numerous articles and reviews in the press. His book on literary history, <em>Kolm suurt lugu<\/em> (\u2018Three Great Stories\u2019, 1886), compares the Estonian national epic <em><a data-url=\"https:\/\/sisu.ut.ee\/ewod\/k\/kreutzwald\/kalevipoeg\" href=\"https:\/\/sisu.ut.ee\/ewod\/k\/kreutzwald\/kalevipoeg\" title=\"\">Kalevipoeg<\/a><\/em>, <em>Nibelungenlied<\/em> and <a data-url=\"https:\/\/sisu.ut.ee\/ewod\/k\/kreutzwald\" href=\"https:\/\/sisu.ut.ee\/ewod\/k\/kreutzwald\" title=\"\">Fr. R. Kreutzwald<\/a>\u2019s <em>Lembitu<\/em>.\n<\/p>\n<p>\n\t<em>A. K. (Translated by I. A.)<\/em>\n<\/p>\n<p><strong><span style=\"font-size:16px\">Books in Estonian<\/span><\/strong>\n<\/p>\n<p>\n\t<strong><em>Textbooks<\/em><\/strong><br><strong>Arwuwald 1. Algebra oma algus\u00f5petustega<\/strong>. Tartu: Schnakenburg, 1879, 85 lk<br><strong>Arwuwald 2. Neljaliikme ja ruumi arwamine ning w\u00f5rdlused ruut- ja j\u00e4rgarwudega<\/strong>. Tartu: W. Just, 1880, 106 lk<br><strong>Arwuwalla w\u00f5ti 1. Kostused algebra ja selle algus\u00f5petuste \u00fclesannete kohta<\/strong>. 2. Kostused neljaliikme ja ruumi arwamise ning ruut- ja j\u00e4rgarwude w\u00f5rdluste kohta. Tartu: Schnakenburg, 1879-1880, 46, 38 lk<br><strong>Kirjutamise \u00f5petus<\/strong>. Tartu: Schnakenburg, 1882, 86 lk<br><strong>Kiirkirja \u00f5petus<\/strong>. Tartu: 1887, 92 lk [j\u00e4rgmised tr\u00fckid:\u00a0 1907, 1910]<br><strong>Arwuwalla w\u00f5ti 2. Kostused neljaliikme ja ruumi arwamise ning ruut- ja j\u00e4rgarwude w\u00f5rdluste kohta<\/strong>. Jurjev: Schnakenburg, 1903, 38 lk<br><strong>Laste arwuwald 1. Arwamise A-B-D (Arwupiir 1-100)<\/strong>. Tartu: Schnakenburg, 1879, 94 lk [j\u00e4rgmised tr\u00fckid: 1889, 1890, 1906]<br><strong>Turnimise raamat. 1<\/strong>. Tartu: Schnakenburg, 1879, 66 lk<br><strong>Laste arwuwalla w\u00f5ti. Kostused 1. , 2. ja 3. jau kohta<\/strong>. Tartu: Schnakenburg, 1883-1884, 72, 47 lk<br><strong>Laste arwuwald 2. T\u00e4isarwud<\/strong>. Tartu: Schnakenburg, 1880, 88 lk [j\u00e4rgmised tr\u00fckid: 1885, 1890, 1906]<br><strong>Stenografia \u00f5petus<\/strong>. Tartu, 1882, 16 lk<br><strong>Laste arwuwald 3. Murrud<\/strong>. Tartu: Schnakenburg, 1884, 68 lk\n<\/p>\n<p>\n\t<strong><em>Miscellaneous<\/em><\/strong><br><strong>Kolm suurt lugu: Eesti ja Saksa rahwa-eposed \u201eKalevipoeg\u201c ja \u201eNibelungid\u201c: Nende sisu ja w\u00f5rdlemine. Eesti kunst-epos \u201eLembitu\u201c: Selle tuum ja t\u00e4hendus<\/strong>. Tartu: 1886, 117 lk<br><strong>Maria koguduse endise \u00f5petaja konsistoriumi-n\u00f5uniku Dr. theol. Adalbert Hugo Willigerode m\u00e4lestuste raamat<\/strong>. Jurjev, 1893, 47 lk<br><strong>Mida \u00fctleb kiri? Ewangeliumi usu\u00f5petuse j\u00e4rele kokku seatud kirjatunnistused<\/strong>. Jurjev, 1901, 120 lk<br><strong>Nimede raamat<\/strong>. Jurjev: M. Vares, 1901, 52 lk<br><strong>Surma warju orus: Leinakordade kohased kirjas\u00f5nad ja palwed, maenitsused ja laulud<\/strong>. Jurjev, 1901, 168 lk<br><strong>Tarkuse s\u00f5nad. Piiblist Salomoni raamatust ja Iobi ja Siraki ja Tobia raamatust kokku korjanud J. Kurrik<\/strong>. Jurjev, 1901, 91 lk<br><strong>Waimus ja t\u00f5es. Raamat m\u00f5nesuguste palwetundide pidamise tarwis<\/strong>. Jurjev, 1901, 80 lk<br><strong>Ristimise raamat<\/strong>. Jurjev, 1902, 48 lk<br><strong>Terwise raamat. Daanlase J. P M\u00fclleri sistemi p\u00f5hjusel kirja pannud Juhan Kurrik<\/strong>. Tartu: Postimees, 1907, 61 lk\n<\/p>\n<p>\n\t\u00a0<\/p>\n","protected":false},"excerpt":{"rendered":"<p>Folklore \u00a0 Juhan Kurrik (29\/17 May 1849 \u2013 20 May 1922) was a writer of schoolbooks and significant figure in the Estonian national awakening period. Kurrik was born and attended school in Viljandi parish, continued his education at Kallen teacher &#8230;<\/p>\n","protected":false},"author":43,"featured_media":0,"parent":498,"menu_order":0,"comment_status":"closed","ping_status":"closed","template":"","meta":{"_acf_changed":false,"inline_featured_image":false,"footnotes":""},"class_list":["post-595","page","type-page","status-publish","hentry"],"acf":[],"_links":{"self":[{"href":"https:\/\/sisu.ut.ee\/ewod\/wp-json\/wp\/v2\/pages\/595","targetHints":{"allow":["GET"]}}],"collection":[{"href":"https:\/\/sisu.ut.ee\/ewod\/wp-json\/wp\/v2\/pages"}],"about":[{"href":"https:\/\/sisu.ut.ee\/ewod\/wp-json\/wp\/v2\/types\/page"}],"author":[{"embeddable":true,"href":"https:\/\/sisu.ut.ee\/ewod\/wp-json\/wp\/v2\/users\/43"}],"replies":[{"embeddable":true,"href":"https:\/\/sisu.ut.ee\/ewod\/wp-json\/wp\/v2\/comments?post=595"}],"version-history":[{"count":1,"href":"https:\/\/sisu.ut.ee\/ewod\/wp-json\/wp\/v2\/pages\/595\/revisions"}],"predecessor-version":[{"id":4471,"href":"https:\/\/sisu.ut.ee\/ewod\/wp-json\/wp\/v2\/pages\/595\/revisions\/4471"}],"up":[{"embeddable":true,"href":"https:\/\/sisu.ut.ee\/ewod\/wp-json\/wp\/v2\/pages\/498"}],"wp:attachment":[{"href":"https:\/\/sisu.ut.ee\/ewod\/wp-json\/wp\/v2\/media?parent=595"}],"curies":[{"name":"wp","href":"https:\/\/api.w.org\/{rel}","templated":true}]}}