{"id":588,"date":"2024-04-03T23:40:02","date_gmt":"2024-04-03T20:40:02","guid":{"rendered":"https:\/\/sisu.ut.ee\/ewod\/rosenplanter\/"},"modified":"2024-04-04T00:09:38","modified_gmt":"2024-04-03T21:09:38","slug":"rosenplanter","status":"publish","type":"page","link":"https:\/\/sisu.ut.ee\/ewod\/r\/rosenplanter\/","title":{"rendered":"Johann Heinrich Rosenpl\u00e4nter"},"content":{"rendered":"<p>\n\t<span style=\"font-family:Verdana,Geneva,sans-serif\"><span style=\"font-size:16px\"><a href=\"https:\/\/sisu.ut.ee\/wp-content\/uploads\/sites\/108\/j.h.rosenplanter_mart_laarman.jpg\"><img decoding=\"async\" alt=\"\" src=\"https:\/\/sisu.ut.ee\/wp-content\/uploads\/sites\/108\/j.h.rosenplanter_mart_laarman.jpg\" style=\"float: right;width: 200px;height: 291px\" title=\"Painting: M\u00e4rt Laarman\"><\/a><\/span><strong><span style=\"font-size:16px\"><a data-url=\"https:\/\/sisu.ut.ee\/ewod\/r\/rosenplanter\/works\" href=\"https:\/\/sisu.ut.ee\/ewod\/r\/rosenplanter\/works\" title=\"\">Works<\/a><\/span><\/strong><span style=\"font-size:16px\">\u00a0<\/span><\/span><\/p>\n<p>Johann Heinrich Rosenpl\u00e4nter (23.\/12. VII 1782 \u2013 27.\/15. IV 1846) was an Estophile, evidently of German origin, one of the most important scholars of Estonian language and culture and promoters of popular education in the pre-Awakening period.\n<\/p>\n<p>\n\t<span style=\"font-family:Verdana,Geneva,sans-serif\">He was born at Valmiera (now in Latvia), the son of a postmaster. He was educated by private tutors, and also attended the Tallinn Gymnasium for about a year and about the same period the Riga Dome school. He lost his parents early and had to start working. At the age of 14, after his father\u2019s death, he and his mother tried to run the large postal station, after that working as a tutor and primary school teacher and in Riga as a court clerk. From 1803 to 1806 he studied theology at the University of Tartu, from 1808 to 1809 he was a pastor at Tori, and from 1809 to 1846 of the Elisabeth congregation in P\u00e4rnu. He is buried in Alevi cemetery in P\u00e4rnu.<\/span>\n<\/p>\n<p>\n\t<span style=\"font-family:Verdana,Geneva,sans-serif\">Rosenpl\u00e4nter\u2019s activity in educating the Estonian serfs and in promoting their language and national culture was inspired by the ideas of Rationalism and Romanticism, primarily from J.G. Herder. The activity was also helped by the improvement in the legal position of the local peasantry at the beginning of the 19th century, initially by the abolition of serfdom in Estonia in 1816 and Livonia in 1819. Studying, working and living in Estonia, Rosenpl\u00e4nter worked primarily in the interests of the Estonian language and folklore, but, since he came from Valmiera, he also knew Latvian and to a considerable extent strove also for the Latvian language and culture.<\/span>\n<\/p>\n<p>\n\t<span style=\"font-family:Verdana,Geneva,sans-serif\">Rosenpl\u00e4nter\u2019s chief merit is considered to be the founding of the journal <em>Beitr\u00e4ge zur genaueren Kenntniss der ehstnischen Sprache<\/em> (\u2018Contributions to the better knowledge of the Estonian language\u2019) and its maintenance from 1813 to 1832. Twenty issues of the journal appeared (altogether over 3,500 pages). The <em>Beitr\u00e4ge<\/em> \u2013 the first scientific periodical on an Estonian topic \u2013 was aimed at Germans who were studying Estonian or came into daily contact with their parishioners as pastors. Although the circulation of the journal was very small (74 subscribers in its best years), the <em>Beitr\u00e4ge<\/em> played a decisive part in bringing together the pioneering work of Estophiles of the pre-Awakening period and developing productive discussion between them. The journal was also read in Finland and Sweden. The first at least partly native Estonian intellectuals, such as O.W. Masing and Kristian Jaak Peterson, appeared in it. Masing became Rosenpl\u00e4nter\u2019s chief ally in activities for the Estonian language. Rosenpl\u00e4nter did not publish K.J. Peterson\u2019s poems, but thanks to him they were preserved for future generations, as were the manuscripts of a large number of pre-Awakening literary figures.<\/span>\n<\/p>\n<p>\n\t<span style=\"font-family:Verdana,Geneva,sans-serif\">Rosenpl\u00e4nter influenced the development of the Estonian literary language, defending in his journal the creation of a literary language based on the North Estonian dialects, and campaigning against efforts to create it on the basis of South Estonian or to shape the literary language as a hybrid of the North and South Estonian languages. The <em>Beitr\u00e4ge<\/em> shaped the basis of Estonian poetic usage, literary criticism and folklore studies. In addition to the articles in German there were numerous texts in Estonian in the <em>Beitr\u00e4ge<\/em> \u2013 vocabulary, folklore, poems, translations. The first anthology of Estonian poetry, <em>Lillikessed<\/em> I (\u2018Posies I\u2019, 1814) was compiled by Rosenpl\u00e4nter mainly from contributions to the <em>Beitr\u00e4ge<\/em>. Rosenpl\u00e4nter\u2019s \u00a0efforts to create a journal similar to Beitr\u00e4ge dedicated to Latvian did not bear fruit.<\/span>\n<\/p>\n<p>\n\t<span style=\"font-family:Verdana,Geneva,sans-serif\">Besides editing <em>Beitr\u00e4ge<\/em>, Rosenpl\u00e4nter established a school for schoolmasters in 1814 and wrote a reader\u00a0(1823). Evidently with Rosenpl\u00e4nter\u2019s participation, the first theatre performances in Estonian took place in P\u00e4rnu from 1816 to 1829. Rosenpl\u00e4nter maintained close contact with his school\u2019s pupils and confirmands, who collected folklore for Rosenpl\u00e4nter, and many of whom went on later to become prominent intellectuals. Rosenpl\u00e4nter was one of the first collectors of Estonian folklore. In 1833 Rosenpl\u00e4nter kept a diary in Estonian to improve his knowledge of the language (published in 2012). He established the first Estonian national bibliography, over nearly thirty years collecting all books in Estonian into a catalogue, which was later further refined by the Estonian Learned Society.<\/span>\n<\/p>\n<p>\n\t<span style=\"font-family:Verdana,Geneva,sans-serif\">Rosenpl\u00e4nter\u2019s active involvement in research into and promotion of the Estonian language and culture occurred in the time left over from his pastoral work and raising 15 children, and despite the meagre interest from the public in these subjects in the period before the Awakening, as well as the economic loss that the Estophile publications brought him.<\/span>\n<\/p>\n<p>\n\t<span style=\"font-family:Verdana,Geneva,sans-serif\"><em>S. V. (Translated by C. M.)<\/em><\/span>\n<\/p>\n<p><span style=\"font-family:Verdana,Geneva,sans-serif\"><strong><span style=\"font-size:16px\">Works in Estonian<\/span><\/strong><\/span>\n<\/p>\n<p>\n\t<span style=\"font-family:Verdana,Geneva,sans-serif\"><strong><em>Editions<\/em><\/strong><br><strong>Lillikessed. Essimenne leht<\/strong>. P\u00e4rnu, 1814, 16 lk. [K\u00e4ttesaadav: <a data-url=\"http:\/\/hdl.handle.net\/10062\/8842\" href=\"http:\/\/hdl.handle.net\/10062\/8842\" target=\"_blank\" title=\"\" rel=\"noopener\">http:\/\/hdl.handle.net\/10062\/8842<\/a>.]<\/span>\n<\/p>\n<p>\n\t<span style=\"font-family:Verdana,Geneva,sans-serif\"><strong><em>Non-fiction<\/em><\/strong><br><strong>Maakeele p\u00e4evaraamat, mis Johann Heinrich Rosenpl\u00e4nter kirjutand, et selle keelega tuttavamaks saada<\/strong>. Faksiimiletr\u00fckk [1833. a. k\u00e4sikirjast] keeleliselt redigeeritud r\u00f6\u00f6pteksti, kommentaaride ja saates\u00f5naga. Koostanud Vello Paatsi, Kristi Metste. Tartu: Eesti Kirjandusmuuseum, 2012, 221 lk.<\/span><\/p>\n","protected":false},"excerpt":{"rendered":"<p>Works\u00a0 Johann Heinrich Rosenpl\u00e4nter (23.\/12. VII 1782 \u2013 27.\/15. IV 1846) was an Estophile, evidently of German origin, one of the most important scholars of Estonian language and culture and promoters of popular education in the pre-Awakening period. He was &#8230;<\/p>\n","protected":false},"author":43,"featured_media":0,"parent":686,"menu_order":0,"comment_status":"closed","ping_status":"closed","template":"","meta":{"_acf_changed":false,"inline_featured_image":false,"footnotes":""},"class_list":["post-588","page","type-page","status-publish","hentry"],"acf":[],"_links":{"self":[{"href":"https:\/\/sisu.ut.ee\/ewod\/wp-json\/wp\/v2\/pages\/588","targetHints":{"allow":["GET"]}}],"collection":[{"href":"https:\/\/sisu.ut.ee\/ewod\/wp-json\/wp\/v2\/pages"}],"about":[{"href":"https:\/\/sisu.ut.ee\/ewod\/wp-json\/wp\/v2\/types\/page"}],"author":[{"embeddable":true,"href":"https:\/\/sisu.ut.ee\/ewod\/wp-json\/wp\/v2\/users\/43"}],"replies":[{"embeddable":true,"href":"https:\/\/sisu.ut.ee\/ewod\/wp-json\/wp\/v2\/comments?post=588"}],"version-history":[{"count":1,"href":"https:\/\/sisu.ut.ee\/ewod\/wp-json\/wp\/v2\/pages\/588\/revisions"}],"predecessor-version":[{"id":4488,"href":"https:\/\/sisu.ut.ee\/ewod\/wp-json\/wp\/v2\/pages\/588\/revisions\/4488"}],"up":[{"embeddable":true,"href":"https:\/\/sisu.ut.ee\/ewod\/wp-json\/wp\/v2\/pages\/686"}],"wp:attachment":[{"href":"https:\/\/sisu.ut.ee\/ewod\/wp-json\/wp\/v2\/media?parent=588"}],"curies":[{"name":"wp","href":"https:\/\/api.w.org\/{rel}","templated":true}]}}