{"id":587,"date":"2024-04-03T23:40:02","date_gmt":"2024-04-03T20:40:02","guid":{"rendered":"https:\/\/sisu.ut.ee\/ewod\/estonia-1-1989\/"},"modified":"2024-04-04T00:09:38","modified_gmt":"2024-04-03T21:09:38","slug":"estonia-1-1989","status":"publish","type":"page","link":"https:\/\/sisu.ut.ee\/ewod\/anthologies\/german\/estonia\/estonia-1-1989\/","title":{"rendered":"Estonia: Zeitschrift f\u00fcr estnische Literatur und Kultur, no 1, 1989"},"content":{"rendered":"<p>\n\t<strong><span style=\"font-family:Verdana,Geneva,sans-serif\">Contents:<\/span><\/strong>\n<\/p>\n<p>\n\t<span style=\"font-family:Verdana,Geneva,sans-serif\"><em>Poems:<\/em><br>Artur Adson, <strong>Mu v\u00e4rsi\u2019 omma s\u00e4\u00e4nest vanna muudu<\/strong>. p 21.<br>Heiti Talvik, Priit Pedajas, <strong>\u00d6\u00f6<\/strong>. pp 24-25.<br>T\u00f5nu Trubetsky, <strong>Musta lipu valguses [und andere Gedichte]<\/strong>. pp 29-33.<\/span>\n<\/p>\n<p>\n\t<span style=\"font-family:Verdana,Geneva,sans-serif\"><em>Prose:<\/em><br>Rein Tootmaa, <strong>Komast punktini<\/strong>. pp 26-28.<\/span>\n<\/p>\n<p>\n\t<span style=\"font-family:Verdana,Geneva,sans-serif\"><em>Articles:<\/em><\/span><br><span>Hannu-Pekka\u00a0<\/span><span style=\"font-family:Verdana,Geneva,sans-serif\">Lappalainen, <strong>Virolaista runoutta suomeksi<\/strong>. pp 4-17.<br>Riho Gr\u00fcnthal, <strong>Artur Adsonin syntym\u00e4st\u00e4 100 vuotta<\/strong>. pp 18-20.<br>Hannu Oittinen, <strong>\u201cInimesed vajavad kontakti\u201d<\/strong>. pp 22-23.<\/span>\n<\/p>\n<p>\n\t<span style=\"font-family:Verdana,Geneva,sans-serif\"><em>Reviews:<\/em><br>Cornelius Hasselblatt, <strong>Kennen Sie Estnien, Sir?<\/strong> Rezension zu Lou Goble: Das neue Epos von Kalewas Sohn. M\u00fcnchen 1986. pp 34-37.<br>Aet Bergmann, <strong>Hinunter ins Tal und dort geblieben. <\/strong>Rezension zu Aivo L\u00f5hmus: Alla orgu ja \u00fcle j\u00f5e. pp 37-39.<br>Pasi Lankinen, <strong>El\u00e4m\u00e4 on vain koominen ilmi\u00f6<\/strong>. Rezension zu Friedebert Tuglas: Felix Ormusson. Oulu 1988. pp 39-41.<br>Hannu Oittinen, <strong>\u201cSee on mu luule keel\u201d<\/strong>. Rezension zu Ivar Ivask: Baltic Elegies. Norman 1987. pp 41-42.<br>Riho Gr\u00fcnthal, <strong>Vaimne deb\u00fc\u00fctromaan<\/strong>. Rezension zu Katrin Reemet: Hingedeaeg. pp 42-44.<br>Iris R\u00e9thy, <strong>Wie schnell altert Literatur. Eine estnische Anthologie aus Ungarn<\/strong>. Rezension zu Szovjet irodalom 1\/1988. Budapest 1988. pp 44-45.<\/span><\/p>\n","protected":false},"excerpt":{"rendered":"<p>Contents: Poems:Artur Adson, Mu v\u00e4rsi\u2019 omma s\u00e4\u00e4nest vanna muudu. p 21.Heiti Talvik, Priit Pedajas, \u00d6\u00f6. pp 24-25.T\u00f5nu Trubetsky, Musta lipu valguses [und andere Gedichte]. pp 29-33. Prose:Rein Tootmaa, Komast punktini. pp 26-28. Articles:Hannu-Pekka\u00a0Lappalainen, Virolaista runoutta suomeksi. pp 4-17.Riho Gr\u00fcnthal, Artur &#8230;<\/p>\n","protected":false},"author":43,"featured_media":0,"parent":576,"menu_order":0,"comment_status":"closed","ping_status":"closed","template":"","meta":{"_acf_changed":false,"inline_featured_image":false,"footnotes":""},"class_list":["post-587","page","type-page","status-publish","hentry"],"acf":[],"_links":{"self":[{"href":"https:\/\/sisu.ut.ee\/ewod\/wp-json\/wp\/v2\/pages\/587","targetHints":{"allow":["GET"]}}],"collection":[{"href":"https:\/\/sisu.ut.ee\/ewod\/wp-json\/wp\/v2\/pages"}],"about":[{"href":"https:\/\/sisu.ut.ee\/ewod\/wp-json\/wp\/v2\/types\/page"}],"author":[{"embeddable":true,"href":"https:\/\/sisu.ut.ee\/ewod\/wp-json\/wp\/v2\/users\/43"}],"replies":[{"embeddable":true,"href":"https:\/\/sisu.ut.ee\/ewod\/wp-json\/wp\/v2\/comments?post=587"}],"version-history":[{"count":1,"href":"https:\/\/sisu.ut.ee\/ewod\/wp-json\/wp\/v2\/pages\/587\/revisions"}],"predecessor-version":[{"id":4487,"href":"https:\/\/sisu.ut.ee\/ewod\/wp-json\/wp\/v2\/pages\/587\/revisions\/4487"}],"up":[{"embeddable":true,"href":"https:\/\/sisu.ut.ee\/ewod\/wp-json\/wp\/v2\/pages\/576"}],"wp:attachment":[{"href":"https:\/\/sisu.ut.ee\/ewod\/wp-json\/wp\/v2\/media?parent=587"}],"curies":[{"name":"wp","href":"https:\/\/api.w.org\/{rel}","templated":true}]}}