{"id":586,"date":"2024-04-03T23:40:02","date_gmt":"2024-04-03T20:40:02","guid":{"rendered":"https:\/\/sisu.ut.ee\/ewod\/olematute\/"},"modified":"2025-03-04T18:26:35","modified_gmt":"2025-03-04T16:26:35","slug":"olematute","status":"publish","type":"page","link":"https:\/\/sisu.ut.ee\/ewod\/anthologies\/english\/olematute\/","title":{"rendered":"Olematute raamatute antoloogia. The anthology of non-existent books."},"content":{"rendered":"<p><strong><span style=\"font-family: verdana, geneva\">Olematute raamatute antoloogia = The anthology of non-existent books. Edited by Kiwa, co-edited by Jaak Tomberg, translated to English by Annika Laas; design by Tuuli Aule. Tartu: Paranoia, 2014. [Parallel text in Estonian and English.]<\/span><\/strong><\/p>\n<p><span style=\"font-family: verdana, geneva\"><strong>Contents<\/strong>:<\/span><\/p>\n<p><span style=\"font-family: verdana, geneva\">00. kiwa, <strong>Eess\u00f5na = Foreword<\/strong>. 12+12 pp. <\/span><br><span style=\"font-family: verdana, geneva\">01. Aare Pilv, <strong>Bibliodesia oikopoios<\/strong>. 8+8 pp.<\/span><br><span style=\"font-family: verdana, geneva\">02. andreas w, <strong>\u03ba\u03b1\u03c4\u03ac-\u03bb\u03b7\u03c8\u03b9\u03c2<\/strong>. 16+16 pp.<\/span><br><span style=\"font-family: verdana, geneva\">03. aune ainson, <strong>seest\u00fctlev \u2013 luup ja liha = elative \u2013 loop and flesh<\/strong>. 12+12 pp.<\/span><br><span style=\"font-family: verdana, geneva\">04. Barthol Lo Mejor, <strong>Kristall-selge = Crystal-clear<\/strong>. 8+8 pp. <\/span><br><span style=\"font-family: verdana, geneva\">05. c:, <strong>Prufeenia kingitus = Gift of Pruphenia<\/strong>. 8+8 pp.<\/span><br><span style=\"font-family: verdana, geneva\">06. Celer Tambre, <strong>Kehakujutlused = Somatoception<\/strong>. 14+14 pp.<\/span><br><span style=\"font-family: verdana, geneva\">07. erkki luuk, <strong>PREESTER 2 = PRIEST 2<\/strong>. 10+10 pp. <\/span><br><span style=\"font-family: verdana, geneva\">08. Gennadi S. Klein, <strong>Farsi kroonikad, kaksh\u00e4\u00e4lne etendus\u2026 = The chronicles, a performance for 2 inmates\u2026<\/strong>. 16+16 pp. <\/span><br><span style=\"font-family: verdana, geneva\">09. Jaak Tomberg, <strong>J\u00e4\u00e4k = Remainder<\/strong>. 4+4 pp.<\/span><br><span style=\"font-family: verdana, geneva\">10. Kaspar Jassa, <strong>Kasutamata kirjanduse nimekiri = Works uncited<\/strong>. 6+6 pp. <\/span><br><span style=\"font-family: verdana, geneva\">11. kaarel kurismaa, <strong>s\u00fcnkroonist v\u00e4ljas v\u00e4ikene masin s\u00fcnkroonist v\u00e4ljas vanamees ja partituur s\u00fcnkroonist v\u00e4ljas = out of sync a little machine out of sync the old man and the musical score out of sync<\/strong>. 16+16 pp. <\/span><br><span style=\"font-family: verdana, geneva\">12. Paavo Matsin, <strong>Professor Moriarty l\u00f5putu kukkumine = Professor Moriarty\u2019s endless fall<\/strong>. 30 pp. <\/span><br><span style=\"font-family: verdana, geneva\">13. Salmo Salar, <strong>SO\u01a7: [\u00f5udne jant neljas vaatuses] = SO\u01a7: [horrible farce in four acts]<\/strong>. 8+8 pp.<\/span><br><span style=\"font-family: verdana, geneva\">14. Sven Vabar, <strong>Kuristik-linn = Abyss-city<\/strong>. 12+12 pp. <\/span><br><span style=\"font-family: verdana, geneva\">15. Triin Tamm, <strong>P\u00fchendused = Dedications<\/strong>. 16 pp.<\/span><br><span style=\"font-family: verdana, geneva\">16. Valdur Mikita, <strong>Muinasdroonil tsibih\u00e4rblaste akadeemiasse = On the ancient drone to the wagtail academy<\/strong>. Illustrations by Marko M\u00e4etamm. 12+12 pp.<\/span><\/p>\n","protected":false},"excerpt":{"rendered":"<p>Olematute raamatute antoloogia = The anthology of non-existent books. Edited by Kiwa, co-edited by Jaak Tomberg, translated to English by Annika Laas; design by Tuuli Aule. Tartu: Paranoia, 2014. [Parallel text in Estonian and English.] Contents: 00. kiwa, Eess\u00f5na = &#8230;<\/p>\n","protected":false},"author":43,"featured_media":0,"parent":1193,"menu_order":0,"comment_status":"closed","ping_status":"closed","template":"","meta":{"_acf_changed":false,"inline_featured_image":false,"footnotes":""},"class_list":["post-586","page","type-page","status-publish","hentry"],"acf":[],"_links":{"self":[{"href":"https:\/\/sisu.ut.ee\/ewod\/wp-json\/wp\/v2\/pages\/586","targetHints":{"allow":["GET"]}}],"collection":[{"href":"https:\/\/sisu.ut.ee\/ewod\/wp-json\/wp\/v2\/pages"}],"about":[{"href":"https:\/\/sisu.ut.ee\/ewod\/wp-json\/wp\/v2\/types\/page"}],"author":[{"embeddable":true,"href":"https:\/\/sisu.ut.ee\/ewod\/wp-json\/wp\/v2\/users\/43"}],"replies":[{"embeddable":true,"href":"https:\/\/sisu.ut.ee\/ewod\/wp-json\/wp\/v2\/comments?post=586"}],"version-history":[{"count":1,"href":"https:\/\/sisu.ut.ee\/ewod\/wp-json\/wp\/v2\/pages\/586\/revisions"}],"predecessor-version":[{"id":4486,"href":"https:\/\/sisu.ut.ee\/ewod\/wp-json\/wp\/v2\/pages\/586\/revisions\/4486"}],"up":[{"embeddable":true,"href":"https:\/\/sisu.ut.ee\/ewod\/wp-json\/wp\/v2\/pages\/1193"}],"wp:attachment":[{"href":"https:\/\/sisu.ut.ee\/ewod\/wp-json\/wp\/v2\/media?parent=586"}],"curies":[{"name":"wp","href":"https:\/\/api.w.org\/{rel}","templated":true}]}}