{"id":580,"date":"2024-04-03T23:40:01","date_gmt":"2024-04-03T20:40:01","guid":{"rendered":"https:\/\/sisu.ut.ee\/ewod\/poems-et-82\/"},"modified":"2024-04-04T00:09:40","modified_gmt":"2024-04-03T21:09:40","slug":"poems","status":"publish","type":"page","link":"https:\/\/sisu.ut.ee\/ewod\/s\/suuman\/poems\/","title":{"rendered":"Aleksander Suuman &#8211; poems"},"content":{"rendered":"<p>\n\t<span style=\"font-family: verdana, geneva;font-size: medium\"><strong>In anthologies and magazines<\/strong><\/span>\n<\/p>\n<p>\n\t<span style=\"font-family: verdana, geneva\"><strong><em><strong><em>Esperanto<\/em><\/strong><\/em><br>Estona soveta poezio<\/strong>. Edited and translated by Hilda Dresen; afterword by Jaan Toomla. Tallinn: Eesti Raamat, 1977, 204 pp. [Poems by\u00a0August Alle, Artur Alliksaar,\u00a0Betti Alver, Vladimir Beekman, Paul Haavaoks, Lehte Hainsalu, Ain Kaalep, Kalju Kangur,\u00a0Jaan Kaplinski, Ilmi Kolla,\u00a0Jaan Kross, Erni Krusten, Jaan K\u00e4rner, Uno Laht,\u00a0Viivi Luik, Kersti Merilaas, Ellen Niit, Minni Nurme, Ralf Parve, Lilli Promet, Mart Raud, Rudolf Rimmel,\u00a0Paul-Eerik Rummo,\u00a0Hando Runnel, Juhan Saar, August Sang, Johannes Semper, Arvi Siig, Juhan Smuul, Harald Suislepp, Aleksander Suuman, Juhan S\u00fctiste,\u00a0Mats Traat, Debora Vaarandi, Johannes Vares-Barbarus,\u00a0Enn Vetemaa.]<\/span>\n<\/p>\n<p>\n\t<span style=\"font-family: verdana, geneva\"><strong><strong><em>Finnish<\/em><\/strong><br>Ajattelen koko ajan rahaa: kivikovaa virolaista nykyrunoutta<\/strong>. Translated by Varja Arola, Raija H\u00e4m\u00e4l\u00e4inen, Mika Ker\u00e4nen, Heli Laaksonen, Kaisu Lahikainen, Anu Laitila, Katja Meriluoto, Hannu Oittinen. [Helsinki:] Johnny Kniga, 2006, 106 pp. [Poems by Kristiina Ehin, fs, Kivisildnik, Hasso Krull, Kalju Kruusa, Asko K\u00fcnnap, Fagira D. Morti, Eeva Park, Aare Pilv, J\u00fcrgen Rooste, Karl Martin Sinij\u00e4rv, Triin Soomets, Aleksander Suuman, Mats Traat, Elo Viiding, Wimberg.]<br><strong>Pilven kanssa, saukon kanssa [and other poems]<\/strong>. Translated by Riho Gr\u00fcnthal. \u2013 Estonia: Zeitschrift f\u00fcr estnische Literatur und Kultur, no 3, 1987, pp 117-119.<br><strong>20\u00a0nykyvirolaista\u00a0runoilijaa.<\/strong><span>\u00a0Toimittaneet Raili Kilpi-Hynynen, Arvo Turtiainen. Helsinki: Tammi, 1969. [Poems by Betti Alver, Uku Masing, Bernard Kangro, Arno Vihalemm, Kersti Merilaas, August Sang, Debora Vaarandi, Jaan Kross, Kalju Lepik, Ilmar Laaban, Ivar Gr\u00fcnthal, Raimond Kolk, Uno Laht, Ivar Ivask, Aleksander Suuman, Ellen Niit, Mats Traat, Enn Vetemaa, Jaan Kaplinski, Paul-Eerik Rummo.]<\/span><\/span>\n<\/p>\n<p>\n\t<span style=\"font-family: verdana, geneva\"><span><strong><em>French<\/em><\/strong><br>Aleksander Suuman, <strong>Avec le nuage, avec la loutre. [and other poems]<\/strong>. Translated by Malle Talvet. \u2013 Estonia: Zeitschrift f\u00fcr estnische Literatur und Kultur, no 3, 1987, pp 117-119.<\/span><\/span>\n<\/p>\n<p>\n\t<span style=\"font-family: verdana, geneva\"><span><strong><em>Georgian<\/em><\/strong><br><strong>\u10d4\u10e1\u10e2\u10dd\u10dc\u10d4\u10da\u10d8 \u10e1\u10d0\u10d1\u10ed\u10dd\u10d7\u10d0 \u10de\u10dd\u10d4\u10e2\u10d4\u10d1\u10d8<\/strong>. \u10d4\u10e1\u10e2\u10dd\u10dc\u10e3\u10e0\u10d8\u10d3\u10d0\u10dc \u10d7\u10d0\u10e0\u10d2\u10db\u10dc\u10d0 \u10d0\u10db\u10d8\u10e0\u10d0\u10dc \u10d9\u10d0\u10da\u10d0\u10eb\u10d4\u10db. \u10e0\u10d4\u10d3\u10d0\u10e5\u10e2\u10dd\u10e0\u10d8: \u10da. \u10d8\u10db\u10d4\u10e0\u10da\u10d8\u10e8\u10d5\u10d8\u10da\u10d8. \u10d7\u10d1\u10d8\u10da\u10d8\u10e1\u10d8: \u10e1\u10d0\u10d1\u10ed\u10dd\u10d7\u10d0 \u10e1\u10d0\u10e5\u10d0\u10e0\u10d7\u10d5\u10d4\u10da\u10dd, 1984, 133 \u10d2\u10d5. [\u10d9\u10d4\u10e0\u10e1\u10e2 \u10db\u10d0\u10e0\u10d8\u10d0\u10da\u10d0\u10e1, \u10d0\u10da\u10d5\u10d4\u10e0\u10d8, \u10d0\u10d5\u10d2\u10e3\u10e1\u10e2 \u10e1\u10d0\u10dc\u10d2\u10d0, \u10d3\u10d4\u10d1\u10dd\u10e0\u10d0 \u10d5\u10d0\u10e0\u10d0\u10d0\u10dc\u10d3\u10d8, \u10d0\u10e0\u10e2\u10e3\u10e0 \u10d0\u10da\u10d8\u10d9\u10e1\u10d0\u10d0\u10e0\u10d8, \u10d4\u10da\u10d4\u10dc \u10dc\u10d8\u10e2\u10d8, \u10d8\u10d0\u10dc \u10d9\u10e0\u10dd\u10e1\u10d8, \u10d5\u10da\u10d0\u10d3\u10d8\u10db\u10d4\u10e0 \u10d1\u10d4\u10d9\u10db\u10d0\u10dc\u10d8, \u10d0\u10da\u10d4\u10e5\u10e1\u10d0\u10dc\u10d3\u10e0\u10d4 \u10e8\u10e3\u10db\u10d0\u10dc\u10d8, \u10d0\u10d8\u10dc \u10ee\u10d0\u10da\u10d4\u10d5\u10d8, \u10d8\u10e3\u10ee\u10d0\u10dc \u10e1\u10d0\u10d0\u10e0\u10d8, \u10e0\u10e3\u10d3\u10dd\u10da\u10e4 \u10e0\u10d8\u10db\u10d4\u10da\u10d8, \u10d0\u10e0\u10d5\u10d8 \u10e1\u10d8\u10d8\u10d2\u10d8, \u10d8\u10d0\u10dc \u10d9\u10d0\u10de\u10da\u10d8\u10dc\u10e1\u10d9\u10d8, \u10d9\u10d0\u10da\u10d4 \u10d9\u10e3\u10e0\u10d2\u10d8, \u10d0\u10dc\u10d3\u10e0\u10d4\u10e1 \u10d4\u10ee\u10d8\u10dc\u10d8, \u10d5\u10d8\u10d8\u10d5\u10d8 \u10da\u10e3\u10d8\u10d9, \u10d8\u10e3\u10ee\u10d0\u10dc \u10d5\u10d8\u10d8\u10d3\u10d8\u10dc\u10d2, Lehte Hainsalu, Paul-Eerik Rummo, Mats Traat, Hando Runnel.]<\/span><\/span>\n<\/p>\n<p>\n\t<span style=\"font-family: verdana, geneva\"><span><strong><em>German<\/em><\/strong><br><span data-mce-mark=\"1\"><strong>Sowjetliteratur, no 1, 1989<\/strong>. Literatur und Kunst der Estnischen Sowjetrepublik. Moskau: 1989, 189 pp. [See\u00a0<\/span><a href=\"https:\/\/sisu.ut.ee\/ewod\/anthologies\/german\/sowjetliteratur\"><strong>contents<\/strong><\/a><span data-mce-mark=\"1\">\u00a0of the special issue.]<\/span><\/span><\/span>\n<\/p>\n<p>\n\t<span style=\"font-family: verdana, geneva\"><span><strong><em>Hungarian<\/em><\/strong><br><strong>Harangok halk kondul\u00e1sa = Kellade hellus: huszadik sz\u00e1zadi \u00e9szt l\u00edra. I. <\/strong>V\u00e1logatta, szerkesztette, az el\u0151- \u00e9s ut\u00f3sz\u00f3t \u00edrta, valamint az \u00e9letrajzi jegyzeteket k\u00e9sz\u00edtette Bereczki G\u00e1born\u00e9 Mai Kiisk. Szombathely: [Berzsenyi Daniel Tanarkepz\u00f6 F\u00f6iskola], 2000, 303 pp. [Text in Hungarian and Estonian. Poems by Juhan Liiv, Ernst Enno, Gustav Suits, Villem Ridala, Marie Under, Henrik Visnapuu, Johannes Barbarus, Johannes Semper, Heiti Talvik, Betti Alver, Uku Masing, Bernard Kangro, Karl Ristikivi, Kersti Merilaas, Kalju Lepik, Debora Vaarandi, Juhan Smuul, Artur Alliksaar, Ain Kaalep, Aleksander Suuman.]<br><strong>[Poems]<\/strong>. Veress Mikl\u00f3s ford. \u2013 Kort\u00e1rs, no 11, 1977.<\/span><\/span>\n<\/p>\n<p>\n\t<span style=\"font-family: verdana, geneva\"><span><strong><em>Italian<\/em><\/strong><br><strong>Realismi a cupole d\u2019oro: antologia della poesia contemporanea dell\u2019URSS. Vol 2. I Poeti delle repubbliche baltiche: Estonia, Lettonia e Lituania<\/strong>. A cura di Mario Grasso, Eduardas Me\u017eelajtis, Janis Peters e Paul\u2019-Eerik Rummo. Prova d\u2019Autore, 1987, 404 pp. [Poems by: Artur Alliksaar, Betti Alver, Vladimir Beekman, Viiu H\u00e4rm, Ain Kaalep, Jaan Kaplinski, Doris Kareva, Jaan Kross, Viivi Luik, Uku Masing, Kersti Merilaas, Ellen Niit, Ralf Parve, Paul-Eerik Rummo, Hando Runnel, Arvi Siig, Aleksander Suuman, Mats Traat, Debora Vaarandi, Juhan Viiding.]<\/span><\/span>\n<\/p>\n<p>\n\t<span style=\"font-family: verdana, geneva\"><span><strong><em>Lithuanian<\/em><\/strong><br><strong>Poezijos pavasaris: 1966<\/strong>. Redaktore A. Sluckait\u0117. Vilnius: Vaga, 1966, 197 pp. [Includes poems by Paul-Eerik Rummo, Aleksander Suuman, Mats Traat, Debora Vaarandi.]<\/span><\/span>\n<\/p>\n<p>\n\t<span style=\"font-family: verdana, geneva\"><strong><em>Russian<\/em><\/strong><br>\u0410\u043b\u0435\u043a\u0441\u0430\u043d\u0434\u0435\u0440 \u0421\u0443\u0443\u043c\u0430\u043d, <strong>[\u0421\u0442\u0438\u0445\u0438]<\/strong>. \u041f\u0435\u0440\u0435\u0432\u043e\u0434 \u0421\u0432\u0435\u0442\u043b\u0430\u043d\u044b \u0415\u043c\u0448\u0430\u043d\u043e\u0432\u043e\u0439 \u0438 \u0415\u043b\u0435\u043d\u044b \u041b\u0443\u0446\u0435\u043d\u043a\u043e. \u2013 \u042d\u0441\u0442\u043e\u043d\u0441\u043a\u0438\u0439 \u043f\u0438\u0441\u0430\u0442\u0435\u043b\u044c-\u0448\u0435\u0441\u0442\u0438\u0434\u0435\u0441\u044f\u0442\u043d\u0438\u043a. 1 \u0441\u0431\u043e\u0440\u043d\u0438\u043a. \u041b\u0438\u0442\u0435\u0440\u0430\u0442\u0443\u0440\u043d\u043e-\u043f\u0435\u0440\u0435\u0432\u043e\u0434\u0447\u0435\u0441\u043a\u0430\u044f \u0448\u043a\u043e\u043b\u0430-\u0441\u0442\u0443\u0434\u0438\u044f. \u0421\u043e\u0441\u0442\u0430\u0432\u0438\u0442\u0435\u043b\u044c \u0438 \u0440\u0435\u0434\u0430\u043a\u0442\u043e\u0440 \u0411\u043e\u0440\u0438\u0441 \u0411\u0430\u043b\u044f\u0441\u043d\u044b\u0439; \u043f\u0440\u0435\u0434\u0438\u0441\u043b\u043e\u0432\u0438\u0435: \u041c\u0430\u0442\u0441 \u0422\u0440\u0430\u0430\u0442. Tallinn: BRI &amp; Ko, [2007], 256 pp. [See <a href=\"https:\/\/sisu.ut.ee\/ewod\/anthologies\/russian\/60ndad1\"><strong>contents<\/strong><\/a> of the anthology.]<br><strong>\u0410\u043d\u0442\u043e\u043b\u043e\u0433\u0438\u044f \u044d\u0441\u0442\u043e\u043d\u0441\u043a\u043e\u0439 \u043f\u043e\u044d\u0437\u0438\u0438<\/strong>. C\u043e\u0441\u0442\u0430\u0432\u0438\u0442\u0435\u043b\u044c \u0438 \u0440\u0435\u0434\u0430\u043a\u0442\u043e\u0440 \u042d\u043b\u044c\u0432\u0438\u0440\u0430 \u041c\u0438\u0445\u0430\u0439\u043b\u043e\u0432\u0430. A\u0432\u0442. \u0441\u0442. \u0418. \u0411\u0435\u043b\u043e\u0431\u0440\u043e\u0432\u0446\u0435\u0432\u0430 \u0438 \u0434\u0440.\u037e \u0431\u0438\u0431\u043b\u0438\u043e\u0433\u0440. \u041e. \u041a\u0438\u0432\u0438.\u00a0Kodumaa \u2013 \u0420\u043e\u0434\u043d\u043e\u0439 \u0434\u043e\u043c: \u0431\u0438\u0431\u043b\u0438\u043e\u0442\u0435\u043a\u0430 \u044d\u0441\u0442\u043e\u043d\u0441\u043a\u043e\u0439 \u043b\u0438\u0442\u0435\u0440\u0430\u0442\u0443\u0440\u044b.\u00a0\u0422\u0430\u043b\u043b\u0438\u043d\u043d: KPD Kirjastus, 1999. 739 pp. [Foreword \u2018\u0413\u043b\u0430\u0432\u043d\u044b\u0435 \u043d\u0430\u043f\u0440\u0430\u0432\u043b\u0435\u043d\u0438\u044f \u044d\u0441\u0442\u043e\u043d\u0441\u043a\u043e\u0439 \u043f\u043e\u044d\u0437\u0438\u0438\u2019 by Ain Kaalep. Poems by\u00a0Reiner Brockmann, K\u00e4su Hans, Kristian Jaak Peterson, Lydia Koidula, Ado Reinvald, Karl Eduard S\u00f6\u00f6t, Juhan Liiv, Anna Haava, Ernst Enno, Gustav Suits, Villem Gr\u00fcnthal-Ridala, Marie Under, Henrik Visnapuu, Johannes Vares-Barbarus, Johannes Semper, Valmar Adams, Juhan S\u00fctiste, Heiti Talvik, Betti Alver, Bernard Kangro, Uku Masing, August Sang, Kersti Merilaas, Debora Vaarandi, Ralf Parve, Minni Nurme, Juhan Smuul, Ilmar Laaban, Kalju Lepik, Jaan Kross, Ellen Niit, Ain Kaalep, Artur Alliksaar, Paul-Eerik Rummo, Mats Traat, Arvi Siig, Aleksander Suuman, Jaan Kaplinski, Andres Ehin, Hando Runnel, Toomas Liiv, Johnny B. Isotamm, Viivi Luik, Nikolai Baturin, Juhan Viiding, Ene Mihkelson, Doris Kareva, Mari Vallisoo, Ilona Laaman, Indrek Hirv, Hasso Krull.]<br><strong>\u0410\u043d\u0442\u043e\u043b\u043e\u0433\u0438\u044f \u044d\u0441\u0442\u043e\u043d\u0441\u043a\u043e\u0439 \u043f\u043e\u044d\u0437\u0438\u0438: 1637-1987 \u0433<\/strong>. \u0421\u043e\u0441\u0442\u0430\u0432\u0438\u0442\u0435\u043b\u044c \u041b. \u0420\u0443\u0443\u0434, \u042d. \u041c\u0438\u0445\u0430\u0439\u043b\u043e\u0432\u0430; \u043f\u0440\u0435\u0434\u0438\u0441\u043b\u043e\u0432\u0438\u0435 \u0410. \u041a\u0430\u0430\u043b\u0435\u043f\u0430. \u0422\u0430\u043b\u043b\u0438\u043d\u043d: \u042d\u044d\u0441\u0442\u0438 \u0420\u0430\u0430\u043c\u0430\u0442, 1990, 415 pp. [Poems by: Reiner Brockmann, Heinrich G\u00f6seken, Johann Gutslaff, Johann Sebastian Markard, Johann Kohsen, unknown author in 1697, K\u00e4su Hans, Carl Schulten, Carl Gustav von Staden, unknown author in 1779, Berend Heinrich von Tiesenhausen, Joachim Gottlieb Schwabe, Kristian Jaak Peterson, Lydia Koidula, Juhan Liiv, Gustav Suits, Villem Ridala, Marie Under, Henrik Visnapuu, Johannes Barbarus, Heiti Talvik, Betti Alver, August Sang, Kersti Merilaas, Mart Raud, Uku Masing, Juhan S\u00fctiste, Johannes Semper, Valmar Adams, Juhan Smuul, Debora Vaarandi, Ralf Parve, Aira Kaal, Minni Nurme, Uno Laht, Jaan Kross, Ellen Niit, Vladimir Beekman, Artur Alliksaar, Ain Kaalep, Paul Haavaoks, Aleksander Suuman, Arvi Siig, Mats Traat, Nikolai Baturin, Paul-Eerik Rummo, Jaan Kaplinski, Hando Runnel, Viivi Luik, Juhan Viiding, Ene Mihkelson, Doris Kareva, Mari Vallisoo.]<br>\u0421\u0432\u0435\u0442\u043b\u0430\u043d \u0421\u0435\u043c\u0435\u043d\u0435\u043d\u043a\u043e, <strong>\u0421\u0432\u0435\u0442 \u0432 \u0434\u0435\u043a\u0430\u0431\u0440\u0435: \u0441\u0442\u0438\u0445\u0438 \u0438 \u043f\u0435\u0440\u0435\u0432\u043e\u0434\u044b<\/strong>. \u0422\u0430\u043b\u043b\u0438\u043d: \u042d\u044d\u0441\u0442\u0438 \u0440\u0430\u0430\u043c\u0430\u0442, 1985, 302 pp. [Includes poems from folklore and by Gustav Suits, Villem Gr\u00fcnthal-Ridala, Marie Under, Valmar Adams, Heiti Talvik, Betti Alver, Kersti Merilaas, Minni Nurme, Debora Vaarandi, Artur Alliksaar, Ain Kaalep, Ellen Niit, Aleksander Suuman, Mats Traat, Enn Vetemaa, Arvi Siig, Andres Ehin, Kalle Kurg, Paul-Eerik Rummo, Hando Runnel, Jaan Kaplinski,Ly Seppel, Viivi Luik, Toomas Liiv, Joel Sang, Juhan Viiding.]<\/span><\/p>\n","protected":false},"excerpt":{"rendered":"<p>In anthologies and magazines EsperantoEstona soveta poezio. Edited and translated by Hilda Dresen; afterword by Jaan Toomla. Tallinn: Eesti Raamat, 1977, 204 pp. [Poems by\u00a0August Alle, Artur Alliksaar,\u00a0Betti Alver, Vladimir Beekman, Paul Haavaoks, Lehte Hainsalu, Ain Kaalep, Kalju Kangur,\u00a0Jaan Kaplinski, &#8230;<\/p>\n","protected":false},"author":43,"featured_media":0,"parent":29,"menu_order":0,"comment_status":"closed","ping_status":"closed","template":"","meta":{"_acf_changed":false,"inline_featured_image":false,"footnotes":""},"class_list":["post-580","page","type-page","status-publish","hentry"],"acf":[],"_links":{"self":[{"href":"https:\/\/sisu.ut.ee\/ewod\/wp-json\/wp\/v2\/pages\/580","targetHints":{"allow":["GET"]}}],"collection":[{"href":"https:\/\/sisu.ut.ee\/ewod\/wp-json\/wp\/v2\/pages"}],"about":[{"href":"https:\/\/sisu.ut.ee\/ewod\/wp-json\/wp\/v2\/types\/page"}],"author":[{"embeddable":true,"href":"https:\/\/sisu.ut.ee\/ewod\/wp-json\/wp\/v2\/users\/43"}],"replies":[{"embeddable":true,"href":"https:\/\/sisu.ut.ee\/ewod\/wp-json\/wp\/v2\/comments?post=580"}],"version-history":[{"count":1,"href":"https:\/\/sisu.ut.ee\/ewod\/wp-json\/wp\/v2\/pages\/580\/revisions"}],"predecessor-version":[{"id":4502,"href":"https:\/\/sisu.ut.ee\/ewod\/wp-json\/wp\/v2\/pages\/580\/revisions\/4502"}],"up":[{"embeddable":true,"href":"https:\/\/sisu.ut.ee\/ewod\/wp-json\/wp\/v2\/pages\/29"}],"wp:attachment":[{"href":"https:\/\/sisu.ut.ee\/ewod\/wp-json\/wp\/v2\/media?parent=580"}],"curies":[{"name":"wp","href":"https:\/\/api.w.org\/{rel}","templated":true}]}}