{"id":575,"date":"2024-04-03T23:40:01","date_gmt":"2024-04-03T20:40:01","guid":{"rendered":"https:\/\/sisu.ut.ee\/ewod\/novels-et-32\/"},"modified":"2024-04-04T00:09:40","modified_gmt":"2024-04-03T21:09:40","slug":"novels","status":"publish","type":"page","link":"https:\/\/sisu.ut.ee\/ewod\/m\/markosjankasper\/novels\/","title":{"rendered":"\u0413\u043e\u0430\u0440 \u041c\u0430\u0440\u043a\u043e\u0441\u044f\u043d-\u041a\u0430\u0441\u043f\u0435\u0440 (\u0533\u0578\u0570\u0561\u0580 \u0544\u0561\u0580\u056f\u0578\u057d\u0575\u0561\u0576-\u053f\u0561\u057d\u057a\u0565\u0580, Gohar Markosjan-K\u00e4sper) &#8211; novels"},"content":{"rendered":"<p>\n\t<span style=\"color:#000000\"><span style=\"font-size: medium\"><strong><span style=\"font-family: verdana, geneva\">Books<\/span><\/strong><\/span><\/span>\n<\/p>\n<p>\n\t<span style=\"color:#000000\"><span style=\"font-size:13px\"><strong><em><span style=\"font-family: verdana, geneva\">Armenian<\/span><\/em><\/strong><br><span style=\"font-family: verdana, geneva\">\u0533\u0578\u0570\u0561\u0580 \u0544\u0561\u0580\u056f\u0578\u057d\u0575\u0561\u0576-\u053f\u0561\u057d\u057a\u0565\u0580, <strong>\u054a\u0565\u0576\u0565\u056c\u0578\u057a\u0565<\/strong>. <\/span><span style=\"font-family:Verdana,Geneva,sans-serif\">\u057c\u0578\u0582\u057d\u0565\u0580\u0565\u0576 \u0562\u0576\u0561\u0563\u0580\u056b\u0581 \u0570\u0561\u0575\u0565\u0580\u0565\u0576 \u0567 \u0569\u0561\u0580\u0563\u0574\u0561\u0576\u0565\u056c \u053f\u0561\u0580\u056b\u0576\u0565 \u053d\u0578\u0564\u056b\u056f\u0575\u0561\u0576\u0568. <\/span><span style=\"font-family: verdana, geneva\">Antares, 2016, 410 pp. [\u2018\u041f\u0435\u043d\u0435\u043b\u043e\u043f\u0430\u2019. Translated by Karine Hodikyan.]<\/span><\/span><\/span>\n<\/p>\n<p>\n\t<span style=\"color:#000000\"><span style=\"font-size:13px\"><span style=\"font-family:Verdana,Geneva,sans-serif\"><strong><em>Dutch<\/em><\/strong><br>Goar Markosyan-Kasper, <strong>Penelope<\/strong>. Translation into Dutch by Aai Prins. Amsterdam-Antwerpen: Contact, 2001, 295 pp. <\/span>[\u2018\u041f\u0435\u043d\u0435\u043b\u043e\u043f\u0430\u2019.]<\/span><\/span>\n<\/p>\n<p>\n\t<span style=\"color:#000000\"><span style=\"font-size:13px\"><strong><em><span style=\"font-family: verdana, geneva\">French<\/span><\/em><\/strong><br><span style=\"font-family: verdana, geneva\">Gohar Marcossian, <strong>P\u00e9n\u00e9lope prend un bain Broch\u00e9<\/strong>. Traduit par Luba Jurgenson. Belfond, 2002, 240 pp. [\u2018\u041f\u0435\u043d\u0435\u043b\u043e\u043f\u0430\u2019.]<\/span><\/span><\/span>\n<\/p>\n<p>\n\t<span style=\"color:#000000\"><span style=\"font-size:13px\"><strong><em><span style=\"font-family: verdana, geneva\">German<\/span><\/em><\/strong><br><span style=\"font-family: verdana, geneva\">Gohar Markosjan-Kasper, <strong>Penelope, die Listenreiche<\/strong>. \u00dcbersetzung von Gabriele Leupold. Rowohlt Berlin, 2002, 400 pp. [\u2018\u041f\u0435\u043d\u0435\u043b\u043e\u043f\u0430\u2019.]<\/span><\/span><\/span>\n<\/p>\n<p>\n\t<span style=\"color:#000000\"><span style=\"font-size:13px\"><span style=\"font-family:Verdana,Geneva,sans-serif\"><strong><em>Italian<\/em><\/strong><br><strong>Penelope<\/strong>. Translated by Mirco Gallenzi.<\/span><\/span> <span style=\"font-size:13px\"><span style=\"font-family:Verdana,Geneva,sans-serif\">Firenze: GoWare, 2022. [\u2018\u041f\u0435\u043d\u0435\u043b\u043e\u043f\u0430\u2019.]<\/span><\/span><\/span>\n<\/p>\n<p>\n\t<span style=\"color:#000000\"><span style=\"font-size:13px\"><strong><em><span style=\"font-family: verdana, geneva\">Spanish<\/span><\/em><\/strong><br><span style=\"font-family: verdana, geneva\">Goar Markosi\u00e1n-Kasper, <strong>Pen\u00e9lope<\/strong>. Translated by <\/span><span style=\"font-family:Verdana,Geneva,sans-serif\">V\u00ecctor Andresco<\/span><\/span>. <span style=\"font-size:13px\"><span style=\"font-family: verdana, geneva\">Siruela, 2003, 288 pp. [\u2018\u041f\u0435\u043d\u0435\u043b\u043e\u043f\u0430\u2019.]<\/span><\/span><\/span><\/p>\n","protected":false},"excerpt":{"rendered":"<p>Books Armenian\u0533\u0578\u0570\u0561\u0580 \u0544\u0561\u0580\u056f\u0578\u057d\u0575\u0561\u0576-\u053f\u0561\u057d\u057a\u0565\u0580, \u054a\u0565\u0576\u0565\u056c\u0578\u057a\u0565. \u057c\u0578\u0582\u057d\u0565\u0580\u0565\u0576 \u0562\u0576\u0561\u0563\u0580\u056b\u0581 \u0570\u0561\u0575\u0565\u0580\u0565\u0576 \u0567 \u0569\u0561\u0580\u0563\u0574\u0561\u0576\u0565\u056c \u053f\u0561\u0580\u056b\u0576\u0565 \u053d\u0578\u0564\u056b\u056f\u0575\u0561\u0576\u0568. Antares, 2016, 410 pp. [\u2018\u041f\u0435\u043d\u0435\u043b\u043e\u043f\u0430\u2019. Translated by Karine Hodikyan.] DutchGoar Markosyan-Kasper, Penelope. Translation into Dutch by Aai Prins. Amsterdam-Antwerpen: Contact, 2001, 295 pp. [\u2018\u041f\u0435\u043d\u0435\u043b\u043e\u043f\u0430\u2019.] FrenchGohar Marcossian, P\u00e9n\u00e9lope prend un &#8230;<\/p>\n","protected":false},"author":43,"featured_media":0,"parent":564,"menu_order":0,"comment_status":"closed","ping_status":"closed","template":"","meta":{"_acf_changed":false,"inline_featured_image":false,"footnotes":""},"class_list":["post-575","page","type-page","status-publish","hentry"],"acf":[],"_links":{"self":[{"href":"https:\/\/sisu.ut.ee\/ewod\/wp-json\/wp\/v2\/pages\/575","targetHints":{"allow":["GET"]}}],"collection":[{"href":"https:\/\/sisu.ut.ee\/ewod\/wp-json\/wp\/v2\/pages"}],"about":[{"href":"https:\/\/sisu.ut.ee\/ewod\/wp-json\/wp\/v2\/types\/page"}],"author":[{"embeddable":true,"href":"https:\/\/sisu.ut.ee\/ewod\/wp-json\/wp\/v2\/users\/43"}],"replies":[{"embeddable":true,"href":"https:\/\/sisu.ut.ee\/ewod\/wp-json\/wp\/v2\/comments?post=575"}],"version-history":[{"count":1,"href":"https:\/\/sisu.ut.ee\/ewod\/wp-json\/wp\/v2\/pages\/575\/revisions"}],"predecessor-version":[{"id":4497,"href":"https:\/\/sisu.ut.ee\/ewod\/wp-json\/wp\/v2\/pages\/575\/revisions\/4497"}],"up":[{"embeddable":true,"href":"https:\/\/sisu.ut.ee\/ewod\/wp-json\/wp\/v2\/pages\/564"}],"wp:attachment":[{"href":"https:\/\/sisu.ut.ee\/ewod\/wp-json\/wp\/v2\/media?parent=575"}],"curies":[{"name":"wp","href":"https:\/\/api.w.org\/{rel}","templated":true}]}}