{"id":573,"date":"2024-04-03T23:40:01","date_gmt":"2024-04-03T20:40:01","guid":{"rendered":"https:\/\/sisu.ut.ee\/ewod\/priimagi\/"},"modified":"2024-04-04T00:09:39","modified_gmt":"2024-04-03T21:09:39","slug":"priimagi","status":"publish","type":"page","link":"https:\/\/sisu.ut.ee\/ewod\/p\/priimagi\/","title":{"rendered":"Linnar Priim\u00e4gi"},"content":{"rendered":"<p>\n\t<br><strong><span style=\"font-size:16px\"><a data-url=\"https:\/\/sisu.ut.ee\/ewod\/p\/priimagi\/about\" href=\"https:\/\/sisu.ut.ee\/ewod\/p\/priimagi\/about\" title=\"\">About Linnar Priim\u00e4gi<\/a><\/span><\/strong>\n<\/p>\n<p>Linnar Priim\u00e4gi (born 29 III 1954) is a critic, poet and translator.\n<\/p>\n<p>\n\tPriim\u00e4gi was born in Tallinn. He completed Tallinn Secondary School No. 42 in 1972. From 1972\u20131977, he studied Romance and Germanic languages at the Faculty of Philology at Tartu State University and graduated from it as a German philologist. Later he has defended a master\u2019s degree in art history at the Estonian Academy of Arts and acquired a doctoral degree in psychology at Tallinn University. From 1977\u20131986, Priim\u00e4gi worked at the culture department of the newspaper <em>Edasi<\/em>. From 1988\u20131990, he worked as the chief dramaturge of the Vanemuine theatre and from 1990\u20131993 as its artistic director. Priim\u00e4gi has taught the German language and theory of literary criticism at the University of Tartu, history of philosophy at the Estonian Academy of Music, art history at the Estonian Institute of Law, cultural history, corporate identity design, propaganda techniques, stage direction, marketing and stylistics at Tallinn University. Until 2020, he was an associate professor at Tallinn University. In 2002 and 2003, Priim\u00e4gi advised the Tallinn City Government on image creation. Priim\u00e4gi is one of the founders of the Estonian Goethe Society. He has been a member of the Estonian Writers\u2019 Union from 1985. His son is film critic Tristan Priim\u00e4gi.\n<\/p>\n<p>\n\tLinnar Priim\u00e4gi made his debut as a poet and essayist in the student newspaper of Tartu State University and in the newspaper <em>Edasi<\/em> in the mid-1970s. Soon his bright and polemical essays attracted attention. A frequent theme in Priim\u00e4gi\u2019s poems is love; his verses mostly follow classical forms.\n<\/p>\n<p>\n\tLinnar Priim\u00e4gi has published numerous literary, art, theatre and film reviews. He has deepened the knowledge of European cultural history, emphasising the ideal of the universal spirit, using primarily Goethe, Hegel and Voltaire as examples. He has presented programmes on art history on television and participated as a cultural guide in travel broadcasts. Priim\u00e4gi has performed as an actor in several film and theatre roles. A documentary film has been made about him \u2014 <em>Mephistopheles<\/em> (2020, director Manfred Vainokivi).\n<\/p>\n<p>\n\tFor the essay collection <em>Luule ja t\u00f5de<\/em> (\u2018Poetry and Truth\u2019, 2019), Priim\u00e4gi received the Literature Endowment Annual Award.<br>\u00a0\u00a0 \u00a0\u00a0\u00a0 \u00a0\u00a0\u00a0 \u00a0\u00a0\u00a0 \u00a0<br><em>L. P. (Translated by I. A.)<\/em>\n<\/p>\n<p><strong><span style=\"font-size:16px\">Books in Estonian<\/span><\/strong><\/p>\n<p><strong><em>Poetry<\/em><\/strong><br><strong>Kelle tee on varjul<\/strong>. Tallinn : Eesti Ekspressi Kirjastus, 2005. 120 lk.<br><strong>Hilised sirelid<\/strong>: Nachla\u00df 1975\u20132020. Tallinn: EKSA, 2021. 135 lk.<br><strong>Medeia. ME\u0394EIA<\/strong>. Tartu: Ilmamaa, 2023. 47 lk.\n<\/p>\n<p>\n\t<strong><em>Essays<\/em><\/strong><br><strong>M\u00e4lestusi Euroopast<\/strong>. Tallinn: Vagabund, 1995. 135 lk.<br><strong>Kommentaarium: kultuurikommentaare aastaist 1994\u20131996<\/strong>. Tallinn: Perioodika, 1997. 151 lk.<br><strong>Minu Goethe<\/strong>. Tartu: Ilmamaa, 2018. 347 lk.<br><strong>Luule ja t\u00f5de<\/strong>. Tartu: Ilmamaa, 2019. 519 lk.<br><strong>Inimese ilu<\/strong>: k\u00fcmme esseed. Tartu: Ilmamaa, 2020. 158 lk.\n<\/p>\n<p>\n\t<strong><em>Monographs<\/em><\/strong><br><strong>Klassitsism. I osa<\/strong>, Inimkeha retoorika klassitsistliku kujutavkunsti kaanonites: monograafia. Tallinn: Tallinna \u00dclikooli Kirjastus, 2005. 390 lk.<br><strong>Klassitsism. II osa<\/strong>, Inimkeha retoorika klassitsistliku kujutavkunsti kaanonites: monograafia. Tallinn: Tallinna \u00dclikooli Kirjastus, 2005. Lk. 392\u2013844 lk.<br><strong>Klassitsism. III osa<\/strong>, Inimkeha retoorika klassitsistliku kujutavkunsti kaanonites: monograafia. Tallinn:\u00a0 Tallinna \u00dclikooli Kirjastus, 2005. Lk. 848\u20131242 lk.\n<\/p>\n<p>\n\t<strong><em>Textbooks<\/em><\/strong><br><strong>Eesti keele ruunid<\/strong>: paarsada m\u00f5istatust, paar tuhat vastust: ise\u00f5pik edasij\u00f5udnutele.<br>Tartu : Ilmamaa, 2022. 252 lk.\n<\/p>\n<p>\n\t<strong><em>Corporate identity design<\/em><\/strong><br><strong>Reklaamikunst<\/strong>. Tallinn: BNS-i kirjastus, 1998. 209 lk.<br><strong>Reklaam &amp; imagoloogia: m\u00f5istevara<\/strong>. Tallinn: Vara-abi, 2007. 62 lk.<br><strong>Reklaam &amp; propaganda: m\u00f5istevara<\/strong>. Tallinn: Vara-abi, 2008. 102 lk.<br><strong>Reklaam &amp; imagoloogia: m\u00f5istevara<\/strong>. Tallinn: Infotele, 2010. 152 lk.<br><strong>Propaganda s\u00f5nastik<\/strong>. Tallinn: Eesti Keele Sihtasutus, 2011. 341 lk.<br><strong>Propagandas\u00f5da: teooria ja praktika<\/strong>. Tallinn: Eesti Keele Sihtasutus, 2015. 255 lk.\n<\/p>\n<p>\n\t<strong><em>Miscellaneous<\/em><\/strong><br><strong>Inimese foto<\/strong>. Tallinn: Linnar Priim\u00e4gi, 2018. 57 lk.<br><strong>Minu sekundid: protokoll 2019<\/strong>. Tallinn: EKSA, 2020. 255 lk.\n<\/p>\n<p>\n\t\u00a0<\/p>\n","protected":false},"excerpt":{"rendered":"<p>About Linnar Priim\u00e4gi Linnar Priim\u00e4gi (born 29 III 1954) is a critic, poet and translator. Priim\u00e4gi was born in Tallinn. He completed Tallinn Secondary School No. 42 in 1972. From 1972\u20131977, he studied Romance and Germanic languages at the Faculty &#8230;<\/p>\n","protected":false},"author":43,"featured_media":0,"parent":675,"menu_order":0,"comment_status":"closed","ping_status":"closed","template":"","meta":{"_acf_changed":false,"inline_featured_image":false,"footnotes":""},"class_list":["post-573","page","type-page","status-publish","hentry"],"acf":[],"_links":{"self":[{"href":"https:\/\/sisu.ut.ee\/ewod\/wp-json\/wp\/v2\/pages\/573","targetHints":{"allow":["GET"]}}],"collection":[{"href":"https:\/\/sisu.ut.ee\/ewod\/wp-json\/wp\/v2\/pages"}],"about":[{"href":"https:\/\/sisu.ut.ee\/ewod\/wp-json\/wp\/v2\/types\/page"}],"author":[{"embeddable":true,"href":"https:\/\/sisu.ut.ee\/ewod\/wp-json\/wp\/v2\/users\/43"}],"replies":[{"embeddable":true,"href":"https:\/\/sisu.ut.ee\/ewod\/wp-json\/wp\/v2\/comments?post=573"}],"version-history":[{"count":1,"href":"https:\/\/sisu.ut.ee\/ewod\/wp-json\/wp\/v2\/pages\/573\/revisions"}],"predecessor-version":[{"id":4495,"href":"https:\/\/sisu.ut.ee\/ewod\/wp-json\/wp\/v2\/pages\/573\/revisions\/4495"}],"up":[{"embeddable":true,"href":"https:\/\/sisu.ut.ee\/ewod\/wp-json\/wp\/v2\/pages\/675"}],"wp:attachment":[{"href":"https:\/\/sisu.ut.ee\/ewod\/wp-json\/wp\/v2\/media?parent=573"}],"curies":[{"name":"wp","href":"https:\/\/api.w.org\/{rel}","templated":true}]}}