{"id":572,"date":"2024-04-03T23:40:00","date_gmt":"2024-04-03T20:40:00","guid":{"rendered":"https:\/\/sisu.ut.ee\/ewod\/nonfiction-et-33\/"},"modified":"2024-04-04T00:09:43","modified_gmt":"2024-04-03T21:09:43","slug":"nonfiction","status":"publish","type":"page","link":"https:\/\/sisu.ut.ee\/ewod\/j\/joeruut\/nonfiction\/","title":{"rendered":"Jaak J\u00f5er\u00fc\u00fct &#8211; non-fiction"},"content":{"rendered":"<p><strong><span style=\"font-family: verdana, geneva;font-size: medium\">Books<\/span><\/strong><\/p>\n<p><strong><em><span style=\"font-family: verdana, geneva\">Russian<\/span><\/em><\/strong><br><span style=\"font-family: verdana, geneva\">\u042f\u0430\u043a \u0419\u044b\u044d\u0440\u044e\u0439\u0442, <strong>\u0414\u0438\u043f\u043b\u043e\u043c\u0430\u0442 \u0438 \u043f\u0430\u043c\u044f\u0442\u044c<\/strong>. \u041f\u0435\u0440\u0435\u0432\u043e\u0434 \u0441 \u044d\u0441\u0442\u043e\u043d\u0441\u043a\u043e\u0433\u043e \u042d\u043b\u044c\u0432\u0438\u0440\u044b \u041c\u0438\u0445\u0430\u0439\u043b\u043e\u0432\u043e\u0439. Tallinn: Tuum, 2007, 260 pp. [\u2018Diplomaat ja m\u00e4lu\u2019.]<\/span><\/p>\n","protected":false},"excerpt":{"rendered":"<p>Books Russian\u042f\u0430\u043a \u0419\u044b\u044d\u0440\u044e\u0439\u0442, \u0414\u0438\u043f\u043b\u043e\u043c\u0430\u0442 \u0438 \u043f\u0430\u043c\u044f\u0442\u044c. \u041f\u0435\u0440\u0435\u0432\u043e\u0434 \u0441 \u044d\u0441\u0442\u043e\u043d\u0441\u043a\u043e\u0433\u043e \u042d\u043b\u044c\u0432\u0438\u0440\u044b \u041c\u0438\u0445\u0430\u0439\u043b\u043e\u0432\u043e\u0439. Tallinn: Tuum, 2007, 260 pp. [\u2018Diplomaat ja m\u00e4lu\u2019.]<\/p>\n","protected":false},"author":43,"featured_media":0,"parent":542,"menu_order":0,"comment_status":"closed","ping_status":"closed","template":"","meta":{"_acf_changed":false,"inline_featured_image":false,"footnotes":""},"class_list":["post-572","page","type-page","status-publish","hentry"],"acf":[],"_links":{"self":[{"href":"https:\/\/sisu.ut.ee\/ewod\/wp-json\/wp\/v2\/pages\/572","targetHints":{"allow":["GET"]}}],"collection":[{"href":"https:\/\/sisu.ut.ee\/ewod\/wp-json\/wp\/v2\/pages"}],"about":[{"href":"https:\/\/sisu.ut.ee\/ewod\/wp-json\/wp\/v2\/types\/page"}],"author":[{"embeddable":true,"href":"https:\/\/sisu.ut.ee\/ewod\/wp-json\/wp\/v2\/users\/43"}],"replies":[{"embeddable":true,"href":"https:\/\/sisu.ut.ee\/ewod\/wp-json\/wp\/v2\/comments?post=572"}],"version-history":[{"count":1,"href":"https:\/\/sisu.ut.ee\/ewod\/wp-json\/wp\/v2\/pages\/572\/revisions"}],"predecessor-version":[{"id":4517,"href":"https:\/\/sisu.ut.ee\/ewod\/wp-json\/wp\/v2\/pages\/572\/revisions\/4517"}],"up":[{"embeddable":true,"href":"https:\/\/sisu.ut.ee\/ewod\/wp-json\/wp\/v2\/pages\/542"}],"wp:attachment":[{"href":"https:\/\/sisu.ut.ee\/ewod\/wp-json\/wp\/v2\/media?parent=572"}],"curies":[{"name":"wp","href":"https:\/\/api.w.org\/{rel}","templated":true}]}}