{"id":5718,"date":"2024-11-04T12:41:55","date_gmt":"2024-11-04T10:41:55","guid":{"rendered":"https:\/\/sisu.ut.ee\/ewod\/?page_id=5718"},"modified":"2024-11-04T12:41:56","modified_gmt":"2024-11-04T10:41:56","slug":"langemets-poems","status":"publish","type":"page","link":"https:\/\/sisu.ut.ee\/ewod\/l\/langemets\/langemets-poems\/","title":{"rendered":"Andres Langemets &#8211; poems"},"content":{"rendered":"<h5 class=\"wp-block-heading\"><br>In anthologies and magazines<\/h5>\n\n\n\n<p><strong><em>Lithuanian<\/em><\/strong><br><strong>\u0160viesa \u0160iaurin\u0117. P\u00f5hjamaa valgus<\/strong>. Edited and translated by Danute Sirijos Girait\u0117. Vilnius: Slinktys, 2024, 237 pp. [Poems by J\u00fcri Talvet, Astrid Reinla, Andres Langemets, Doris Kareva, Jaan Malin, Triin Soomets, fs\/Indrek Mesikepp, Karl Martin Sinij\u00e4rv, Maarja Kangro, Mathura, Mihkel Kaevats.]<\/p>\n","protected":false},"excerpt":{"rendered":"<p>In anthologies and magazines Lithuanian\u0160viesa \u0160iaurin\u0117. P\u00f5hjamaa valgus. Edited and translated by Danute Sirijos Girait\u0117. Vilnius: Slinktys, 2024, 237 pp. [Poems by J\u00fcri Talvet, Astrid Reinla, Andres Langemets, Doris Kareva, Jaan Malin, Triin Soomets, fs\/Indrek Mesikepp, Karl Martin Sinij\u00e4rv, Maarja &#8230;<\/p>\n","protected":false},"author":43,"featured_media":0,"parent":340,"menu_order":0,"comment_status":"closed","ping_status":"closed","template":"","meta":{"_acf_changed":false,"inline_featured_image":false,"footnotes":""},"class_list":["post-5718","page","type-page","status-publish","hentry"],"acf":[],"_links":{"self":[{"href":"https:\/\/sisu.ut.ee\/ewod\/wp-json\/wp\/v2\/pages\/5718","targetHints":{"allow":["GET"]}}],"collection":[{"href":"https:\/\/sisu.ut.ee\/ewod\/wp-json\/wp\/v2\/pages"}],"about":[{"href":"https:\/\/sisu.ut.ee\/ewod\/wp-json\/wp\/v2\/types\/page"}],"author":[{"embeddable":true,"href":"https:\/\/sisu.ut.ee\/ewod\/wp-json\/wp\/v2\/users\/43"}],"replies":[{"embeddable":true,"href":"https:\/\/sisu.ut.ee\/ewod\/wp-json\/wp\/v2\/comments?post=5718"}],"version-history":[{"count":1,"href":"https:\/\/sisu.ut.ee\/ewod\/wp-json\/wp\/v2\/pages\/5718\/revisions"}],"predecessor-version":[{"id":5719,"href":"https:\/\/sisu.ut.ee\/ewod\/wp-json\/wp\/v2\/pages\/5718\/revisions\/5719"}],"up":[{"embeddable":true,"href":"https:\/\/sisu.ut.ee\/ewod\/wp-json\/wp\/v2\/pages\/340"}],"wp:attachment":[{"href":"https:\/\/sisu.ut.ee\/ewod\/wp-json\/wp\/v2\/media?parent=5718"}],"curies":[{"name":"wp","href":"https:\/\/api.w.org\/{rel}","templated":true}]}}