{"id":5657,"date":"2024-10-15T09:34:58","date_gmt":"2024-10-15T06:34:58","guid":{"rendered":"https:\/\/sisu.ut.ee\/ewod\/?page_id=5657"},"modified":"2024-10-15T09:35:21","modified_gmt":"2024-10-15T06:35:21","slug":"maie-kalda","status":"publish","type":"page","link":"https:\/\/sisu.ut.ee\/ewod\/k\/maie-kalda\/","title":{"rendered":"Maie Kalda"},"content":{"rendered":"<p><br><br>Maie Kalda (until 1947 Maie-Liis; 19 June 1929 \u2013 8 November 2013) was a literary researcher and critic.<\/p>\n\n\n\n<p>She was born and attended school at V\u00e4ike-Maarja and studied Estonian philology at the Faculty of History and Philology at Tartu State University. In 1963, she acquired a Candidate of Philology degree. She worked at the Language and Literature Institute of the Academy of Sciences from 1956, being the head of the literary history department in 1984\u20131989. From 1993 to 2002, she was a senior researcher at the Under and Tuglas Literature Centre, which was formed from the literature department of the Estonian Academy of Sciences, and from 2003 to 2009, she was a senior researcher at the Estonian Literary Museum. Kalda was a member of the Estonian Writers\u2019 Union, the Mother Tongue Society and the Estonian Literary Society, and a foreign member of the Finnish Literature Society. In 1980, Kalda signed <em>The Letter of 40<\/em>, which opposed the Russification policy in Soviet Estonia. She is buried in Tallinn Forest Cemetery. Her mother was prose writer Madde Kalda (1903\u20131984).<\/p>\n\n\n\n<p>Maie Kalda became active in Estonian literary studies in the second half of the 1950s; one of the focuses of her research was the history and trends of Estonian literary studies and criticism. On this subject, she has published, for example, a study which was based on her Candidate\u2019s thesis, <em>Jaan K\u00e4rner kirjanduskriitikuna (1920-1940)<\/em> (\u2018<a href=\"https:\/\/sisu.ut.ee\/ewod\/k\/karner\/\" data-type=\"page\" data-id=\"711\">Jaan K\u00e4rner<\/a> as a Literary Critic (1920-1940)\u2019, 1964), the corresponding chapters in volumes IV (1981, 1984) and V-1 (1987) of <em>Eesti kirjanduse ajalugu<\/em> (\u2018History of Estonian Literature\u2019), <em>Eesti pagulaskirjandus<\/em> (\u2018Estonian Exile Literature\u2019, 1995) and <em>Eesti kirjandus paguluses XX sajandil<\/em> (\u2018Estonian Literature in Exile in the 20th Century\u2019, 2008), which appeared in the series <em>Collegium litterarum<\/em>. Kalda was the compiler and editor of several collections and wrote school textbooks, such as <em>Tuglasest Ristikivini. Eesti proosa 1906-1940. XI klass<\/em> (\u2018From <a href=\"https:\/\/sisu.ut.ee\/ewod\/t\/friedeberttuglas\/\" data-type=\"page\" data-id=\"1981\">Tuglas<\/a> to <a href=\"https:\/\/sisu.ut.ee\/ewod\/r\/ristikivi\/\" data-type=\"page\" data-id=\"2004\">Ristikivi<\/a>. Estonian Prose 1906\u20131940. Form XI\u2019, 1997).<\/p>\n\n\n\n<p>She dealt with both older and newer individual authors in Estonian literature; for example, she has studied the works of <a href=\"https:\/\/sisu.ut.ee\/ewod\/j\/jannsen\/\" data-type=\"page\" data-id=\"20\">Johann Voldemar Jannsen<\/a>, <a href=\"https:\/\/sisu.ut.ee\/ewod\/a\/arvelius\/\" data-type=\"page\" data-id=\"857\">Friedrich Gustav Arvelius<\/a>, Jacob Johann Malm, <a href=\"https:\/\/sisu.ut.ee\/ewod\/k\/kasuhans\/\" data-type=\"page\" data-id=\"64\">K\u00e4su Hans<\/a>, <a href=\"https:\/\/sisu.ut.ee\/ewod\/k\/jaankross\/\" data-type=\"page\" data-id=\"1884\">Jaan Kross<\/a>, Karl Ristikivi, <a href=\"https:\/\/sisu.ut.ee\/ewod\/l\/kaljulepik\/\" data-type=\"page\" data-id=\"448\">Kalju Lepik<\/a>, <a href=\"https:\/\/sisu.ut.ee\/ewod\/m\/metsanurk\/\" data-type=\"page\" data-id=\"1111\">Mait Metsanurk<\/a>, <a href=\"https:\/\/sisu.ut.ee\/ewod\/k\/kivikas\/\" data-type=\"page\" data-id=\"1127\">Albert Kivikas<\/a> and <a href=\"https:\/\/sisu.ut.ee\/ewod\/v\/vaarandi\/\" data-type=\"page\" data-id=\"348\">Debora Vaarandi<\/a>. About the latter, she published an unconventional biography <em>Debora ja vennad<\/em> (\u2018Debora and Her Brothers\u2019, 2010). Kalda has discussed, for example, macaronic poetry and the depiction of animals and space in literature. A selection of her articles and reviews are included in the collection <em>Kirjandusest ja kriitikast<\/em> (\u2018On Literature and Criticism\u2019, 1976), for which she received the annual <a href=\"https:\/\/sisu.ut.ee\/ewod\/s\/smuul\/\" data-type=\"page\" data-id=\"1706\">Juhan Smuul<\/a> Literary Prize (1977). Her treatments of literature have also been published as the collections <em>Mis mees ta on?<\/em> (\u2018What Kind of a Man Is He?\u2019, 2000), for which she received the Literature Endowment Annual Award, and <em>Mis loom see on?<\/em> (\u2018What Kind of an Animal is This?\u2019, 2004), which also includes, for example, <em>Smuuli m\u00fctoloogiat. Suur Hall <\/em>(\u2018Smuul\u2019s Mythology. The Big Grey\u2019), which received the annual prize of the journal <em>Keel ja Kirjandus<\/em> in 2004. Kalda stands out with her matter-of-fact and clear manner of handling which can also include a touch of humour.<\/p>\n\n\n\n<p>She has been awarded the Order of the White Star, Class 4 (2001) and the Order of the National Coat of Arms, Class 4 (2013) and the Estonian National Research Award for long-term prolific research and development work (2013).<\/p>\n\n\n\n<p><em>A. K. (Translated by I. A.)<\/em><\/p>\n\n\n\n<h5 class=\"wp-block-heading\"><br><strong>Books in Estonian<\/strong><\/h5>\n\n\n\n<p><strong>Jaan K\u00e4rner kirjanduskriitikuna (1920-1940)<\/strong>. Tallinn: Eesti Riiklik Kirjastus, 1964, 152 lk<br><strong>Kirjandusest ja kriitikast<\/strong>. Tallinn: Eesti Raamat, 1976, 256 lk<br><strong>Tuglasest Ristikivini. Eesti proosa 1906-1940<\/strong>. Tallinn: Koolibri, 1997, 142 lk [2. tr 2002]<br><strong>Mis mees ta on?<\/strong>. Tallinn: Underi ja Tuglase Kirjanduskeskus, 2000, 399 lk<br><strong>Mis loom see on?<\/strong>. Tallinn, Tartu: Eesti Kirjandusmuuseum, 2004, 389 lk<br><strong>Debora ja vennad<\/strong>. Tallinn, Tartu: Eesti Kirjandusmuuseum, kultuuri- ja kirjandusteooria t\u00f6\u00f6r\u00fchm, 2010, 472 lk<br><strong>Maie Kalda. Kaastekste<\/strong>. Koost ja toim V. Sarapik ja \u00dc. Kurs. Tallinn: Eesti Keele Sihtasutus, 2014, 551 lk<\/p>\n","protected":false},"excerpt":{"rendered":"<p>Maie Kalda (until 1947 Maie-Liis; 19 June 1929 \u2013 8 November 2013) was a literary researcher and critic. She was born and attended school at V\u00e4ike-Maarja and studied Estonian philology at the Faculty of History and Philology at Tartu State &#8230;<\/p>\n","protected":false},"author":43,"featured_media":0,"parent":498,"menu_order":0,"comment_status":"closed","ping_status":"closed","template":"","meta":{"_acf_changed":false,"inline_featured_image":false,"footnotes":""},"class_list":["post-5657","page","type-page","status-publish","hentry"],"acf":[],"_links":{"self":[{"href":"https:\/\/sisu.ut.ee\/ewod\/wp-json\/wp\/v2\/pages\/5657","targetHints":{"allow":["GET"]}}],"collection":[{"href":"https:\/\/sisu.ut.ee\/ewod\/wp-json\/wp\/v2\/pages"}],"about":[{"href":"https:\/\/sisu.ut.ee\/ewod\/wp-json\/wp\/v2\/types\/page"}],"author":[{"embeddable":true,"href":"https:\/\/sisu.ut.ee\/ewod\/wp-json\/wp\/v2\/users\/43"}],"replies":[{"embeddable":true,"href":"https:\/\/sisu.ut.ee\/ewod\/wp-json\/wp\/v2\/comments?post=5657"}],"version-history":[{"count":2,"href":"https:\/\/sisu.ut.ee\/ewod\/wp-json\/wp\/v2\/pages\/5657\/revisions"}],"predecessor-version":[{"id":5659,"href":"https:\/\/sisu.ut.ee\/ewod\/wp-json\/wp\/v2\/pages\/5657\/revisions\/5659"}],"up":[{"embeddable":true,"href":"https:\/\/sisu.ut.ee\/ewod\/wp-json\/wp\/v2\/pages\/498"}],"wp:attachment":[{"href":"https:\/\/sisu.ut.ee\/ewod\/wp-json\/wp\/v2\/media?parent=5657"}],"curies":[{"name":"wp","href":"https:\/\/api.w.org\/{rel}","templated":true}]}}