{"id":5616,"date":"2024-10-01T15:54:53","date_gmt":"2024-10-01T12:54:53","guid":{"rendered":"https:\/\/sisu.ut.ee\/ewod\/?page_id=5616"},"modified":"2024-10-01T15:54:53","modified_gmt":"2024-10-01T12:54:53","slug":"endel-nirk","status":"publish","type":"page","link":"https:\/\/sisu.ut.ee\/ewod\/n\/endel-nirk\/","title":{"rendered":"Endel Nirk"},"content":{"rendered":"<p><br>Endel Nirk (pseudonym E. N. Hermelin, 15 December 1925 \u2013 15 April 2018) was a literary scholar, critic and prose writer.<\/p>\n\n\n\n<p>Nirk was born in Valga County and studied at Koork\u00fcla primary school and T\u00f5rva gymnasium. He graduated from the Faculty of History and Philology at Tartu State University as an Estonian philologist. In 1971, he obtained the Doctor of Philology degree with the monograph <em>Kreutzwald ja eesti rahvusliku kirjanduse algus<\/em> (\u2018<a href=\"https:\/\/sisu.ut.ee\/ewod\/k\/kreutzwald\/\" data-type=\"page\" data-id=\"434\">Kreutzwald<\/a> and the Beginning of Estonian National Literature\u2019, 1968). He worked at the editorial office of the newspaper <em>Sirp ja Vasar<\/em>, the Institute of Language and Literature and Tallinn Pedagogical Institute. He was a member of the Estonian Writers\u2019 Union from 1955. He has been awarded the Order of the White Star, Class 4 (2000), and the Order of the National Coat of Arms, Class 4 (2006). Endel Nirk died in Tallinn and is buried in Helme cemetery in Valga County.<\/p>\n\n\n\n<p>Nirk started as a literary critic in the late 1940s; his criticism and articles have been published in the collections <em>Laias laastus<\/em> (\u2018On a Broad Scale\u2019, 1957) and <em>Teemad variatsioonidega<\/em> (\u2018Themes with Variations\u2019, 1964). Nirk stands out for his polemical nature, for example, the poetry innovation parody <em>Porikuu sonaat-fantaasia opus 13<\/em> (\u2018Sonata-fantasia of the Dirt Month, Opus 13\u2019) published in <em>Sirp ja Vasar<\/em> in 1960 attracted attention. He was one of the most central literary researchers of his time who thoroughly treated, for example, the Estonian literature of the second half of the 19th century, publishing a monograph on Fr. R. Kreutzwald (1968), the monograph <em>Eduard Bornh\u00f6he: kirjanik ja inimene<\/em> (\u2018<a href=\"https:\/\/sisu.ut.ee\/ewod\/b\/bornhohe\/\" data-type=\"page\" data-id=\"1106\">Eduard Bornh\u00f6he<\/a>: Writer and Person\u2019, 1961) and compiled and commented Bornh\u00f6he\u2019s <em>Teosed<\/em> I\u2013III (\u2018Works\u2019 I\u2013III, 1962\u20131964). He was the editor of the second volume of the academic <em>Eesti kirjanduse ajaugu<\/em> (\u2018History of Estonian Literature\u2019, 1966) and the author of several of its chapters. <em>Estonian literature<\/em> (1970, translated into English by Arthur Robert Hone and Oleg Mutt), a review of Estonian literature originally written by Nirk for international readers, was also published in Estonian in 1983. He was one of the editors of <em>Eesti kirjanduse biograafiline leksikon<\/em> (\u2018Biographical Lexicon of Estonian Literature\u2019, 1975). In the 1970s, Nirk focused on the study of the Estonian novel. The relevant treatments have been brought together in <em>Avardumine<\/em> (\u2018Broadening\u2019, 1985), which looks at the Estonian novel from its beginnings until the final years of the pre-war Republic of Estonia. In Nirk\u2019s studies with an emphasis on traditional literary historical research, an important role belongs to the author\u2019s personality. Vivid examples of his essayistic and scientific approach are <em>Kaanekukk. Lugu Ants Laikmaa elust ja ettev\u00f5tmistest<\/em> (\u2018Cover Figure. A Story about Ants Laikmaa\u2019s Life and Ventures\u2019, 1977) and <em>Teeline ja t\u00e4hed. Eurooplase Karl Ristikivi elu<\/em> (\u2018The Voyager and Stars\u2019. The Life of the European <a href=\"https:\/\/sisu.ut.ee\/ewod\/r\/ristikivi\/\" data-type=\"page\" data-id=\"2004\">Karl Ristikivi\u2019<\/a>, 1991), which received the annual prize of the Estonian Writers\u2019 Union in 1992.<\/p>\n\n\n\n<p>Nirk\u2019s attention is also concentrated on a person\u2019s story in the vortex of events, for example, in the essay <em>Casus Tabelini. Rekonstruktsioon<\/em> (\u2018Casus Tabelini. A Reconstruction\u2019, published in the journal Looming, 1978) and in its further development in the verse drama <em>Tabelinus<\/em> (1990), in which he looked at the life of Tabelinus, the elder of an Estonian tribe known from the <em>Livonian Chronicle of Henry<\/em> against the background of the groundbreaking events in Estonia the 13th century, which enabled Nirk to draw parallels with the contemporaneity. The family novel <em>Siin maa peal<\/em> I\u2013III (\u2018Here upon the Earth\u2019 I\u2013III, 1993\u20131997), which received the <a href=\"https:\/\/sisu.ut.ee\/ewod\/v\/eduardvilde\/\" data-type=\"page\" data-id=\"1945\">Eduard Vilde<\/a> Prize in Literature (1994), also stands out with its pessimistic undertone. It depicts the story of the demise of a family through the events and upheavals of the 20th century. <em>Mosaiikv\u00f5lv<\/em> (\u2018Mosaic Vault\u2019, 1978), which received the annual <a href=\"https:\/\/sisu.ut.ee\/ewod\/s\/smuul\/\" data-type=\"page\" data-id=\"1706\">Juhan Smuul<\/a> Literary Prize in 1979, brings together short prose forms which also sometimes have an elegiac undertone.<\/p>\n\n\n\n<p><em>A. K. (Translated by I. A.)<\/em><\/p>\n\n\n\n<h5 class=\"wp-block-heading\"><br><strong>Books in Estonian<\/strong><\/h5>\n\n\n\n<p><strong><em>Novels<\/em><\/strong><br><strong>Siin maa peal<\/strong>. Tallinn: Koolibri, 1993, 285 lk<br><strong>Siin maa peal. 2<\/strong>. Tallinn: E. Nirk, 1995, 304 lk<br><strong>Siin maa peal. 3<\/strong>. Tallinn: E. Nirk, 1997, 287 lk<\/p>\n\n\n\n<p><strong><em>Poetry<\/em><\/strong><br><strong>Mosaiikv\u00f5lv<\/strong>: esseed, luuletused, marginaalid. Tallinn: Eesti Raamat, 1978, 204 lk<br><strong>Tabelinus<\/strong>: dramaatiline lugulaul 5 jaos. Loomingu Raamatukogu nr 47. Tallinn: Perioodika, 1990, 76 lk<\/p>\n\n\n\n<p><em><strong>Short prose<\/strong><\/em><br><strong>Mosaiikv\u00f5lv<\/strong>: esseed, luuletused, marginaalid. Tallinn: Eesti Raamat, 1978, 204 lk<br><strong>Krahviproua Genoveva pihtimused<\/strong>, ehk, \u00dche paljukannatanud naisterahva ise\u00e4ralik ja v\u00e4ga t\u00e4helepanuv\u00e4\u00e4rne ajalik eluk\u00e4ik, tema enese poolt k\u00f5ige t\u00f5ep\u00e4rasemalt jutustatud: saksakeelsest k\u00e4sikirjast \u00fcmber pannud ja tr\u00fckki toimetanud E. N. Hermelin, era\u00f5petlane Kilplas. \u00a0Loomingu Raamatukogu nr 11. Tallinn: Perioodika, 1982, 38 lk<\/p>\n\n\n\n<p><strong><em>Literary research<\/em><\/strong><br><strong>Laias laastus: kirjanduslikke artikleid 1948-1956<\/strong>. Tallinn: Eesti Riiklik Kirjastus, 1957, 576 lk<br><strong>Eduard Bornh\u00f6he: kirjanik ja inimene<\/strong>. Tallinn: Eesti Riiklik Kirjastus, 1961, 140 lk<br><strong>Friedrich Reinhold Kreutzwald: lauluisa elulugu<\/strong>. Tallinn: Eesti Riiklik Kirjastus, 1961, 128 lk<br><strong>Teemad variatsioonidega: arvustusi, arutlusi, vahelugemisi<\/strong>. Tallinn: Eesti Riiklik Kirjastus, 1964, 212 lk<br><strong>Kreutzwald ja eesti rahvusliku kirjanduse algus<\/strong>. Monograafia. Tallinn: Eesti Raamat, 1968, 547 lk<br><strong>Kaanekukk: lugu Ants Laikmaa elust ja ettev\u00f5tmistest<\/strong>. Tallinn: Kunst, 1977, 320 lk [2. tr 2017]<br><strong>Eesti kirjandus: arengulooline \u00fclevaade<\/strong>. Tallinn: Eesti Raamat, 1983, 344 lk<br><strong>Avardumine. Vaatlusi eesti romaani arenguteelt<\/strong>. Tallinn: Eesti Raamat, 1985, 264 lk<br><strong>Teeline ja t\u00e4hed. Eurooplase Karl Ristikivi elu<\/strong>. Tallinn: Eesti raamat, 1991, 287 lk<\/p>\n","protected":false},"excerpt":{"rendered":"<p>Endel Nirk (pseudonym E. N. Hermelin, 15 December 1925 \u2013 15 April 2018) was a literary scholar, critic and prose writer. Nirk was born in Valga County and studied at Koork\u00fcla primary school and T\u00f5rva gymnasium. He graduated from the &#8230;<\/p>\n","protected":false},"author":43,"featured_media":0,"parent":653,"menu_order":0,"comment_status":"closed","ping_status":"closed","template":"","meta":{"_acf_changed":false,"inline_featured_image":false,"footnotes":""},"class_list":["post-5616","page","type-page","status-publish","hentry"],"acf":[],"_links":{"self":[{"href":"https:\/\/sisu.ut.ee\/ewod\/wp-json\/wp\/v2\/pages\/5616","targetHints":{"allow":["GET"]}}],"collection":[{"href":"https:\/\/sisu.ut.ee\/ewod\/wp-json\/wp\/v2\/pages"}],"about":[{"href":"https:\/\/sisu.ut.ee\/ewod\/wp-json\/wp\/v2\/types\/page"}],"author":[{"embeddable":true,"href":"https:\/\/sisu.ut.ee\/ewod\/wp-json\/wp\/v2\/users\/43"}],"replies":[{"embeddable":true,"href":"https:\/\/sisu.ut.ee\/ewod\/wp-json\/wp\/v2\/comments?post=5616"}],"version-history":[{"count":1,"href":"https:\/\/sisu.ut.ee\/ewod\/wp-json\/wp\/v2\/pages\/5616\/revisions"}],"predecessor-version":[{"id":5617,"href":"https:\/\/sisu.ut.ee\/ewod\/wp-json\/wp\/v2\/pages\/5616\/revisions\/5617"}],"up":[{"embeddable":true,"href":"https:\/\/sisu.ut.ee\/ewod\/wp-json\/wp\/v2\/pages\/653"}],"wp:attachment":[{"href":"https:\/\/sisu.ut.ee\/ewod\/wp-json\/wp\/v2\/media?parent=5616"}],"curies":[{"name":"wp","href":"https:\/\/api.w.org\/{rel}","templated":true}]}}