{"id":5607,"date":"2024-10-01T14:19:54","date_gmt":"2024-10-01T11:19:54","guid":{"rendered":"https:\/\/sisu.ut.ee\/ewod\/?page_id=5607"},"modified":"2024-10-01T14:19:54","modified_gmt":"2024-10-01T11:19:54","slug":"johann-hornung","status":"publish","type":"page","link":"https:\/\/sisu.ut.ee\/ewod\/h\/johann-hornung\/","title":{"rendered":"Johann Hornung"},"content":{"rendered":"<p><br>Johann Hornung (c. 1660 \u2013 c. 1715) was a Baltic German clergyman, translator and developer of the Estonian language.<\/p>\n\n\n\n<p>Hornung is likely to have been born in Tallinn. He worked as an inspector of schools in Estonia and as a pastor at P\u00f5ltsamaa, Karula, Otep\u00e4\u00e4, Hargla, Urvaste and elsewhere. During the Great Northern War, he was imprisoned by both the Swedes and the Russians; he also died in captivity in Russia.<\/p>\n\n\n\n<p>Hornung was one of the language innovators who strove for a reform in orthography \u2014 simplification of the German-like spelling dating from the time of <a href=\"https:\/\/sisu.ut.ee\/ewod\/s\/stahl\/\" data-type=\"page\" data-id=\"123\">Heinrich Stahl<\/a> (c. 1600\u20131657). In <em>Grammatica Esthonica<\/em> (1693), a grammar of the North Estonian language written in Latin as teamwork, Hornung presents the so-called old spelling system in a systematized and regulated form, which was significant for publishing both clerical and school literature. In Hornung\u2019s presentation, written Estonian began to resemble more closely the spoken language. Together with <a href=\"https:\/\/sisu.ut.ee\/ewod\/v\/virginius\/\" data-type=\"page\" data-id=\"577\">Adrian Virginius<\/a>, Hornung was the first to translate the New Testament into Northern Estonian; their translation became the basis for the 1715 edition. He published the spiritual handbook \u00d6nsa Luterusse Laste \u00d6ppetus (\u2018The Teaching of Blessed Luther for Children\u2019, 1694) and was one of the compilers of <em>Ma Kele Koddo ning Kirgo Ramat<\/em> (\u2018Home and Church Book in the Language of the Land\u2019, 1694\u201395).<\/p>\n\n\n\n<p><em>A. K. (Translated by I. A.)<\/em><\/p>\n","protected":false},"excerpt":{"rendered":"<p>Johann Hornung (c. 1660 \u2013 c. 1715) was a Baltic German clergyman, translator and developer of the Estonian language. Hornung is likely to have been born in Tallinn. He worked as an inspector of schools in Estonia and as a &#8230;<\/p>\n","protected":false},"author":43,"featured_media":0,"parent":599,"menu_order":0,"comment_status":"closed","ping_status":"closed","template":"","meta":{"_acf_changed":false,"inline_featured_image":false,"footnotes":""},"class_list":["post-5607","page","type-page","status-publish","hentry"],"acf":[],"_links":{"self":[{"href":"https:\/\/sisu.ut.ee\/ewod\/wp-json\/wp\/v2\/pages\/5607","targetHints":{"allow":["GET"]}}],"collection":[{"href":"https:\/\/sisu.ut.ee\/ewod\/wp-json\/wp\/v2\/pages"}],"about":[{"href":"https:\/\/sisu.ut.ee\/ewod\/wp-json\/wp\/v2\/types\/page"}],"author":[{"embeddable":true,"href":"https:\/\/sisu.ut.ee\/ewod\/wp-json\/wp\/v2\/users\/43"}],"replies":[{"embeddable":true,"href":"https:\/\/sisu.ut.ee\/ewod\/wp-json\/wp\/v2\/comments?post=5607"}],"version-history":[{"count":1,"href":"https:\/\/sisu.ut.ee\/ewod\/wp-json\/wp\/v2\/pages\/5607\/revisions"}],"predecessor-version":[{"id":5609,"href":"https:\/\/sisu.ut.ee\/ewod\/wp-json\/wp\/v2\/pages\/5607\/revisions\/5609"}],"up":[{"embeddable":true,"href":"https:\/\/sisu.ut.ee\/ewod\/wp-json\/wp\/v2\/pages\/599"}],"wp:attachment":[{"href":"https:\/\/sisu.ut.ee\/ewod\/wp-json\/wp\/v2\/media?parent=5607"}],"curies":[{"name":"wp","href":"https:\/\/api.w.org\/{rel}","templated":true}]}}