{"id":560,"date":"2024-04-03T23:39:59","date_gmt":"2024-04-03T20:39:59","guid":{"rendered":"https:\/\/sisu.ut.ee\/ewod\/poems-et-80\/"},"modified":"2024-04-04T00:09:45","modified_gmt":"2024-04-03T21:09:45","slug":"poems","status":"publish","type":"page","link":"https:\/\/sisu.ut.ee\/ewod\/j\/joeruut\/poems\/","title":{"rendered":"Jaak J\u00f5er\u00fc\u00fct &#8211; poems"},"content":{"rendered":"<p><span style=\"font-size: medium;font-family: verdana, geneva\"><strong>Books<\/strong><\/span><\/p>\n<p><strong style=\"font-family: verdana, geneva;line-height: 1.6em\"><em>Finnish<br><\/em><\/strong><strong style=\"font-family: verdana, geneva;line-height: 1.6em\">Uusi kirja<\/strong><span style=\"font-family: verdana, geneva\" data-mce-mark=\"1\">. Translated by Raija H\u00e4m\u00e4l\u00e4inen. Helsinki: Basam Books, 2014, 69 pp. [\u2018Uus raamat\u2019.]<\/span><\/p>\n<p><span style=\"font-family: verdana, geneva\" data-mce-mark=\"1\"><strong><em>Latvian<\/em><\/strong><\/span><br><span style=\"font-family: verdana, geneva\" data-mce-mark=\"1\">J\u0101ks Jeer\u012bts, <strong>CD<\/strong>. Sast\u0101d\u012bjis un no igau\u0146u valodas atdzejois Guntars Godi\u0146\u0161. R\u012bga: Mansards, 2009. 74 pp.<br><\/span><\/p>\n<p><strong style=\"font-family: verdana, geneva;line-height: 1.6em\"><span style=\"font-size: medium;font-family: verdana, geneva\" data-mce-mark=\"1\"><br>In compilations, anthologies and magazines<\/span><\/strong><\/p>\n<p><span style=\"font-family: verdana, geneva\" data-mce-mark=\"1\"><strong><em>German<\/em><\/strong><br><strong>Tallinn<\/strong>. \u2013\u00a0<span data-mce-mark=\"1\">Europa Erlesen: Tallinn. Herausgeben von Sabine Schmidt. Klagenfurt\/Celovec: Wieser Verlag, 2003, 254 pp.<\/span><\/span><\/p>\n<p><strong><em><span style=\"font-family: verdana, geneva\">Slovak<\/span><\/em><\/strong><br><span style=\"font-family: verdana, geneva\"><strong>Osud motyla: antologia mladej estonskej poezie<\/strong>. Zostavil, doslov a medailony napisal Vladimir Macura. Bratislava: Smena, [1984], 215 pp. [Poems by Andres Ehin, Johnny B. Isotamm, Jaak J\u00f5er\u00fc\u00fct, Jaan Kaplinski, Toomas Liiv, Viivi Luik, Paul-Eerik Rummo, Hando Runnel, Mats Traat, Enn Vetemaa, Juhan Viiding.]<\/span><\/p>\n","protected":false},"excerpt":{"rendered":"<p>Books FinnishUusi kirja. Translated by Raija H\u00e4m\u00e4l\u00e4inen. Helsinki: Basam Books, 2014, 69 pp. [\u2018Uus raamat\u2019.] LatvianJ\u0101ks Jeer\u012bts, CD. Sast\u0101d\u012bjis un no igau\u0146u valodas atdzejois Guntars Godi\u0146\u0161. R\u012bga: Mansards, 2009. 74 pp. In compilations, anthologies and magazines GermanTallinn. \u2013\u00a0Europa Erlesen: Tallinn. &#8230;<\/p>\n","protected":false},"author":43,"featured_media":0,"parent":542,"menu_order":0,"comment_status":"closed","ping_status":"closed","template":"","meta":{"_acf_changed":false,"inline_featured_image":false,"footnotes":""},"class_list":["post-560","page","type-page","status-publish","hentry"],"acf":[],"_links":{"self":[{"href":"https:\/\/sisu.ut.ee\/ewod\/wp-json\/wp\/v2\/pages\/560","targetHints":{"allow":["GET"]}}],"collection":[{"href":"https:\/\/sisu.ut.ee\/ewod\/wp-json\/wp\/v2\/pages"}],"about":[{"href":"https:\/\/sisu.ut.ee\/ewod\/wp-json\/wp\/v2\/types\/page"}],"author":[{"embeddable":true,"href":"https:\/\/sisu.ut.ee\/ewod\/wp-json\/wp\/v2\/users\/43"}],"replies":[{"embeddable":true,"href":"https:\/\/sisu.ut.ee\/ewod\/wp-json\/wp\/v2\/comments?post=560"}],"version-history":[{"count":1,"href":"https:\/\/sisu.ut.ee\/ewod\/wp-json\/wp\/v2\/pages\/560\/revisions"}],"predecessor-version":[{"id":4529,"href":"https:\/\/sisu.ut.ee\/ewod\/wp-json\/wp\/v2\/pages\/560\/revisions\/4529"}],"up":[{"embeddable":true,"href":"https:\/\/sisu.ut.ee\/ewod\/wp-json\/wp\/v2\/pages\/542"}],"wp:attachment":[{"href":"https:\/\/sisu.ut.ee\/ewod\/wp-json\/wp\/v2\/media?parent=560"}],"curies":[{"name":"wp","href":"https:\/\/api.w.org\/{rel}","templated":true}]}}